{"id":87,"date":"2014-09-18T14:28:12","date_gmt":"2014-09-18T14:28:12","guid":{"rendered":"http:\/\/agora.xtec.cat\/ceip-santfrancesc-sjd\/?page_id=87"},"modified":"2023-01-16T15:58:19","modified_gmt":"2023-01-16T14:58:19","slug":"nivells","status":"publish","type":"page","link":"https:\/\/agora.xtec.cat\/ceip-santfrancesc-sjd\/nivells\/","title":{"rendered":"Projectes d&#8217;escola"},"content":{"rendered":"<p>Al men\u00fa de l&#8217;esquerra d&#8217;aquesta p\u00e0gina trobareu els projectes d&#8217;escola.<\/p>\n<ul>\n<li>FRUIT GARDEN (1r i 2n de Prim\u00e0ria)<\/li>\n<li>GEP: SCIENCE (3r, 4t, 5\u00e8 i 6\u00e8 de Prim\u00e0ria)<\/li>\n<li>SHARING TO LEARN (1r de Prim\u00e0ria)<\/li>\n<li>SONGS&amp;GAMES (4t de Prim\u00e0ria)<\/li>\n<li>AraART (Viol\u00ed a 1r de Prim\u00e0ria i Dansa Contempor\u00e0nia 3r de Prim\u00e0ria)<\/li>\n<li>SLOW FOOD EDUCATION KM. 0 (Cicle superior)<\/li>\n<li>APADRINAMENT LECTOR (1r, 2n, 4t i 5\u00e8 de Prim\u00e0ria)<\/li>\n<li>ESCACS (de 1r a 6\u00e8 de Prim\u00e0ria)<\/li>\n<li>EUROMANIA (3r i 4t de Prim\u00e0ria)<\/li>\n<li>ELS ARTISTES (Infantil i Prim\u00e0ria)<\/li>\n<li>C\u00c0LCUL MENTAL: EL QUINZET (Infantil i Prim\u00e0ria)<\/li>\n<li>BIBLIOTECA ESCOLAR (tota l&#8217;escola)<\/li>\n<li>EDUDANSA (2n de Prim\u00e0ria)<\/li>\n<li>AMBIENTS D&#8217;APRENENTATGE (Infantil i Cicle Inicial)<\/li>\n<li>RACONS DE MATEM\u00c0TIQUES I DE LLENGUA (Infantil i Prim\u00e0ria)<\/li>\n<li>COL\u00d2NIES (P-5, 2n, 4t, 6\u00e8)<\/li>\n<li>MENJAR SA: PLA DE CONSUM DE FRUITA A L&#8217;ESCOLA (Infantil i Prim\u00e0ria)<\/li>\n<li>FESTES I ACTIVITATS (Infantil i Prim\u00e0ria)<\/li>\n<\/ul>\n<p>&nbsp;<\/p>\n","protected":false},"excerpt":{"rendered":"<p>Al men\u00fa de l&#8217;esquerra d&#8217;aquesta p\u00e0gina trobareu els projectes d&#8217;escola.<\/p>\n<ul>\n<li>FRUIT GARDEN (1r i 2n de Prim\u00e0ria)<\/li>\n<li>GEP: SCIENCE (3r, 4t, 5\u00e8 i 6\u00e8 de Prim\u00e0ria)<\/li>\n<li>SHARING TO LEARN (1r de Prim\u00e0ria)<\/li>\n<li>SONGS&amp;GAMES (4t de Prim\u00e0ria)<\/li>\n<li>AraART (Viol\u00ed a 1r de Prim\u00e0ria i Dansa Contempor\u00e0nia 3r de Prim\u00e0ria)<\/li>\n<li>SLOW FOOD EDUCATION&hellip;  <a href=\"https:\/\/agora.xtec.cat\/ceip-santfrancesc-sjd\/nivells\/\" title=\"Read Projectes d&#8217;escola\">Llegeix m\u00e9s\u00bb<\/a><br \/>\n","protected":false},"author":2,"featured_media":0,"parent":0,"menu_order":0,"comment_status":"closed","ping_status":"closed","template":"page-templates\/side-menu.php","meta":{"_bbp_topic_count":0,"_bbp_reply_count":0,"_bbp_total_topic_count":0,"_bbp_total_reply_count":0,"_bbp_voice_count":0,"_bbp_anonymous_reply_count":0,"_bbp_topic_count_hidden":0,"_bbp_reply_count_hidden":0,"_bbp_forum_subforum_count":0,"footnotes":""},"class_list":["post-87","page","type-page","status-publish","hentry"],"post_mailing_queue_ids":[],"_links":{"self":[{"href":"https:\/\/agora.xtec.cat\/ceip-santfrancesc-sjd\/wp-json\/wp\/v2\/pages\/87","targetHints":{"allow":["GET"]}}],"collection":[{"href":"https:\/\/agora.xtec.cat\/ceip-santfrancesc-sjd\/wp-json\/wp\/v2\/pages"}],"about":[{"href":"https:\/\/agora.xtec.cat\/ceip-santfrancesc-sjd\/wp-json\/wp\/v2\/types\/page"}],"author":[{"embeddable":true,"href":"https:\/\/agora.xtec.cat\/ceip-santfrancesc-sjd\/wp-json\/wp\/v2\/users\/2"}],"replies":[{"embeddable":true,"href":"https:\/\/agora.xtec.cat\/ceip-santfrancesc-sjd\/wp-json\/wp\/v2\/comments?post=87"}],"version-history":[{"count":4,"href":"https:\/\/agora.xtec.cat\/ceip-santfrancesc-sjd\/wp-json\/wp\/v2\/pages\/87\/revisions"}],"predecessor-version":[{"id":3356,"href":"https:\/\/agora.xtec.cat\/ceip-santfrancesc-sjd\/wp-json\/wp\/v2\/pages\/87\/revisions\/3356"}],"wp:attachment":[{"href":"https:\/\/agora.xtec.cat\/ceip-santfrancesc-sjd\/wp-json\/wp\/v2\/media?parent=87"}],"curies":[{"name":"wp","href":"https:\/\/api.w.org\/{rel}","templated":true}]}}