{"id":82,"date":"2014-09-18T14:10:51","date_gmt":"2014-09-18T14:10:51","guid":{"rendered":"http:\/\/agora.xtec.cat\/ceip-santfrancesc-sjd\/?page_id=82"},"modified":"2025-10-29T12:04:56","modified_gmt":"2025-10-29T11:04:56","slug":"casal-destiu","status":"publish","type":"page","link":"https:\/\/agora.xtec.cat\/ceip-santfrancesc-sjd\/serveis\/casal-destiu\/","title":{"rendered":"Menjador"},"content":{"rendered":"<p>L\u2019escola disposa de cuina pr\u00f2pia i l\u2019empresa contractada \u00e9s <a href=\"https:\/\/www.rocagonzalez.com\/es\/\"><b>ROCA GONZ\u00c0LEZ<\/b><\/a>.<\/p>\n<p>El servei de monitoratge est\u00e0 a c\u00e0rrec del <a href=\"https:\/\/www.esplaielnus.org\/\"><strong>CENTRE D\u2019<\/strong><strong>ESPLAI EL NUS<\/strong><\/a>.<\/p>\n<p><strong>INSCRIPCI\u00d3:<\/strong><\/p>\n<ul>\n<li><strong>Enlla\u00e7 per sol\u00b7licitar el servei de menjador i\/o acollida: <a href=\"https:\/\/www.esplaielnus.org\/_cms\/descarregues\/formularis\/Inscripcio%20Serveis%20SFA%2022-23\">https:\/\/www.esplaielnus.org\/_cms\/descarregues\/formularis\/Inscripcio%20Serveis%20SFA%2022-23<\/a><\/strong><\/li>\n<li><strong>E-mail NUS: <a href=\"mailto:esplaielnus@esplaielnus.org\">esplaielnus@esplaielnus.org<\/a> i <a href=\"mailto:inscripcions@esplaielnus.org\">inscripcions@esplaielnus.org<\/a><\/strong><\/li>\n<\/ul>\n<p>En cas de voler fer \u00fas espor\u00e0dic del servei de menjador preferentment s\u2019ha d\u2019avisar el dia abans. Tamb\u00e9 podeu donar la informaci\u00f3 al mat\u00ed de manera presencial al local de l&#8217;AMPA, on cada dia est\u00e0 la Coordinadora de Menjador de l&#8217;escola. Si no es pot fer personalment, truqueu al <strong>Nus <\/strong>abans de les 9:30h al tel\u00e8fon <strong>664 408 043 \/ 93 477 06 86.\u00a0<\/strong><\/p>\n<p><strong>PREU DEL MENJADOR:<\/strong><\/p>\n<p>El preu del Servei de Menjador per als\/a les alumnes ser\u00e0 el seg\u00fcent:<\/p>\n<p><strong>Fixos: \u00a0 \u00a0 \u00a0 \u00a0 \u00a0 \u00a0 \u00a0 \u00a0 \u00a0 \u00a0 \u00a0 \u00a0 \u00a0\u00a0<\/strong> Infantil\u00a0\u00a0 i \u00a0\u00a0 Prim\u00e0ria:\u00a0 7,39 \u20ac\/dia<\/p>\n<p><strong>Espor\u00e0dics<\/strong>:\u00a0 \u00a0 \u00a0 \u00a0 \u00a0 \u00a0 \u00a0 \u00a0 \u00a0 Infantil\u00a0 \u00a0 i\u00a0\u00a0 Prim\u00e0ria:\u00a0 7,96 \u20ac\/dia<\/p>\n<h5><a href=\"https:\/\/www.esplaielnus.org\/#amenjador\">Informaci\u00f3 Men\u00fas<\/a><\/h5>\n<p>Aquesta informaci\u00f3 la reben les fam\u00edlies tamb\u00e9 a trav\u00e9s de la plataforma Dinantia.<\/p>\n<h5><a href=\"https:\/\/agora.xtec.cat\/ceip-santfrancesc-sjd\/wp-content\/uploads\/usu548\/2025\/10\/NORMATIVA-MENJADOR-ESCOLAR-25.pdf\">Normativa Menjador<\/a> i <a href=\"https:\/\/agora.xtec.cat\/ceip-santfrancesc-sjd\/wp-content\/uploads\/usu548\/2025\/10\/PROTOCOL-PEDAGOGIC-DINCIDENCIES_SERVEI-MENJADOR_SFD.pdf\">Protocol Pedag\u00f2gic<\/a><\/h5>\n<p><strong>EL MENJADOR, UN ESPAI EDUCATIU!<\/strong><\/p>\n<p>Tenint en compte la import\u00e0ncia del temps de menjador, vetllarem per treballar en dues l\u00ednies d&#8217;objectius, diferents, per\u00f2 relacionats:<\/p>\n<ul>\n<li><strong style=\"font-family: inherit; font-size: 1em;\"><span style=\"text-decoration: underline;\">ELS H\u00c0BITS ALIMENTARIS<\/span><\/strong><\/li>\n<\/ul>\n<p>\u00c9s molt important que els nens i les nenes aprenguin unes normes b\u00e0siques a l&#8217;hora de menjar. Per tant a l&#8217;escola incidirem en:<\/p>\n<h6>.- Asseure\u2019s correctament a taula<\/h6>\n<h6>.- Utilitzar de forma adequada els coberts<\/h6>\n<h6>.- Demanar les coses de manera correcta<\/h6>\n<h6>.- Rentar-se les mans abans de dinar<\/h6>\n<h6>.- Parlar amb un to de veu adequat<\/h6>\n<h6>.- Respectar els\/les monitors\/res i la resta de companys\/es<\/h6>\n<h6>.- Acostumar-se a menjar de tot<\/h6>\n<h6>.- Valorar el que menja<\/h6>\n<h6>.- No llen\u00e7ar el menjar<\/h6>\n<h6><\/h6>\n<ul>\n<li><strong><span style=\"text-decoration: underline;\">L&#8217;EDUCACI\u00d3 EN EL TEMPS DE PATI I ACTIVITATS<\/span><\/strong><\/li>\n<\/ul>\n<p>Els nens i les nenes gaudeixen d&#8217;un temps d&#8217;oci abans o despr\u00e9s de dinar. Cal que coneguin totes les possibilitats que ofereix aquest espai i alhora adquireixin diferents valors importants per a la seva formaci\u00f3:<\/p>\n<h6>.- Gaudir del temps lliure<\/h6>\n<h6>.- Saber compartir amb els\/les companys\/es<\/h6>\n<h6>.- Inventar, crear i desenvolupar jocs<\/h6>\n<h6>.- Respectar el material<\/h6>\n<h6>.- Ser solidari en el joc i acceptar les normes<\/h6>\n<h6>.- Assolir valors de treball, const\u00e0ncia i autoestima<\/h6>\n\r\n\t<div class=\"slideshow_container slideshow_container_style-light\" style=\"height: 500px; \" data-slideshow-id=\"3534\" data-style-name=\"style-light\" data-style-version=\"2.3.1\" >\r\n\r\n\t\t\t\t\t<div class=\"slideshow_loading_icon\"><\/div>\r\n\t\t\r\n\t\t<div class=\"slideshow_content\" style=\"display: none;\">\r\n\r\n\t\t\t<div class=\"slideshow_view\">\r\n\t\t\t\t<div class=\"slideshow_slide slideshow_slide_image\">\r\n\t\t\t\t\t\t\t\t\t\t\t<img src=\"https:\/\/agora.xtec.cat\/ceip-santfrancesc-sjd\/wp-content\/uploads\/usu548\/2023\/02\/Menjador_1.jpeg\" alt=\"Menjador_1\" width=\"2048\" height=\"1536\" \/>\r\n\t\t\t\t\t\t\t\t\t\t<div class=\"slideshow_description_box slideshow_transparent\">\r\n\t\t\t\t\t\t\t\t\t\t\t\t\t\t\t\t\t<\/div>\r\n\t\t\t\t<\/div>\r\n\r\n\t\t\t\t\t\t<div style=\"clear: both;\"><\/div><\/div><div class=\"slideshow_view\">\r\n\t\t\t\t<div class=\"slideshow_slide slideshow_slide_image\">\r\n\t\t\t\t\t\t\t\t\t\t\t<img src=\"https:\/\/agora.xtec.cat\/ceip-santfrancesc-sjd\/wp-content\/uploads\/usu548\/2023\/02\/Menjador_2.jpeg\" alt=\"Menjador_2\" width=\"2048\" height=\"1536\" \/>\r\n\t\t\t\t\t\t\t\t\t\t<div class=\"slideshow_description_box slideshow_transparent\">\r\n\t\t\t\t\t\t\t\t\t\t\t\t\t\t\t\t\t<\/div>\r\n\t\t\t\t<\/div>\r\n\r\n\t\t\t\t\t\t<div style=\"clear: both;\"><\/div><\/div><div class=\"slideshow_view\">\r\n\t\t\t\t<div class=\"slideshow_slide slideshow_slide_image\">\r\n\t\t\t\t\t\t\t\t\t\t\t<img src=\"https:\/\/agora.xtec.cat\/ceip-santfrancesc-sjd\/wp-content\/uploads\/usu548\/2023\/02\/Menjador_3.jpeg\" alt=\"Menjador_3\" width=\"2048\" height=\"1536\" \/>\r\n\t\t\t\t\t\t\t\t\t\t<div class=\"slideshow_description_box slideshow_transparent\">\r\n\t\t\t\t\t\t\t\t\t\t\t\t\t\t\t\t\t<\/div>\r\n\t\t\t\t<\/div>\r\n\r\n\t\t\t\t\t\t<div style=\"clear: both;\"><\/div><\/div><div class=\"slideshow_view\">\r\n\t\t\t\t<div class=\"slideshow_slide slideshow_slide_image\">\r\n\t\t\t\t\t\t\t\t\t\t\t<img src=\"https:\/\/agora.xtec.cat\/ceip-santfrancesc-sjd\/wp-content\/uploads\/usu548\/2023\/02\/Menjador_4.jpeg\" alt=\"Menjador_4\" width=\"2048\" height=\"1536\" \/>\r\n\t\t\t\t\t\t\t\t\t\t<div class=\"slideshow_description_box slideshow_transparent\">\r\n\t\t\t\t\t\t\t\t\t\t\t\t\t\t\t\t\t<\/div>\r\n\t\t\t\t<\/div>\r\n\r\n\t\t\t\t\t\t<div style=\"clear: both;\"><\/div><\/div><div class=\"slideshow_view\">\r\n\t\t\t\t<div class=\"slideshow_slide slideshow_slide_image\">\r\n\t\t\t\t\t\t\t\t\t\t\t<img src=\"https:\/\/agora.xtec.cat\/ceip-santfrancesc-sjd\/wp-content\/uploads\/usu548\/2023\/02\/Menjador_5.jpeg\" alt=\"Menjador_5\" width=\"2048\" height=\"1536\" \/>\r\n\t\t\t\t\t\t\t\t\t\t<div class=\"slideshow_description_box slideshow_transparent\">\r\n\t\t\t\t\t\t\t\t\t\t\t\t\t\t\t\t\t<\/div>\r\n\t\t\t\t<\/div>\r\n\r\n\t\t\t\t\t\t<div style=\"clear: both;\"><\/div><\/div>\r\n\t\t<\/div>\r\n\r\n\t\t<div class=\"slideshow_controlPanel slideshow_transparent\" style=\"display: none;\"><ul><li class=\"slideshow_togglePlay\" data-play-text=\"Visualitza\" data-pause-text=\"Pausa\"><\/li><\/ul><\/div>\r\n\r\n\t\t<div class=\"slideshow_button slideshow_previous slideshow_transparent\" role=\"button\" data-previous-text=\"Anterior\" style=\"display: none;\"><\/div>\r\n\t\t<div class=\"slideshow_button slideshow_next slideshow_transparent\" role=\"button\" data-next-text=\"Seg\u00fcent\" style=\"display: none;\"><\/div>\r\n\r\n\t\t<div class=\"slideshow_pagination\" style=\"display: none;\" data-go-to-text=\"V\u00e9s a la diapositiva\"><div class=\"slideshow_pagination_center\"><\/div><\/div>\r\n\r\n\t\t<!-- WordPress Slideshow Version 2.3.1 -->\r\n\r\n\t\t\t<\/div>\r\n\r\n\n","protected":false},"excerpt":{"rendered":"<p>L\u2019escola disposa de cuina pr\u00f2pia i l\u2019empresa contractada \u00e9s <a href=\"https:\/\/www.rocagonzalez.com\/es\/\">ROCA GONZ\u00c0LEZ<\/a>.<br \/>\nEl servei de monitoratge est\u00e0 a c\u00e0rrec del <a href=\"https:\/\/www.esplaielnus.org\/\">CENTRE D\u2019ESPLAI EL NUS<\/a>.<br \/>\nINSCRIPCI\u00d3:<\/p>\n<ul>\n<li>Enlla\u00e7 per sol\u00b7licitar el servei de menjador i\/o acollida: <a href=\"https:\/\/www.esplaielnus.org\/_cms\/descarregues\/formularis\/Inscripcio%20Serveis%20SFA%2022-23\">https:\/\/www.esplaielnus.org\/_cms\/descarregues\/formularis\/Inscripcio%20Serveis%20SFA%2022-23<\/a><\/li>\n<li>E-mail NUS: <a href=\"mailto:esplaielnus@esplaielnus.org\">esplaielnus@esplaielnus.org<\/a> i <a href=\"mailto:inscripcions@esplaielnus.org\">inscripcions@esplaielnus.org<\/a><\/li>\n<\/ul>\n<p>En cas de voler fer \u00fas&hellip;  <a href=\"https:\/\/agora.xtec.cat\/ceip-santfrancesc-sjd\/serveis\/casal-destiu\/\" title=\"Read Menjador\">Llegeix m\u00e9s\u00bb<\/a><\/p>\n","protected":false},"author":2,"featured_media":0,"parent":66,"menu_order":1,"comment_status":"closed","ping_status":"closed","template":"page-templates\/side-menu.php","meta":{"_bbp_topic_count":0,"_bbp_reply_count":0,"_bbp_total_topic_count":0,"_bbp_total_reply_count":0,"_bbp_voice_count":0,"_bbp_anonymous_reply_count":0,"_bbp_topic_count_hidden":0,"_bbp_reply_count_hidden":0,"_bbp_forum_subforum_count":0,"footnotes":""},"class_list":["post-82","page","type-page","status-publish","hentry"],"post_mailing_queue_ids":[],"_links":{"self":[{"href":"https:\/\/agora.xtec.cat\/ceip-santfrancesc-sjd\/wp-json\/wp\/v2\/pages\/82","targetHints":{"allow":["GET"]}}],"collection":[{"href":"https:\/\/agora.xtec.cat\/ceip-santfrancesc-sjd\/wp-json\/wp\/v2\/pages"}],"about":[{"href":"https:\/\/agora.xtec.cat\/ceip-santfrancesc-sjd\/wp-json\/wp\/v2\/types\/page"}],"author":[{"embeddable":true,"href":"https:\/\/agora.xtec.cat\/ceip-santfrancesc-sjd\/wp-json\/wp\/v2\/users\/2"}],"replies":[{"embeddable":true,"href":"https:\/\/agora.xtec.cat\/ceip-santfrancesc-sjd\/wp-json\/wp\/v2\/comments?post=82"}],"version-history":[{"count":7,"href":"https:\/\/agora.xtec.cat\/ceip-santfrancesc-sjd\/wp-json\/wp\/v2\/pages\/82\/revisions"}],"predecessor-version":[{"id":4008,"href":"https:\/\/agora.xtec.cat\/ceip-santfrancesc-sjd\/wp-json\/wp\/v2\/pages\/82\/revisions\/4008"}],"up":[{"embeddable":true,"href":"https:\/\/agora.xtec.cat\/ceip-santfrancesc-sjd\/wp-json\/wp\/v2\/pages\/66"}],"wp:attachment":[{"href":"https:\/\/agora.xtec.cat\/ceip-santfrancesc-sjd\/wp-json\/wp\/v2\/media?parent=82"}],"curies":[{"name":"wp","href":"https:\/\/api.w.org\/{rel}","templated":true}]}}