{"id":661,"date":"2017-01-27T12:14:19","date_gmt":"2017-01-27T11:14:19","guid":{"rendered":"http:\/\/agora.xtec.cat\/ceip-santfrancesc-sjd\/?page_id=661"},"modified":"2023-02-07T15:45:38","modified_gmt":"2023-02-07T14:45:38","slug":"biblioteca-escolar","status":"publish","type":"page","link":"https:\/\/agora.xtec.cat\/ceip-santfrancesc-sjd\/nivells\/biblioteca-escolar\/","title":{"rendered":"BIBLIOTECA ESCOLAR"},"content":{"rendered":"<p>La biblioteca escolar \u00e9s un element clau en l\u2019assoliment de l\u2019h\u00e0bit lector, la compet\u00e8ncia ling\u00fc\u00edstica, la compet\u00e8ncia informacional i l\u2019adquisici\u00f3 d\u2019aprenentatges aut\u00f2noms.<\/p>\n<p>A l&#8217;escola vetllem pel bon funcionament de la nostra biblioteca i volem que sigui un espai agradable on poder gaudir de bones lectures, amb\u00a0 contes, c\u00f2mics, revistes, llibres de coneixements, llibres d&#8217;imatges&#8230;i alhora que esdevingui un espai d&#8217;aprenentatge. Volem que el nostre alumnat adquireixi l&#8217;h\u00e0bit lector basat en el gaudi, com a descobriment d\u2019unes il\u00b7limitades possibilitats d\u2019oci, i com a expressi\u00f3 i formaci\u00f3 del gust personal.<\/p>\n<p>Per aix\u00f2 es\u00a0fomentar\u00e0 en l&#8217;alumnat tant les lectures lliures com es proporcionaran i recomanaran lectures apropiades i engrescadores per a totes les edats.<\/p>\n<h5><strong>OBJECTIUS GENERALS DEL PLA LECTOR DE L&#8217;ESCOLA (PLE)<\/strong>:<\/h5>\n<p>1. Fomentar l\u2019h\u00e0bit lector i el gust per la lectura.<\/p>\n<p>2. Facilitar el desenvolupament de la compet\u00e8ncia comunicativa i ling\u00fc\u00edstica.<\/p>\n<p>3. Capacitar en l\u2019\u00fas de la informaci\u00f3 per adquirir nous coneixements.<\/p>\n<p>4. Formar usuaris lectors.<\/p>\n<p>5. Potenciar la biblioteca escolar i les biblioteques de la poblaci\u00f3.<\/p>\n<p>6. Implicar les fam\u00edlies en el Pla Lector de l&#8217;escola.<\/p>\n<h5><strong>SERVEI DE PR\u00c9STEC:<\/strong><\/h5>\n<p>Tots els\/les alumnes de prim\u00e0ria poden emportar-se a casa llibres de la biblioteca escolar en pr\u00e9stec. Cada alumne\/a t\u00e9 un carnet de la biblioteca de l\u2019escola per potenciar el gust per la lectura i la responsabilitat.<\/p>\n<h5><strong>LA MALETA VIATGERA: llegir en fam\u00edlia, a Infantil i Prim\u00e0ria. <\/strong><\/h5>\n<p>Cada setmana un nen o nena porta a casa una \u201cmaleta\u201d amb contes per mirar-los, llegir-los i comentar-los amb la fam\u00edlia. Pretenem motivar les ganes de llegir, el gust per la lectura implicant a tots els membres de la fam\u00edlia. Les maletes d\u2019Infantil i Cicle Inicial les preparem a l\u2019escola amb material de la nostra biblioteca. Les maletes de Cicle Mitj\u00e0 ens les deixen en pr\u00e9stec la Biblioteca Municipal Merc\u00e8 Rodoreda<\/p>\n<p><img loading=\"lazy\" decoding=\"async\" class=\"CSS_LIGHTBOX_SCALED_IMAGE_IMG aligncenter\" src=\"https:\/\/3.bp.blogspot.com\/-OMg5tjxr9Lg\/WDXeXg3yAzI\/AAAAAAAAAxw\/w0MnVSDZvd89rawV_50TTQIBXqdv5uoAgCLcB\/s1600\/DSC05369.JPG\" width=\"780\" height=\"585\" \/><\/p>\n","protected":false},"excerpt":{"rendered":"<p>La biblioteca escolar \u00e9s un element clau en l\u2019assoliment de l\u2019h\u00e0bit lector, la compet\u00e8ncia ling\u00fc\u00edstica, la compet\u00e8ncia informacional i l\u2019adquisici\u00f3 d\u2019aprenentatges aut\u00f2noms.<br \/>\nA l&#8217;escola vetllem pel bon funcionament de la nostra biblioteca i volem que sigui un espai agradable on poder gaudir de bones lectures, amb\u00a0&hellip;  <a href=\"https:\/\/agora.xtec.cat\/ceip-santfrancesc-sjd\/nivells\/biblioteca-escolar\/\" title=\"Read BIBLIOTECA ESCOLAR\">Llegeix m\u00e9s\u00bb<\/a><\/p>\n","protected":false},"author":1,"featured_media":0,"parent":87,"menu_order":8,"comment_status":"closed","ping_status":"closed","template":"page-templates\/side-menu.php","meta":{"_bbp_topic_count":0,"_bbp_reply_count":0,"_bbp_total_topic_count":0,"_bbp_total_reply_count":0,"_bbp_voice_count":0,"_bbp_anonymous_reply_count":0,"_bbp_topic_count_hidden":0,"_bbp_reply_count_hidden":0,"_bbp_forum_subforum_count":0,"footnotes":""},"class_list":["post-661","page","type-page","status-publish","hentry"],"post_mailing_queue_ids":[],"_links":{"self":[{"href":"https:\/\/agora.xtec.cat\/ceip-santfrancesc-sjd\/wp-json\/wp\/v2\/pages\/661","targetHints":{"allow":["GET"]}}],"collection":[{"href":"https:\/\/agora.xtec.cat\/ceip-santfrancesc-sjd\/wp-json\/wp\/v2\/pages"}],"about":[{"href":"https:\/\/agora.xtec.cat\/ceip-santfrancesc-sjd\/wp-json\/wp\/v2\/types\/page"}],"author":[{"embeddable":true,"href":"https:\/\/agora.xtec.cat\/ceip-santfrancesc-sjd\/wp-json\/wp\/v2\/users\/1"}],"replies":[{"embeddable":true,"href":"https:\/\/agora.xtec.cat\/ceip-santfrancesc-sjd\/wp-json\/wp\/v2\/comments?post=661"}],"version-history":[{"count":3,"href":"https:\/\/agora.xtec.cat\/ceip-santfrancesc-sjd\/wp-json\/wp\/v2\/pages\/661\/revisions"}],"predecessor-version":[{"id":3471,"href":"https:\/\/agora.xtec.cat\/ceip-santfrancesc-sjd\/wp-json\/wp\/v2\/pages\/661\/revisions\/3471"}],"up":[{"embeddable":true,"href":"https:\/\/agora.xtec.cat\/ceip-santfrancesc-sjd\/wp-json\/wp\/v2\/pages\/87"}],"wp:attachment":[{"href":"https:\/\/agora.xtec.cat\/ceip-santfrancesc-sjd\/wp-json\/wp\/v2\/media?parent=661"}],"curies":[{"name":"wp","href":"https:\/\/api.w.org\/{rel}","templated":true}]}}