{"id":418,"date":"2016-12-02T19:16:19","date_gmt":"2016-12-02T18:16:19","guid":{"rendered":"http:\/\/agora.xtec.cat\/ceip-santfrancesc-sjd\/?page_id=418"},"modified":"2023-02-07T16:21:25","modified_gmt":"2023-02-07T15:21:25","slug":"sharing-to-learn","status":"publish","type":"page","link":"https:\/\/agora.xtec.cat\/ceip-santfrancesc-sjd\/nivells\/sharing-to-learn\/","title":{"rendered":"SHARING TO LEARN"},"content":{"rendered":"<p>La nostra escola \u00e9s pionera del Projecte<a href=\"http:\/\/compartirperaprendre.blogspot.com.es\/\">\u00a0<strong>Sharing to learn<\/strong><\/a>\u00a0que ja compta amb gaireb\u00e9 una quarantena de centres de les poblacions d\u2019Esplugues de Llobregat, <strong>Sant Joan Desp\u00ed<\/strong>, Sant Just Desvern, Castelldefels, Sant Esteve Sesrovires, Castellv\u00ed de Rosanes, Collbat\u00f3, el Bruc, Esparreguera, Viladecans i Sant Climent de Llobregat. El grau de satisfacci\u00f3 de l\u2019alumnat de prim\u00e0ria i secund\u00e0ria, i del professorat de les escoles i instituts que hi participen fa que el projecte creixi any rere any, quantitativament i qualitativa.<\/p>\n<p>El logo que representa aquest projecte va ser dibuixat per dues alumnes del Sant Francesc i triat guanyador. <img loading=\"lazy\" decoding=\"async\" class=\"alignleft\" src=\"https:\/\/1.bp.blogspot.com\/-S3d8Mb7e-dU\/UPU-YHxy_rI\/AAAAAAAABaM\/DUGwxXGSyAsaPLOWuAxODItY6FmsFvFdgCPcB\/s1600\/img03058.jpg\" width=\"168\" height=\"163\" \/><\/p>\n<h5><strong>OBJECTIUS DEL PROJECTE SHARING TO LEARN<\/strong><\/h5>\n<p>L\u2019objectiu principal \u00e9s afavorir <em><strong>l\u2019intercanvi<\/strong><\/em> entre alumnat de diferents etapes educatives i <em><strong>donar suport a la<\/strong> <strong>millora de l\u2019expressi\u00f3 oral<\/strong><strong> en llengua anglesa<\/strong><\/em>, per tal de facilitar l\u2019acc\u00e9s a entorns pluriling\u00fces i pluriculturals a l\u2019alumnat participant. A m\u00e9s, altres objectius vinculats al projecte s\u00f3n:<\/p>\n<ul>\n<li>Millorar la compet\u00e8ncia <strong>oral comunicativa<\/strong> de l\u2019alumnat.<\/li>\n<li>Promoure els <strong>entorns d\u2019aprenentatge ling\u00fc\u00edstic no matern<\/strong> a partir de les interaccions personals entre <strong>poblacions escolars de l\u2019entorn.<\/strong><\/li>\n<li>Implementar metodologies <strong>d\u2019aprenentatge-servei<\/strong> que permetin apropar l\u2019alumnat de secund\u00e0ria a valors propis de la vida en societat.<\/li>\n<li>Afavorir <strong>actituds de comprom\u00eds i respecte<\/strong> que ajudin a construir un entorn m\u00e9s <strong>hum\u00e0<\/strong>.<\/li>\n<li>Possibilitar el<strong> treball i l\u2019intercanvi de centres i docents de prim\u00e0ria i secund\u00e0ria.<\/strong><\/li>\n<li><span style=\"font-family: inherit; font-size: 1em;\">Afavorir al voltant d\u2019aquesta activitat mecanismes de progr\u00e9s i participaci\u00f3 entre els implicats del projecte: <\/span><strong>alumnes, docents, centres, fam\u00edlies.<\/strong><\/li>\n<\/ul>\n<h5>Tots els dimecres a la tarda, un grup d&#8217;alumnes dels Instituts de Sant Joan Desp\u00ed amb nivell d&#8217;angl\u00e8s certificat ens visiten i participen en uns tallers amb els i les alumnes de 1r de Prim\u00e0ria.<\/h5>\n","protected":false},"excerpt":{"rendered":"<p>La nostra escola \u00e9s pionera del Projecte<a href=\"http:\/\/compartirperaprendre.blogspot.com.es\/\">\u00a0Sharing to learn<\/a>\u00a0que ja compta amb gaireb\u00e9 una quarantena de centres de les poblacions d\u2019Esplugues de Llobregat, Sant Joan Desp\u00ed, Sant Just Desvern, Castelldefels, Sant Esteve Sesrovires, Castellv\u00ed de Rosanes, Collbat\u00f3, el Bruc, Esparreguera, Viladecans i Sant Climent&hellip;  <a href=\"https:\/\/agora.xtec.cat\/ceip-santfrancesc-sjd\/nivells\/sharing-to-learn\/\" title=\"Read SHARING TO LEARN\">Llegeix m\u00e9s\u00bb<\/a><\/p>\n","protected":false},"author":1,"featured_media":0,"parent":87,"menu_order":5,"comment_status":"closed","ping_status":"closed","template":"page-templates\/side-menu.php","meta":{"_bbp_topic_count":0,"_bbp_reply_count":0,"_bbp_total_topic_count":0,"_bbp_total_reply_count":0,"_bbp_voice_count":0,"_bbp_anonymous_reply_count":0,"_bbp_topic_count_hidden":0,"_bbp_reply_count_hidden":0,"_bbp_forum_subforum_count":0,"footnotes":""},"class_list":["post-418","page","type-page","status-publish","hentry"],"post_mailing_queue_ids":[],"_links":{"self":[{"href":"https:\/\/agora.xtec.cat\/ceip-santfrancesc-sjd\/wp-json\/wp\/v2\/pages\/418","targetHints":{"allow":["GET"]}}],"collection":[{"href":"https:\/\/agora.xtec.cat\/ceip-santfrancesc-sjd\/wp-json\/wp\/v2\/pages"}],"about":[{"href":"https:\/\/agora.xtec.cat\/ceip-santfrancesc-sjd\/wp-json\/wp\/v2\/types\/page"}],"author":[{"embeddable":true,"href":"https:\/\/agora.xtec.cat\/ceip-santfrancesc-sjd\/wp-json\/wp\/v2\/users\/1"}],"replies":[{"embeddable":true,"href":"https:\/\/agora.xtec.cat\/ceip-santfrancesc-sjd\/wp-json\/wp\/v2\/comments?post=418"}],"version-history":[{"count":3,"href":"https:\/\/agora.xtec.cat\/ceip-santfrancesc-sjd\/wp-json\/wp\/v2\/pages\/418\/revisions"}],"predecessor-version":[{"id":3595,"href":"https:\/\/agora.xtec.cat\/ceip-santfrancesc-sjd\/wp-json\/wp\/v2\/pages\/418\/revisions\/3595"}],"up":[{"embeddable":true,"href":"https:\/\/agora.xtec.cat\/ceip-santfrancesc-sjd\/wp-json\/wp\/v2\/pages\/87"}],"wp:attachment":[{"href":"https:\/\/agora.xtec.cat\/ceip-santfrancesc-sjd\/wp-json\/wp\/v2\/media?parent=418"}],"curies":[{"name":"wp","href":"https:\/\/api.w.org\/{rel}","templated":true}]}}