{"id":38,"date":"2014-09-18T12:34:08","date_gmt":"2014-09-18T12:34:08","guid":{"rendered":"http:\/\/agora.xtec.cat\/ceip-santfrancesc-sjd\/?page_id=38"},"modified":"2024-07-01T12:37:14","modified_gmt":"2024-07-01T10:37:14","slug":"salut","status":"publish","type":"page","link":"https:\/\/agora.xtec.cat\/ceip-santfrancesc-sjd\/documents-families\/salut\/","title":{"rendered":"Salut"},"content":{"rendered":"<h5 style=\"text-align: justify;\">Administraci\u00f3 de medicaments:<\/h5>\n<p style=\"text-align: justify;\">Segons la normativa vigent per poder administrar medicaments als alumnes cal que el pare, mare o tutor legal aporti una recepta o informe del metge on consti el nom de l\u2019alumne, la pauta i el nom del medicament que ha de prendre. Aix\u00ed mateix, el pare, mare o tutor legal han d\u2019aportar un escrit on es demani i s\u2019autoritzi al personal del centre docent que administri al seu fill\/a la medicaci\u00f3 prescrita sempre que sigui imprescindible la seva administraci\u00f3 en horari lectiu. Aquestes autoritzacions es lliuraran a principi de curs.<\/p>\n<p style=\"text-align: justify;\">\u201cSeguint les recomanacions del Departament de Salut i la Societat Catalana de Pediatria, s\u2019ha incl\u00f2s el paracetamol a la farmaciola dels centres educatius de Catalunya. Davant d\u2019un infant amb febre de 38 \u00baC o m\u00e9s l\u2019escola ha de contactar amb el pare, mare o tutor i demanar-li que el reculli tan aviat com pugui. Mentrestant, si la febre \u00e9s igual o superior a 38 \u00baC es recomana administrar un antit\u00e8rmic\/analg\u00e8sic AMB. El f\u00e0rmac de refer\u00e8ncia i m\u00e9s utilitzat arreu \u00e9s el paracetamol, per la seva bona toler\u00e0ncia i la relativa abs\u00e8ncia d\u2019efectes secundaris. Per administrar el paracetamol als infants a les escoles, cal tenir l\u2019autoritzaci\u00f3 del pare, mare o tutor, que us lliurarem a comen\u00e7ament del curs.\u201d<\/p>\n<p style=\"text-align: justify;\">Mai poseu un medicament dins la motxilla o li doneu al nen\/a, SEMPRE S\u2019HA DE DONAR A LA M\u00c0 AL MESTRE. Tot medicament ha d\u2019anar marcat, amb el nom, cognom, hora i dosi.<\/p>\n<h5 style=\"text-align: justify;\">Malalties:<\/h5>\n<p style=\"text-align: justify;\">Creiem molt important l\u2019assist\u00e8ncia continuada a classe, per\u00f2 quan un nen est\u00e0 malalt conv\u00e9 que descansi i que no assisteixi a l\u2019escola per evitar el possible contagi.<\/p>\n<p style=\"text-align: justify;\">Les malalties infeccioses han de ser comunicades immediatament i el malalt ha de restar a casa.<\/p>\n<p style=\"text-align: justify;\">L\u2019aparici\u00f3 de polls o ll\u00e9menes tamb\u00e9 ha de ser comunicada al centre i l\u2019alumne ha de restar a casa fins la desaparici\u00f3 total del par\u00e0sit. \u00c9s IMPORTANT que durant tot el curs escolar reviseu peri\u00f2dicament el cabell dels vostres fills i preneu les mesures oportunes.<\/p>\n<h5 style=\"text-align: justify;\">Al\u00b7l\u00e8rgies:<\/h5>\n<p style=\"text-align: justify;\">Si algun nen\/a t\u00e9 alguna al\u00b7l\u00e8rgia o algun problema de salut, \u00e9s MOLT IMPORTANT comunicar-ho al tutor\/a i a la secretaria del centre.<\/p>\n<h6 style=\"text-align: justify;\">Si un nen\/a presenta s\u00edmptomes de malaltia durant la seva estada a l\u2019escola avisarem a la fam\u00edlia perqu\u00e8 el reculli i l\u2019atengui degudament. En cas de no poder contactar amb la fam\u00edlia i la febre sigui alta es portar\u00e0 al servei d\u2019urg\u00e8ncies del CAP.<\/h6>\n<h5 style=\"text-align: justify;\">Accidents escolars:<\/h5>\n<p style=\"text-align: justify;\">En cas que algun alumne s\u2019accidenti es seguir\u00e0 el seg\u00fcent protocol:<\/p>\n<p style=\"text-align: justify;\">Si s\u00f3n petites ferides o rascades es curaran a l\u2019escola i es comunicar\u00e0 a la fam\u00edlia.<\/p>\n<p style=\"text-align: justify;\">Si l\u2019accident \u00e9s lleu per\u00f2 requereix intervenci\u00f3 m\u00e8dica, us avisarem a la fam\u00edlia per a que el vingueu a buscar i el porteu al seu metge habitual.<\/p>\n<p style=\"text-align: justify;\">En els casos que es consideri necessari, es demanaran els serveis d\u2019ambul\u00e0ncia i una persona responsable, preferentment el tutor \/a de l\u2019alumne, l\u2019acompanyar\u00e0 al centre sanitari, a l\u2019hora que s\u2019informar\u00e0 a la fam\u00edlia.<\/p>\n<h5 style=\"text-align: justify;\">Malalties espec\u00edfiques:<\/h5>\n<p><a href=\"https:\/\/documents.espai.educacio.gencat.cat\/PC\/Seguretat\/Protocol_atencio_salut.pdf\">Protocol d&#8217;Atenci\u00f3 a les Necessitats Especials de Salut d&#8217;Infants i de Joves en l&#8217;entorn educatiu<\/a><\/p>\n<h6 style=\"text-align: justify;\">*<em>Aquestes mesures estan pensades perqu\u00e8 els infants s\u00f3n mereixedors d\u2019una especial protecci\u00f3 i seguretat. Per aix\u00f2 \u00e9s molt important i necessari que estigueu localitzables i tenir els vostres n\u00fameros de tel\u00e8fon actualitzats comunicant a secretaria qualsevol canvi.<\/em><\/h6>\n","protected":false},"excerpt":{"rendered":"<p>Administraci\u00f3 de medicaments:<br \/>\nSegons la normativa vigent per poder administrar medicaments als alumnes cal que el pare, mare o tutor legal aporti una recepta o informe del metge on consti el nom de l\u2019alumne, la pauta i el nom del medicament que ha de prendre. Aix\u00ed&hellip;  <a href=\"https:\/\/agora.xtec.cat\/ceip-santfrancesc-sjd\/documents-families\/salut\/\" title=\"Read Salut\">Llegeix m\u00e9s\u00bb<\/a><\/p>\n","protected":false},"author":2,"featured_media":0,"parent":1414,"menu_order":7,"comment_status":"closed","ping_status":"closed","template":"page-templates\/side-menu.php","meta":{"_bbp_topic_count":0,"_bbp_reply_count":0,"_bbp_total_topic_count":0,"_bbp_total_reply_count":0,"_bbp_voice_count":0,"_bbp_anonymous_reply_count":0,"_bbp_topic_count_hidden":0,"_bbp_reply_count_hidden":0,"_bbp_forum_subforum_count":0,"footnotes":""},"class_list":["post-38","page","type-page","status-publish","hentry"],"post_mailing_queue_ids":[],"_links":{"self":[{"href":"https:\/\/agora.xtec.cat\/ceip-santfrancesc-sjd\/wp-json\/wp\/v2\/pages\/38","targetHints":{"allow":["GET"]}}],"collection":[{"href":"https:\/\/agora.xtec.cat\/ceip-santfrancesc-sjd\/wp-json\/wp\/v2\/pages"}],"about":[{"href":"https:\/\/agora.xtec.cat\/ceip-santfrancesc-sjd\/wp-json\/wp\/v2\/types\/page"}],"author":[{"embeddable":true,"href":"https:\/\/agora.xtec.cat\/ceip-santfrancesc-sjd\/wp-json\/wp\/v2\/users\/2"}],"replies":[{"embeddable":true,"href":"https:\/\/agora.xtec.cat\/ceip-santfrancesc-sjd\/wp-json\/wp\/v2\/comments?post=38"}],"version-history":[{"count":5,"href":"https:\/\/agora.xtec.cat\/ceip-santfrancesc-sjd\/wp-json\/wp\/v2\/pages\/38\/revisions"}],"predecessor-version":[{"id":3897,"href":"https:\/\/agora.xtec.cat\/ceip-santfrancesc-sjd\/wp-json\/wp\/v2\/pages\/38\/revisions\/3897"}],"up":[{"embeddable":true,"href":"https:\/\/agora.xtec.cat\/ceip-santfrancesc-sjd\/wp-json\/wp\/v2\/pages\/1414"}],"wp:attachment":[{"href":"https:\/\/agora.xtec.cat\/ceip-santfrancesc-sjd\/wp-json\/wp\/v2\/media?parent=38"}],"curies":[{"name":"wp","href":"https:\/\/api.w.org\/{rel}","templated":true}]}}