{"id":3769,"date":"2023-09-20T16:43:37","date_gmt":"2023-09-20T14:43:37","guid":{"rendered":"https:\/\/agora.xtec.cat\/ceip-santfrancesc-sjd\/?page_id=3769"},"modified":"2023-09-20T16:48:32","modified_gmt":"2023-09-20T14:48:32","slug":"equip-dassessorament-psicopedagogic-eap","status":"publish","type":"page","link":"https:\/\/agora.xtec.cat\/ceip-santfrancesc-sjd\/serveis\/equip-dassessorament-psicopedagogic-eap\/","title":{"rendered":"EQUIP D&#8217;ASSESSORAMENT PSICOPEDAG\u00d2GIC (EAP)"},"content":{"rendered":"<p>La referent de l&#8217;Equip d&#8217;Assessorament Psicopedag\u00f2gic de l&#8217;escola \u00e9s la Pilar Ruiz.<\/p>\n<p>Atenci\u00f3 telef\u00f2nica 93 471 13 85.<\/p>\n<p><span id=\"tar-nomCentre\">Servei Educatiu del Baix Llobregat 5<\/span><\/p>\n<div class=\"adr\"><span class=\"street-address\">C\/ Almog\u00e0vers, s\/n &#8211; Edifici Roger de Ll\u00faria<\/span><br \/>\n<span class=\"postal-code\">08940 Cornell\u00e0 de Llobregat<\/span><\/div>\n<p>&nbsp;<\/p>\n","protected":false},"excerpt":{"rendered":"<p>La referent de l&#8217;Equip d&#8217;Assessorament Psicopedag\u00f2gic de l&#8217;escola \u00e9s la Pilar Ruiz.<br \/>\nAtenci\u00f3 telef\u00f2nica 93 471 13 85.<br \/>\nServei Educatiu del Baix Llobregat 5<br \/>\nC\/ Almog\u00e0vers, s\/n &#8211; Edifici Roger de Ll\u00faria<br \/>\n08940 Cornell\u00e0 de Llobregat<br \/>\n&nbsp;<\/p>\n","protected":false},"author":1,"featured_media":0,"parent":66,"menu_order":5,"comment_status":"closed","ping_status":"closed","template":"page-templates\/side-menu.php","meta":{"_bbp_topic_count":0,"_bbp_reply_count":0,"_bbp_total_topic_count":0,"_bbp_total_reply_count":0,"_bbp_voice_count":0,"_bbp_anonymous_reply_count":0,"_bbp_topic_count_hidden":0,"_bbp_reply_count_hidden":0,"_bbp_forum_subforum_count":0,"footnotes":""},"class_list":["post-3769","page","type-page","status-publish","hentry"],"post_mailing_queue_ids":[],"_links":{"self":[{"href":"https:\/\/agora.xtec.cat\/ceip-santfrancesc-sjd\/wp-json\/wp\/v2\/pages\/3769","targetHints":{"allow":["GET"]}}],"collection":[{"href":"https:\/\/agora.xtec.cat\/ceip-santfrancesc-sjd\/wp-json\/wp\/v2\/pages"}],"about":[{"href":"https:\/\/agora.xtec.cat\/ceip-santfrancesc-sjd\/wp-json\/wp\/v2\/types\/page"}],"author":[{"embeddable":true,"href":"https:\/\/agora.xtec.cat\/ceip-santfrancesc-sjd\/wp-json\/wp\/v2\/users\/1"}],"replies":[{"embeddable":true,"href":"https:\/\/agora.xtec.cat\/ceip-santfrancesc-sjd\/wp-json\/wp\/v2\/comments?post=3769"}],"version-history":[{"count":3,"href":"https:\/\/agora.xtec.cat\/ceip-santfrancesc-sjd\/wp-json\/wp\/v2\/pages\/3769\/revisions"}],"predecessor-version":[{"id":3773,"href":"https:\/\/agora.xtec.cat\/ceip-santfrancesc-sjd\/wp-json\/wp\/v2\/pages\/3769\/revisions\/3773"}],"up":[{"embeddable":true,"href":"https:\/\/agora.xtec.cat\/ceip-santfrancesc-sjd\/wp-json\/wp\/v2\/pages\/66"}],"wp:attachment":[{"href":"https:\/\/agora.xtec.cat\/ceip-santfrancesc-sjd\/wp-json\/wp\/v2\/media?parent=3769"}],"curies":[{"name":"wp","href":"https:\/\/api.w.org\/{rel}","templated":true}]}}