{"id":367,"date":"2016-11-28T21:12:07","date_gmt":"2016-11-28T20:12:07","guid":{"rendered":"http:\/\/agora.xtec.cat\/ceip-santfrancesc-sjd\/?page_id=367"},"modified":"2023-02-08T16:34:43","modified_gmt":"2023-02-08T15:34:43","slug":"apadrinament-lector","status":"publish","type":"page","link":"https:\/\/agora.xtec.cat\/ceip-santfrancesc-sjd\/nivells\/apadrinament-lector\/","title":{"rendered":"APADRINAMENT LECTOR"},"content":{"rendered":"<p style=\"text-align: justify;\">L\u2019apadrinament lector \u00e9s una<strong> activitat cooperativa<\/strong> que es realitza en parelles formades per alumnes m\u00e9s grans, que fan de padrins de lectura, i alumnes m\u00e9s petits, que fan de fillols. A l&#8217;escola l\u2019apadrinament es fa entre els\/les alumnes de<strong> 5\u00e8 (padrins\/es)<\/strong> i els\/les alumnes de<strong> 2n (fillols\/es) <\/strong>i entre els\/les alumnes de<strong> 4t (padrins\/es)<\/strong> i els\/les de<strong> 1r (fillols\/es).<\/strong><\/p>\n<h5><strong>OBECTIUS DE L&#8217;APADRINAMENT LECTOR<\/strong><\/h5>\n<ul>\n<li>Refor\u00e7ar i potenciar la lectura en l\u2019alumnat.<\/li>\n<li>Intercanviar un moment de plaer a trav\u00e9s de la lectura.<\/li>\n<li>Mantenir una bona actitud davant la lectura.<\/li>\n<li>Establir relacions d\u2019ajuda i col\u00b7laboraci\u00f3 entre infants d\u2019edats diferents.<\/li>\n<li>Aprendre a compartir, organitzar-se i ser responsable.<\/li>\n<\/ul>\n<p style=\"text-align: justify;\">El fet de ser padr\u00ed de lectura representa que el\u00a0padr\u00ed adquireix el <strong>comprom\u00eds <\/strong>principal de vetllar per l\u2019aprenentatge lector del seu fillol.<strong> L\u2019ajuda a aprendre a llegir, <\/strong>alhora que mira d\u2019<strong>encomanar-li el gust per la lectura <\/strong>tot engrescant-lo a llegir<strong>. <\/strong>A la 1a sessi\u00f3<strong> els\/les alumnes es comprometen <\/strong>(mitjan\u00e7ant un contracte signat entre ambd\u00f3s)<strong> a esfor\u00e7ar-se per a qu\u00e8 tot entre ells\/es funcioni molt b\u00e9!<\/strong><\/p>\n<p style=\"text-align: justify;\">Quan els\/les alumnes de 5\u00e8 comparteixen estones de lectura amb els\/les alumnes 2n i els\/les alumnes de 4t amb els\/les companys\/es de 1r, es potencia el <strong>gust<\/strong> per la lectura, <strong>la responsabilitat<\/strong> i\u00a0el <strong>coneixement<\/strong> entre alumnes d\u2019edats i cursos diferents.<\/p>\n<p><img decoding=\"async\" src=\"http:\/\/blocs.xtec.cat\/santfrancescdassis\/files\/2016\/01\/padrins2.jpg\" \/><\/p>\n","protected":false},"excerpt":{"rendered":"<p>L\u2019apadrinament lector \u00e9s una activitat cooperativa que es realitza en parelles formades per alumnes m\u00e9s grans, que fan de padrins de lectura, i alumnes m\u00e9s petits, que fan de fillols. A l&#8217;escola l\u2019apadrinament es fa entre els\/les alumnes de 5\u00e8 (padrins\/es) i els\/les alumnes de&hellip;  <a href=\"https:\/\/agora.xtec.cat\/ceip-santfrancesc-sjd\/nivells\/apadrinament-lector\/\" title=\"Read APADRINAMENT LECTOR\">Llegeix m\u00e9s\u00bb<\/a><\/p>\n","protected":false},"author":1,"featured_media":0,"parent":87,"menu_order":3,"comment_status":"closed","ping_status":"closed","template":"page-templates\/side-menu.php","meta":{"_bbp_topic_count":0,"_bbp_reply_count":0,"_bbp_total_topic_count":0,"_bbp_total_reply_count":0,"_bbp_voice_count":0,"_bbp_anonymous_reply_count":0,"_bbp_topic_count_hidden":0,"_bbp_reply_count_hidden":0,"_bbp_forum_subforum_count":0,"footnotes":""},"class_list":["post-367","page","type-page","status-publish","hentry"],"post_mailing_queue_ids":[],"_links":{"self":[{"href":"https:\/\/agora.xtec.cat\/ceip-santfrancesc-sjd\/wp-json\/wp\/v2\/pages\/367","targetHints":{"allow":["GET"]}}],"collection":[{"href":"https:\/\/agora.xtec.cat\/ceip-santfrancesc-sjd\/wp-json\/wp\/v2\/pages"}],"about":[{"href":"https:\/\/agora.xtec.cat\/ceip-santfrancesc-sjd\/wp-json\/wp\/v2\/types\/page"}],"author":[{"embeddable":true,"href":"https:\/\/agora.xtec.cat\/ceip-santfrancesc-sjd\/wp-json\/wp\/v2\/users\/1"}],"replies":[{"embeddable":true,"href":"https:\/\/agora.xtec.cat\/ceip-santfrancesc-sjd\/wp-json\/wp\/v2\/comments?post=367"}],"version-history":[{"count":3,"href":"https:\/\/agora.xtec.cat\/ceip-santfrancesc-sjd\/wp-json\/wp\/v2\/pages\/367\/revisions"}],"predecessor-version":[{"id":3613,"href":"https:\/\/agora.xtec.cat\/ceip-santfrancesc-sjd\/wp-json\/wp\/v2\/pages\/367\/revisions\/3613"}],"up":[{"embeddable":true,"href":"https:\/\/agora.xtec.cat\/ceip-santfrancesc-sjd\/wp-json\/wp\/v2\/pages\/87"}],"wp:attachment":[{"href":"https:\/\/agora.xtec.cat\/ceip-santfrancesc-sjd\/wp-json\/wp\/v2\/media?parent=367"}],"curies":[{"name":"wp","href":"https:\/\/api.w.org\/{rel}","templated":true}]}}