{"id":365,"date":"2016-11-28T21:10:30","date_gmt":"2016-11-28T20:10:30","guid":{"rendered":"http:\/\/agora.xtec.cat\/ceip-santfrancesc-sjd\/?page_id=365"},"modified":"2023-02-08T16:47:44","modified_gmt":"2023-02-08T15:47:44","slug":"projecte-gep","status":"publish","type":"page","link":"https:\/\/agora.xtec.cat\/ceip-santfrancesc-sjd\/nivells\/projecte-gep\/","title":{"rendered":"PROJECTE GEP"},"content":{"rendered":"<p style=\"text-align: justify;\">Qu\u00e8 \u00e9s el <strong>PROJECTE GEP<\/strong>?<\/p>\n<p>La nostra escola juntament amb altres Centres de Catalunya formem part del Grup d\u2019Experimentaci\u00f3 per al Pluriling\u00fcisme. El Grup d&#8217;Experimentaci\u00f3 per al Pluriling\u00fcisme es posa en marxa per assolir els objectius d&#8217;Europa 2020 vers la competitivitat europea, els principis d&#8217;internacionalitzaci\u00f3 i d&#8217;\u00e8xit escolar de l&#8217;acord de govern, i s&#8217;alinea amb els compromisos de qualitat del Marc per al pluriling\u00fcisme del sistema educatiu a Catalunya.<\/p>\n<p>L\u2019\u00fas de diferents lleng\u00fces estrangeres per accedir al coneixement \u00e9s una pr\u00e0ctica que l\u2019individu ha de desenvolupar des d\u2019edat escolar per tal d\u2019establir les bases que li permetran aprendre qualsevol llengua de forma eficient. Aquest projecte que es basa principalment en<strong><em> introduir la llengua anglesa a la quotidianitat del centre i augmentar-ne l\u2019\u00fas en \u00e0rees no ling\u00fc\u00edstiques.<\/em><\/strong><\/p>\n<h5><strong>OBJECTIUS DEL PROJECTE GEP<\/strong><\/h5>\n<ul>\n<li>Millorar la compet\u00e8ncia ling\u00fc\u00edstica i pluriling\u00fce de l\u2019alumnat.<\/li>\n<li>Potenciar la comprensi\u00f3 oral i lectora en llengua anglesa de l\u2019alumnat.<\/li>\n<li>Augmentar el treball de l\u2019expressi\u00f3 oral i escrita en llengua anglesa de l\u2019alumnat.<\/li>\n<li>Augmentar l\u2019\u00fas de la llengua anglesa al centre.<\/li>\n<li>Incrementar el temps d\u2019exposici\u00f3 de l\u2019alumne\/a a la llengua anglesa.<\/li>\n<li>Promoure el pluriling\u00fcisme dins la comunitat educativa amb les diferents festes i activitats del centre.<br \/>\n<b style=\"font-size: 1.125em;\"><\/b><\/li>\n<\/ul>\n<p><b style=\"font-size: 1.125em;\">El Projecte GEP <\/b><strong style=\"font-size: 1.125em;\">s\u2019aplica a Cicle Mitj\u00e0 (3r i 4t)<\/strong><span style=\"font-size: 1.125em; font-weight: bold;\"> i <\/span><strong style=\"font-size: 1.125em;\">a Cicle Superior (5\u00e8 i 6\u00e8)<\/strong><span style=\"font-size: 1.125em; font-weight: bold;\"> a les \u00e0rees de <\/span><strong style=\"font-size: 1.125em;\">Medi Social i Natural. <\/strong><span style=\"font-size: 1.125em; font-weight: bold;\">\u00c9s el<\/span><strong style=\"font-size: 1.125em;\"> SCIENCE (sessi\u00f3 setmanal de Medi en llengua anglesa).\u00a0\u00a0<\/strong><\/p>\n<p><b style=\"font-size: 1.125em;\">A m\u00e9s, a 4t de Prim\u00e0ria es porta a terme el SONG&amp;GAMES (aprenentatge de la llengua anglesa per mitj\u00e0 de jocs i can\u00e7ons en aquesta llengua).<\/b><\/p>\n","protected":false},"excerpt":{"rendered":"<p>Qu\u00e8 \u00e9s el PROJECTE GEP?<br \/>\nLa nostra escola juntament amb altres Centres de Catalunya formem part del Grup d\u2019Experimentaci\u00f3 per al Pluriling\u00fcisme. El Grup d&#8217;Experimentaci\u00f3 per al Pluriling\u00fcisme es posa en marxa per assolir els objectius d&#8217;Europa 2020 vers la competitivitat europea, els principis d&#8217;internacionalitzaci\u00f3 i&hellip;  <a href=\"https:\/\/agora.xtec.cat\/ceip-santfrancesc-sjd\/nivells\/projecte-gep\/\" title=\"Read PROJECTE GEP\">Llegeix m\u00e9s\u00bb<\/a><\/p>\n","protected":false},"author":1,"featured_media":0,"parent":87,"menu_order":4,"comment_status":"closed","ping_status":"closed","template":"page-templates\/side-menu.php","meta":{"_bbp_topic_count":0,"_bbp_reply_count":0,"_bbp_total_topic_count":0,"_bbp_total_reply_count":0,"_bbp_voice_count":0,"_bbp_anonymous_reply_count":0,"_bbp_topic_count_hidden":0,"_bbp_reply_count_hidden":0,"_bbp_forum_subforum_count":0,"footnotes":""},"class_list":["post-365","page","type-page","status-publish","hentry"],"post_mailing_queue_ids":[],"_links":{"self":[{"href":"https:\/\/agora.xtec.cat\/ceip-santfrancesc-sjd\/wp-json\/wp\/v2\/pages\/365","targetHints":{"allow":["GET"]}}],"collection":[{"href":"https:\/\/agora.xtec.cat\/ceip-santfrancesc-sjd\/wp-json\/wp\/v2\/pages"}],"about":[{"href":"https:\/\/agora.xtec.cat\/ceip-santfrancesc-sjd\/wp-json\/wp\/v2\/types\/page"}],"author":[{"embeddable":true,"href":"https:\/\/agora.xtec.cat\/ceip-santfrancesc-sjd\/wp-json\/wp\/v2\/users\/1"}],"replies":[{"embeddable":true,"href":"https:\/\/agora.xtec.cat\/ceip-santfrancesc-sjd\/wp-json\/wp\/v2\/comments?post=365"}],"version-history":[{"count":4,"href":"https:\/\/agora.xtec.cat\/ceip-santfrancesc-sjd\/wp-json\/wp\/v2\/pages\/365\/revisions"}],"predecessor-version":[{"id":3618,"href":"https:\/\/agora.xtec.cat\/ceip-santfrancesc-sjd\/wp-json\/wp\/v2\/pages\/365\/revisions\/3618"}],"up":[{"embeddable":true,"href":"https:\/\/agora.xtec.cat\/ceip-santfrancesc-sjd\/wp-json\/wp\/v2\/pages\/87"}],"wp:attachment":[{"href":"https:\/\/agora.xtec.cat\/ceip-santfrancesc-sjd\/wp-json\/wp\/v2\/media?parent=365"}],"curies":[{"name":"wp","href":"https:\/\/api.w.org\/{rel}","templated":true}]}}