{"id":3357,"date":"2023-01-16T16:08:45","date_gmt":"2023-01-16T15:08:45","guid":{"rendered":"https:\/\/agora.xtec.cat\/ceip-santfrancesc-sjd\/?page_id=3357"},"modified":"2023-04-13T10:17:18","modified_gmt":"2023-04-13T08:17:18","slug":"slow-food-education-km-0","status":"publish","type":"page","link":"https:\/\/agora.xtec.cat\/ceip-santfrancesc-sjd\/nivells\/slow-food-education-km-0\/","title":{"rendered":"SLOW FOOD EDUCATION KM. 0"},"content":{"rendered":"<p style=\"text-align: justify;\">L&#8217;educaci\u00f3 aliment\u00e0ria i ambiental, el gust i la sensorialitat, els valors de proximitat i sostenibilitat estan al centre d&#8217;aquest projecte psicoeducatiu.<\/p>\n<h5><strong>OBJECTIUS DEL PROJECTE SLOW FOOD EDUCATION KM. 0<\/strong><\/h5>\n<ul>\n<li style=\"text-align: justify;\">Divulgar els <strong>productes gastron\u00f2mics propis de la zona del Baix Llobregat<\/strong>, com la col paperina i la poma carabruta.<\/li>\n<li style=\"text-align: justify;\">Apostar per la <strong>sostenibilitat<\/strong>.<\/li>\n<li style=\"text-align: justify;\">Fomentar el <strong>reaprofitament alimentari<\/strong>.<\/li>\n<li>Fomentar el <strong>gust<\/strong> i la <strong>sensorialitat<\/strong> dels aliments.<\/li>\n<\/ul>\n<p style=\"text-align: justify;\">A trav\u00e9s d&#8217;aquest Projecte, l&#8217;alumnat de Cicle Superior de l&#8217;escola treballa els processos de plantaci\u00f3, transformaci\u00f3 i aprofitament dels aliments, aix\u00ed com l&#8217;emprenedoria, mitjan\u00e7ant la creaci\u00f3 d&#8217;una empresa pr\u00f2pia que els ofereix l&#8217;oportunitat de prendre decisions sobre la gesti\u00f3 dels seus productes.<\/p>\n<p style=\"text-align: justify;\"><a href=\"https:\/\/www.slowfood.com\/es\/\"><strong>Slow<\/strong> <strong>Food Education<\/strong><\/a><a href=\"https:\/\/www.slowfood.com\/es\/\"><strong> Km. 0<\/strong><\/a> \u00e9s un projecte europeu que compta amb la col\u00b7laboraci\u00f3 de reconeguts xefs que intervenen a l&#8217;escola per educar el gust i la sensorialitat del nostre alumnat.<\/p>\n<p style=\"text-align: justify;\">A les fotografies de sota, l&#8217;alumnat de 5\u00e8 de Prim\u00e0ria fent d&#8217;espigoladors, collint les pomes del Parc Agrari del Baix Llobregat que per diferents motius (color, pes, mida &#8230;) van ser rebutjades de la xarxa aliment\u00e0ria comercial i que a l&#8217;escola es reaprofitaran per fer melmelada.<\/p>\n<p><a href=\"https:\/\/agora.xtec.cat\/ceip-santfrancesc-sjd\/wp-content\/uploads\/usu548\/2023\/01\/3.Slowfood.jpg\"><img loading=\"lazy\" decoding=\"async\" class=\"alignnone wp-image-3358\" src=\"https:\/\/agora.xtec.cat\/ceip-santfrancesc-sjd\/wp-content\/uploads\/usu548\/2023\/01\/3.Slowfood-1024x1024.jpg\" alt=\"\" width=\"420\" height=\"420\" srcset=\"https:\/\/agora.xtec.cat\/ceip-santfrancesc-sjd\/wp-content\/uploads\/usu548\/2023\/01\/3.Slowfood-1024x1024.jpg 1024w, https:\/\/agora.xtec.cat\/ceip-santfrancesc-sjd\/wp-content\/uploads\/usu548\/2023\/01\/3.Slowfood-300x300.jpg 300w, https:\/\/agora.xtec.cat\/ceip-santfrancesc-sjd\/wp-content\/uploads\/usu548\/2023\/01\/3.Slowfood-150x150.jpg 150w, https:\/\/agora.xtec.cat\/ceip-santfrancesc-sjd\/wp-content\/uploads\/usu548\/2023\/01\/3.Slowfood-768x768.jpg 768w, https:\/\/agora.xtec.cat\/ceip-santfrancesc-sjd\/wp-content\/uploads\/usu548\/2023\/01\/3.Slowfood-1536x1536.jpg 1536w, https:\/\/agora.xtec.cat\/ceip-santfrancesc-sjd\/wp-content\/uploads\/usu548\/2023\/01\/3.Slowfood.jpg 1600w\" sizes=\"auto, (max-width: 420px) 100vw, 420px\" \/><\/a> <a href=\"https:\/\/agora.xtec.cat\/ceip-santfrancesc-sjd\/wp-content\/uploads\/usu548\/2023\/01\/2.Slowfood.jpg\"><img loading=\"lazy\" decoding=\"async\" class=\"alignnone wp-image-3359\" src=\"https:\/\/agora.xtec.cat\/ceip-santfrancesc-sjd\/wp-content\/uploads\/usu548\/2023\/01\/2.Slowfood-1024x1024.jpg\" alt=\"\" width=\"420\" height=\"420\" srcset=\"https:\/\/agora.xtec.cat\/ceip-santfrancesc-sjd\/wp-content\/uploads\/usu548\/2023\/01\/2.Slowfood-1024x1024.jpg 1024w, https:\/\/agora.xtec.cat\/ceip-santfrancesc-sjd\/wp-content\/uploads\/usu548\/2023\/01\/2.Slowfood-300x300.jpg 300w, https:\/\/agora.xtec.cat\/ceip-santfrancesc-sjd\/wp-content\/uploads\/usu548\/2023\/01\/2.Slowfood-150x150.jpg 150w, https:\/\/agora.xtec.cat\/ceip-santfrancesc-sjd\/wp-content\/uploads\/usu548\/2023\/01\/2.Slowfood-768x768.jpg 768w, https:\/\/agora.xtec.cat\/ceip-santfrancesc-sjd\/wp-content\/uploads\/usu548\/2023\/01\/2.Slowfood-1536x1536.jpg 1536w, https:\/\/agora.xtec.cat\/ceip-santfrancesc-sjd\/wp-content\/uploads\/usu548\/2023\/01\/2.Slowfood.jpg 1800w\" sizes=\"auto, (max-width: 420px) 100vw, 420px\" \/><\/a> <a href=\"https:\/\/agora.xtec.cat\/ceip-santfrancesc-sjd\/wp-content\/uploads\/usu548\/2023\/01\/4.Slowfood.jpg\"><img loading=\"lazy\" decoding=\"async\" class=\"alignnone wp-image-3360\" src=\"https:\/\/agora.xtec.cat\/ceip-santfrancesc-sjd\/wp-content\/uploads\/usu548\/2023\/01\/4.Slowfood-1024x1024.jpg\" alt=\"\" width=\"420\" height=\"420\" srcset=\"https:\/\/agora.xtec.cat\/ceip-santfrancesc-sjd\/wp-content\/uploads\/usu548\/2023\/01\/4.Slowfood-1024x1024.jpg 1024w, https:\/\/agora.xtec.cat\/ceip-santfrancesc-sjd\/wp-content\/uploads\/usu548\/2023\/01\/4.Slowfood-300x300.jpg 300w, https:\/\/agora.xtec.cat\/ceip-santfrancesc-sjd\/wp-content\/uploads\/usu548\/2023\/01\/4.Slowfood-150x150.jpg 150w, https:\/\/agora.xtec.cat\/ceip-santfrancesc-sjd\/wp-content\/uploads\/usu548\/2023\/01\/4.Slowfood-768x768.jpg 768w, https:\/\/agora.xtec.cat\/ceip-santfrancesc-sjd\/wp-content\/uploads\/usu548\/2023\/01\/4.Slowfood-1536x1536.jpg 1536w, https:\/\/agora.xtec.cat\/ceip-santfrancesc-sjd\/wp-content\/uploads\/usu548\/2023\/01\/4.Slowfood.jpg 1800w\" sizes=\"auto, (max-width: 420px) 100vw, 420px\" \/><\/a> <a href=\"https:\/\/agora.xtec.cat\/ceip-santfrancesc-sjd\/wp-content\/uploads\/usu548\/2023\/01\/1.Slowfood.jpg\"><img loading=\"lazy\" decoding=\"async\" class=\"alignnone wp-image-3361\" src=\"https:\/\/agora.xtec.cat\/ceip-santfrancesc-sjd\/wp-content\/uploads\/usu548\/2023\/01\/1.Slowfood-819x1024.jpg\" alt=\"\" width=\"419\" height=\"524\" srcset=\"https:\/\/agora.xtec.cat\/ceip-santfrancesc-sjd\/wp-content\/uploads\/usu548\/2023\/01\/1.Slowfood-819x1024.jpg 819w, https:\/\/agora.xtec.cat\/ceip-santfrancesc-sjd\/wp-content\/uploads\/usu548\/2023\/01\/1.Slowfood-240x300.jpg 240w, https:\/\/agora.xtec.cat\/ceip-santfrancesc-sjd\/wp-content\/uploads\/usu548\/2023\/01\/1.Slowfood-768x960.jpg 768w, https:\/\/agora.xtec.cat\/ceip-santfrancesc-sjd\/wp-content\/uploads\/usu548\/2023\/01\/1.Slowfood-1229x1536.jpg 1229w, https:\/\/agora.xtec.cat\/ceip-santfrancesc-sjd\/wp-content\/uploads\/usu548\/2023\/01\/1.Slowfood.jpg 1280w\" sizes=\"auto, (max-width: 419px) 100vw, 419px\" \/><\/a><\/p>\n<p><iframe loading=\"lazy\" src=\"\/\/www.youtube.com\/embed\/eNU2g8dWqUg\" width=\"560\" height=\"314\" allowfullscreen=\"allowfullscreen\"><\/iframe><\/p>\n","protected":false},"excerpt":{"rendered":"<p>L&#8217;educaci\u00f3 aliment\u00e0ria i ambiental, el gust i la sensorialitat, els valors de proximitat i sostenibilitat estan al centre d&#8217;aquest projecte psicoeducatiu.<br \/>\nOBJECTIUS DEL PROJECTE SLOW FOOD EDUCATION KM. 0<\/p>\n<ul>\n<li style=\"text-align: justify;\">Divulgar els productes gastron\u00f2mics propis de la zona del Baix Llobregat, com la col paperina i&hellip;  <a href=\"https:\/\/agora.xtec.cat\/ceip-santfrancesc-sjd\/nivells\/slow-food-education-km-0\/\" title=\"Read SLOW FOOD EDUCATION KM. 0\">Llegeix m\u00e9s\u00bb<\/a><br \/>\n","protected":false},"author":1,"featured_media":0,"parent":87,"menu_order":11,"comment_status":"closed","ping_status":"closed","template":"page-templates\/side-menu.php","meta":{"_bbp_topic_count":0,"_bbp_reply_count":0,"_bbp_total_topic_count":0,"_bbp_total_reply_count":0,"_bbp_voice_count":0,"_bbp_anonymous_reply_count":0,"_bbp_topic_count_hidden":0,"_bbp_reply_count_hidden":0,"_bbp_forum_subforum_count":0,"footnotes":""},"class_list":["post-3357","page","type-page","status-publish","hentry"],"post_mailing_queue_ids":[],"_links":{"self":[{"href":"https:\/\/agora.xtec.cat\/ceip-santfrancesc-sjd\/wp-json\/wp\/v2\/pages\/3357","targetHints":{"allow":["GET"]}}],"collection":[{"href":"https:\/\/agora.xtec.cat\/ceip-santfrancesc-sjd\/wp-json\/wp\/v2\/pages"}],"about":[{"href":"https:\/\/agora.xtec.cat\/ceip-santfrancesc-sjd\/wp-json\/wp\/v2\/types\/page"}],"author":[{"embeddable":true,"href":"https:\/\/agora.xtec.cat\/ceip-santfrancesc-sjd\/wp-json\/wp\/v2\/users\/1"}],"replies":[{"embeddable":true,"href":"https:\/\/agora.xtec.cat\/ceip-santfrancesc-sjd\/wp-json\/wp\/v2\/comments?post=3357"}],"version-history":[{"count":4,"href":"https:\/\/agora.xtec.cat\/ceip-santfrancesc-sjd\/wp-json\/wp\/v2\/pages\/3357\/revisions"}],"predecessor-version":[{"id":3652,"href":"https:\/\/agora.xtec.cat\/ceip-santfrancesc-sjd\/wp-json\/wp\/v2\/pages\/3357\/revisions\/3652"}],"up":[{"embeddable":true,"href":"https:\/\/agora.xtec.cat\/ceip-santfrancesc-sjd\/wp-json\/wp\/v2\/pages\/87"}],"wp:attachment":[{"href":"https:\/\/agora.xtec.cat\/ceip-santfrancesc-sjd\/wp-json\/wp\/v2\/media?parent=3357"}],"curies":[{"name":"wp","href":"https:\/\/api.w.org\/{rel}","templated":true}]}}