{"id":3004,"date":"2021-11-04T15:36:45","date_gmt":"2021-11-04T14:36:45","guid":{"rendered":"https:\/\/agora.xtec.cat\/ceip-santfrancesc-sjd\/?page_id=3004"},"modified":"2025-01-16T16:37:10","modified_gmt":"2025-01-16T15:37:10","slug":"araart","status":"publish","type":"page","link":"https:\/\/agora.xtec.cat\/ceip-santfrancesc-sjd\/nivells\/araart\/","title":{"rendered":"ExpressART"},"content":{"rendered":"<p style=\"text-align: justify;\"><a href=\"https:\/\/xtec.gencat.cat\/ca\/innovacio\/programes_innovacio\/educacio-infantil-i-primaria\/araART\/\"><strong>ExpressART<\/strong><\/a> \u00e9s un <strong>Projecte d&#8217;Innovaci\u00f3 Pedag\u00f2gica<\/strong> reconegut pel Departament d&#8217;Educaci\u00f3 de la Generalitat de Catalunya.<\/p>\n<p style=\"text-align: justify;\">El <strong><a href=\"https:\/\/agora.xtec.cat\/ceip-santfrancesc-sjd\/wp-content\/uploads\/usu548\/2022\/06\/Projecte-AraART.pdf\">Projecte ExpressART<\/a> <\/strong>promou el<strong> talent art\u00edstic<\/strong> de l&#8217;alumnat i contribueix a <strong>estructurar el pensament <\/strong>a trav\u00e9s de les<strong> diferents emocions <\/strong>i<strong> sentiments <\/strong>que la <strong>m\u00fasica<\/strong> i la<strong> dansa generen<\/strong>.<\/p>\n<p style=\"text-align: justify;\">La M\u00fasica i la Dansa a l&#8217;escola s\u00f3n elements curriculars que <strong>reforcen la mem\u00f2ria visual<\/strong>, <strong>auditiva<\/strong> i <strong>gestual<\/strong> i la <strong>concentraci\u00f3 i l&#8217;atenci\u00f3<\/strong>, contribuint aix\u00ed a estructurar el pensament de l&#8217;alumnat.<\/p>\n<p style=\"text-align: justify;\">Es porta a terme amb l&#8217;alumnat de 1r de Prim\u00e0ria i de 3r de Prim\u00e0ria.<\/p>\n<p style=\"text-align: justify;\">A <strong>1r i 2n de Prim\u00e0ria<\/strong> els\/les alumnes realitzen una sessi\u00f3 setmanal en mig grup de <strong>VIOL\u00cd amb el M\u00e8tode Suzuki<\/strong> (s&#8217;apr\u00e8n a tocar el viol\u00ed d&#8217;o\u00efda, de la mateixa manera que s&#8217;adquireix la llengua materna, sense necessitat de con\u00e8ixer el llenguatge musical) amb l&#8217;especialista de M\u00fasica de l&#8217;escola.<\/p>\n<p style=\"text-align: justify;\">A <strong>3r de Prim\u00e0ria<\/strong> els\/les alumnes realitzen una sessi\u00f3 setmanal en mig grup de <strong>DANSA CONTEMPOR\u00c0NIA<\/strong> (basada en la recerca d&#8217;un moviment personal que intenti expressar all\u00f2 m\u00e9s profund de l&#8217;\u00e9sser hum\u00e0) amb una mestra professional de dansa contempor\u00e0nia.<\/p>\n<h5><strong>OBJECTIUS DEL PROJECTE ExpressART<\/strong><\/h5>\n<ul style=\"list-style-type: disc;\">\n<li style=\"text-align: justify;\">Potenciar les arts per millorar les capacitats i les compet\u00e8ncies b\u00e0siques de l&#8217;alumnat.<\/li>\n<li style=\"text-align: justify;\">Contribuir a estructurar el seu pensament a trav\u00e9s de la m\u00fasica i la dansa.<\/li>\n<li style=\"text-align: justify;\">Generar situacions d&#8217;aprenentatge vinculades a la m\u00fasica i la dansa que afavoreixin el desenvolupament del talent art\u00edstic de l&#8217;alumnat, atenent la diversitat i fomentant la inclusi\u00f3.<\/li>\n<li style=\"text-align: justify;\">Fomentar el gust per la dansa i la m\u00fasica entre l&#8217;alumnat.<\/li>\n<li style=\"text-align: justify;\">Generar oportunitats per detectar i promoure el talent en l&#8217;\u00e0mbit de l&#8217;escola.<\/li>\n<\/ul>\n<p><strong><a href=\"https:\/\/www.google.com\/maps\/d\/u\/0\/viewer?mid=1NJU-HV3UOjbyQ6D0fN_QpwV6I0YGZvs&amp;ll=41.627926912270866%2C1.5095010963901956&amp;z=8\">Centres AraART de Catalunya<\/a><\/strong><\/p>\n<p><a href=\"https:\/\/agora.xtec.cat\/ceip-santfrancesc-sjd\/wp-content\/uploads\/usu548\/2021\/11\/Violi.png\"><img loading=\"lazy\" decoding=\"async\" class=\"alignnone size-full wp-image-3007\" src=\"https:\/\/agora.xtec.cat\/ceip-santfrancesc-sjd\/wp-content\/uploads\/usu548\/2021\/11\/Violi.png\" alt=\"\" width=\"380\" height=\"650\" srcset=\"https:\/\/agora.xtec.cat\/ceip-santfrancesc-sjd\/wp-content\/uploads\/usu548\/2021\/11\/Violi.png 380w, https:\/\/agora.xtec.cat\/ceip-santfrancesc-sjd\/wp-content\/uploads\/usu548\/2021\/11\/Violi-175x300.png 175w\" sizes=\"auto, (max-width: 380px) 100vw, 380px\" \/><\/a><a href=\"https:\/\/agora.xtec.cat\/ceip-santfrancesc-sjd\/wp-content\/uploads\/usu548\/2021\/11\/Dansa-Contemporania.png\"><img loading=\"lazy\" decoding=\"async\" class=\"alignnone wp-image-3009\" src=\"https:\/\/agora.xtec.cat\/ceip-santfrancesc-sjd\/wp-content\/uploads\/usu548\/2021\/11\/Dansa-Contemporania.png\" alt=\"\" width=\"279\" height=\"649\" srcset=\"https:\/\/agora.xtec.cat\/ceip-santfrancesc-sjd\/wp-content\/uploads\/usu548\/2021\/11\/Dansa-Contemporania.png 265w, https:\/\/agora.xtec.cat\/ceip-santfrancesc-sjd\/wp-content\/uploads\/usu548\/2021\/11\/Dansa-Contemporania-129x300.png 129w\" sizes=\"auto, (max-width: 279px) 100vw, 279px\" \/><\/a><\/p>\n","protected":false},"excerpt":{"rendered":"<p><a href=\"https:\/\/xtec.gencat.cat\/ca\/innovacio\/programes_innovacio\/educacio-infantil-i-primaria\/araART\/\">ExpressART<\/a> \u00e9s un Projecte d&#8217;Innovaci\u00f3 Pedag\u00f2gica reconegut pel Departament d&#8217;Educaci\u00f3 de la Generalitat de Catalunya.<br \/>\nEl <a href=\"https:\/\/agora.xtec.cat\/ceip-santfrancesc-sjd\/wp-content\/uploads\/usu548\/2022\/06\/Projecte-AraART.pdf\">Projecte ExpressART<\/a> promou el talent art\u00edstic de l&#8217;alumnat i contribueix a estructurar el pensament a trav\u00e9s de les diferents emocions i sentiments que la m\u00fasica i la dansa&hellip;  <a href=\"https:\/\/agora.xtec.cat\/ceip-santfrancesc-sjd\/nivells\/araart\/\" title=\"Read ExpressART\">Llegeix m\u00e9s\u00bb<\/a><\/p>\n","protected":false},"author":1,"featured_media":0,"parent":87,"menu_order":9,"comment_status":"closed","ping_status":"closed","template":"page-templates\/side-menu.php","meta":{"_bbp_topic_count":0,"_bbp_reply_count":0,"_bbp_total_topic_count":0,"_bbp_total_reply_count":0,"_bbp_voice_count":0,"_bbp_anonymous_reply_count":0,"_bbp_topic_count_hidden":0,"_bbp_reply_count_hidden":0,"_bbp_forum_subforum_count":0,"footnotes":""},"class_list":["post-3004","page","type-page","status-publish","hentry"],"post_mailing_queue_ids":[],"_links":{"self":[{"href":"https:\/\/agora.xtec.cat\/ceip-santfrancesc-sjd\/wp-json\/wp\/v2\/pages\/3004","targetHints":{"allow":["GET"]}}],"collection":[{"href":"https:\/\/agora.xtec.cat\/ceip-santfrancesc-sjd\/wp-json\/wp\/v2\/pages"}],"about":[{"href":"https:\/\/agora.xtec.cat\/ceip-santfrancesc-sjd\/wp-json\/wp\/v2\/types\/page"}],"author":[{"embeddable":true,"href":"https:\/\/agora.xtec.cat\/ceip-santfrancesc-sjd\/wp-json\/wp\/v2\/users\/1"}],"replies":[{"embeddable":true,"href":"https:\/\/agora.xtec.cat\/ceip-santfrancesc-sjd\/wp-json\/wp\/v2\/comments?post=3004"}],"version-history":[{"count":6,"href":"https:\/\/agora.xtec.cat\/ceip-santfrancesc-sjd\/wp-json\/wp\/v2\/pages\/3004\/revisions"}],"predecessor-version":[{"id":3925,"href":"https:\/\/agora.xtec.cat\/ceip-santfrancesc-sjd\/wp-json\/wp\/v2\/pages\/3004\/revisions\/3925"}],"up":[{"embeddable":true,"href":"https:\/\/agora.xtec.cat\/ceip-santfrancesc-sjd\/wp-json\/wp\/v2\/pages\/87"}],"wp:attachment":[{"href":"https:\/\/agora.xtec.cat\/ceip-santfrancesc-sjd\/wp-json\/wp\/v2\/media?parent=3004"}],"curies":[{"name":"wp","href":"https:\/\/api.w.org\/{rel}","templated":true}]}}