{"id":28,"date":"2014-09-18T12:29:35","date_gmt":"2014-09-18T12:29:35","guid":{"rendered":"http:\/\/agora.xtec.cat\/ceip-santfrancesc-sjd\/?page_id=28"},"modified":"2025-11-17T16:29:21","modified_gmt":"2025-11-17T15:29:21","slug":"consell-escolar","status":"publish","type":"page","link":"https:\/\/agora.xtec.cat\/ceip-santfrancesc-sjd\/lescola\/consell-escolar\/","title":{"rendered":"Consell escolar"},"content":{"rendered":"<p style=\"text-align: left;\">El consell escolar \u00e9s l&#8217;\u00f2rgan de participaci\u00f3 dels diferents sectors de la comunitat educativa. D&#8217;acord amb la darrera acta, el nostre consell escolar est\u00e0 constitu\u00eft de la seg\u00fcent manera:<\/p>\n<p><a href=\"https:\/\/agora.xtec.cat\/ceip-santfrancesc-sjd\/wp-content\/uploads\/usu548\/2024\/02\/Composicio-Consell-Escolar-1.jpg\"><img loading=\"lazy\" decoding=\"async\" class=\"alignnone size-full wp-image-3818\" src=\"https:\/\/agora.xtec.cat\/ceip-santfrancesc-sjd\/wp-content\/uploads\/usu548\/2024\/02\/Composicio-Consell-Escolar-1.jpg\" alt=\"\" width=\"474\" height=\"457\" srcset=\"https:\/\/agora.xtec.cat\/ceip-santfrancesc-sjd\/wp-content\/uploads\/usu548\/2024\/02\/Composicio-Consell-Escolar-1.jpg 474w, https:\/\/agora.xtec.cat\/ceip-santfrancesc-sjd\/wp-content\/uploads\/usu548\/2024\/02\/Composicio-Consell-Escolar-1-300x289.jpg 300w\" sizes=\"auto, (max-width: 474px) 100vw, 474px\" \/><\/a><\/p>\n<p style=\"text-align: left;\">Al consell escolar funcionen les seg\u00fcents comissions de treball:<\/p>\n<p style=\"text-align: left;\"><a href=\"https:\/\/agora.xtec.cat\/ceip-santfrancesc-sjd\/wp-content\/uploads\/usu548\/2024\/02\/Composicio-Comissions-Consell-Escolar.jpg\"><img loading=\"lazy\" decoding=\"async\" class=\"alignnone size-full wp-image-3832\" src=\"https:\/\/agora.xtec.cat\/ceip-santfrancesc-sjd\/wp-content\/uploads\/usu548\/2024\/02\/Composicio-Comissions-Consell-Escolar.jpg\" alt=\"\" width=\"584\" height=\"799\" srcset=\"https:\/\/agora.xtec.cat\/ceip-santfrancesc-sjd\/wp-content\/uploads\/usu548\/2024\/02\/Composicio-Comissions-Consell-Escolar.jpg 584w, https:\/\/agora.xtec.cat\/ceip-santfrancesc-sjd\/wp-content\/uploads\/usu548\/2024\/02\/Composicio-Comissions-Consell-Escolar-219x300.jpg 219w\" sizes=\"auto, (max-width: 584px) 100vw, 584px\" \/><\/a><\/p>\n<p><span style=\"text-decoration: underline;\">Documentaci\u00f3 econ\u00f2mica:<\/span><\/p>\n<ul>\n<li style=\"list-style-type: none;\">\n<ul>\n<li><a href=\"https:\/\/agora.xtec.cat\/ceip-santfrancesc-sjd\/wp-content\/uploads\/usu548\/2025\/11\/Pressupost_2025.pdf\">Pressupost 2025<\/a><\/li>\n<li><a href=\"https:\/\/agora.xtec.cat\/ceip-santfrancesc-sjd\/wp-content\/uploads\/usu548\/2024\/04\/PRESSUPOST-2024-esfera.pdf\">Pressupost 2024<\/a><\/li>\n<li><a href=\"https:\/\/agora.xtec.cat\/ceip-santfrancesc-sjd\/wp-content\/uploads\/usu548\/2023\/04\/PRESSUPOST-2023-esfera.pdf\">Pressupost 2023<\/a><\/li>\n<li><a href=\"https:\/\/agora.xtec.cat\/ceip-santfrancesc-sjd\/wp-content\/uploads\/usu548\/2025\/11\/Liquidacio-del-pressupost_2024.pdf\">Liquidaci\u00f3 Pressupost 2024<\/a><\/li>\n<li><a href=\"https:\/\/agora.xtec.cat\/ceip-santfrancesc-sjd\/wp-content\/uploads\/usu548\/2024\/04\/Liquidacio-del-pressupost-24.pdf\">Liquidaci\u00f3 Pressupost 2023<\/a><\/li>\n<li><a href=\"https:\/\/agora.xtec.cat\/ceip-santfrancesc-sjd\/wp-content\/uploads\/usu548\/2023\/04\/Liquidacio-del-pressupost-2022-1.pdf\">Liquidaci\u00f3 Pressupost 2022<\/a><\/li>\n<\/ul>\n<\/li>\n<\/ul>\n<p><span style=\"text-decoration: underline;\">Actes Consell Escolar:<\/span><\/p>\n<ul>\n<li><a href=\"https:\/\/agora.xtec.cat\/ceip-santfrancesc-sjd\/wp-content\/uploads\/usu548\/2025\/11\/Acta-Consell-Escolar-26-05-2025.pdf\">ACTA Consell Escolar 26-05-2025<\/a><\/li>\n<li><a href=\"https:\/\/agora.xtec.cat\/ceip-santfrancesc-sjd\/wp-content\/uploads\/usu548\/2025\/11\/Acta-Consell-Escolar-26-03-2025.pdf\">ACTA Consell Escolar 26-03-2025<\/a><\/li>\n<li><a href=\"https:\/\/agora.xtec.cat\/ceip-santfrancesc-sjd\/wp-content\/uploads\/usu548\/2025\/11\/ACTA-Consell-Esoolar-11-02-2025.pdf\">ACTA Consell Escolar 11-02-2025<\/a><\/li>\n<li><a href=\"https:\/\/agora.xtec.cat\/ceip-santfrancesc-sjd\/wp-content\/uploads\/usu548\/2025\/11\/Acta-Consell-Escolar-23-10-2024.pdf\">ACTA Consell Escolar 23-10-2024<\/a><\/li>\n<li><a href=\"https:\/\/agora.xtec.cat\/ceip-santfrancesc-sjd\/wp-content\/uploads\/usu548\/2025\/11\/ACTA-Consell-Escolar-14-12-2023.pdf\">ACTA Consell Escolar 14-12-2023<\/a><\/li>\n<li><a href=\"https:\/\/agora.xtec.cat\/ceip-santfrancesc-sjd\/wp-content\/uploads\/usu548\/2023\/12\/ACTA-Consell-Escolar_26-10-2023.pdf\">ACTA Consell Escolar 26-10-2023<\/a><\/li>\n<li><a href=\"https:\/\/agora.xtec.cat\/ceip-santfrancesc-sjd\/wp-content\/uploads\/usu548\/2023\/12\/ACTA-Consell-Esoolar-22-02-23.pdf\">ACTA Consell Escolar 22-02-2023<\/a><\/li>\n<li><a href=\"https:\/\/agora.xtec.cat\/ceip-santfrancesc-sjd\/wp-content\/uploads\/usu548\/2023\/04\/ACTA-Consell-Escolar-27-10-22.pdf\">ACTA Consell Escolar 27-10-2022<\/a><\/li>\n<\/ul>\n","protected":false},"excerpt":{"rendered":"<p>El consell escolar \u00e9s l&#8217;\u00f2rgan de participaci\u00f3 dels diferents sectors de la comunitat educativa. D&#8217;acord amb la darrera acta, el nostre consell escolar est\u00e0 constitu\u00eft de la seg\u00fcent manera:<br \/>\n<a href=\"https:\/\/agora.xtec.cat\/ceip-santfrancesc-sjd\/wp-content\/uploads\/usu548\/2024\/02\/Composicio-Consell-Escolar-1.jpg\"><\/a><br \/>\nAl consell escolar funcionen les seg\u00fcents comissions de treball:<br \/>\n<a href=\"https:\/\/agora.xtec.cat\/ceip-santfrancesc-sjd\/wp-content\/uploads\/usu548\/2024\/02\/Composicio-Comissions-Consell-Escolar.jpg\"><\/a><br \/>\nDocumentaci\u00f3 econ\u00f2mica:<\/p>\n<ul>\n<li style=\"list-style-type: none;\">\n<ul>\n<li><a href=\"https:\/\/agora.xtec.cat\/ceip-santfrancesc-sjd\/wp-content\/uploads\/usu548\/2025\/11\/Pressupost_2025.pdf\">Pressupost 2025<\/a><\/li>\n<li><a href=\"https:\/\/agora.xtec.cat\/ceip-santfrancesc-sjd\/wp-content\/uploads\/usu548\/2024\/04\/PRESSUPOST-2024-esfera.pdf\">Pressupost&hellip;  <a href=\"https:\/\/agora.xtec.cat\/ceip-santfrancesc-sjd\/lescola\/consell-escolar\/\" title=\"Read Consell escolar\">Llegeix m\u00e9s\u00bb<\/a><br \/>\n","protected":false},"author":2,"featured_media":0,"parent":22,"menu_order":30,"comment_status":"closed","ping_status":"closed","template":"page-templates\/side-menu.php","meta":{"_bbp_topic_count":0,"_bbp_reply_count":0,"_bbp_total_topic_count":0,"_bbp_total_reply_count":0,"_bbp_voice_count":0,"_bbp_anonymous_reply_count":0,"_bbp_topic_count_hidden":0,"_bbp_reply_count_hidden":0,"_bbp_forum_subforum_count":0,"footnotes":""},"class_list":["post-28","page","type-page","status-publish","hentry"],"post_mailing_queue_ids":[],"_links":{"self":[{"href":"https:\/\/agora.xtec.cat\/ceip-santfrancesc-sjd\/wp-json\/wp\/v2\/pages\/28","targetHints":{"allow":["GET"]}}],"collection":[{"href":"https:\/\/agora.xtec.cat\/ceip-santfrancesc-sjd\/wp-json\/wp\/v2\/pages"}],"about":[{"href":"https:\/\/agora.xtec.cat\/ceip-santfrancesc-sjd\/wp-json\/wp\/v2\/types\/page"}],"author":[{"embeddable":true,"href":"https:\/\/agora.xtec.cat\/ceip-santfrancesc-sjd\/wp-json\/wp\/v2\/users\/2"}],"replies":[{"embeddable":true,"href":"https:\/\/agora.xtec.cat\/ceip-santfrancesc-sjd\/wp-json\/wp\/v2\/comments?post=28"}],"version-history":[{"count":6,"href":"https:\/\/agora.xtec.cat\/ceip-santfrancesc-sjd\/wp-json\/wp\/v2\/pages\/28\/revisions"}],"predecessor-version":[{"id":4031,"href":"https:\/\/agora.xtec.cat\/ceip-santfrancesc-sjd\/wp-json\/wp\/v2\/pages\/28\/revisions\/4031"}],"up":[{"embeddable":true,"href":"https:\/\/agora.xtec.cat\/ceip-santfrancesc-sjd\/wp-json\/wp\/v2\/pages\/22"}],"wp:attachment":[{"href":"https:\/\/agora.xtec.cat\/ceip-santfrancesc-sjd\/wp-json\/wp\/v2\/media?parent=28"}],"curies":[{"name":"wp","href":"https:\/\/api.w.org\/{rel}","templated":true}]}}