{"id":26,"date":"2014-09-18T12:24:32","date_gmt":"2014-09-18T12:24:32","guid":{"rendered":"http:\/\/agora.xtec.cat\/ceip-santfrancesc-sjd\/?page_id=26"},"modified":"2023-02-06T11:26:24","modified_gmt":"2023-02-06T10:26:24","slug":"historia","status":"publish","type":"page","link":"https:\/\/agora.xtec.cat\/ceip-santfrancesc-sjd\/lescola\/historia\/","title":{"rendered":"Hist\u00f2ria"},"content":{"rendered":"<p>L&#8217; escola Sant Francesc d&#8217;Ass\u00eds va comen\u00e7ar la seva activitat amb aquest nom el 2 d&#8217;octubre de 1.970.<\/p>\n<p>El nom li ve d&#8217;una vella tradici\u00f3 de Sant Joan Desp\u00ed que afirma que Francesc d&#8217;Ass\u00eds va passar una nit a la masia de Can Codina.<\/p>\n<p>El nou col\u00b7legi va substituir la vella Escola Graduada Mixta &#8220;CASAS LAPORTA&#8221;, que en aquells moments amena\u00e7ava ru\u00efna, que ocupava els terrenys on actualment est\u00e0 ubicada l&#8217;escola bressol &#8220;La Pomera&#8221;.<\/p>\n<p>Tots els professors, professores i alumnes de l&#8217;escola Casas Laporta van passar a ocupar les noves instal\u00b7lacions. La plantilla de professors es va doblar i va passar de 6 a 12 (6 aules de nois i 6 aules de noies), ja que en aquells moments els nens i les nenes havien d&#8217;estar separats per sexes. A l&#8217;any seg\u00fcent es va imposar en el centre la coeducaci\u00f3, malgrat les retic\u00e8ncies de les autoritats acad\u00e8miques de l&#8217;\u00e8poca. En aquells moments les aules tenien uns 35 alumnes per grup, tot i que s&#8217;havia multiplicat per dos el nombre d&#8217;aules i professors.<\/p>\n<p>El col\u00b7legi estava al costat de la riera d&#8217;en Nofre per on baixava l&#8217;aigua quan plovia i que ens a\u00efllava fins que es passava el temporal. Recordem encara la inundaci\u00f3 de l&#8217;escola a la tardor de 1971 que va inundar tots el baixos de l&#8217;escola en una al\u00e7ada important. M\u00e9s endavant es va construir un pont peatonal per poder passar la riera i no quedar a\u00efllats en cas de pluja.<\/p>\n<p>Amb el temps l&#8217;escola va anar creixent amb la ampliaci\u00f3 d&#8217;un m\u00f2dul amb quatre aules i posteriorment amb un altre amb quatre m\u00e9s. En total sumaven 20 aules de Parvulari i EGB. El col\u00b7legi en aquells moments de forta pressi\u00f3 demogr\u00e0fica va arribar a tenir una matr\u00edcula de m\u00e9s de 620 alumnes.<\/p>\n<p>Un d\u00e8ficit que l&#8217;escola va arrossegar durant molts anys va ser la falta d&#8217;un m\u00f2dul de serveis, for\u00e7a vegades reivindicat per l&#8217;associaci\u00f3 de pares i per l&#8217;equip de professors sense aconseguir la seva construcci\u00f3.<\/p>\n<p>L&#8217;any 1.995 el col\u00b7legi SANT FRANCESC D&#8217;ASS\u00cdS va fer el seu 25\u00e8 aniversari. Aquest fet es va celebrar per part de tots: professors, pares, alumnes, antics membres del claustre i de l&#8217;associaci\u00f3 de pares, exalumnes En aquest moment podem dir que l&#8217;escola comptava amb tots els serveis durant tant anys reivindicats: biblioteca, menjador, aules d&#8217;inform\u00e0tica i d&#8217;angl\u00e8s, aula de pl\u00e0stica i de naturals, aula de m\u00fasica i sala de psicomotricitat, sala d&#8217;actes i d&#8217;audiovisuals, sala de professors, nous despatxos &#8230;<\/p>\n<p>En aquells moments el centre era d\u2019una l\u00ednia.\u00a0Per\u00f2 l&#8217;escola va tornar a quedar-se petita i es van haver de fer obres de remodelaci\u00f3 i ampliaci\u00f3 per adequar-la a les necessitats actuals.<\/p>\n<p>Despr\u00e9s de passar tot un curs (2006-2007) als m\u00f2duls prefabricats al carrer Creu de Muntaner, cantonada carrer Major, vam iniciar el curs 2007-2008 al nou Sant Francesc d\u2019Ass\u00eds, ja reformat totalment i capa\u00e7 d\u2019oferir els serveis que necessita una escola de doble l\u00ednia.<\/p>\n<p>El curs 2010\/2011 vam celebrar el 40 aniversari de la nostra escola, aprofitant\u00a0 l&#8217;experi\u00e8ncia que ens proporcionen aquests anys d&#8217;escola\u00a0 a la vegada que introduim\u00a0 nous projectes i noves maneres de fer que contribueixin a que l&#8217;escola continui creixent i ho faci al ritme dels nous temps i de les noves exig\u00e8ncies.<\/p>\n<p>&#8230; i a partir d&#8217;aqu\u00ed CONTINUAR TREBALLANT FIDELS AL\u00a0LEMA DEL NOSTRE PROJECTE EDUCATIU:<\/p>\n<p style=\"text-align: center;\">&#8220;UNA ESCOLA DE TOTS I TOTES I PER A TOTS I TOTES&#8221;!!!<\/p>\n\r\n\t<div class=\"slideshow_container slideshow_container_style-light\" style=\"height: 500px; \" data-slideshow-id=\"3502\" data-style-name=\"style-light\" data-style-version=\"2.3.1\" >\r\n\r\n\t\t\t\t\t<div class=\"slideshow_loading_icon\"><\/div>\r\n\t\t\r\n\t\t<div class=\"slideshow_content\" style=\"display: none;\">\r\n\r\n\t\t\t<div class=\"slideshow_view\">\r\n\t\t\t\t<div class=\"slideshow_slide slideshow_slide_image\">\r\n\t\t\t\t\t\t\t\t\t\t\t<img src=\"https:\/\/agora.xtec.cat\/ceip-santfrancesc-sjd\/wp-content\/uploads\/usu548\/2023\/02\/IMG_9644-scaled.jpg\" alt=\"IMG_9644\" width=\"2560\" height=\"1920\" \/>\r\n\t\t\t\t\t\t\t\t\t\t<div class=\"slideshow_description_box slideshow_transparent\">\r\n\t\t\t\t\t\t\t\t\t\t\t\t\t\t\t\t\t<\/div>\r\n\t\t\t\t<\/div>\r\n\r\n\t\t\t\t\t\t<div style=\"clear: both;\"><\/div><\/div><div class=\"slideshow_view\">\r\n\t\t\t\t<div class=\"slideshow_slide slideshow_slide_image\">\r\n\t\t\t\t\t\t\t\t\t\t\t<img src=\"https:\/\/agora.xtec.cat\/ceip-santfrancesc-sjd\/wp-content\/uploads\/usu548\/2023\/02\/IMG_7222-scaled.jpg\" alt=\"IMG_7222\" width=\"2560\" height=\"1920\" \/>\r\n\t\t\t\t\t\t\t\t\t\t<div class=\"slideshow_description_box slideshow_transparent\">\r\n\t\t\t\t\t\t\t\t\t\t\t\t\t\t\t\t\t<\/div>\r\n\t\t\t\t<\/div>\r\n\r\n\t\t\t\t\t\t<div style=\"clear: both;\"><\/div><\/div><div class=\"slideshow_view\">\r\n\t\t\t\t<div class=\"slideshow_slide slideshow_slide_image\">\r\n\t\t\t\t\t\t\t\t\t\t\t<img src=\"https:\/\/agora.xtec.cat\/ceip-santfrancesc-sjd\/wp-content\/uploads\/usu548\/2023\/02\/IMG_7220-scaled.jpg\" alt=\"IMG_7220\" width=\"2560\" height=\"1920\" \/>\r\n\t\t\t\t\t\t\t\t\t\t<div class=\"slideshow_description_box slideshow_transparent\">\r\n\t\t\t\t\t\t\t\t\t\t\t\t\t\t\t\t\t<\/div>\r\n\t\t\t\t<\/div>\r\n\r\n\t\t\t\t\t\t<div style=\"clear: both;\"><\/div><\/div><div class=\"slideshow_view\">\r\n\t\t\t\t<div class=\"slideshow_slide slideshow_slide_image\">\r\n\t\t\t\t\t\t\t\t\t\t\t<img src=\"https:\/\/agora.xtec.cat\/ceip-santfrancesc-sjd\/wp-content\/uploads\/usu548\/2023\/02\/IMG_7217-scaled.jpg\" alt=\"IMG_7217\" width=\"2560\" height=\"1920\" \/>\r\n\t\t\t\t\t\t\t\t\t\t<div class=\"slideshow_description_box slideshow_transparent\">\r\n\t\t\t\t\t\t\t\t\t\t\t\t\t\t\t\t\t<\/div>\r\n\t\t\t\t<\/div>\r\n\r\n\t\t\t\t\t\t<div style=\"clear: both;\"><\/div><\/div><div class=\"slideshow_view\">\r\n\t\t\t\t<div class=\"slideshow_slide slideshow_slide_image\">\r\n\t\t\t\t\t\t\t\t\t\t\t<img src=\"https:\/\/agora.xtec.cat\/ceip-santfrancesc-sjd\/wp-content\/uploads\/usu548\/2023\/02\/IMG_7213-scaled.jpg\" alt=\"IMG_7213\" width=\"2560\" height=\"1920\" \/>\r\n\t\t\t\t\t\t\t\t\t\t<div class=\"slideshow_description_box slideshow_transparent\">\r\n\t\t\t\t\t\t\t\t\t\t\t\t\t\t\t\t\t<\/div>\r\n\t\t\t\t<\/div>\r\n\r\n\t\t\t\t\t\t<div style=\"clear: both;\"><\/div><\/div><div class=\"slideshow_view\">\r\n\t\t\t\t<div class=\"slideshow_slide slideshow_slide_image\">\r\n\t\t\t\t\t\t\t\t\t\t\t<img src=\"https:\/\/agora.xtec.cat\/ceip-santfrancesc-sjd\/wp-content\/uploads\/usu548\/2023\/02\/IMG_5639-scaled.jpg\" alt=\"IMG_5639\" width=\"2560\" height=\"1920\" \/>\r\n\t\t\t\t\t\t\t\t\t\t<div class=\"slideshow_description_box slideshow_transparent\">\r\n\t\t\t\t\t\t\t\t\t\t\t\t\t\t\t\t\t<\/div>\r\n\t\t\t\t<\/div>\r\n\r\n\t\t\t\t\t\t<div style=\"clear: both;\"><\/div><\/div><div class=\"slideshow_view\">\r\n\t\t\t\t<div class=\"slideshow_slide slideshow_slide_image\">\r\n\t\t\t\t\t\t\t\t\t\t\t<img src=\"https:\/\/agora.xtec.cat\/ceip-santfrancesc-sjd\/wp-content\/uploads\/usu548\/2023\/02\/IMG_5638-scaled.jpg\" alt=\"IMG_5638\" width=\"2560\" height=\"1920\" \/>\r\n\t\t\t\t\t\t\t\t\t\t<div class=\"slideshow_description_box slideshow_transparent\">\r\n\t\t\t\t\t\t\t\t\t\t\t\t\t\t\t\t\t<\/div>\r\n\t\t\t\t<\/div>\r\n\r\n\t\t\t\t\t\t<div style=\"clear: both;\"><\/div><\/div><div class=\"slideshow_view\">\r\n\t\t\t\t<div class=\"slideshow_slide slideshow_slide_image\">\r\n\t\t\t\t\t\t\t\t\t\t\t<img src=\"https:\/\/agora.xtec.cat\/ceip-santfrancesc-sjd\/wp-content\/uploads\/usu548\/2023\/02\/IMG_5213-scaled.jpg\" alt=\"IMG_5213\" width=\"2560\" height=\"1920\" \/>\r\n\t\t\t\t\t\t\t\t\t\t<div class=\"slideshow_description_box slideshow_transparent\">\r\n\t\t\t\t\t\t\t\t\t\t\t\t\t\t\t\t\t<\/div>\r\n\t\t\t\t<\/div>\r\n\r\n\t\t\t\t\t\t<div style=\"clear: both;\"><\/div><\/div><div class=\"slideshow_view\">\r\n\t\t\t\t<div class=\"slideshow_slide slideshow_slide_image\">\r\n\t\t\t\t\t\t\t\t\t\t\t<img src=\"https:\/\/agora.xtec.cat\/ceip-santfrancesc-sjd\/wp-content\/uploads\/usu548\/2023\/02\/IMG_5203-scaled.jpg\" alt=\"IMG_5203\" width=\"2560\" height=\"1920\" \/>\r\n\t\t\t\t\t\t\t\t\t\t<div class=\"slideshow_description_box slideshow_transparent\">\r\n\t\t\t\t\t\t\t\t\t\t\t\t\t\t\t\t\t<\/div>\r\n\t\t\t\t<\/div>\r\n\r\n\t\t\t\t\t\t<div style=\"clear: both;\"><\/div><\/div><div class=\"slideshow_view\">\r\n\t\t\t\t<div class=\"slideshow_slide slideshow_slide_image\">\r\n\t\t\t\t\t\t\t\t\t\t\t<img src=\"https:\/\/agora.xtec.cat\/ceip-santfrancesc-sjd\/wp-content\/uploads\/usu548\/2023\/02\/IMG_5181-scaled.jpg\" alt=\"IMG_5181\" width=\"2560\" height=\"1920\" \/>\r\n\t\t\t\t\t\t\t\t\t\t<div class=\"slideshow_description_box slideshow_transparent\">\r\n\t\t\t\t\t\t\t\t\t\t\t\t\t\t\t\t\t<\/div>\r\n\t\t\t\t<\/div>\r\n\r\n\t\t\t\t\t\t<div style=\"clear: both;\"><\/div><\/div><div class=\"slideshow_view\">\r\n\t\t\t\t<div class=\"slideshow_slide slideshow_slide_image\">\r\n\t\t\t\t\t\t\t\t\t\t\t<img src=\"https:\/\/agora.xtec.cat\/ceip-santfrancesc-sjd\/wp-content\/uploads\/usu548\/2023\/02\/IMG_5177-scaled.jpg\" alt=\"IMG_5177\" width=\"2560\" height=\"1920\" \/>\r\n\t\t\t\t\t\t\t\t\t\t<div class=\"slideshow_description_box slideshow_transparent\">\r\n\t\t\t\t\t\t\t\t\t\t\t\t\t\t\t\t\t<\/div>\r\n\t\t\t\t<\/div>\r\n\r\n\t\t\t\t\t\t<div style=\"clear: both;\"><\/div><\/div><div class=\"slideshow_view\">\r\n\t\t\t\t<div class=\"slideshow_slide slideshow_slide_image\">\r\n\t\t\t\t\t\t\t\t\t\t\t<img src=\"https:\/\/agora.xtec.cat\/ceip-santfrancesc-sjd\/wp-content\/uploads\/usu548\/2023\/02\/IMG_1232-scaled.jpg\" alt=\"IMG_1232\" width=\"2560\" height=\"1920\" \/>\r\n\t\t\t\t\t\t\t\t\t\t<div class=\"slideshow_description_box slideshow_transparent\">\r\n\t\t\t\t\t\t\t\t\t\t\t\t\t\t\t\t\t<\/div>\r\n\t\t\t\t<\/div>\r\n\r\n\t\t\t\t\t\t<div style=\"clear: both;\"><\/div><\/div><div class=\"slideshow_view\">\r\n\t\t\t\t<div class=\"slideshow_slide slideshow_slide_image\">\r\n\t\t\t\t\t\t\t\t\t\t\t<img src=\"https:\/\/agora.xtec.cat\/ceip-santfrancesc-sjd\/wp-content\/uploads\/usu548\/2023\/02\/IMG_1231-scaled.jpg\" alt=\"IMG_1231\" width=\"2560\" height=\"1920\" \/>\r\n\t\t\t\t\t\t\t\t\t\t<div class=\"slideshow_description_box slideshow_transparent\">\r\n\t\t\t\t\t\t\t\t\t\t\t\t\t\t\t\t\t<\/div>\r\n\t\t\t\t<\/div>\r\n\r\n\t\t\t\t\t\t<div style=\"clear: both;\"><\/div><\/div><div class=\"slideshow_view\">\r\n\t\t\t\t<div class=\"slideshow_slide slideshow_slide_image\">\r\n\t\t\t\t\t\t\t\t\t\t\t<img src=\"https:\/\/agora.xtec.cat\/ceip-santfrancesc-sjd\/wp-content\/uploads\/usu548\/2023\/02\/IMG_1224-scaled.jpg\" alt=\"IMG_1224\" width=\"2560\" height=\"1920\" \/>\r\n\t\t\t\t\t\t\t\t\t\t<div class=\"slideshow_description_box slideshow_transparent\">\r\n\t\t\t\t\t\t\t\t\t\t\t\t\t\t\t\t\t<\/div>\r\n\t\t\t\t<\/div>\r\n\r\n\t\t\t\t\t\t<div style=\"clear: both;\"><\/div><\/div><div class=\"slideshow_view\">\r\n\t\t\t\t<div class=\"slideshow_slide slideshow_slide_image\">\r\n\t\t\t\t\t\t\t\t\t\t\t<img src=\"https:\/\/agora.xtec.cat\/ceip-santfrancesc-sjd\/wp-content\/uploads\/usu548\/2023\/02\/escola-portada.jpg\" alt=\"escola portada\" width=\"300\" height=\"143\" \/>\r\n\t\t\t\t\t\t\t\t\t\t<div class=\"slideshow_description_box slideshow_transparent\">\r\n\t\t\t\t\t\t\t\t\t\t\t\t\t\t\t\t\t<\/div>\r\n\t\t\t\t<\/div>\r\n\r\n\t\t\t\t\t\t<div style=\"clear: both;\"><\/div><\/div>\r\n\t\t<\/div>\r\n\r\n\t\t<div class=\"slideshow_controlPanel slideshow_transparent\" style=\"display: none;\"><ul><li class=\"slideshow_togglePlay\" data-play-text=\"Visualitza\" data-pause-text=\"Pausa\"><\/li><\/ul><\/div>\r\n\r\n\t\t<div class=\"slideshow_button slideshow_previous slideshow_transparent\" role=\"button\" data-previous-text=\"Anterior\" style=\"display: none;\"><\/div>\r\n\t\t<div class=\"slideshow_button slideshow_next slideshow_transparent\" role=\"button\" data-next-text=\"Seg\u00fcent\" style=\"display: none;\"><\/div>\r\n\r\n\t\t<div class=\"slideshow_pagination\" style=\"display: none;\" data-go-to-text=\"V\u00e9s a la diapositiva\"><div class=\"slideshow_pagination_center\"><\/div><\/div>\r\n\r\n\t\t<!-- WordPress Slideshow Version 2.3.1 -->\r\n\r\n\t\t\t<\/div>\r\n\r\n\n","protected":false},"excerpt":{"rendered":"<p>L&#8217; escola Sant Francesc d&#8217;Ass\u00eds va comen\u00e7ar la seva activitat amb aquest nom el 2 d&#8217;octubre de 1.970.<br \/>\nEl nom li ve d&#8217;una vella tradici\u00f3 de Sant Joan Desp\u00ed que afirma que Francesc d&#8217;Ass\u00eds va passar una nit a la masia de Can Codina.<br \/>\nEl nou col\u00b7legi&hellip;  <a href=\"https:\/\/agora.xtec.cat\/ceip-santfrancesc-sjd\/lescola\/historia\/\" title=\"Read Hist\u00f2ria\">Llegeix m\u00e9s\u00bb<\/a><\/p>\n","protected":false},"author":2,"featured_media":0,"parent":22,"menu_order":3,"comment_status":"closed","ping_status":"closed","template":"page-templates\/side-menu.php","meta":{"_bbp_topic_count":0,"_bbp_reply_count":0,"_bbp_total_topic_count":0,"_bbp_total_reply_count":0,"_bbp_voice_count":0,"_bbp_anonymous_reply_count":0,"_bbp_topic_count_hidden":0,"_bbp_reply_count_hidden":0,"_bbp_forum_subforum_count":0,"footnotes":""},"class_list":["post-26","page","type-page","status-publish","hentry"],"post_mailing_queue_ids":[],"_links":{"self":[{"href":"https:\/\/agora.xtec.cat\/ceip-santfrancesc-sjd\/wp-json\/wp\/v2\/pages\/26","targetHints":{"allow":["GET"]}}],"collection":[{"href":"https:\/\/agora.xtec.cat\/ceip-santfrancesc-sjd\/wp-json\/wp\/v2\/pages"}],"about":[{"href":"https:\/\/agora.xtec.cat\/ceip-santfrancesc-sjd\/wp-json\/wp\/v2\/types\/page"}],"author":[{"embeddable":true,"href":"https:\/\/agora.xtec.cat\/ceip-santfrancesc-sjd\/wp-json\/wp\/v2\/users\/2"}],"replies":[{"embeddable":true,"href":"https:\/\/agora.xtec.cat\/ceip-santfrancesc-sjd\/wp-json\/wp\/v2\/comments?post=26"}],"version-history":[{"count":3,"href":"https:\/\/agora.xtec.cat\/ceip-santfrancesc-sjd\/wp-json\/wp\/v2\/pages\/26\/revisions"}],"predecessor-version":[{"id":3518,"href":"https:\/\/agora.xtec.cat\/ceip-santfrancesc-sjd\/wp-json\/wp\/v2\/pages\/26\/revisions\/3518"}],"up":[{"embeddable":true,"href":"https:\/\/agora.xtec.cat\/ceip-santfrancesc-sjd\/wp-json\/wp\/v2\/pages\/22"}],"wp:attachment":[{"href":"https:\/\/agora.xtec.cat\/ceip-santfrancesc-sjd\/wp-json\/wp\/v2\/media?parent=26"}],"curies":[{"name":"wp","href":"https:\/\/api.w.org\/{rel}","templated":true}]}}