{"id":2030,"date":"2018-11-15T12:30:07","date_gmt":"2018-11-15T11:30:07","guid":{"rendered":"http:\/\/agora.xtec.cat\/ceip-santfrancesc-sjd\/?page_id=2030"},"modified":"2023-02-02T11:59:18","modified_gmt":"2023-02-02T10:59:18","slug":"aula-magica-siei","status":"publish","type":"page","link":"https:\/\/agora.xtec.cat\/ceip-santfrancesc-sjd\/serveis\/aula-magica-siei\/","title":{"rendered":"Aula M\u00e0gica (SIEI)"},"content":{"rendered":"<p><a href=\"https:\/\/agora.xtec.cat\/ceip-santfrancesc-sjd\/wp-content\/uploads\/usu548\/2018\/11\/Aula-M\u00e0gica-1.jpg\"><img loading=\"lazy\" decoding=\"async\" class=\"wp-image-2034 alignleft\" src=\"https:\/\/agora.xtec.cat\/ceip-santfrancesc-sjd\/wp-content\/uploads\/usu548\/2018\/11\/Aula-M\u00e0gica-1-545x1024.jpg\" alt=\"\" width=\"214\" height=\"402\" srcset=\"https:\/\/agora.xtec.cat\/ceip-santfrancesc-sjd\/wp-content\/uploads\/usu548\/2018\/11\/Aula-M\u00e0gica-1-545x1024.jpg 545w, https:\/\/agora.xtec.cat\/ceip-santfrancesc-sjd\/wp-content\/uploads\/usu548\/2018\/11\/Aula-M\u00e0gica-1-160x300.jpg 160w, https:\/\/agora.xtec.cat\/ceip-santfrancesc-sjd\/wp-content\/uploads\/usu548\/2018\/11\/Aula-M\u00e0gica-1-768x1444.jpg 768w, https:\/\/agora.xtec.cat\/ceip-santfrancesc-sjd\/wp-content\/uploads\/usu548\/2018\/11\/Aula-M\u00e0gica-1.jpg 1704w\" sizes=\"auto, (max-width: 214px) 100vw, 214px\" \/><\/a><\/p>\n<p style=\"text-align: justify;\">L&#8217;escola compta amb la dotaci\u00f3 d&#8217;un <strong>Suport Intensiu per a l&#8217; Escolaritzaci\u00f3 Inclusiva<\/strong> (SIEI), que nosaltres anomenem <strong>Aula M\u00e0gica<\/strong>.<\/p>\n<p style=\"text-align: justify;\">El SIEI \u00e9s un recurs intensiu per a la inclusi\u00f3 de l&#8217;alumnat amb Necessitats Educatives Especials derivades de limitacions molt significatives, tant en el funcionament intel\u00b7lectual com en la conducta adaptativa, que requereixen al llarg de tota l\u2019escolaritat de mesures i suports intensius per millorar la capacitat de relaci\u00f3, participaci\u00f3 i aprenentatge dels nens i nenes. Aquest suport se suma als suports universals i addicionals del centre.<\/p>\n<p style=\"text-align: justify;\">El SIEI aporta una dotaci\u00f3 extraordin\u00e0ria de professionals (una mestra d&#8217;Educaci\u00f3 Especial i una Educadora) a l&#8217;escola amb l&#8217;objectiu de facilitar l&#8217;atenci\u00f3 educativa i promoure la major participaci\u00f3 d&#8217;aquest alumnat.<\/p>\n<p style=\"text-align: justify;\">Aquestes unitats atenen un m\u00e0xim de 10 alumnes.<\/p>\n<p style=\"text-align: justify;\">\u00c9s un requisit que l&#8217;alumnat proposat al SIEI tinguin reconegut Informe de l&#8217;EAP amb la previsi\u00f3 de suports i proposta d\u2019escolaritzaci\u00f3 per a alumnes amb Necessitats Educatives Especials (on s&#8217;especifiqui en la proposta el SIEI).<\/p>\n<p>&nbsp;<\/p>\n<p><a href=\"https:\/\/agora.xtec.cat\/ceip-santfrancesc-sjd\/wp-content\/uploads\/usu548\/2018\/11\/Aula-M\u00e0gica-2.jpg\"><img loading=\"lazy\" decoding=\"async\" class=\"wp-image-2035 alignleft\" src=\"https:\/\/agora.xtec.cat\/ceip-santfrancesc-sjd\/wp-content\/uploads\/usu548\/2018\/11\/Aula-M\u00e0gica-2-1024x768.jpg\" alt=\"\" width=\"397\" height=\"298\" srcset=\"https:\/\/agora.xtec.cat\/ceip-santfrancesc-sjd\/wp-content\/uploads\/usu548\/2018\/11\/Aula-M\u00e0gica-2-1024x768.jpg 1024w, https:\/\/agora.xtec.cat\/ceip-santfrancesc-sjd\/wp-content\/uploads\/usu548\/2018\/11\/Aula-M\u00e0gica-2-300x225.jpg 300w, https:\/\/agora.xtec.cat\/ceip-santfrancesc-sjd\/wp-content\/uploads\/usu548\/2018\/11\/Aula-M\u00e0gica-2-768x576.jpg 768w, https:\/\/agora.xtec.cat\/ceip-santfrancesc-sjd\/wp-content\/uploads\/usu548\/2018\/11\/Aula-M\u00e0gica-2-200x150.jpg 200w\" sizes=\"auto, (max-width: 397px) 100vw, 397px\" \/><\/a><\/p>\n<p><a href=\"https:\/\/agora.xtec.cat\/ceip-santfrancesc-sjd\/wp-content\/uploads\/usu548\/2018\/11\/Aula-M\u00e0gica-3.jpg\"><img loading=\"lazy\" decoding=\"async\" class=\"wp-image-2036 alignleft\" src=\"https:\/\/agora.xtec.cat\/ceip-santfrancesc-sjd\/wp-content\/uploads\/usu548\/2018\/11\/Aula-M\u00e0gica-3-1024x768.jpg\" alt=\"\" width=\"395\" height=\"297\" srcset=\"https:\/\/agora.xtec.cat\/ceip-santfrancesc-sjd\/wp-content\/uploads\/usu548\/2018\/11\/Aula-M\u00e0gica-3-1024x768.jpg 1024w, https:\/\/agora.xtec.cat\/ceip-santfrancesc-sjd\/wp-content\/uploads\/usu548\/2018\/11\/Aula-M\u00e0gica-3-300x225.jpg 300w, https:\/\/agora.xtec.cat\/ceip-santfrancesc-sjd\/wp-content\/uploads\/usu548\/2018\/11\/Aula-M\u00e0gica-3-768x576.jpg 768w, https:\/\/agora.xtec.cat\/ceip-santfrancesc-sjd\/wp-content\/uploads\/usu548\/2018\/11\/Aula-M\u00e0gica-3-200x150.jpg 200w\" sizes=\"auto, (max-width: 395px) 100vw, 395px\" \/><\/a><\/p>\n<p>&nbsp;<\/p>\n<p>&nbsp;<\/p>\n<p>&nbsp;<\/p>\n<p>&nbsp;<\/p>\n<p>&nbsp;<\/p>\n<p>&nbsp;<\/p>\n<p>&nbsp;<\/p>\n<p><a href=\"https:\/\/agora.xtec.cat\/ceip-santfrancesc-sjd\/wp-content\/uploads\/usu548\/2018\/11\/Aula-M\u00e0gica-4.jpg\"><img loading=\"lazy\" decoding=\"async\" class=\"wp-image-2037 aligncenter\" src=\"https:\/\/agora.xtec.cat\/ceip-santfrancesc-sjd\/wp-content\/uploads\/usu548\/2018\/11\/Aula-M\u00e0gica-4-1024x768.jpg\" alt=\"\" width=\"397\" height=\"298\" srcset=\"https:\/\/agora.xtec.cat\/ceip-santfrancesc-sjd\/wp-content\/uploads\/usu548\/2018\/11\/Aula-M\u00e0gica-4-1024x768.jpg 1024w, https:\/\/agora.xtec.cat\/ceip-santfrancesc-sjd\/wp-content\/uploads\/usu548\/2018\/11\/Aula-M\u00e0gica-4-300x225.jpg 300w, https:\/\/agora.xtec.cat\/ceip-santfrancesc-sjd\/wp-content\/uploads\/usu548\/2018\/11\/Aula-M\u00e0gica-4-768x576.jpg 768w, https:\/\/agora.xtec.cat\/ceip-santfrancesc-sjd\/wp-content\/uploads\/usu548\/2018\/11\/Aula-M\u00e0gica-4-200x150.jpg 200w\" sizes=\"auto, (max-width: 397px) 100vw, 397px\" \/><\/a><\/p>\n<p>&nbsp;<\/p>\n<p>&nbsp;<\/p>\n<p>&nbsp;<\/p>\n","protected":false},"excerpt":{"rendered":"<p><a href=\"https:\/\/agora.xtec.cat\/ceip-santfrancesc-sjd\/wp-content\/uploads\/usu548\/2018\/11\/Aula-M\u00e0gica-1.jpg\"><\/a><br \/>\nL&#8217;escola compta amb la dotaci\u00f3 d&#8217;un Suport Intensiu per a l&#8217; Escolaritzaci\u00f3 Inclusiva (SIEI), que nosaltres anomenem Aula M\u00e0gica.<br \/>\nEl SIEI \u00e9s un recurs intensiu per a la inclusi\u00f3 de l&#8217;alumnat amb Necessitats Educatives Especials derivades de limitacions molt significatives, tant en el funcionament intel\u00b7lectual&hellip;  <a href=\"https:\/\/agora.xtec.cat\/ceip-santfrancesc-sjd\/serveis\/aula-magica-siei\/\" title=\"Read Aula M\u00e0gica (SIEI)\">Llegeix m\u00e9s\u00bb<\/a><\/p>\n","protected":false},"author":1,"featured_media":0,"parent":66,"menu_order":4,"comment_status":"closed","ping_status":"closed","template":"page-templates\/side-menu.php","meta":{"_bbp_topic_count":0,"_bbp_reply_count":0,"_bbp_total_topic_count":0,"_bbp_total_reply_count":0,"_bbp_voice_count":0,"_bbp_anonymous_reply_count":0,"_bbp_topic_count_hidden":0,"_bbp_reply_count_hidden":0,"_bbp_forum_subforum_count":0,"footnotes":""},"class_list":["post-2030","page","type-page","status-publish","hentry"],"post_mailing_queue_ids":[],"_links":{"self":[{"href":"https:\/\/agora.xtec.cat\/ceip-santfrancesc-sjd\/wp-json\/wp\/v2\/pages\/2030","targetHints":{"allow":["GET"]}}],"collection":[{"href":"https:\/\/agora.xtec.cat\/ceip-santfrancesc-sjd\/wp-json\/wp\/v2\/pages"}],"about":[{"href":"https:\/\/agora.xtec.cat\/ceip-santfrancesc-sjd\/wp-json\/wp\/v2\/types\/page"}],"author":[{"embeddable":true,"href":"https:\/\/agora.xtec.cat\/ceip-santfrancesc-sjd\/wp-json\/wp\/v2\/users\/1"}],"replies":[{"embeddable":true,"href":"https:\/\/agora.xtec.cat\/ceip-santfrancesc-sjd\/wp-json\/wp\/v2\/comments?post=2030"}],"version-history":[{"count":4,"href":"https:\/\/agora.xtec.cat\/ceip-santfrancesc-sjd\/wp-json\/wp\/v2\/pages\/2030\/revisions"}],"predecessor-version":[{"id":3449,"href":"https:\/\/agora.xtec.cat\/ceip-santfrancesc-sjd\/wp-json\/wp\/v2\/pages\/2030\/revisions\/3449"}],"up":[{"embeddable":true,"href":"https:\/\/agora.xtec.cat\/ceip-santfrancesc-sjd\/wp-json\/wp\/v2\/pages\/66"}],"wp:attachment":[{"href":"https:\/\/agora.xtec.cat\/ceip-santfrancesc-sjd\/wp-json\/wp\/v2\/media?parent=2030"}],"curies":[{"name":"wp","href":"https:\/\/api.w.org\/{rel}","templated":true}]}}