{"id":9075,"date":"2023-03-06T13:47:29","date_gmt":"2023-03-06T12:47:29","guid":{"rendered":"https:\/\/agora.xtec.cat\/ceip-santbernat\/?page_id=9075"},"modified":"2024-09-02T12:15:47","modified_gmt":"2024-09-02T10:15:47","slug":"carta-de-compromis-educatiu","status":"publish","type":"page","link":"https:\/\/agora.xtec.cat\/ceip-santbernat\/carta-de-compromis-educatiu\/","title":{"rendered":"Carta de comprom\u00eds educatiu"},"content":{"rendered":"<p><a href=\"https:\/\/drive.google.com\/file\/d\/1o2t8s5rQ8qQ-ZMhPDz-T8hddWlICAQBr\/view?usp=drive_link\"><img loading=\"lazy\" decoding=\"async\" class=\"alignleft size-large wp-image-10224\" src=\"https:\/\/agora.xtec.cat\/ceip-santbernat\/wp-content\/uploads\/usu1251\/2024\/09\/CARTA-COMPROMIS-1024x366.png\" alt=\"\" width=\"1024\" height=\"366\" srcset=\"https:\/\/agora.xtec.cat\/ceip-santbernat\/wp-content\/uploads\/usu1251\/2024\/09\/CARTA-COMPROMIS-1024x366.png 1024w, https:\/\/agora.xtec.cat\/ceip-santbernat\/wp-content\/uploads\/usu1251\/2024\/09\/CARTA-COMPROMIS-300x107.png 300w, https:\/\/agora.xtec.cat\/ceip-santbernat\/wp-content\/uploads\/usu1251\/2024\/09\/CARTA-COMPROMIS-768x274.png 768w, https:\/\/agora.xtec.cat\/ceip-santbernat\/wp-content\/uploads\/usu1251\/2024\/09\/CARTA-COMPROMIS-1536x549.png 1536w, https:\/\/agora.xtec.cat\/ceip-santbernat\/wp-content\/uploads\/usu1251\/2024\/09\/CARTA-COMPROMIS.png 1654w\" sizes=\"auto, (max-width: 1024px) 100vw, 1024px\" \/><\/a><\/p>\n<p>La\u00a0<strong>CARTA DE COMPROM\u00cdS EDUCATIU<\/strong>\u00a0promou la\u00a0<strong>implicaci\u00f3 de les fam\u00edlies en el proc\u00e9s educatiu dels infants<\/strong>. \u00c9s imprescindible per assolir l\u2019\u00e8xit educatiu i contribuir a la millor integraci\u00f3 escolar i social de l\u2019alumnat. \u00c9s una eina que vol facilitar la cooperaci\u00f3 entre les accions educatives de les fam\u00edlies i\u00a0 del centre educatiu.<\/p>\n<p>Expressa els objectius necessaris per assolir un entorn de conviv\u00e8ncia i respecte pel desenvolupament de les activitats educatives i els compromisos que cada fam\u00edlia i el centre s\u2019avenen a adquirir en relaci\u00f3 amb els principis que la inspiren.<\/p>\n","protected":false},"excerpt":{"rendered":"<p><a href=\"https:\/\/drive.google.com\/file\/d\/1o2t8s5rQ8qQ-ZMhPDz-T8hddWlICAQBr\/view?usp=drive_link\"><\/a><br \/>\nLa\u00a0CARTA DE COMPROM\u00cdS EDUCATIU\u00a0promou la\u00a0implicaci\u00f3 de les fam\u00edlies en el proc\u00e9s educatiu dels infants. \u00c9s imprescindible per assolir l\u2019\u00e8xit educatiu i contribuir a la millor integraci\u00f3 escolar i social de l\u2019alumnat. \u00c9s una eina que vol facilitar la cooperaci\u00f3 entre les accions educatives de&hellip;  <a href=\"https:\/\/agora.xtec.cat\/ceip-santbernat\/carta-de-compromis-educatiu\/\" title=\"Read Carta de comprom\u00eds educatiu\">Llegeix m\u00e9s\u00bb<\/a><\/p>\n","protected":false},"author":1,"featured_media":0,"parent":0,"menu_order":0,"comment_status":"closed","ping_status":"closed","template":"","meta":{"_bbp_topic_count":0,"_bbp_reply_count":0,"_bbp_total_topic_count":0,"_bbp_total_reply_count":0,"_bbp_voice_count":0,"_bbp_anonymous_reply_count":0,"_bbp_topic_count_hidden":0,"_bbp_reply_count_hidden":0,"_bbp_forum_subforum_count":0,"footnotes":""},"class_list":["post-9075","page","type-page","status-publish","hentry"],"post_mailing_queue_ids":[],"_links":{"self":[{"href":"https:\/\/agora.xtec.cat\/ceip-santbernat\/wp-json\/wp\/v2\/pages\/9075","targetHints":{"allow":["GET"]}}],"collection":[{"href":"https:\/\/agora.xtec.cat\/ceip-santbernat\/wp-json\/wp\/v2\/pages"}],"about":[{"href":"https:\/\/agora.xtec.cat\/ceip-santbernat\/wp-json\/wp\/v2\/types\/page"}],"author":[{"embeddable":true,"href":"https:\/\/agora.xtec.cat\/ceip-santbernat\/wp-json\/wp\/v2\/users\/1"}],"replies":[{"embeddable":true,"href":"https:\/\/agora.xtec.cat\/ceip-santbernat\/wp-json\/wp\/v2\/comments?post=9075"}],"version-history":[{"count":2,"href":"https:\/\/agora.xtec.cat\/ceip-santbernat\/wp-json\/wp\/v2\/pages\/9075\/revisions"}],"predecessor-version":[{"id":10225,"href":"https:\/\/agora.xtec.cat\/ceip-santbernat\/wp-json\/wp\/v2\/pages\/9075\/revisions\/10225"}],"wp:attachment":[{"href":"https:\/\/agora.xtec.cat\/ceip-santbernat\/wp-json\/wp\/v2\/media?parent=9075"}],"curies":[{"name":"wp","href":"https:\/\/api.w.org\/{rel}","templated":true}]}}