{"id":73,"date":"2014-09-18T14:01:51","date_gmt":"2014-09-18T13:01:51","guid":{"rendered":"http:\/\/agora.xtec.cat\/ceip-santbernat\/?page_id=73"},"modified":"2026-03-02T16:12:07","modified_gmt":"2026-03-02T15:12:07","slug":"menjador-escolar","status":"publish","type":"page","link":"https:\/\/agora.xtec.cat\/ceip-santbernat\/menjador-escolar\/","title":{"rendered":"Menjador escolar"},"content":{"rendered":"<p>Mensualment, anem penjant al web els menus de cada mes perqu\u00e8 els pugueu consultar. A la part d&#8217;abaix teniu els men\u00fas especials &#8220;diab\u00e8tics&#8221; i &#8220;sense carn&#8221;.<\/p>\n<p><a href=\"https:\/\/drive.google.com\/file\/d\/1r3mqiJLHQ7rVJS_IY1HOpoKbpDH5F8Oo\/view?usp=drive_link\" target=\"_blank\" rel=\"noopener\"><img loading=\"lazy\" decoding=\"async\" class=\"alignleft wp-image-10993 size-medium\" src=\"https:\/\/agora.xtec.cat\/ceip-santbernat\/wp-content\/uploads\/usu1251\/2025\/10\/MENUS-MENJADOR-e1760363635884-300x80.png\" alt=\"\" width=\"300\" height=\"80\" srcset=\"https:\/\/agora.xtec.cat\/ceip-santbernat\/wp-content\/uploads\/usu1251\/2025\/10\/MENUS-MENJADOR-e1760363635884-300x80.png 300w, https:\/\/agora.xtec.cat\/ceip-santbernat\/wp-content\/uploads\/usu1251\/2025\/10\/MENUS-MENJADOR-e1760363635884-1024x272.png 1024w, https:\/\/agora.xtec.cat\/ceip-santbernat\/wp-content\/uploads\/usu1251\/2025\/10\/MENUS-MENJADOR-e1760363635884-768x204.png 768w, https:\/\/agora.xtec.cat\/ceip-santbernat\/wp-content\/uploads\/usu1251\/2025\/10\/MENUS-MENJADOR-e1760363635884-1536x409.png 1536w, https:\/\/agora.xtec.cat\/ceip-santbernat\/wp-content\/uploads\/usu1251\/2025\/10\/MENUS-MENJADOR-e1760363635884.png 1917w\" sizes=\"auto, (max-width: 300px) 100vw, 300px\" \/><\/a><a href=\"https:\/\/drive.google.com\/file\/d\/11ordS-iDZseZGr4kpzbzLq3hdFXI7a1j\/view?usp=drive_link\" target=\"_blank\" rel=\"noopener\"><img loading=\"lazy\" decoding=\"async\" class=\"alignleft wp-image-9914 size-medium\" src=\"https:\/\/agora.xtec.cat\/ceip-santbernat\/wp-content\/uploads\/usu1251\/2024\/02\/MENUS-MENJADOR-300x169.png\" alt=\"\" width=\"300\" height=\"169\" srcset=\"https:\/\/agora.xtec.cat\/ceip-santbernat\/wp-content\/uploads\/usu1251\/2024\/02\/MENUS-MENJADOR-300x169.png 300w, https:\/\/agora.xtec.cat\/ceip-santbernat\/wp-content\/uploads\/usu1251\/2024\/02\/MENUS-MENJADOR-1024x576.png 1024w, https:\/\/agora.xtec.cat\/ceip-santbernat\/wp-content\/uploads\/usu1251\/2024\/02\/MENUS-MENJADOR-768x432.png 768w, https:\/\/agora.xtec.cat\/ceip-santbernat\/wp-content\/uploads\/usu1251\/2024\/02\/MENUS-MENJADOR-1536x864.png 1536w, https:\/\/agora.xtec.cat\/ceip-santbernat\/wp-content\/uploads\/usu1251\/2024\/02\/MENUS-MENJADOR.png 1920w\" sizes=\"auto, (max-width: 300px) 100vw, 300px\" \/><\/a><\/p>\n<p><img loading=\"lazy\" decoding=\"async\" class=\"alignleft wp-image-11324 size-large\" src=\"https:\/\/agora.xtec.cat\/ceip-santbernat\/wp-content\/uploads\/usu1251\/2026\/03\/menu-marc-1024x450.png\" alt=\"\" width=\"1024\" height=\"450\" srcset=\"https:\/\/agora.xtec.cat\/ceip-santbernat\/wp-content\/uploads\/usu1251\/2026\/03\/menu-marc-1024x450.png 1024w, https:\/\/agora.xtec.cat\/ceip-santbernat\/wp-content\/uploads\/usu1251\/2026\/03\/menu-marc-300x132.png 300w, https:\/\/agora.xtec.cat\/ceip-santbernat\/wp-content\/uploads\/usu1251\/2026\/03\/menu-marc-768x338.png 768w, https:\/\/agora.xtec.cat\/ceip-santbernat\/wp-content\/uploads\/usu1251\/2026\/03\/menu-marc.png 1167w\" sizes=\"auto, (max-width: 1024px) 100vw, 1024px\" \/><\/p>\n<p>&nbsp;<\/p>\n<p>&nbsp;<\/p>\n<p>&nbsp;<\/p>\n<p>&nbsp;<\/p>\n<p>&nbsp;<\/p>\n<p>&nbsp;<\/p>\n<p>&nbsp;<\/p>\n<p>&nbsp;<\/p>\n<p>&nbsp;<\/p>\n<p><a href=\"https:\/\/drive.google.com\/file\/d\/14tbcNoTDqec9gaI1LB50m8aNmsFuh22J\/view?usp=sharing\" target=\"_blank\" rel=\"noopener\"><img loading=\"lazy\" decoding=\"async\" class=\"alignleft wp-image-10991 size-large\" src=\"https:\/\/agora.xtec.cat\/ceip-santbernat\/wp-content\/uploads\/usu1251\/2025\/10\/WEB-25-26-1024x366.png\" alt=\"\" width=\"1024\" height=\"366\" srcset=\"https:\/\/agora.xtec.cat\/ceip-santbernat\/wp-content\/uploads\/usu1251\/2025\/10\/WEB-25-26-1024x366.png 1024w, https:\/\/agora.xtec.cat\/ceip-santbernat\/wp-content\/uploads\/usu1251\/2025\/10\/WEB-25-26-300x107.png 300w, https:\/\/agora.xtec.cat\/ceip-santbernat\/wp-content\/uploads\/usu1251\/2025\/10\/WEB-25-26-768x274.png 768w, https:\/\/agora.xtec.cat\/ceip-santbernat\/wp-content\/uploads\/usu1251\/2025\/10\/WEB-25-26-1536x549.png 1536w, https:\/\/agora.xtec.cat\/ceip-santbernat\/wp-content\/uploads\/usu1251\/2025\/10\/WEB-25-26.png 1654w\" sizes=\"auto, (max-width: 1024px) 100vw, 1024px\" \/><img loading=\"lazy\" decoding=\"async\" class=\"alignleft size-large wp-image-10329\" src=\"https:\/\/agora.xtec.cat\/ceip-santbernat\/wp-content\/uploads\/usu1251\/2024\/11\/CONTACTAR-MENJADOR-1024x227.png\" alt=\"\" width=\"1024\" height=\"227\" srcset=\"https:\/\/agora.xtec.cat\/ceip-santbernat\/wp-content\/uploads\/usu1251\/2024\/11\/CONTACTAR-MENJADOR-1024x227.png 1024w, https:\/\/agora.xtec.cat\/ceip-santbernat\/wp-content\/uploads\/usu1251\/2024\/11\/CONTACTAR-MENJADOR-300x66.png 300w, https:\/\/agora.xtec.cat\/ceip-santbernat\/wp-content\/uploads\/usu1251\/2024\/11\/CONTACTAR-MENJADOR-768x170.png 768w, https:\/\/agora.xtec.cat\/ceip-santbernat\/wp-content\/uploads\/usu1251\/2024\/11\/CONTACTAR-MENJADOR-1536x340.png 1536w, https:\/\/agora.xtec.cat\/ceip-santbernat\/wp-content\/uploads\/usu1251\/2024\/11\/CONTACTAR-MENJADOR.png 1654w\" sizes=\"auto, (max-width: 1024px) 100vw, 1024px\" \/><\/a><\/p>\n","protected":false},"excerpt":{"rendered":"<p>Mensualment, anem penjant al web els menus de cada mes perqu\u00e8 els pugueu consultar. A la part d&#8217;abaix teniu els men\u00fas especials &#8220;diab\u00e8tics&#8221; i &#8220;sense carn&#8221;.<br \/>\n<a href=\"https:\/\/drive.google.com\/file\/d\/1r3mqiJLHQ7rVJS_IY1HOpoKbpDH5F8Oo\/view?usp=drive_link\" target=\"_blank\" rel=\"noopener\"><\/a><a href=\"https:\/\/drive.google.com\/file\/d\/11ordS-iDZseZGr4kpzbzLq3hdFXI7a1j\/view?usp=drive_link\" target=\"_blank\" rel=\"noopener\"><\/a><\/p>\n<p>&nbsp;<br \/>\n&nbsp;<br \/>\n&nbsp;<br \/>\n&nbsp;<br \/>\n&nbsp;<br \/>\n&nbsp;<br \/>\n&nbsp;<br \/>\n&nbsp;<br \/>\n&nbsp;<br \/>\n<a href=\"https:\/\/drive.google.com\/file\/d\/14tbcNoTDqec9gaI1LB50m8aNmsFuh22J\/view?usp=sharing\" target=\"_blank\" rel=\"noopener\"><\/a><\/p>\n","protected":false},"author":1,"featured_media":0,"parent":0,"menu_order":30,"comment_status":"closed","ping_status":"closed","template":"","meta":{"_bbp_topic_count":0,"_bbp_reply_count":0,"_bbp_total_topic_count":0,"_bbp_total_reply_count":0,"_bbp_voice_count":0,"_bbp_anonymous_reply_count":0,"_bbp_topic_count_hidden":0,"_bbp_reply_count_hidden":0,"_bbp_forum_subforum_count":0,"footnotes":""},"class_list":["post-73","page","type-page","status-publish","hentry"],"post_mailing_queue_ids":[],"_links":{"self":[{"href":"https:\/\/agora.xtec.cat\/ceip-santbernat\/wp-json\/wp\/v2\/pages\/73","targetHints":{"allow":["GET"]}}],"collection":[{"href":"https:\/\/agora.xtec.cat\/ceip-santbernat\/wp-json\/wp\/v2\/pages"}],"about":[{"href":"https:\/\/agora.xtec.cat\/ceip-santbernat\/wp-json\/wp\/v2\/types\/page"}],"author":[{"embeddable":true,"href":"https:\/\/agora.xtec.cat\/ceip-santbernat\/wp-json\/wp\/v2\/users\/1"}],"replies":[{"embeddable":true,"href":"https:\/\/agora.xtec.cat\/ceip-santbernat\/wp-json\/wp\/v2\/comments?post=73"}],"version-history":[{"count":8,"href":"https:\/\/agora.xtec.cat\/ceip-santbernat\/wp-json\/wp\/v2\/pages\/73\/revisions"}],"predecessor-version":[{"id":11325,"href":"https:\/\/agora.xtec.cat\/ceip-santbernat\/wp-json\/wp\/v2\/pages\/73\/revisions\/11325"}],"wp:attachment":[{"href":"https:\/\/agora.xtec.cat\/ceip-santbernat\/wp-json\/wp\/v2\/media?parent=73"}],"curies":[{"name":"wp","href":"https:\/\/api.w.org\/{rel}","templated":true}]}}