{"id":64,"date":"2016-02-20T12:39:08","date_gmt":"2016-02-20T11:39:08","guid":{"rendered":"http:\/\/agora.xtec.cat\/ceip-santbernat\/?page_id=64"},"modified":"2020-03-05T17:03:13","modified_gmt":"2020-03-05T16:03:13","slug":"projecte-educatiu","status":"publish","type":"page","link":"https:\/\/agora.xtec.cat\/ceip-santbernat\/documents-de-centre\/projecte-educatiu\/","title":{"rendered":"Projecte Educatiu"},"content":{"rendered":"<p>https:\/\/youtu.be\/70vtskzEJIU<\/p>\n<p>&nbsp;<\/p>\n<h4 style=\"text-align: center;\">El Projecte Educatiu \u00e9s el document estrat\u00e8gic marc per a la instituci\u00f3 escolar, que ha de formalitzar i concretar les seves intencions i actuacions, dotant-la d&#8217;una identitat diferenciada i plantejant aquells valors i principis que assumeix aquesta comunitat.<\/h4>\n<p><a href=\"http:\/\/agora.xtec.cat\/ceip-santbernat\/wp-content\/uploads\/usu1251\/2017\/02\/Imagen1.png\"><img loading=\"lazy\" decoding=\"async\" class=\"alignnone size-large wp-image-1353\" src=\"http:\/\/agora.xtec.cat\/ceip-santbernat\/wp-content\/uploads\/usu1251\/2017\/02\/Imagen1-1024x702.png\" alt=\"imagen1\" width=\"1024\" height=\"702\" srcset=\"https:\/\/agora.xtec.cat\/ceip-santbernat\/wp-content\/uploads\/usu1251\/2017\/02\/Imagen1-1024x702.png 1024w, https:\/\/agora.xtec.cat\/ceip-santbernat\/wp-content\/uploads\/usu1251\/2017\/02\/Imagen1-300x206.png 300w, https:\/\/agora.xtec.cat\/ceip-santbernat\/wp-content\/uploads\/usu1251\/2017\/02\/Imagen1-768x526.png 768w, https:\/\/agora.xtec.cat\/ceip-santbernat\/wp-content\/uploads\/usu1251\/2017\/02\/Imagen1.png 1275w\" sizes=\"auto, (max-width: 1024px) 100vw, 1024px\" \/><\/a><\/p>\n<p>&nbsp;<\/p>\n<p>&nbsp;<\/p>\n<p><a href=\"http:\/\/agora.xtec.cat\/ceip-santbernat\/wp-content\/uploads\/usu1251\/2017\/02\/PEC-2016.pdf\"><img loading=\"lazy\" decoding=\"async\" class=\"size-full wp-image-1311 aligncenter\" src=\"http:\/\/agora.xtec.cat\/ceip-santbernat\/wp-content\/uploads\/usu1251\/2014\/09\/PEC.jpg\" alt=\"pec\" width=\"846\" height=\"556\" srcset=\"https:\/\/agora.xtec.cat\/ceip-santbernat\/wp-content\/uploads\/usu1251\/2014\/09\/PEC.jpg 846w, https:\/\/agora.xtec.cat\/ceip-santbernat\/wp-content\/uploads\/usu1251\/2014\/09\/PEC-300x197.jpg 300w, https:\/\/agora.xtec.cat\/ceip-santbernat\/wp-content\/uploads\/usu1251\/2014\/09\/PEC-768x505.jpg 768w\" sizes=\"auto, (max-width: 846px) 100vw, 846px\" \/><\/a><\/p>\n<p>FES CLICK A LA DIAPOSITIVA PER VEURE TOT EL DOCUMENT DEL PROJECTE EDUCATIU<\/p>\n<h5><\/h5>\n<p>&nbsp;<\/p>\n","protected":false},"excerpt":{"rendered":"<p>https:\/\/youtu.be\/70vtskzEJIU<br \/>\n&nbsp;<br \/>\nEl Projecte Educatiu \u00e9s el document estrat\u00e8gic marc per a la instituci\u00f3 escolar, que ha de formalitzar i concretar les seves intencions i actuacions, dotant-la d&#8217;una identitat diferenciada i plantejant aquells valors i principis que assumeix aquesta comunitat.<br \/>\n<a href=\"http:\/\/agora.xtec.cat\/ceip-santbernat\/wp-content\/uploads\/usu1251\/2017\/02\/Imagen1.png\"><\/a><br \/>\n&nbsp;<br \/>\n&nbsp;<br \/>\n<a href=\"http:\/\/agora.xtec.cat\/ceip-santbernat\/wp-content\/uploads\/usu1251\/2017\/02\/PEC-2016.pdf\"><\/a><br \/>\nFES CLICK A LA DIAPOSITIVA PER&hellip;  <a href=\"https:\/\/agora.xtec.cat\/ceip-santbernat\/documents-de-centre\/projecte-educatiu\/\" title=\"Read Projecte Educatiu\">Llegeix m\u00e9s\u00bb<\/a><\/p>\n","protected":false},"author":1,"featured_media":0,"parent":533,"menu_order":5,"comment_status":"closed","ping_status":"closed","template":"page-templates\/side-menu.php","meta":{"_bbp_topic_count":0,"_bbp_reply_count":0,"_bbp_total_topic_count":0,"_bbp_total_reply_count":0,"_bbp_voice_count":0,"_bbp_anonymous_reply_count":0,"_bbp_topic_count_hidden":0,"_bbp_reply_count_hidden":0,"_bbp_forum_subforum_count":0,"footnotes":""},"class_list":["post-64","page","type-page","status-publish","hentry"],"post_mailing_queue_ids":[],"_links":{"self":[{"href":"https:\/\/agora.xtec.cat\/ceip-santbernat\/wp-json\/wp\/v2\/pages\/64","targetHints":{"allow":["GET"]}}],"collection":[{"href":"https:\/\/agora.xtec.cat\/ceip-santbernat\/wp-json\/wp\/v2\/pages"}],"about":[{"href":"https:\/\/agora.xtec.cat\/ceip-santbernat\/wp-json\/wp\/v2\/types\/page"}],"author":[{"embeddable":true,"href":"https:\/\/agora.xtec.cat\/ceip-santbernat\/wp-json\/wp\/v2\/users\/1"}],"replies":[{"embeddable":true,"href":"https:\/\/agora.xtec.cat\/ceip-santbernat\/wp-json\/wp\/v2\/comments?post=64"}],"version-history":[{"count":4,"href":"https:\/\/agora.xtec.cat\/ceip-santbernat\/wp-json\/wp\/v2\/pages\/64\/revisions"}],"predecessor-version":[{"id":5927,"href":"https:\/\/agora.xtec.cat\/ceip-santbernat\/wp-json\/wp\/v2\/pages\/64\/revisions\/5927"}],"up":[{"embeddable":true,"href":"https:\/\/agora.xtec.cat\/ceip-santbernat\/wp-json\/wp\/v2\/pages\/533"}],"wp:attachment":[{"href":"https:\/\/agora.xtec.cat\/ceip-santbernat\/wp-json\/wp\/v2\/media?parent=64"}],"curies":[{"name":"wp","href":"https:\/\/api.w.org\/{rel}","templated":true}]}}