{"id":10946,"date":"2025-09-23T08:56:46","date_gmt":"2025-09-23T06:56:46","guid":{"rendered":"https:\/\/agora.xtec.cat\/ceip-santbernat\/?page_id=10946"},"modified":"2025-09-23T08:59:22","modified_gmt":"2025-09-23T06:59:22","slug":"pla-de-digitalitzacio-responsable","status":"publish","type":"page","link":"https:\/\/agora.xtec.cat\/ceip-santbernat\/pla-de-digitalitzacio-responsable\/","title":{"rendered":"Pla de digitalitzaci\u00f3 responsable"},"content":{"rendered":"<p>El Pla de digitalitzaci\u00f3 responsable interpel\u00b7la tota la comunitat educativa, i especialment les fam\u00edlies. Per aquest motiu, el Departament d&#8217;Educaci\u00f3 ha elaborat una guia per acompanyar-vos en el proc\u00e9s de digitalitzaci\u00f3 responsable dels vostres fills i filles.<\/p>\n<p><a href=\"https:\/\/drive.google.com\/file\/d\/1i9xlbl7YkyuQAGhXVvyXo2DWTNuKWsSy\/view?usp=sharing\" target=\"_blank\" rel=\"noopener\"><img loading=\"lazy\" decoding=\"async\" class=\"alignleft wp-image-10942 size-large\" src=\"https:\/\/agora.xtec.cat\/ceip-santbernat\/wp-content\/uploads\/usu1251\/2025\/09\/WEB-24-25-1-1024x366.png\" alt=\"\" width=\"1024\" height=\"366\" \/><\/a> <a href=\"https:\/\/www.youtube.com\/watch?v=wn7_gVc0FQc\" target=\"_blank\" rel=\"noopener\"><img loading=\"lazy\" decoding=\"async\" class=\"alignleft wp-image-10943 size-large\" src=\"https:\/\/agora.xtec.cat\/ceip-santbernat\/wp-content\/uploads\/usu1251\/2025\/09\/WEB-24-25-e1758610095999-1024x189.png\" alt=\"\" width=\"1024\" height=\"189\" \/><\/a><\/p>\n","protected":false},"excerpt":{"rendered":"<p>El Pla de digitalitzaci\u00f3 responsable interpel\u00b7la tota la comunitat educativa, i especialment les fam\u00edlies. Per aquest motiu, el Departament d&#8217;Educaci\u00f3 ha elaborat una guia per acompanyar-vos en el proc\u00e9s de digitalitzaci\u00f3 responsable dels vostres fills i filles.<br \/>\n<a href=\"https:\/\/drive.google.com\/file\/d\/1i9xlbl7YkyuQAGhXVvyXo2DWTNuKWsSy\/view?usp=sharing\" target=\"_blank\" rel=\"noopener\"><\/a> <a href=\"https:\/\/www.youtube.com\/watch?v=wn7_gVc0FQc\" target=\"_blank\" rel=\"noopener\"><\/a><\/p>\n","protected":false},"author":1,"featured_media":0,"parent":0,"menu_order":0,"comment_status":"closed","ping_status":"closed","template":"","meta":{"_bbp_topic_count":0,"_bbp_reply_count":0,"_bbp_total_topic_count":0,"_bbp_total_reply_count":0,"_bbp_voice_count":0,"_bbp_anonymous_reply_count":0,"_bbp_topic_count_hidden":0,"_bbp_reply_count_hidden":0,"_bbp_forum_subforum_count":0,"footnotes":""},"class_list":["post-10946","page","type-page","status-publish","hentry"],"post_mailing_queue_ids":[],"_links":{"self":[{"href":"https:\/\/agora.xtec.cat\/ceip-santbernat\/wp-json\/wp\/v2\/pages\/10946","targetHints":{"allow":["GET"]}}],"collection":[{"href":"https:\/\/agora.xtec.cat\/ceip-santbernat\/wp-json\/wp\/v2\/pages"}],"about":[{"href":"https:\/\/agora.xtec.cat\/ceip-santbernat\/wp-json\/wp\/v2\/types\/page"}],"author":[{"embeddable":true,"href":"https:\/\/agora.xtec.cat\/ceip-santbernat\/wp-json\/wp\/v2\/users\/1"}],"replies":[{"embeddable":true,"href":"https:\/\/agora.xtec.cat\/ceip-santbernat\/wp-json\/wp\/v2\/comments?post=10946"}],"version-history":[{"count":3,"href":"https:\/\/agora.xtec.cat\/ceip-santbernat\/wp-json\/wp\/v2\/pages\/10946\/revisions"}],"predecessor-version":[{"id":10951,"href":"https:\/\/agora.xtec.cat\/ceip-santbernat\/wp-json\/wp\/v2\/pages\/10946\/revisions\/10951"}],"wp:attachment":[{"href":"https:\/\/agora.xtec.cat\/ceip-santbernat\/wp-json\/wp\/v2\/media?parent=10946"}],"curies":[{"name":"wp","href":"https:\/\/api.w.org\/{rel}","templated":true}]}}