{"id":73,"date":"2014-09-18T14:01:51","date_gmt":"2014-09-18T13:01:51","guid":{"rendered":"http:\/\/agora.xtec.cat\/ceip-santaeulalia\/?page_id=73"},"modified":"2025-10-01T16:01:40","modified_gmt":"2025-10-01T14:01:40","slug":"menjador-escolar","status":"publish","type":"page","link":"https:\/\/agora.xtec.cat\/ceip-santaeulalia\/serveis\/menjador-escolar\/","title":{"rendered":"Menjador escolar"},"content":{"rendered":"<header class=\"entry-header \">\n<p class=\"entry-title\"><span style=\"font-family: inherit; font-size: 1em; font-weight: normal;\">L\u2019 empresa que s\u2019encarrega de la gesti\u00f3 del menjador i temps de migdia \u00e9s:<\/span><\/p>\n<h3><img loading=\"lazy\" decoding=\"async\" class=\"alignnone size-large\" src=\"data:image\/png;base64,iVBORw0KGgoAAAANSUhEUgAAAXkAAACGCAMAAAAPbgp3AAAAw1BMVEX\/\/\/8nNICUwR+MvQCOvgAWJ3sAEHSXm7oAGHYlMn8dLH0hL34SJHqJuwDo6fAAG3cAFHWprMYeLX3W5rbM4aQKIHj9\/vqny1iy0XHb6cBvdqMUJXqws8v2+vD5+fsAEnXs9N5+g6uEia9NVpHh7cq92IddZJnO0N7d3uhBSou\/wtTU5bPm8NOcxTiPk7UvO4Tx9ubT1eFBS4tlbJ3k5e3H3pujyUw3QocACXO5vNCeor\/C2pC714Oexj8AAHFVXZWuz2ZxrERdAAAVYElEQVR4nO1d6WKisBZWwQUQUSvu+1J3a2u11uq07\/9UNyxZgCQE7L29M+X7MWMVwvHLydmymEolSJAgQYIECRIkSJAgQYIECRIkSJDgTlwQ+j8tyu\/C85+Oi3L+p2X5XRipaRdK9qdl+VXolxXIfNpc\/bQ0vwndIiI+rU1+WprfhDcNM58uL35anN+D5wJBfFod\/bQ8vwfYv9rIJYHl\/wj9gYf4dLHy0xL9FlSKXuaV9E9L9FvwpniZTxvznxbpd8DrX+3A8vGnZfod8PlX28eWflqo3wAyf4XI7n5aqt8Awr9WkY81flqq3wDsX9UDot7s\/rRY\/z6wf9U++zn0+u2n5fr3gf2r+Z56RPWbwvNPC\/avg8hfi6nUykCWp\/3Tkv3rwP7VjmcUZPS\/p3hTWl1Gn29qNqu+fY4uqzuD1f68Mn58UUBrT5P27v2\/XFMFTxs9LjVb9vbdsgeA\/evAavqShX927p8VnI\/TA7OjVhWAtKKpHbOsjWLPuyzyLznQmqa5rWXNgnl4D9eP9gig\/U6+1V\/tDkvVKACcGUnjIr+0n4ZlH6TH3tR+Nwq2LA7sX6uftkzIxypqvBYhSruioQYyBUU1zXEc7am8FbIapbVcO8wh\/VEBTGw8+5VJzsxWtbTCtqrdZZnytKxRJdcHpLNWy0ZMDSX8q6OMbf8b8VBqn7N+yRFduUNU7vNGMZjuOVALL\/wqk61L2tL9q78rF0lOqxTmu1UzQDskP7dD3Jftt7LxmMf5K5z4JoLMO2YFd7lgRYJk6zyO0lq32GHxbgtafuT1pDOKy84f76avqSDzizeT97Ss4dbQS4V7mCf8K2yAMPxxPdiz0uHxbj8uK1wOLU0MHhM2fecL+36H+cKr9bpdDtzqZz5\/Zug7hGJMbLV\/Nu5hHtOMamR4MjzurGD+HMaUJX9OUO1XhWp4a2nzk+lqHeZt2\/kS1Agf8\/2JGf4wrWCpzcq5Mh7zhH\/FLr6AlT5WYHkwgrIqlL4wP0Vau+SCXtqON3xQFZbFcZjPglGxpJhAL\/OldOASJU152hlYnEvnDuaxfzWwOx2jN2PNCk68nrXaMcqG+vSkgv+KVc9XyC7De3bsnTvQQChZ6KSfNLNsmN7ISTNe6U04zIMB\/EmyCgJFG+aBuLTkC2iqRUf4bKFgdjwfDfKQp1jM4\/xVqeJ3F\/jdGLOCHuI1M3eoPLvK2H+utAueoEENLQ6NyfEDAotJfg5bW7yPsoaHSwb1DvPa5ILsCAhGB9pn2w70R4SH8BIPehcI7ypHaX6Z5LJEVw+6bS0+89i\/dkgPNUHPjz4reCCIV4yXQJaxmhSIb6eGhE8XUuPNamCx7XObjKGULHUM5eCn8LqiOZ5Tr3wiRFMKAeFLF5WIbTtPSnzmKf7VwjtSjmrUWcE84Z+KT9R+e16S13Dd7PxMdJJJNX2lAzGvU32hXZJLe8BoCOCR6EWG8BVilLnPjcM84V8Png\/wVEnEWcFnTJWSY05rkU5zwEnX+oSGGQeWT5h3cOxD7Ugv8yazoQth2ZjC9x\/9sU8c5nG66rMqOzQwI84K4iBAKXAM1QLbU8Vke9kD1i9evN5\/wRbuTCkleJgvML\/QK6E1POHzvsVJMZjvMz1pCRdvIs0K7lC4rGS5g6X\/hPQ0y6xGz3HWc+YXMh4R9cpT8FOSeZOtSdi7KR2u8F3vIIrBPMO\/2l8l1qwg0WFmiJXqK+h75liZ8hP2QmEVJEw9xYgTRKkHys0O8MxEqPBdj9bHYB7717N\/xM+RGFFmBXF2QBv0XpRQvsby4tjPGxxT4wKthabsuyCYL7JNG9HPoUUTMo6IwTz2r5RCKTbY4rOCWOWZ0QOBFbIljG+KqOAoKn42inCCz8bMcwYwVnlDQHgyCorOPPavFH9yQRZbfFYwD4e8WJETPZ9eHsLDjuODMbpQDYOWXmjGAU1AV0VqGn2ihheZecK\/UrwSMTsrPCuISgM5Rhrve8Q56+IP7QmoYwQ9zRJSFxikiHkORyUU2IjF0RVsbyIzj\/0rtTqDR4TorOAzVFLRUdId7xyMaeYGmg9FEWsNjZGsP6ZHzBfYGoHYEK3PakjpIzP\/xq9IYi8gOiuIkoDCd0xMr6BSdUSrdtAvkCUoG5B5Xh8iYyOaOlaQOY7KPNe\/WsA7pwRnBV\/cG5RvWSO1g2NOuFKNuPCrNmSep84w0hKy8hb6IjaMCsK\/0oMXPEEi5jCRKNnwGFAAsB+FqQDhjStA0ecYoGCc0bMwGPey8QlTnojMYw\/KDNiJCRIR84HMvPEti9MQXeL9iEpYPkMPm+KM3XeoZmXhOhUaYhGZD\/GvFsYoLxTyOmiM5CIJwsArNIYR+hEmcppvmOTCm4I+KsJKF6RpEZlH\/lUps+zoKw4sRWwtjOa\/x8zPoYNlihcE1EJF874PmeeENtD2VgWSNhd9aNyiMU\/4V7Y+4xKSyKzgKLrwHMDSQZSKHQqHfKMOMc+2JJ8a3VDxYMSqz2P\/ytnvvcKzZ5Rci9WkGmklDQvQGoo8GQJF9L5xIsA8TMOiRAfLOMwTy+SXnMvwmiCBWUEYEavsOuy8woT\/Uri8U6POMtGBApRCZOZhLiAe2mCTEIl57F+5qTkqxIjMCkLmOXMpu3KRDjOQ48C6UZR1bph5L8UCzKdjMP8Zh3lUBuSbUVx8FEjtBHR+x1xpGbAp\/6jOE\/6Vb5TxtqnwWUFk59kum8l8kN\/\/sZ2HeVuE7AGFh1GYx\/41JEea\/7FXkFsMmGGNwvVRGju2YTMfMGZoWqQg8oUc3BHbwDm4KOEBVN8IzBP5a5gVXawq40nBWhsWWqtF8TxbS5nMB8cJiuc5dPkBfYNfAgHmUUgsvsolTjxP+Fex7Q6L7sEohA17pKXsej6T+eAgL0GNMsXXWsGh7B9BAsyjTisKPw3pRgTmuf61Ppw+1I4AtYfpsE48qB1CAcqm2VwxmadUVOC4jBBhw2WWfh8vwDwyVJw814dL9LoN4V99Im6OXxldkhEkSW58tHpizfbhrA7bGfujSsQ8pU4FIwfxsHKBholvJAswj4aY8GwAzvDFmSf8K9HBvXUDEJ0JAPC\/\/diItIvq88xlsPOuB+9PcOxpwWvR+BiIGnqUffj7UYB5NF6Eo9gScpbCzBP5K67ptRoS0nPnlYd9SZ4NQxtG31x0GSxSNFogGt2Mwvm5gIsXYR4tWBE9PQ9nmcICEv4VWtcasDHAsFyP69YGYNpaH5snqwdI8m\/rkIaRFRM9HAd9W2rhHE0PCDo95OED1k6EeWToRSeRzejzsHhFj\/uVarp+Ok6D1nzfmm1J+yPLx3rgIhIwBU+XhWrqeLqfmisgoyg4A4+f7tdaEeZxR4evc7KAVV6YeexfHd2Yys0Wm1DL+ssk97ym0SZmsXVpsO7BqDcgQRUhS5+HQzloqYWYRwOQW0OEKBHr+0SZx\/7VKsXUj2E2JNWrbSWCe871OEMrCqxArqCVTGc6I2gBTVUgvFngARTIUYSYX+SiCL8ktjgIMk\/kr5Y13gvdtPnSkeLL2yHzOjx\/GLoENfWMvinLsuL1dvztDRb6aJUVJbISYp5YxBsu\/IjcYijIPMW\/imDf1JHe61fWVX1kLJVciKl\/xcvjGCqPw1TAWVg6tUS0GcG0XIx5rPShwuc9mx8Fmcf5a8RTDfYNZHPkDCu+J9a8Dbih5QKHBh3m4MYWJD3gUt\/Huy1piZcY86k2dpplrvA773ZFMeYJ\/ypebXh3JJ5mkMnRZ4xLsZoqOU6JbYX3NvG2H47xoC5wlj+84uPX0mdK9i\/IfB+rDVf4tm+7rxiTRP4qXgN8PbtqecRqv6XXFErEDqhCm1U6Gw3wVdyV9sQJ4Z0lq6JSIZ5JXWkvyHxqRQQsTOEXb\/7ikxDz1Pw1HI+mWyPe35DaS1O69OQGDfoy+q5KyM7flFAixrWWG9PImC+J4yGy1BxOlPnUiDgkmC58f5zDozoK85Hrww7mRtqYOGIfkafV6bF9njSCxWze921LF4U8SKMYkjGS2zLT2fLIN0D63Rdydy0jjxBmPjUhNzabql\/459EAK40CrxViXnD+NQDQv9WcowMbZO2lJvVa367t8tv4\/bkEtLVfWrzvlgNyG3U6GzryViT1impkR9253Vp\/scp\/Drwn1Wh0CyHOPLFxzhZ+8LZ7XzjCP3dHKrnjXDkvIuxEnovOv\/phjxXTOVuk3oDUyyfqxb6TCpSsaRQGAAXDVL2nChQFCjwe6i3yi0ahDForG6bvjAI1zTDN4swD6r0HTljC208rGEXvKQvnOUzCRZgXWt9EFcj2PVV3zmMmIT9LrTtcRA5ZSfPjFYx5OeS4GRedF5ZDj8B8qk85h4UCzVqA3RY+cYLIX0VqEyScqoZydh6yxmkVNcQROpFGOwtOQpSeBMhQBuxujMK8dfZQuN50nqym3CkEAebxNofIp6fA4z8MZ2HBBoeXVOpLE8oRN16mzDfhebfUKHjEjQ9ZXkYejfnUu6FynwWifaeX3dXTAszj+nD0E4PQsh7nSJq9zKc+1TWzHLaUjsjWR4z5E\/dkMfVMDTghIjKf6rdzHAOnmPAsCuEzneZh+3N4QDMHVdWWv5cJoZ5z2p5WNHZRu76rmAwLpmRzbT6lUZkHQ\/xxEDzv0ZHd1FB6uxA9x4x5voQQUDFQM2zvjKnPsMr7lbdyJ6A8GogzK3EO6Vp95nxHQtmtGeoujNA\/cPNnhHNLFqOCGSC\/2hlMiDyo5DTMPsPCBXEEaJzfb8Fnt7rLzeqI+S1b\/sskB6I\/tVrVtGpVBSFa7vPCs+\/cqnXJWvYDWlNBaxporWjkljuB6a9d3kHEgbYaqWWzk4VPA7I\/Vrx95zS8Cyv6EtsI42whI7Ymu\/kvop4R17tYvOdHh8fJ5PEwyocdJFwLXWHyurqM26C1z8No132OM3aioLSqwKeFys4GcaJCrKON24FKLDI48ldcobxoCq0u+duAjxGIuZ1mgU+bgXlYDxUSPr5DxFvtO1r5v8P9xw3j2jtaHzOEcb3eulvAXoZeB\/rbQfjXuD+8i8+bwYtWpzCb1Yd3CjjVud7i7wXhX2P\/XhFO4rGPXqMajuDySwY+dHaE9HeDyF\/Fs3Yf8OoeYhJ3Bm39PczVTxK9AvT3gzgdK\/7R5sS2KcJXwKIxP7bkYirLdw6Z\/18Q\/jXmbzN4WyH7D8WWjZjNXqWMLLbw5+8D4V8j7DsKgPhlR6LA35Puot6a5GIQX183b5lM48joltoMxf\/rGX1amIUH6lRm7fvDWuxf7\/uh6WUwsEwRAU4cg3MFNzOI\/5DsReWSrH9RbdFJR0sNm3ok0oY6LQN50PWHKK2IAPvX+85b6hIrmYjMHQc4Uf2ktYaHcVN9C6z\/7GE6rZ0kmbrSoSEhopqSCPPTm6saPZ3WUxtdtx9TP3G8zjUTuhKVAPav9x7EQawaJ4s\/xEKcKKO+Z61bk2\/0WudNlqBJGG4ztFERmfmWBAflnlqnGA7t\/+q6xGa+IUVhHnvGe3\/gG+8x854W9oGo14ULCXX7JumL\/ukHqed1KhN3MM8XTOIyH8EiYf8a8+crMOiBZYqknrfYmETN3pLC6qi6JNM+qW8eWkj96cxvWi2PQu+nU+eOev0BMF+vW0Os16u7\/7jt9nr2u\/ZlPcC8c5mF3sa+v25dDN60dB5+uG89TLlBWSXGqZ8s4P34vsSgRiw2Zq26JC93tgIxVqoB1yHLwTfrTR04XH3rFolozB+BTwYXIQlqto\/OWHfo1lJ0Xdcl+\/XQWrWFnrG1FkgD6w8Ybejgm0i67tRDNifQmg5s+8nyvmvrMxl8ZtnBqdWYrm859hX71\/t\/WB27DP\/O\/Ra5v4E\/9nsfzkYU+cYc1U05WD\/bg1CnMWuCr+4QS2H+JEm32cza5+Jo5Q146UZDlqw7bicrRD2dLIsjS0PbqrisDSV9b4XHErhrdjplMuCqm6XNNV2Wto2tpH98SaD3WrdGJnMDHwJb39Ll7ex4BZ8Nw8kSPXSTB+JnfH0B6jDj2dfDJLUFNwDxXMKW0nmwp46S4+WCzH+5C8x7Nye3AJzb7z844VNLghmHzXzqCjMQ54XDPIAkuZdNddkOaPcnkOw5I60htaCETgDwwPa40U9b5QEfphhwGnW8xN7aTPhF2X9VbzXhjkM5M+Q8RpYDjuwoZ9Ar20wEmAdhumt267KliRvJa82wh3WYd1QdKT9kvg57APQ1HHk3zLz7UJ4bdkD412\/5QXu82SN4WsHas5dZtvYcYg+0b32cdMS7xN3sBr5zgPktfsuJe2wShplTHTI\/w\/b9ar0x82XVfuZTJ8eN15w+DTA\/RF0AOtHP\/E0Oc2f4VG3Rfap84M1QlK3bPVLtbasD3Nup8dU4ZTz7ayV6VopxCmxDJKPspt1vNglN2ZqVcZg\/ydd1zca6KV8tq++1BAHmW5I9eFzTFmB+LeGek\/3Mb3RJbh4fhuzvgP3rXb99ifDKCiwdEDtLmJBOoROuV\/nme6eHrK8Vw1r6ZpMw1TNI57d23GFDslY6byXvVFmA+VTGumLjMh1gvibhLWEnycd8ati0IiA9w4rviWBE\/AQRLvBPhdMrzuuMxKNdFuAdECq53CAwdB6+4ej8rPUAsRHQeeAxGlYvOwRTdP4L3ZsJMJ+ycoVaQ9IZLhb7V84BY5HADiwhWiedpfiydB0KPSUTUPoM1c47CNh5G1ffogh\/bGORrfdSEvrDx\/xGQgH\/PmDnIWrI8XtB5q+xJ6N8SDMDS4T9cSvJfvaB0f8STr1BQIeN7NpSyvDYZoNim5Q9PIAZ8QyvlgR7EzJvjR40ElBUiUZXBnmbL2jnv+A4GqbQXdQvcDFUF9kIp+DxUUFtqtRfS3CwXzczkkSclXP6iFRDt7Kttc3EBozoDytSlO3sBnzCjuedil195lQdGy5fU6fitpdgzyDmNyBRgs0g5jMwmXiQ3AztqsOo8sNViL10c5qYyfR50DbC4Vv8q4X+QbTR+rC1rh0\/jrU1v75BBcgfrQTyJEtgrFiUDMHftyZgl53D3kAo1byCTNZZhlLfylLm6wtogEMXSGnB\/SmCeeCVM9Ck9LBnlb+usjVcrqD7QaIKnggzqKEu3663j1QPNHr7qH1sZT3apMzfgN7VLrpIesP9bj1v3YaYGfmC++WOzi1N6Iydv6EO97a6ZBdkdJTyr3WUSjt1GwtN6zK7xYeM9UTg0G9w1gSMA123rNbM\/kTP\/HvEWwBj5mFKpML1TQuPHqLWSLwc+mqV4O8h8dd047t+vydaQa+m6NiZzXo99d6xgSKAj3jxfIIECRIkSJAgQYIECRIkSJAgQYIEvx7\/AXtPv3rrvtbCAAAAAElFTkSuQmCC\" width=\"377\" height=\"134\" \/><\/h3>\n<h3><a href=\"https:\/\/iara.agoracat.com\/\">Per a m\u00e9s informaci\u00f3 cliqueu aqu\u00ed<\/a>.<\/h3>\n<\/header>\n","protected":false},"excerpt":{"rendered":"<p>L\u2019 empresa que s\u2019encarrega de la gesti\u00f3 del menjador i temps de migdia \u00e9s:<\/p>\n<p><a href=\"https:\/\/iara.agoracat.com\/\">Per a m\u00e9s informaci\u00f3 cliqueu aqu\u00ed<\/a>.<\/p>\n","protected":false},"author":1,"featured_media":0,"parent":66,"menu_order":30,"comment_status":"closed","ping_status":"closed","template":"page-templates\/side-menu.php","meta":{"_bbp_topic_count":0,"_bbp_reply_count":0,"_bbp_total_topic_count":0,"_bbp_total_reply_count":0,"_bbp_voice_count":0,"_bbp_anonymous_reply_count":0,"_bbp_topic_count_hidden":0,"_bbp_reply_count_hidden":0,"_bbp_forum_subforum_count":0,"footnotes":""},"class_list":["post-73","page","type-page","status-publish","hentry"],"post_mailing_queue_ids":[],"_links":{"self":[{"href":"https:\/\/agora.xtec.cat\/ceip-santaeulalia\/wp-json\/wp\/v2\/pages\/73","targetHints":{"allow":["GET"]}}],"collection":[{"href":"https:\/\/agora.xtec.cat\/ceip-santaeulalia\/wp-json\/wp\/v2\/pages"}],"about":[{"href":"https:\/\/agora.xtec.cat\/ceip-santaeulalia\/wp-json\/wp\/v2\/types\/page"}],"author":[{"embeddable":true,"href":"https:\/\/agora.xtec.cat\/ceip-santaeulalia\/wp-json\/wp\/v2\/users\/1"}],"replies":[{"embeddable":true,"href":"https:\/\/agora.xtec.cat\/ceip-santaeulalia\/wp-json\/wp\/v2\/comments?post=73"}],"version-history":[{"count":6,"href":"https:\/\/agora.xtec.cat\/ceip-santaeulalia\/wp-json\/wp\/v2\/pages\/73\/revisions"}],"predecessor-version":[{"id":875,"href":"https:\/\/agora.xtec.cat\/ceip-santaeulalia\/wp-json\/wp\/v2\/pages\/73\/revisions\/875"}],"up":[{"embeddable":true,"href":"https:\/\/agora.xtec.cat\/ceip-santaeulalia\/wp-json\/wp\/v2\/pages\/66"}],"wp:attachment":[{"href":"https:\/\/agora.xtec.cat\/ceip-santaeulalia\/wp-json\/wp\/v2\/media?parent=73"}],"curies":[{"name":"wp","href":"https:\/\/api.w.org\/{rel}","templated":true}]}}