{"id":28,"date":"2014-09-18T12:29:35","date_gmt":"2014-09-18T11:29:35","guid":{"rendered":"http:\/\/agora.xtec.cat\/ceip-santaeulalia\/?page_id=28"},"modified":"2025-05-30T15:42:34","modified_gmt":"2025-05-30T13:42:34","slug":"consell-escolar","status":"publish","type":"page","link":"https:\/\/agora.xtec.cat\/ceip-santaeulalia\/lescola\/consell-escolar\/","title":{"rendered":"Consell escolar"},"content":{"rendered":"<p style=\"color: #444444;\"><span style=\"font-weight: 400;\"><strong>QU\u00c8 \u00c9S?<\/strong><br \/>\n<\/span>El Consell Escolar \u00e9s l&#8217;\u00f2rgan de participaci\u00f3 de la comunitat educativa en el govern del centre educatiu.<\/p>\n<p style=\"color: #444444;\"><span style=\"font-weight: 400;\"><br \/>\n<strong>PER A QU\u00c8 SERVEIX?<\/strong><br \/>\n<\/span>Les funcions principals del Consell s\u00f3n l&#8217;aprovaci\u00f3, el seguiment i l&#8217;avaluaci\u00f3 dels projectes que desenvolupen l&#8217;activitat educativa del centre. Aquestes funcions estan establertes a la llei 12\/2009, de 10 de juliol, DOGC n\u00fam. 5422 del 16\/07\/2009.<\/p>\n<p style=\"color: #444444;\"><span style=\"font-weight: 400;\"><br \/>\n<strong>QUI EL FORMA?\u00a0<\/strong><br \/>\n<\/span>La composici\u00f3 del Consell Escolar actualment \u00e9s:<\/p>\n<table style=\"border-collapse: collapse; width: 100%; height: 320px;\">\n<tbody>\n<tr style=\"height: 32px;\">\n<td style=\"width: 30.6381%; height: 32px;\">Paqui Carrasquilla<\/td>\n<td style=\"width: 69.3619%; height: 32px;\">RESPRESENTANT DE L&#8217;AJUNTAMENT<\/td>\n<\/tr>\n<tr style=\"height: 32px;\">\n<td style=\"width: 30.6381%; height: 32px;\">Laura Merino<\/td>\n<td style=\"width: 69.3619%; height: 32px;\">REPRESENTANT AFA<\/td>\n<\/tr>\n<tr style=\"height: 32px;\">\n<td style=\"width: 30.6381%; height: 32px;\">Meritxell Ros Antol\u00ed<\/td>\n<td style=\"width: 69.3619%; height: 32px;\">DIRECTORA<\/td>\n<\/tr>\n<tr style=\"height: 32px;\">\n<td style=\"width: 30.6381%; height: 32px;\">Laura Blanco S\u00e1nchez<\/td>\n<td style=\"width: 69.3619%; height: 32px;\">CAP D&#8217;ESTUDIS<\/td>\n<\/tr>\n<tr style=\"height: 32px;\">\n<td style=\"width: 30.6381%; height: 32px;\">Joan Calv\u00eds Alzaga<\/td>\n<td style=\"width: 69.3619%; height: 32px;\">SECRETARI<\/td>\n<\/tr>\n<tr style=\"height: 32px;\">\n<td style=\"width: 30.6381%; height: 32px;\">Meritxell Martinez<\/td>\n<td style=\"width: 69.3619%; height: 32px;\">MESTRA<\/td>\n<\/tr>\n<tr style=\"height: 32px;\">\n<td style=\"width: 30.6381%; height: 32px;\">Olga Comas<\/td>\n<td style=\"width: 69.3619%; height: 32px;\">MESTRA<\/td>\n<\/tr>\n<tr style=\"height: 32px;\">\n<td style=\"width: 30.6381%; height: 32px;\">Laura Huguet<\/td>\n<td style=\"width: 69.3619%; height: 32px;\">MESTRA<\/td>\n<\/tr>\n<tr style=\"height: 32px;\">\n<td style=\"width: 30.6381%; height: 32px;\">Emi Llin\u00e0s<\/td>\n<td style=\"width: 69.3619%; height: 32px;\">MESTRA<\/td>\n<\/tr>\n<tr style=\"height: 32px;\">\n<td style=\"width: 30.6381%; height: 32px;\">Consuelo Melgosa<\/td>\n<td style=\"width: 69.3619%; height: 32px;\">REPRESENTANT SECTOR FAM\u00cdLIES<\/td>\n<\/tr>\n<tr>\n<td style=\"width: 30.6381%;\">Pilar Marcelino<\/td>\n<td style=\"width: 69.3619%;\">REPRESENTANT SECTOR FAM\u00cdLIES<\/td>\n<\/tr>\n<tr>\n<td style=\"width: 30.6381%;\">Ana Olmos<\/td>\n<td style=\"width: 69.3619%;\">REPRESENTANT SECTOR FAM\u00cdLIES<\/td>\n<\/tr>\n<tr>\n<td style=\"width: 30.6381%;\">Sandra Pancho<\/td>\n<td style=\"width: 69.3619%;\">REPRESENTANT SECTOR FAM\u00cdLIES<\/td>\n<\/tr>\n<tr>\n<td style=\"width: 30.6381%;\"><\/td>\n<td style=\"width: 69.3619%;\">PAS<\/td>\n<\/tr>\n<\/tbody>\n<\/table>\n<p style=\"color: #444444;\"><span style=\"font-weight: 400;\">\u00a0<\/span><\/p>\n<p style=\"font-weight: 400;\"><strong>COM S\u00d3N ESCOLLITS ELS MEMBRES DEL CONSELL ESCOLAR?<\/strong><\/p>\n<p style=\"font-weight: 400;\">Els i les membres del Consell Escolar s\u00f3n escollits per quatre anys. Cada dos anys es renova la meitat dels i les membres representants del professorat i la meitat dels i les membres representants de les fam\u00edlies dels i les alumnes. Les eleccions per a la constituci\u00f3 inicial o la renovaci\u00f3 parcial dels membres del Consell Escolar, les convoca la direcci\u00f3 del centre amb un m\u00ednim de quinze dies h\u00e0bils d&#8217;antelaci\u00f3 a la data de realitzaci\u00f3 de les votacions.<\/p>\n<p style=\"font-weight: 400;\"><strong>Tenen dret a votar<\/strong>:<\/p>\n<ul style=\"font-weight: 400;\">\n<li><strong>Per elegir els representants dels pares i les mares<\/strong>: el pare i la mare de cada alumne escolaritzat en el centre o, si \u00e9s el cas, els seus tutors legals.<\/li>\n<\/ul>\n<ul style=\"font-weight: 400;\">\n<li><strong>Per elegir els representants del professorat<\/strong>: tots els professors i les professores que integren el claustre.<\/li>\n<\/ul>\n<ul style=\"font-weight: 400;\">\n<li><strong>Per elegir el personal d&#8217;administraci\u00f3 i serveis<\/strong>: tot el personal d&#8217;administraci\u00f3 i serveis que presta serveis al centre.<\/li>\n<\/ul>\n<p>&nbsp;<\/p>\n<p><strong>QUINS ACORDS HA PRES RECENTMENT?<\/strong><\/p>\n<table style=\"border-collapse: collapse; width: 100%; height: 504px;\">\n<tbody>\n<tr style=\"height: 56px;\">\n<td style=\"width: 20.4133%; height: 56px;\">13 DE SETEMBRE DE 2023<\/td>\n<td style=\"width: 79.5867%; height: 56px;\">\n<ul>\n<li>S\u2019aprova el POCAT<\/li>\n<\/ul>\n<\/td>\n<\/tr>\n<tr style=\"height: 101px;\">\n<td style=\"width: 20.4133%; height: 101px;\">29 DE JUNY DE 2023<\/td>\n<td style=\"width: 79.5867%; height: 101px;\">\n<ul>\n<li>S\u2019aprova l\u2019Import de les aportacions de les fam\u00edlies<\/li>\n<li>S\u2019aprova el calendari i horari del curs 23-24<\/li>\n<li>S\u2019aprova el Pla d\u2019Acollida de l\u2019Alumnat d\u2019I3 pel curs 23-24<\/li>\n<\/ul>\n<\/td>\n<\/tr>\n<tr style=\"height: 123px;\">\n<td style=\"width: 20.4133%; height: 123px;\">30 DE MAR\u00c7 DE 2023<\/td>\n<td style=\"width: 79.5867%; height: 123px;\">\n<ul>\n<li>S\u2019aprova l\u2019acta de la sessi\u00f3 anterior<\/li>\n<li>S\u2019aprova el Pla Estrat\u00e8gic de Millora<\/li>\n<li>Es ratifica l\u2019aprovaci\u00f3 del Pressupost del 2023<\/li>\n<li>S\u2019aprova la liquidaci\u00f3 del Pressupost del 2022<\/li>\n<\/ul>\n<\/td>\n<\/tr>\n<tr style=\"height: 32px;\">\n<td style=\"width: 20.4133%; height: 32px;\">14 DE DESEMBRE DE 2022<\/td>\n<td style=\"width: 79.5867%; height: 32px;\">\n<ul>\n<li>S\u2019aprova l\u2019acta de la sessi\u00f3 anterior<\/li>\n<li>S\u2019aprova la Mem\u00f2ria del curs 21-22<\/li>\n<li>S\u2019aprova la PGA del curs 22-23<\/li>\n<li>Es ratifica la trobada de la comissi\u00f3 permanent<\/li>\n<li>S\u2019aprova la cessi\u00f3 del menjador<\/li>\n<\/ul>\n<\/td>\n<\/tr>\n<tr style=\"height: 32px;\">\n<td style=\"width: 20.4133%; height: 32px;\">1 DE SETEMBRE DE 2022<\/td>\n<td style=\"width: 79.5867%; height: 32px;\">\n<ul>\n<li>S\u2019aprova l\u2019acta de la sessi\u00f3 anterior<\/li>\n<li>S\u2019aprova la proposta d\u2019activitats de lleure educatiu per les tardes de setembre<\/li>\n<\/ul>\n<\/td>\n<\/tr>\n<tr style=\"height: 32px;\">\n<td style=\"width: 20.4133%; height: 32px;\">28 DE JUNY DE 2022<\/td>\n<td style=\"width: 79.5867%; height: 32px;\">\n<ul>\n<li>S\u2019aprova l\u2019acta de la sessi\u00f3 anterior<\/li>\n<li>S&#8217;aprova l\u2019import de 130 \u20ac de l\u2019aportaci\u00f3 per a llibres i material escolar per al curs 22-23<\/li>\n<li>S\u2019aprova el calendari i l\u2019horari del curs 22-23<\/li>\n<li>S\u2019aprova el pla d\u2019acollida de l\u2019alumnat de P3 pel curs 22-23<\/li>\n<\/ul>\n<\/td>\n<\/tr>\n<tr style=\"height: 32px;\">\n<td style=\"width: 20.4133%; height: 32px;\">6 D\u2019ABRIL DE 2022<\/td>\n<td style=\"width: 79.5867%; height: 32px;\">\n<ul>\n<li>S\u2019aprova l\u2019acta de la sessi\u00f3 anterior<\/li>\n<li>S\u2019aprova la liquidaci\u00f3 del pressupost del 2021<\/li>\n<li>S\u2019aprova el pressupost del 2022<\/li>\n<\/ul>\n<\/td>\n<\/tr>\n<tr style=\"height: 32px;\">\n<td style=\"width: 20.4133%; height: 32px;\">1 DE DESEMBRE DEL 2021<\/td>\n<td style=\"width: 79.5867%; height: 32px;\">\n<ul>\n<li>S\u2019aprova l\u2019acta de la sessi\u00f3 anterior<\/li>\n<li>S\u2019aprova la Mem\u00f2ria del curs 20-21<\/li>\n<li>S\u2019aproven la PGA i el PMOE del curs 21-22<\/li>\n<li>Es ratifica l\u2019aprovaci\u00f3 del document \u201cCriteris per la formaci\u00f3 de grups\u201d<\/li>\n<li>S\u2019aprova el canvi de dies de lliure disposici\u00f3<\/li>\n<\/ul>\n<\/td>\n<\/tr>\n<tr style=\"height: 32px;\">\n<td style=\"width: 20.4133%; height: 32px;\">6 DE SETEMBRE DE 2021<\/td>\n<td style=\"width: 79.5867%; height: 32px;\">\n<ul>\n<li>S\u2019aprova l\u2019acta de la sessi\u00f3 anterior<\/li>\n<li>S\u2019aprova el Pla d\u2019Organitzaci\u00f3 de Centre per al curs 2021-2022<\/li>\n<\/ul>\n<\/td>\n<\/tr>\n<tr style=\"height: 32px;\">\n<td style=\"width: 20.4133%; height: 32px;\">29 DE JUNY DE 2021<\/td>\n<td style=\"width: 79.5867%; height: 32px;\">\n<ul>\n<li>S\u2019aprova l\u2019acta de la sessi\u00f3 anterior<\/li>\n<li>S\u2019aprova l\u2019import de 130 \u20ac com a aportaci\u00f3 de les fam\u00edlies per a llibres i material escolar per al curs 2021-2022<\/li>\n<li>S\u2019aprova el Calendari i l\u2019horari del curs 2021-2022<\/li>\n<li>S\u2019aprova el Pla d\u2019Acollida de l\u2019alumnat de P3 per al curs 2021-2022<\/li>\n<\/ul>\n<\/td>\n<\/tr>\n<tr>\n<td style=\"width: 20.4133%;\">1 DE MAR\u00c7 DE 2021<\/td>\n<td style=\"width: 79.5867%;\">\n<ul>\n<li>S\u2019aprova l\u2019acta de la sessi\u00f3 anterior<\/li>\n<li>S\u2019aprova la liquidaci\u00f3 del pressupost 2020<\/li>\n<li>S\u2019aprova el pressupost del 2021<\/li>\n<li>S\u2019aproven les sortides previstes per al 2n trimestre.<\/li>\n<\/ul>\n<\/td>\n<\/tr>\n<tr>\n<td style=\"width: 20.4133%;\">23 DE NOVEMBRE DE 2020<\/td>\n<td style=\"width: 79.5867%;\">\n<ul>\n<li>S\u2019aprova l\u2019acta de la sessi\u00f3 anterior<\/li>\n<li>S\u2019aprova la mem\u00f2ria del curs 19-20<\/li>\n<li>S\u2019aproven les sortides escolars del curs 20-21<\/li>\n<li>Es ratifica la participaci\u00f3 en el Pla de Millora d\u2019Oportunitats<\/li>\n<li>S\u2019aprova la cessi\u00f3 del menjador a l\u2019AMPA<\/li>\n<li>S\u2019aprova que l\u2019AMPA pugui fer una consulta a les fam\u00edlies en relaci\u00f3 a la jornada escolar<\/li>\n<\/ul>\n<\/td>\n<\/tr>\n<tr>\n<td style=\"width: 20.4133%;\">4 DE JULIOL DE 2020<\/td>\n<td style=\"width: 79.5867%;\">\n<ul>\n<li>S\u2019aprova l\u2019acta de la sessi\u00f3 anterior<\/li>\n<li>S\u2019aprova el Pla d\u2019Organitzaci\u00f3 de centre pel curs 20-21<\/li>\n<\/ul>\n<\/td>\n<\/tr>\n<tr>\n<td style=\"width: 20.4133%;\">1 DE JULIOL DE 2020<\/td>\n<td style=\"width: 79.5867%;\">\n<ul>\n<li>S\u2019aprova l\u2019acta de la sessi\u00f3 anterior<\/li>\n<li>S\u2019aprova l\u2019import de 130 \u20ac com a aportaci\u00f3 de les fam\u00edlies per a llibres i material escolar per a tots els cursos<\/li>\n<\/ul>\n<\/td>\n<\/tr>\n<tr>\n<td style=\"width: 20.4133%;\">19 DE FEBRER DE 2020<\/td>\n<td style=\"width: 79.5867%;\">\n<ul>\n<li>S\u2019aprova l\u2019acta de la sessi\u00f3 anterior<\/li>\n<li>S\u2019aprova la liquidaci\u00f3 del pressupost de l\u2019exercici 2019<\/li>\n<li>S\u2019aprova el pressupost de l\u2019exercici 2020<\/li>\n<\/ul>\n<\/td>\n<\/tr>\n<\/tbody>\n<\/table>\n","protected":false},"excerpt":{"rendered":"<p>QU\u00c8 \u00c9S?<br \/>\nEl Consell Escolar \u00e9s l&#8217;\u00f2rgan de participaci\u00f3 de la comunitat educativa en el govern del centre educatiu.<\/p>\n<p>PER A QU\u00c8 SERVEIX?<br \/>\nLes funcions principals del Consell s\u00f3n l&#8217;aprovaci\u00f3, el seguiment i l&#8217;avaluaci\u00f3 dels projectes que desenvolupen l&#8217;activitat educativa del centre. Aquestes funcions estan establertes a la&hellip;  <a href=\"https:\/\/agora.xtec.cat\/ceip-santaeulalia\/lescola\/consell-escolar\/\" title=\"Read Consell escolar\">Llegeix m\u00e9s\u00bb<\/a><\/p>\n","protected":false},"author":1,"featured_media":0,"parent":22,"menu_order":30,"comment_status":"closed","ping_status":"closed","template":"page-templates\/side-menu.php","meta":{"_bbp_topic_count":0,"_bbp_reply_count":0,"_bbp_total_topic_count":0,"_bbp_total_reply_count":0,"_bbp_voice_count":0,"_bbp_anonymous_reply_count":0,"_bbp_topic_count_hidden":0,"_bbp_reply_count_hidden":0,"_bbp_forum_subforum_count":0,"footnotes":""},"class_list":["post-28","page","type-page","status-publish","hentry"],"post_mailing_queue_ids":[],"_links":{"self":[{"href":"https:\/\/agora.xtec.cat\/ceip-santaeulalia\/wp-json\/wp\/v2\/pages\/28","targetHints":{"allow":["GET"]}}],"collection":[{"href":"https:\/\/agora.xtec.cat\/ceip-santaeulalia\/wp-json\/wp\/v2\/pages"}],"about":[{"href":"https:\/\/agora.xtec.cat\/ceip-santaeulalia\/wp-json\/wp\/v2\/types\/page"}],"author":[{"embeddable":true,"href":"https:\/\/agora.xtec.cat\/ceip-santaeulalia\/wp-json\/wp\/v2\/users\/1"}],"replies":[{"embeddable":true,"href":"https:\/\/agora.xtec.cat\/ceip-santaeulalia\/wp-json\/wp\/v2\/comments?post=28"}],"version-history":[{"count":2,"href":"https:\/\/agora.xtec.cat\/ceip-santaeulalia\/wp-json\/wp\/v2\/pages\/28\/revisions"}],"predecessor-version":[{"id":518,"href":"https:\/\/agora.xtec.cat\/ceip-santaeulalia\/wp-json\/wp\/v2\/pages\/28\/revisions\/518"}],"up":[{"embeddable":true,"href":"https:\/\/agora.xtec.cat\/ceip-santaeulalia\/wp-json\/wp\/v2\/pages\/22"}],"wp:attachment":[{"href":"https:\/\/agora.xtec.cat\/ceip-santaeulalia\/wp-json\/wp\/v2\/media?parent=28"}],"curies":[{"name":"wp","href":"https:\/\/api.w.org\/{rel}","templated":true}]}}