{"id":24,"date":"2014-09-18T12:23:15","date_gmt":"2014-09-18T11:23:15","guid":{"rendered":"http:\/\/agora.xtec.cat\/ceip-santaeulalia\/?page_id=24"},"modified":"2025-05-23T16:02:58","modified_gmt":"2025-05-23T14:02:58","slug":"on-som","status":"publish","type":"page","link":"https:\/\/agora.xtec.cat\/ceip-santaeulalia\/lescola\/on-som\/","title":{"rendered":"On som"},"content":{"rendered":"<p style=\"color: #666666;\"><strong>Escola Santa Eul\u00e0lia\u00a0<\/strong><br \/>\nC\/ Puigmal s\/n<br \/>\n08812 Sant Pere de Ribes (Les Roquetes)<\/p>\n<p>Tel. 938 932 135<br \/>\na8034448@xtec.cat<\/p>\n<p><iframe loading=\"lazy\" style=\"border: 0;\" src=\"https:\/\/www.google.com\/maps\/embed?pb=!1m18!1m12!1m3!1d4496.111341536433!2d1.747953148789505!3d41.22733521748814!2m3!1f0!2f0!3f0!3m2!1i1024!2i768!4f13.1!3m3!1m2!1s0x12a3872a68a3525d%3A0xe9356e627fd33bd1!2sEscola%20Santa%20Eul%C3%A0lia!5e0!3m2!1sca!2ses!4v1748008415286!5m2!1sca!2ses\" width=\"600\" height=\"450\" allowfullscreen=\"allowfullscreen\"><\/iframe><\/p>\n<p><strong>Com arribar-hi:<\/strong><\/p>\n<h4>\ud83d\ude8d <strong data-start=\"468\" data-end=\"488\">Transport p\u00fablic<\/strong><\/h4>\n<h5 data-start=\"490\" data-end=\"506\"><strong data-start=\"495\" data-end=\"506\">Autob\u00fas<\/strong><\/h5>\n<p><span class=\"relative -mx-px my-[-0.2rem] rounded px-px py-[0.2rem] transition-colors duration-100 ease-in-out\">Diverses l\u00ednies d&#8217;autob\u00fas connecten Les Roquetes amb municipis propers com Vilanova i la Geltr\u00fa, Sitges i Barcelona. Algunes de les l\u00ednies que passen a prop de l&#8217;escola inclouen<\/span><\/p>\n<ul data-start=\"587\" data-end=\"833\">\n<li data-start=\"587\" data-end=\"628\">\n<p data-start=\"589\" data-end=\"628\"><span class=\"relative -mx-px my-[-0.2rem] rounded px-px py-[0.2rem] transition-colors duration-100 ease-in-out\"><strong data-start=\"0\" data-end=\"12\" data-is-only-node=\"\">L\u00ednia 72<\/strong>: Vilanova &#8211; Sitges<\/span><\/p>\n<\/li>\n<li data-start=\"629\" data-end=\"670\">\n<p data-start=\"631\" data-end=\"670\"><span class=\"relative -mx-px my-[-0.2rem] rounded px-px py-[0.2rem] transition-colors duration-100 ease-in-out\"><strong data-start=\"0\" data-end=\"11\" data-is-only-node=\"\">BCN-VNG<\/strong>: Barcelona &#8211; Vilanova per Aeroport<\/span><\/p>\n<\/li>\n<li data-start=\"671\" data-end=\"712\">\n<p data-start=\"673\" data-end=\"712\"><span class=\"relative -mx-px my-[-0.2rem] rounded px-px py-[0.2rem] transition-colors duration-100 ease-in-out\"><strong data-start=\"0\" data-end=\"7\" data-is-only-node=\"\">E16<\/strong>: Barcelona &#8211; Sitges<\/span><\/p>\n<\/li>\n<\/ul>\n<p data-start=\"835\" data-end=\"913\"><span class=\"relative -mx-px my-[-0.2rem] rounded px-px py-[0.2rem] transition-colors duration-100 ease-in-out\">Les parades m\u00e9s properes a l&#8217;escola s\u00f3n:<\/span><\/p>\n<ul data-start=\"915\" data-end=\"1077\">\n<li data-start=\"915\" data-end=\"956\">\n<p data-start=\"917\" data-end=\"956\"><span class=\"relative -mx-px my-[-0.2rem] rounded px-px py-[0.2rem] transition-colors duration-100 ease-in-out\"><strong data-start=\"0\" data-end=\"27\" data-is-only-node=\"\">Rambla Garraf &#8211; Valent\u00ed<\/strong>: a uns 6 minuts a peu.<\/span><\/p>\n<\/li>\n<li data-start=\"957\" data-end=\"1077\">\n<p data-start=\"959\" data-end=\"1077\"><span class=\"relative -mx-px my-[-0.2rem] rounded px-px py-[0.2rem] transition-colors duration-100 ease-in-out\"><strong data-start=\"0\" data-end=\"46\" data-is-only-node=\"\">Miquel Servet &#8211; Ajuntament de Les Roquetes<\/strong>: a uns 8 minuts a peu.<\/span><\/p>\n<\/li>\n<\/ul>\n<h5 data-start=\"1079\" data-end=\"1103\"><strong data-start=\"1084\" data-end=\"1103\">Tren (Rodalies)<\/strong><\/h5>\n<p data-start=\"1104\" data-end=\"1262\"><span class=\"relative -mx-px my-[-0.2rem] rounded px-px py-[0.2rem] transition-colors duration-100 ease-in-out\">L&#8217;estaci\u00f3 de tren m\u00e9s propera \u00e9s <strong data-start=\"33\" data-end=\"57\">Vilanova i la Geltr\u00fa<\/strong>, situada a uns 9 minuts a peu del Passeig de Santa Eul\u00e0lia.<\/span> <span class=\"relative -mx-px my-[-0.2rem] rounded px-px py-[0.2rem] transition-colors duration-100 ease-in-out\">Des d&#8217;all\u00e0, es pot accedir a les l\u00ednies de Rodalies <strong data-start=\"52\" data-end=\"58\">R2<\/strong>, <strong data-start=\"60\" data-end=\"67\">R2S<\/strong> i <strong data-start=\"70\" data-end=\"77\">R15<\/strong>, que connecten amb Barcelona i altres municipis.<\/span><\/p>\n<p data-start=\"1104\" data-end=\"1262\">\n<h4 data-start=\"1269\" data-end=\"1303\">\ud83d\ude97 <strong data-start=\"1276\" data-end=\"1303\">Acc\u00e9s en vehicle privat<\/strong><\/h4>\n<ul data-start=\"1305\" data-end=\"1469\">\n<li data-start=\"1305\" data-end=\"1346\">\n<p data-start=\"1307\" data-end=\"1346\"><span class=\"relative -mx-px my-[-0.2rem] rounded px-px py-[0.2rem] transition-colors duration-100 ease-in-out\"><strong data-start=\"0\" data-end=\"8\" data-is-only-node=\"\">C-15<\/strong>: Connecta amb Vilanova i la Geltr\u00fa i altres municipis de l&#8217;interior.<\/span><\/p>\n<\/li>\n<li data-start=\"1347\" data-end=\"1388\">\n<p data-start=\"1349\" data-end=\"1388\"><span class=\"relative -mx-px my-[-0.2rem] rounded px-px py-[0.2rem] transition-colors duration-100 ease-in-out\"><strong data-start=\"0\" data-end=\"8\" data-is-only-node=\"\">C-32<\/strong>: Autopista que uneix Barcelona amb Sitges i Vilanova i la Geltr\u00fa.<\/span><\/p>\n<\/li>\n<li data-start=\"1389\" data-end=\"1469\">\n<p data-start=\"1391\" data-end=\"1469\"><span class=\"relative -mx-px my-[-0.2rem] rounded px-px py-[0.2rem] transition-colors duration-100 ease-in-out\"><strong data-start=\"0\" data-end=\"8\" data-is-only-node=\"\">C-31<\/strong>: Carretera costanera que connecta amb Sitges i altres localitats del litoral.<\/span><\/p>\n<\/li>\n<\/ul>\n<p data-start=\"1471\" data-end=\"1549\"><span class=\"relative -mx-px my-[-0.2rem] rounded px-px py-[0.2rem] transition-colors duration-100 ease-in-out\">L&#8217;escola es troba a <strong data-start=\"20\" data-end=\"36\">Les Roquetes<\/strong>, una entitat de poblaci\u00f3 dins del municipi de Sant Pere de Ribes, amb acc\u00e9s f\u00e0cil des de les principals vies de comunicaci\u00f3.<\/span><\/p>\n","protected":false},"excerpt":{"rendered":"<p>Escola Santa Eul\u00e0lia\u00a0<br \/>\nC\/ Puigmal s\/n<br \/>\n08812 Sant Pere de Ribes (Les Roquetes)<br \/>\nTel. 938 932 135<br \/>\na8034448@xtec.cat<\/p>\n<p>Com arribar-hi:<br \/>\n\ud83d\ude8d Transport p\u00fablic<br \/>\nAutob\u00fas<br \/>\nDiverses l\u00ednies d&#8217;autob\u00fas connecten Les Roquetes amb municipis propers com Vilanova i la Geltr\u00fa, Sitges i Barcelona. Algunes de les l\u00ednies que passen a prop de l&#8217;escola inclouen<\/p>\n<ul data-start=\"587\"&hellip;  <a href=\"https:\/\/agora.xtec.cat\/ceip-santaeulalia\/lescola\/on-som\/\" title=\"Read On som\">Llegeix m\u00e9s\u00bb<\/a><\/p>\n","protected":false},"author":1,"featured_media":0,"parent":22,"menu_order":10,"comment_status":"closed","ping_status":"closed","template":"page-templates\/side-menu.php","meta":{"_bbp_topic_count":0,"_bbp_reply_count":0,"_bbp_total_topic_count":0,"_bbp_total_reply_count":0,"_bbp_voice_count":0,"_bbp_anonymous_reply_count":0,"_bbp_topic_count_hidden":0,"_bbp_reply_count_hidden":0,"_bbp_forum_subforum_count":0,"footnotes":""},"class_list":["post-24","page","type-page","status-publish","hentry"],"post_mailing_queue_ids":[],"_links":{"self":[{"href":"https:\/\/agora.xtec.cat\/ceip-santaeulalia\/wp-json\/wp\/v2\/pages\/24","targetHints":{"allow":["GET"]}}],"collection":[{"href":"https:\/\/agora.xtec.cat\/ceip-santaeulalia\/wp-json\/wp\/v2\/pages"}],"about":[{"href":"https:\/\/agora.xtec.cat\/ceip-santaeulalia\/wp-json\/wp\/v2\/types\/page"}],"author":[{"embeddable":true,"href":"https:\/\/agora.xtec.cat\/ceip-santaeulalia\/wp-json\/wp\/v2\/users\/1"}],"replies":[{"embeddable":true,"href":"https:\/\/agora.xtec.cat\/ceip-santaeulalia\/wp-json\/wp\/v2\/comments?post=24"}],"version-history":[{"count":5,"href":"https:\/\/agora.xtec.cat\/ceip-santaeulalia\/wp-json\/wp\/v2\/pages\/24\/revisions"}],"predecessor-version":[{"id":516,"href":"https:\/\/agora.xtec.cat\/ceip-santaeulalia\/wp-json\/wp\/v2\/pages\/24\/revisions\/516"}],"up":[{"embeddable":true,"href":"https:\/\/agora.xtec.cat\/ceip-santaeulalia\/wp-json\/wp\/v2\/pages\/22"}],"wp:attachment":[{"href":"https:\/\/agora.xtec.cat\/ceip-santaeulalia\/wp-json\/wp\/v2\/media?parent=24"}],"curies":[{"name":"wp","href":"https:\/\/api.w.org\/{rel}","templated":true}]}}