{"id":6255,"date":"2023-09-07T17:10:22","date_gmt":"2023-09-07T15:10:22","guid":{"rendered":"https:\/\/agora.xtec.cat\/ceip-santacreu-anglesola\/?page_id=6255"},"modified":"2023-09-28T17:25:53","modified_gmt":"2023-09-28T15:25:53","slug":"guia-per-a-a-families-cruels-i-malvades","status":"publish","type":"page","link":"https:\/\/agora.xtec.cat\/ceip-santacreu-anglesola\/guia-per-a-a-families-cruels-i-malvades\/","title":{"rendered":"Guia per a a fam\u00edlies cruels i malvades"},"content":{"rendered":"<p>En el seg\u00fcent enlla\u00e7 trobareu una guia elaborada per la cooperativa Som Connexi\u00f3 que pret\u00e9n acompanyar a les mares i els pares a decidir de forma conscient com educar els seus fills i filles en l\u2019\u00fas de la tecnologia m\u00f2bil i com\u00a0 introduir l\u2019\u00fas del primer m\u00f2bil de les filles i fills.<\/p>\n<p><a href=\"https:\/\/somconnexio.coop\/wp-content\/uploads\/2022\/05\/GuiaSomConnexio-Online-Catala-Pagines.pdf\" target=\"_blank\" rel=\"noopener\"><strong>GUIA PER A FAM\u00cdLIES CRUELS I MALVADES<\/strong><\/a><\/p>\n<p><iframe loading=\"lazy\" title=\"YouTube video player\" src=\"https:\/\/www.youtube.com\/embed\/QuXQj7OIGA0?si=V_A0cs4MjP5EEub8\" width=\"560\" height=\"315\" frameborder=\"0\" allowfullscreen=\"allowfullscreen\"><\/iframe><\/p>\n<p><iframe loading=\"lazy\" src=\"https:\/\/drive.google.com\/file\/d\/1TgGffDvv-GWlmIw11W0zDUHfunIwxwp4\/preview\" width=\"640\" height=\"480\"><\/iframe><\/p>\n<p><strong>M\u00c9S RECURSOS:<\/strong><\/p>\n<p><a href=\"https:\/\/www.cafeisocialmedia.cat\/?utm_campaign=Bones%20festes%202021&amp;utm_medium=email&amp;utm_source=mailing24\" target=\"_blank\" rel=\"noopener\">Acompanyament digital per a fam\u00edlies: adults i menors.<\/a><\/p>\n<p>&nbsp;<\/p>\n","protected":false},"excerpt":{"rendered":"<p>En el seg\u00fcent enlla\u00e7 trobareu una guia elaborada per la cooperativa Som Connexi\u00f3 que pret\u00e9n acompanyar a les mares i els pares a decidir de forma conscient com educar els seus fills i filles en l\u2019\u00fas de la tecnologia m\u00f2bil i com\u00a0 introduir l\u2019\u00fas del&hellip;  <a href=\"https:\/\/agora.xtec.cat\/ceip-santacreu-anglesola\/guia-per-a-a-families-cruels-i-malvades\/\" title=\"Read Guia per a a fam\u00edlies cruels i malvades\">Llegeix m\u00e9s\u00bb<\/a><\/p>\n","protected":false},"author":11,"featured_media":0,"parent":0,"menu_order":0,"comment_status":"closed","ping_status":"closed","template":"","meta":{"_bbp_topic_count":0,"_bbp_reply_count":0,"_bbp_total_topic_count":0,"_bbp_total_reply_count":0,"_bbp_voice_count":0,"_bbp_anonymous_reply_count":0,"_bbp_topic_count_hidden":0,"_bbp_reply_count_hidden":0,"_bbp_forum_subforum_count":0,"footnotes":""},"class_list":["post-6255","page","type-page","status-publish","hentry"],"post_mailing_queue_ids":[],"_links":{"self":[{"href":"https:\/\/agora.xtec.cat\/ceip-santacreu-anglesola\/wp-json\/wp\/v2\/pages\/6255","targetHints":{"allow":["GET"]}}],"collection":[{"href":"https:\/\/agora.xtec.cat\/ceip-santacreu-anglesola\/wp-json\/wp\/v2\/pages"}],"about":[{"href":"https:\/\/agora.xtec.cat\/ceip-santacreu-anglesola\/wp-json\/wp\/v2\/types\/page"}],"author":[{"embeddable":true,"href":"https:\/\/agora.xtec.cat\/ceip-santacreu-anglesola\/wp-json\/wp\/v2\/users\/11"}],"replies":[{"embeddable":true,"href":"https:\/\/agora.xtec.cat\/ceip-santacreu-anglesola\/wp-json\/wp\/v2\/comments?post=6255"}],"version-history":[{"count":4,"href":"https:\/\/agora.xtec.cat\/ceip-santacreu-anglesola\/wp-json\/wp\/v2\/pages\/6255\/revisions"}],"predecessor-version":[{"id":6293,"href":"https:\/\/agora.xtec.cat\/ceip-santacreu-anglesola\/wp-json\/wp\/v2\/pages\/6255\/revisions\/6293"}],"wp:attachment":[{"href":"https:\/\/agora.xtec.cat\/ceip-santacreu-anglesola\/wp-json\/wp\/v2\/media?parent=6255"}],"curies":[{"name":"wp","href":"https:\/\/api.w.org\/{rel}","templated":true}]}}