{"id":622,"date":"2020-02-13T10:55:20","date_gmt":"2020-02-13T09:55:20","guid":{"rendered":"http:\/\/agora.xtec.cat\/ceip-santacreu-anglesola\/?page_id=622"},"modified":"2025-07-02T10:05:54","modified_gmt":"2025-07-02T08:05:54","slug":"pagaments","status":"publish","type":"page","link":"https:\/\/agora.xtec.cat\/ceip-santacreu-anglesola\/pagaments\/","title":{"rendered":"Pagaments"},"content":{"rendered":"<p>Per al curs <strong>2025\/2026<\/strong>\u00a0el preu del material ser\u00e0 de <strong>50 euros a Educaci\u00f3 Infantil i a Prim\u00e0ria<\/strong>.<\/p>\n<p>El n\u00famero de compte de l&#8217;Escola Santa Creu per poder fer els pagaments \u00e9s:<\/p>\n<p><strong>CAIXABANK: ES86 2100 0521 3702 0003 6479.<\/strong><\/p>\n<p>En el moment de fer l&#8217;ingr\u00e9s cal indicar el nom i cognom de l&#8217;alumne i el curs.<\/p>\n<p>Termini de pagament fins el dia <strong><span style=\"color: #008080;\">1 de setembre de 2025.<\/span><\/strong><\/p>\n<p>&nbsp;<\/p>\n<p>&nbsp;<\/p>\n<p>&nbsp;<\/p>\n","protected":false},"excerpt":{"rendered":"<p>Per al curs 2025\/2026\u00a0el preu del material ser\u00e0 de 50 euros a Educaci\u00f3 Infantil i a Prim\u00e0ria.<br \/>\nEl n\u00famero de compte de l&#8217;Escola Santa Creu per poder fer els pagaments \u00e9s:<br \/>\nCAIXABANK: ES86 2100 0521 3702 0003 6479.<br \/>\nEn el moment de fer l&#8217;ingr\u00e9s cal indicar el nom&hellip;  <a href=\"https:\/\/agora.xtec.cat\/ceip-santacreu-anglesola\/pagaments\/\" title=\"Read Pagaments\">Llegeix m\u00e9s\u00bb<\/a><\/p>\n","protected":false},"author":1,"featured_media":0,"parent":0,"menu_order":0,"comment_status":"closed","ping_status":"closed","template":"","meta":{"_bbp_topic_count":0,"_bbp_reply_count":0,"_bbp_total_topic_count":0,"_bbp_total_reply_count":0,"_bbp_voice_count":0,"_bbp_anonymous_reply_count":0,"_bbp_topic_count_hidden":0,"_bbp_reply_count_hidden":0,"_bbp_forum_subforum_count":0,"footnotes":""},"class_list":["post-622","page","type-page","status-publish","hentry"],"post_mailing_queue_ids":[],"_links":{"self":[{"href":"https:\/\/agora.xtec.cat\/ceip-santacreu-anglesola\/wp-json\/wp\/v2\/pages\/622","targetHints":{"allow":["GET"]}}],"collection":[{"href":"https:\/\/agora.xtec.cat\/ceip-santacreu-anglesola\/wp-json\/wp\/v2\/pages"}],"about":[{"href":"https:\/\/agora.xtec.cat\/ceip-santacreu-anglesola\/wp-json\/wp\/v2\/types\/page"}],"author":[{"embeddable":true,"href":"https:\/\/agora.xtec.cat\/ceip-santacreu-anglesola\/wp-json\/wp\/v2\/users\/1"}],"replies":[{"embeddable":true,"href":"https:\/\/agora.xtec.cat\/ceip-santacreu-anglesola\/wp-json\/wp\/v2\/comments?post=622"}],"version-history":[{"count":7,"href":"https:\/\/agora.xtec.cat\/ceip-santacreu-anglesola\/wp-json\/wp\/v2\/pages\/622\/revisions"}],"predecessor-version":[{"id":7985,"href":"https:\/\/agora.xtec.cat\/ceip-santacreu-anglesola\/wp-json\/wp\/v2\/pages\/622\/revisions\/7985"}],"wp:attachment":[{"href":"https:\/\/agora.xtec.cat\/ceip-santacreu-anglesola\/wp-json\/wp\/v2\/media?parent=622"}],"curies":[{"name":"wp","href":"https:\/\/api.w.org\/{rel}","templated":true}]}}