{"id":361,"date":"2017-05-04T13:17:35","date_gmt":"2017-05-04T11:17:35","guid":{"rendered":"http:\/\/agora.xtec.cat\/ceip-santacreu-anglesola\/?page_id=361"},"modified":"2020-02-13T10:35:08","modified_gmt":"2020-02-13T09:35:08","slug":"articles-educacio-socioemocional","status":"publish","type":"page","link":"https:\/\/agora.xtec.cat\/ceip-santacreu-anglesola\/articles-educacio-socioemocional\/","title":{"rendered":"EDUCACI\u00d3 SOCIOEMOCIONAL A L&#8217;ESCOLA"},"content":{"rendered":"<p>En aquesta p\u00e0gina compartirem amb tota la comunitat educativa les activitats relacionades amb l&#8217;educaci\u00f3 emocional que duem a terme a l&#8217;escola. El claustre de mestres estem conven\u00e7uts i conven\u00e7udes que la integraci\u00f3 de l&#8217;educaci\u00f3 emocional dins del curriculum i, per tant, dins de la cultura de centre, \u00e9s fonamental per a fer infants capa\u00e7os de desenvolupar la seva intel\u00b7lig\u00e8ncia emocional de manera positiva.<\/p>\n","protected":false},"excerpt":{"rendered":"<p>En aquesta p\u00e0gina compartirem amb tota la comunitat educativa les activitats relacionades amb l&#8217;educaci\u00f3 emocional que duem a terme a l&#8217;escola. El claustre de mestres estem conven\u00e7uts i conven\u00e7udes que la integraci\u00f3 de l&#8217;educaci\u00f3 emocional dins del curriculum i, per tant, dins de la cultura&hellip;  <a href=\"https:\/\/agora.xtec.cat\/ceip-santacreu-anglesola\/articles-educacio-socioemocional\/\" title=\"Read EDUCACI\u00d3 SOCIOEMOCIONAL A L&#8217;ESCOLA\">Llegeix m\u00e9s\u00bb<\/a><\/p>\n","protected":false},"author":1,"featured_media":0,"parent":0,"menu_order":0,"comment_status":"closed","ping_status":"closed","template":"","meta":{"_bbp_topic_count":0,"_bbp_reply_count":0,"_bbp_total_topic_count":0,"_bbp_total_reply_count":0,"_bbp_voice_count":0,"_bbp_anonymous_reply_count":0,"_bbp_topic_count_hidden":0,"_bbp_reply_count_hidden":0,"_bbp_forum_subforum_count":0,"footnotes":""},"class_list":["post-361","page","type-page","status-publish","hentry"],"post_mailing_queue_ids":[],"_links":{"self":[{"href":"https:\/\/agora.xtec.cat\/ceip-santacreu-anglesola\/wp-json\/wp\/v2\/pages\/361","targetHints":{"allow":["GET"]}}],"collection":[{"href":"https:\/\/agora.xtec.cat\/ceip-santacreu-anglesola\/wp-json\/wp\/v2\/pages"}],"about":[{"href":"https:\/\/agora.xtec.cat\/ceip-santacreu-anglesola\/wp-json\/wp\/v2\/types\/page"}],"author":[{"embeddable":true,"href":"https:\/\/agora.xtec.cat\/ceip-santacreu-anglesola\/wp-json\/wp\/v2\/users\/1"}],"replies":[{"embeddable":true,"href":"https:\/\/agora.xtec.cat\/ceip-santacreu-anglesola\/wp-json\/wp\/v2\/comments?post=361"}],"version-history":[{"count":4,"href":"https:\/\/agora.xtec.cat\/ceip-santacreu-anglesola\/wp-json\/wp\/v2\/pages\/361\/revisions"}],"predecessor-version":[{"id":587,"href":"https:\/\/agora.xtec.cat\/ceip-santacreu-anglesola\/wp-json\/wp\/v2\/pages\/361\/revisions\/587"}],"wp:attachment":[{"href":"https:\/\/agora.xtec.cat\/ceip-santacreu-anglesola\/wp-json\/wp\/v2\/media?parent=361"}],"curies":[{"name":"wp","href":"https:\/\/api.w.org\/{rel}","templated":true}]}}