{"id":5558,"date":"2021-09-04T15:31:07","date_gmt":"2021-09-04T13:31:07","guid":{"rendered":"https:\/\/agora.xtec.cat\/ceip-santa-anna-castellvell\/?page_id=5558"},"modified":"2025-01-25T18:57:33","modified_gmt":"2025-01-25T17:57:33","slug":"el-nostre-lema","status":"publish","type":"page","link":"https:\/\/agora.xtec.cat\/ceip-santa-anna-castellvell\/lescola\/el-nostre-lema\/","title":{"rendered":"El nostre lema"},"content":{"rendered":"<p style=\"text-align: left;\"><strong><span dir=\"ltr\">#Teixim VINCLES<\/span><\/strong><\/p>\n<p>&nbsp;<\/p>\n<blockquote><p><span style=\"font-weight: 400; color: #000000;\">Iniciem un nou curs i un nou repte. El cam\u00ed de l\u2019educaci\u00f3 i l\u2019aprenentatge \u00e9s viu, llarg, divers i ple d\u2019oportunitats per\u00f2 tamb\u00e9 d\u2019obstacles. La comunicaci\u00f3, l\u2019escolta, la bona entesa i el comprom\u00eds per treballar amb rigor, professionalitat i humanitat ens ha d\u2019ajudar a bastir un equip fort i determinat a assolir els objectius proposats. Aix\u00f2 nom\u00e9s ser\u00e0 possible si ho fem junts, reconeixent encerts i errors, compartint idees, propostes i coneixements i agraint l\u2019ajuda i la feina de cadasc\u00fa en el benefici de l&#8217;equip.<\/span><\/p>\n<p><span style=\"font-weight: 400; color: #000000;\">Justifiquem aix\u00ed la necessitat de crear VINCLES i les COMPLICITATS necess\u00e0ries, en tots els \u00e0mbits per ser capa\u00e7os d\u2019activar sabers, de generar aprenentatges valuosos, fer modelatge d\u2019actituds, valors i de gesti\u00f3 d\u2019emocions i alhora, transmetre habilitats i actituds imprescindibles que serveixin als nostres infants per aprendre i continuar aprenent al llarg de la vida.<\/span><\/p>\n<p><span style=\"color: #000000;\"><span style=\"font-weight: 400;\">Aix\u00ed doncs, iniciem el curs i \u2026 <\/span><b>\u201cTEIXIM VINCLES\u201d<\/b><span style=\"font-weight: 400;\"> forts i fem-los extensius a tota la comunitat educativa i a l\u2019entorn proper.\u00a0<\/span><\/span><\/p>\n<p><span style=\"font-weight: 400; color: #000000;\">Les oportunitats d\u2019aprenentatge es generen en el dia a dia de l\u2019infant, en el seu entorn familiar i social i per tant cal ajudar-los a desenvolupar les habilitats i dotar-los de les eines necess\u00e0ries, adequades a l\u2019edat, que els permetin interpretar i gestionar tota aquesta informaci\u00f3 i els facin resolutius, amb iniciativa, cr\u00edtics i responsables. Eines que els han d\u2019acompanyar al llarg de la seva vida i permetre aprendre a aprendre en tot tipus de situacions i condicions.<\/span><\/p>\n<p><span style=\"font-weight: 400; color: #000000;\">Tenim doncs un objectiu com\u00fa i nom\u00e9s ser\u00e0 possible amb si comptem amb el suport de tota la comunitat educativa<\/span><\/p>\n<p><span style=\"color: #000000;\"><b>\u00a0\u00a0\u00a0\u00a0\u00a0\u00a0\u00a0\u00a0\u00a0TEIXIM VINCLES i <\/b><\/span><span style=\"color: #000000;\"><b>FEM CR\u00c9IXER LA NOSTRA XARXA DE CONEIXEMENT!<\/b><\/span><\/p><\/blockquote>\n<blockquote>\n<p style=\"text-align: left;\"><a href=\"https:\/\/agora.xtec.cat\/ceip-santa-anna-castellvell\/wp-content\/uploads\/usu47\/2024\/10\/TEIXINT-LOGO-OK.jpg\"><img loading=\"lazy\" decoding=\"async\" class=\"aligncenter wp-image-9608\" src=\"https:\/\/agora.xtec.cat\/ceip-santa-anna-castellvell\/wp-content\/uploads\/usu47\/2024\/10\/TEIXINT-LOGO-OK-1024x695.jpg\" alt=\"\" width=\"603\" height=\"409\" srcset=\"https:\/\/agora.xtec.cat\/ceip-santa-anna-castellvell\/wp-content\/uploads\/usu47\/2024\/10\/TEIXINT-LOGO-OK-1024x695.jpg 1024w, https:\/\/agora.xtec.cat\/ceip-santa-anna-castellvell\/wp-content\/uploads\/usu47\/2024\/10\/TEIXINT-LOGO-OK-300x204.jpg 300w, https:\/\/agora.xtec.cat\/ceip-santa-anna-castellvell\/wp-content\/uploads\/usu47\/2024\/10\/TEIXINT-LOGO-OK-768x521.jpg 768w, https:\/\/agora.xtec.cat\/ceip-santa-anna-castellvell\/wp-content\/uploads\/usu47\/2024\/10\/TEIXINT-LOGO-OK.jpg 1121w\" sizes=\"auto, (max-width: 603px) 100vw, 603px\" \/><\/a><\/p>\n<\/blockquote>\n<p>&nbsp;<\/p>\n","protected":false},"excerpt":{"rendered":"<p>#Teixim VINCLES &nbsp; Iniciem un nou curs i un nou repte. El cam\u00ed de l\u2019educaci\u00f3 i l\u2019aprenentatge \u00e9s viu, llarg, divers i ple d\u2019oportunitats per\u00f2 tamb\u00e9 d\u2019obstacles. La comunicaci\u00f3, l\u2019escolta, la bona entesa i el comprom\u00eds per treballar amb rigor, professionalitat i humanitat ens ha d\u2019ajudar a bastir un equip fort i determinat a assolir [&hellip;]<\/p>\n","protected":false},"author":28,"featured_media":0,"parent":22,"menu_order":2,"comment_status":"closed","ping_status":"closed","template":"page-templates\/side-menu.php","meta":{"_bbp_topic_count":0,"_bbp_reply_count":0,"_bbp_total_topic_count":0,"_bbp_total_reply_count":0,"_bbp_voice_count":0,"_bbp_anonymous_reply_count":0,"_bbp_topic_count_hidden":0,"_bbp_reply_count_hidden":0,"_bbp_forum_subforum_count":0,"site-sidebar-layout":"default","site-content-layout":"","ast-site-content-layout":"","site-content-style":"default","site-sidebar-style":"default","ast-global-header-display":"","ast-banner-title-visibility":"","ast-main-header-display":"","ast-hfb-above-header-display":"","ast-hfb-below-header-display":"","ast-hfb-mobile-header-display":"","site-post-title":"","ast-breadcrumbs-content":"","ast-featured-img":"","footer-sml-layout":"","theme-transparent-header-meta":"","adv-header-id-meta":"","stick-header-meta":"","header-above-stick-meta":"","header-main-stick-meta":"","header-below-stick-meta":"","astra-migrate-meta-layouts":"default","ast-page-background-enabled":"default","ast-page-background-meta":{"desktop":{"background-color":"var(--ast-global-color-4)","background-image":"","background-repeat":"repeat","background-position":"center center","background-size":"auto","background-attachment":"scroll","background-type":"","background-media":"","overlay-type":"","overlay-color":"","overlay-opacity":"","overlay-gradient":""},"tablet":{"background-color":"","background-image":"","background-repeat":"repeat","background-position":"center center","background-size":"auto","background-attachment":"scroll","background-type":"","background-media":"","overlay-type":"","overlay-color":"","overlay-opacity":"","overlay-gradient":""},"mobile":{"background-color":"","background-image":"","background-repeat":"repeat","background-position":"center center","background-size":"auto","background-attachment":"scroll","background-type":"","background-media":"","overlay-type":"","overlay-color":"","overlay-opacity":"","overlay-gradient":""}},"ast-content-background-meta":{"desktop":{"background-color":"var(--ast-global-color-5)","background-image":"","background-repeat":"repeat","background-position":"center center","background-size":"auto","background-attachment":"scroll","background-type":"","background-media":"","overlay-type":"","overlay-color":"","overlay-opacity":"","overlay-gradient":""},"tablet":{"background-color":"var(--ast-global-color-5)","background-image":"","background-repeat":"repeat","background-position":"center center","background-size":"auto","background-attachment":"scroll","background-type":"","background-media":"","overlay-type":"","overlay-color":"","overlay-opacity":"","overlay-gradient":""},"mobile":{"background-color":"var(--ast-global-color-5)","background-image":"","background-repeat":"repeat","background-position":"center center","background-size":"auto","background-attachment":"scroll","background-type":"","background-media":"","overlay-type":"","overlay-color":"","overlay-opacity":"","overlay-gradient":""}},"footnotes":""},"class_list":["post-5558","page","type-page","status-publish","hentry"],"post_mailing_queue_ids":[],"_links":{"self":[{"href":"https:\/\/agora.xtec.cat\/ceip-santa-anna-castellvell\/wp-json\/wp\/v2\/pages\/5558","targetHints":{"allow":["GET"]}}],"collection":[{"href":"https:\/\/agora.xtec.cat\/ceip-santa-anna-castellvell\/wp-json\/wp\/v2\/pages"}],"about":[{"href":"https:\/\/agora.xtec.cat\/ceip-santa-anna-castellvell\/wp-json\/wp\/v2\/types\/page"}],"author":[{"embeddable":true,"href":"https:\/\/agora.xtec.cat\/ceip-santa-anna-castellvell\/wp-json\/wp\/v2\/users\/28"}],"replies":[{"embeddable":true,"href":"https:\/\/agora.xtec.cat\/ceip-santa-anna-castellvell\/wp-json\/wp\/v2\/comments?post=5558"}],"version-history":[{"count":7,"href":"https:\/\/agora.xtec.cat\/ceip-santa-anna-castellvell\/wp-json\/wp\/v2\/pages\/5558\/revisions"}],"predecessor-version":[{"id":10235,"href":"https:\/\/agora.xtec.cat\/ceip-santa-anna-castellvell\/wp-json\/wp\/v2\/pages\/5558\/revisions\/10235"}],"up":[{"embeddable":true,"href":"https:\/\/agora.xtec.cat\/ceip-santa-anna-castellvell\/wp-json\/wp\/v2\/pages\/22"}],"wp:attachment":[{"href":"https:\/\/agora.xtec.cat\/ceip-santa-anna-castellvell\/wp-json\/wp\/v2\/media?parent=5558"}],"curies":[{"name":"wp","href":"https:\/\/api.w.org\/{rel}","templated":true}]}}