{"id":4466,"date":"2021-02-07T20:34:03","date_gmt":"2021-02-07T19:34:03","guid":{"rendered":"https:\/\/agora.xtec.cat\/ceip-santa-anna-castellvell\/?page_id=4466"},"modified":"2025-11-08T21:43:24","modified_gmt":"2025-11-08T20:43:24","slug":"equip-menjador-neteja","status":"publish","type":"page","link":"https:\/\/agora.xtec.cat\/ceip-santa-anna-castellvell\/qui-som\/equip-menjador-neteja\/","title":{"rendered":"Equip serveis: espai migdia-menjador i equip de neteja"},"content":{"rendered":"<table style=\"height: 243px; width: 69.2884%; border-color: #ffffff;\">\n<tbody>\n<tr style=\"height: 33px;\">\n<td style=\"height: 33px; width: 68.3215%; background-color: #ff6600; border-color: #ffffff;\" colspan=\"2\"><span style=\"color: #ffffff;\"><strong>Equip de monitoratge de menjador escolar<\/strong><\/span><\/td>\n<\/tr>\n<tr style=\"height: 33px;\">\n<td style=\"height: 14px; width: 28.2578%;\">Imma Barriach\u00a0 (coordinadora)<\/td>\n<td style=\"height: 47px; width: 40.0637%;\" rowspan=\"2\">Monitores menjador escolar &#8211; AFA<\/td>\n<\/tr>\n<tr style=\"height: 33px;\">\n<td style=\"height: 33px; width: 28.2578%;\">Susanna, Bel\u00e9n, Cristina, \u00c0lex, Gemma, Carme, Luci<\/td>\n<\/tr>\n<tr>\n<td style=\"width: 28.2578%;\">J\u00falia del Barrio<\/td>\n<td style=\"width: 40.0637%;\">Suport<\/td>\n<\/tr>\n<tr style=\"height: 33px;\">\n<td style=\"height: 33px; width: 28.2578%;\">Daniel<\/td>\n<td style=\"height: 33px; width: 40.0637%;\">Cuiner. Cuina in situ: &#8220;\u00c0pats Sans&#8221;<\/td>\n<\/tr>\n<tr style=\"height: 31px;\">\n<td style=\"width: 28.2578%; height: 31px;\">Karima Nejmaqui<\/td>\n<td style=\"width: 40.0637%; height: 31px;\">Ajudant cuina<\/td>\n<\/tr>\n<tr style=\"height: 33px;\">\n<td style=\"width: 68.3215%; background-color: #ff6600; height: 33px;\" colspan=\"2\"><span style=\"color: #ffffff;\"><strong>Equip de neteja escolar<\/strong><\/span><\/td>\n<\/tr>\n<tr style=\"height: 33px;\">\n<td style=\"height: 33px; width: 28.2578%;\">Isabel Dom\u00e8nech<\/td>\n<td style=\"height: 66px; width: 40.0637%;\" rowspan=\"2\">Empresa EVOBAC Integral Service SLU<\/td>\n<\/tr>\n<tr style=\"height: 33px;\">\n<td style=\"width: 28.2578%; height: 33px;\">M. Jos\u00e9 M\u00e1rmol<\/td>\n<\/tr>\n<\/tbody>\n<\/table>\n","protected":false},"excerpt":{"rendered":"<p>Equip de monitoratge de menjador escolar Imma Barriach\u00a0 (coordinadora) Monitores menjador escolar &#8211; AFA Susanna, Bel\u00e9n, Cristina, \u00c0lex, Gemma, Carme, Luci J\u00falia del Barrio Suport Daniel Cuiner. Cuina in situ: &#8220;\u00c0pats Sans&#8221; Karima Nejmaqui Ajudant cuina Equip de neteja escolar Isabel Dom\u00e8nech Empresa EVOBAC Integral Service SLU M. Jos\u00e9 M\u00e1rmol<\/p>\n","protected":false},"author":28,"featured_media":0,"parent":2216,"menu_order":6,"comment_status":"closed","ping_status":"closed","template":"","meta":{"_bbp_topic_count":0,"_bbp_reply_count":0,"_bbp_total_topic_count":0,"_bbp_total_reply_count":0,"_bbp_voice_count":0,"_bbp_anonymous_reply_count":0,"_bbp_topic_count_hidden":0,"_bbp_reply_count_hidden":0,"_bbp_forum_subforum_count":0,"site-sidebar-layout":"default","site-content-layout":"","ast-site-content-layout":"default","site-content-style":"default","site-sidebar-style":"default","ast-global-header-display":"","ast-banner-title-visibility":"","ast-main-header-display":"","ast-hfb-above-header-display":"","ast-hfb-below-header-display":"","ast-hfb-mobile-header-display":"","site-post-title":"","ast-breadcrumbs-content":"","ast-featured-img":"","footer-sml-layout":"","theme-transparent-header-meta":"","adv-header-id-meta":"","stick-header-meta":"","header-above-stick-meta":"","header-main-stick-meta":"","header-below-stick-meta":"","astra-migrate-meta-layouts":"set","ast-page-background-enabled":"default","ast-page-background-meta":{"desktop":{"background-color":"var(--ast-global-color-4)","background-image":"","background-repeat":"repeat","background-position":"center center","background-size":"auto","background-attachment":"scroll","background-type":"","background-media":"","overlay-type":"","overlay-color":"","overlay-opacity":"","overlay-gradient":""},"tablet":{"background-color":"","background-image":"","background-repeat":"repeat","background-position":"center center","background-size":"auto","background-attachment":"scroll","background-type":"","background-media":"","overlay-type":"","overlay-color":"","overlay-opacity":"","overlay-gradient":""},"mobile":{"background-color":"","background-image":"","background-repeat":"repeat","background-position":"center center","background-size":"auto","background-attachment":"scroll","background-type":"","background-media":"","overlay-type":"","overlay-color":"","overlay-opacity":"","overlay-gradient":""}},"ast-content-background-meta":{"desktop":{"background-color":"var(--ast-global-color-5)","background-image":"","background-repeat":"repeat","background-position":"center center","background-size":"auto","background-attachment":"scroll","background-type":"","background-media":"","overlay-type":"","overlay-color":"","overlay-opacity":"","overlay-gradient":""},"tablet":{"background-color":"var(--ast-global-color-5)","background-image":"","background-repeat":"repeat","background-position":"center center","background-size":"auto","background-attachment":"scroll","background-type":"","background-media":"","overlay-type":"","overlay-color":"","overlay-opacity":"","overlay-gradient":""},"mobile":{"background-color":"var(--ast-global-color-5)","background-image":"","background-repeat":"repeat","background-position":"center center","background-size":"auto","background-attachment":"scroll","background-type":"","background-media":"","overlay-type":"","overlay-color":"","overlay-opacity":"","overlay-gradient":""}},"footnotes":""},"class_list":["post-4466","page","type-page","status-publish","hentry"],"post_mailing_queue_ids":[],"_links":{"self":[{"href":"https:\/\/agora.xtec.cat\/ceip-santa-anna-castellvell\/wp-json\/wp\/v2\/pages\/4466","targetHints":{"allow":["GET"]}}],"collection":[{"href":"https:\/\/agora.xtec.cat\/ceip-santa-anna-castellvell\/wp-json\/wp\/v2\/pages"}],"about":[{"href":"https:\/\/agora.xtec.cat\/ceip-santa-anna-castellvell\/wp-json\/wp\/v2\/types\/page"}],"author":[{"embeddable":true,"href":"https:\/\/agora.xtec.cat\/ceip-santa-anna-castellvell\/wp-json\/wp\/v2\/users\/28"}],"replies":[{"embeddable":true,"href":"https:\/\/agora.xtec.cat\/ceip-santa-anna-castellvell\/wp-json\/wp\/v2\/comments?post=4466"}],"version-history":[{"count":5,"href":"https:\/\/agora.xtec.cat\/ceip-santa-anna-castellvell\/wp-json\/wp\/v2\/pages\/4466\/revisions"}],"predecessor-version":[{"id":11326,"href":"https:\/\/agora.xtec.cat\/ceip-santa-anna-castellvell\/wp-json\/wp\/v2\/pages\/4466\/revisions\/11326"}],"up":[{"embeddable":true,"href":"https:\/\/agora.xtec.cat\/ceip-santa-anna-castellvell\/wp-json\/wp\/v2\/pages\/2216"}],"wp:attachment":[{"href":"https:\/\/agora.xtec.cat\/ceip-santa-anna-castellvell\/wp-json\/wp\/v2\/media?parent=4466"}],"curies":[{"name":"wp","href":"https:\/\/api.w.org\/{rel}","templated":true}]}}