{"id":4464,"date":"2021-02-07T20:28:52","date_gmt":"2021-02-07T19:28:52","guid":{"rendered":"https:\/\/agora.xtec.cat\/ceip-santa-anna-castellvell\/?page_id=4464"},"modified":"2024-02-15T12:39:00","modified_gmt":"2024-02-15T11:39:00","slug":"equip-directiu","status":"publish","type":"page","link":"https:\/\/agora.xtec.cat\/ceip-santa-anna-castellvell\/qui-som\/equip-directiu\/","title":{"rendered":"Equip directiu"},"content":{"rendered":"<table style=\"border-color: #ffffff; width: 70.4543%;\">\n<tbody>\n<tr>\n<td style=\"width: 25.7037%; border-color: #ffffff; background-color: #ff6600;\"><span style=\"color: #ffffff;\"><strong>Nom<\/strong><\/span><\/td>\n<td style=\"width: 15.838%; border-color: #ffffff; background-color: #ff6600;\"><span style=\"color: #ffffff;\"><strong>C\u00e0rrec<\/strong><\/span><\/td>\n<td style=\"width: 20.4601%; border-color: #ffffff; background-color: #ff6600;\"><span style=\"color: #ffffff;\"><strong>Perfil<\/strong><\/span><\/td>\n<td style=\"width: 18.0275%; border-color: #ffffff; background-color: #ff6600;\"><span style=\"color: #ffffff;\"><strong>Inici doc\u00e8ncia<\/strong><\/span><\/td>\n<td style=\"width: 83.4687%; border-color: #ffffff; background-color: #ff6600;\"><span style=\"color: #ffffff;\"><strong>Horari d&#8217;atenci\u00f3 a les fam\u00edlies<\/strong><strong><br \/>\n<\/strong><\/span><\/td>\n<\/tr>\n<tr>\n<td style=\"width: 25.7037%;\">Montse Angl\u00e8s Juanpere<\/td>\n<td style=\"width: 15.838%;\">Directora<\/td>\n<td style=\"width: 20.4601%;\">Mestra Educaci\u00f3 infantil<\/td>\n<td style=\"width: 18.0275%;\">curs 1988-89<\/td>\n<td style=\"width: 83.4687%;\">cita pr\u00e8via: dimecres i divendres<\/td>\n<\/tr>\n<tr>\n<td style=\"width: 25.7037%;\">Imma R\u00edos Mar\u00e9<\/td>\n<td style=\"width: 15.838%;\">Cap d&#8217;estudis<\/td>\n<td style=\"width: 20.4601%;\">Mestra Educaci\u00f3 infantil<\/td>\n<td style=\"width: 18.0275%;\">curs 1992-93<\/td>\n<td style=\"width: 83.4687%;\">cita pr\u00e8via: dilluns i divendres<\/td>\n<\/tr>\n<tr>\n<td style=\"width: 25.7037%;\">Gemma Sans Vinyes<\/td>\n<td style=\"width: 15.838%;\">Secret\u00e0ria<\/td>\n<td style=\"width: 20.4601%;\">Mestra Prim\u00e0ria i Educaci\u00f3 f\u00edsica<\/td>\n<td style=\"width: 18.0275%;\">curs 2009-2010<\/td>\n<td style=\"width: 83.4687%;\">cita pr\u00e8via: divendres<\/td>\n<\/tr>\n<\/tbody>\n<\/table>\n","protected":false},"excerpt":{"rendered":"<p>Nom C\u00e0rrec Perfil Inici doc\u00e8ncia Horari d&#8217;atenci\u00f3 a les fam\u00edlies Montse Angl\u00e8s Juanpere Directora Mestra Educaci\u00f3 infantil curs 1988-89 cita pr\u00e8via: dimecres i divendres Imma R\u00edos Mar\u00e9 Cap d&#8217;estudis Mestra Educaci\u00f3 infantil curs 1992-93 cita pr\u00e8via: dilluns i divendres Gemma Sans Vinyes Secret\u00e0ria Mestra Prim\u00e0ria i Educaci\u00f3 f\u00edsica curs 2009-2010 cita pr\u00e8via: divendres<\/p>\n","protected":false},"author":28,"featured_media":0,"parent":2216,"menu_order":3,"comment_status":"closed","ping_status":"closed","template":"page-templates\/side-menu.php","meta":{"_bbp_topic_count":0,"_bbp_reply_count":0,"_bbp_total_topic_count":0,"_bbp_total_reply_count":0,"_bbp_voice_count":0,"_bbp_anonymous_reply_count":0,"_bbp_topic_count_hidden":0,"_bbp_reply_count_hidden":0,"_bbp_forum_subforum_count":0,"site-sidebar-layout":"default","site-content-layout":"","ast-site-content-layout":"","site-content-style":"default","site-sidebar-style":"default","ast-global-header-display":"","ast-banner-title-visibility":"","ast-main-header-display":"","ast-hfb-above-header-display":"","ast-hfb-below-header-display":"","ast-hfb-mobile-header-display":"","site-post-title":"","ast-breadcrumbs-content":"","ast-featured-img":"","footer-sml-layout":"","theme-transparent-header-meta":"","adv-header-id-meta":"","stick-header-meta":"","header-above-stick-meta":"","header-main-stick-meta":"","header-below-stick-meta":"","astra-migrate-meta-layouts":"default","ast-page-background-enabled":"default","ast-page-background-meta":{"desktop":{"background-color":"var(--ast-global-color-4)","background-image":"","background-repeat":"repeat","background-position":"center center","background-size":"auto","background-attachment":"scroll","background-type":"","background-media":"","overlay-type":"","overlay-color":"","overlay-opacity":"","overlay-gradient":""},"tablet":{"background-color":"","background-image":"","background-repeat":"repeat","background-position":"center center","background-size":"auto","background-attachment":"scroll","background-type":"","background-media":"","overlay-type":"","overlay-color":"","overlay-opacity":"","overlay-gradient":""},"mobile":{"background-color":"","background-image":"","background-repeat":"repeat","background-position":"center center","background-size":"auto","background-attachment":"scroll","background-type":"","background-media":"","overlay-type":"","overlay-color":"","overlay-opacity":"","overlay-gradient":""}},"ast-content-background-meta":{"desktop":{"background-color":"var(--ast-global-color-5)","background-image":"","background-repeat":"repeat","background-position":"center center","background-size":"auto","background-attachment":"scroll","background-type":"","background-media":"","overlay-type":"","overlay-color":"","overlay-opacity":"","overlay-gradient":""},"tablet":{"background-color":"var(--ast-global-color-5)","background-image":"","background-repeat":"repeat","background-position":"center center","background-size":"auto","background-attachment":"scroll","background-type":"","background-media":"","overlay-type":"","overlay-color":"","overlay-opacity":"","overlay-gradient":""},"mobile":{"background-color":"var(--ast-global-color-5)","background-image":"","background-repeat":"repeat","background-position":"center center","background-size":"auto","background-attachment":"scroll","background-type":"","background-media":"","overlay-type":"","overlay-color":"","overlay-opacity":"","overlay-gradient":""}},"footnotes":""},"class_list":["post-4464","page","type-page","status-publish","hentry"],"post_mailing_queue_ids":[],"_links":{"self":[{"href":"https:\/\/agora.xtec.cat\/ceip-santa-anna-castellvell\/wp-json\/wp\/v2\/pages\/4464","targetHints":{"allow":["GET"]}}],"collection":[{"href":"https:\/\/agora.xtec.cat\/ceip-santa-anna-castellvell\/wp-json\/wp\/v2\/pages"}],"about":[{"href":"https:\/\/agora.xtec.cat\/ceip-santa-anna-castellvell\/wp-json\/wp\/v2\/types\/page"}],"author":[{"embeddable":true,"href":"https:\/\/agora.xtec.cat\/ceip-santa-anna-castellvell\/wp-json\/wp\/v2\/users\/28"}],"replies":[{"embeddable":true,"href":"https:\/\/agora.xtec.cat\/ceip-santa-anna-castellvell\/wp-json\/wp\/v2\/comments?post=4464"}],"version-history":[{"count":5,"href":"https:\/\/agora.xtec.cat\/ceip-santa-anna-castellvell\/wp-json\/wp\/v2\/pages\/4464\/revisions"}],"predecessor-version":[{"id":8927,"href":"https:\/\/agora.xtec.cat\/ceip-santa-anna-castellvell\/wp-json\/wp\/v2\/pages\/4464\/revisions\/8927"}],"up":[{"embeddable":true,"href":"https:\/\/agora.xtec.cat\/ceip-santa-anna-castellvell\/wp-json\/wp\/v2\/pages\/2216"}],"wp:attachment":[{"href":"https:\/\/agora.xtec.cat\/ceip-santa-anna-castellvell\/wp-json\/wp\/v2\/media?parent=4464"}],"curies":[{"name":"wp","href":"https:\/\/api.w.org\/{rel}","templated":true}]}}