{"id":4462,"date":"2021-02-07T20:26:17","date_gmt":"2021-02-07T19:26:17","guid":{"rendered":"https:\/\/agora.xtec.cat\/ceip-santa-anna-castellvell\/?page_id=4462"},"modified":"2025-11-08T21:38:16","modified_gmt":"2025-11-08T20:38:16","slug":"equip-suport-i-assessorament","status":"publish","type":"page","link":"https:\/\/agora.xtec.cat\/ceip-santa-anna-castellvell\/qui-som\/equip-suport-i-assessorament\/","title":{"rendered":"Equip suport i assessorament"},"content":{"rendered":"<table style=\"width: 70.2649%; border-color: #ffffff; height: 493px;\">\n<tbody>\n<tr style=\"height: 33px;\">\n<td style=\"width: 663px; background-color: #19bd2c; height: 33px; text-align: left;\" colspan=\"2\"><strong><span style=\"color: #ffffff;\">Inspecci\u00f3 Departament d&#8217;Educaci\u00f3<\/span><\/strong><\/td>\n<\/tr>\n<tr style=\"height: 33px;\">\n<td style=\"width: 405px; height: 33px;\">Inspector<strong><br \/>\n<\/strong><\/td>\n<td style=\"width: 256px; height: 33px;\">Ismael Fern\u00e1ndez<\/td>\n<\/tr>\n<tr style=\"height: 33px;\">\n<td style=\"width: 663px; background-color: #ff6600; height: 33px;\" colspan=\"2\"><span style=\"color: #ffffff;\"><strong>Serveis Educatius del Baix Camp<\/strong><\/span><\/td>\n<\/tr>\n<tr style=\"height: 33px;\">\n<td style=\"width: 405px; height: 33px;\">CRP Baix Camp<\/td>\n<td style=\"width: 256px; height: 33px;\">Anna Par\u00e9s<\/td>\n<\/tr>\n<tr style=\"height: 33px;\">\n<td style=\"width: 405px; height: 33px;\">Equip Assessorament Psicopedag\u00f2gic EAP T-02<\/td>\n<td style=\"width: 256px; height: 33px;\">Maria Gim\u00e9nez<\/td>\n<\/tr>\n<tr style=\"height: 31px;\">\n<td style=\"width: 405px; height: 31px;\">Treballadora Social EAP T-02 Baix Camp<\/td>\n<td style=\"width: 256px; height: 31px;\">Raquel Hurtado<\/td>\n<\/tr>\n<tr style=\"height: 23px;\">\n<td style=\"width: 405px; height: 23px;\">Fisioterapeuta<\/td>\n<td style=\"width: 256px; height: 23px;\">Laura Vidal<\/td>\n<\/tr>\n<tr style=\"height: 33px;\">\n<td style=\"width: 405px; height: 33px;\">Equip Llengua i Cohesi\u00f3 Social<\/td>\n<td style=\"width: 256px; height: 33px;\">Alexandra Castells<\/td>\n<\/tr>\n<tr style=\"height: 33px;\">\n<td style=\"width: 405px; height: 10px;\">Centre Recursos Educatius D\u00e8ficit Auditiu (Servei logop\u00e8dia)<\/td>\n<td style=\"width: 256px; height: 10px;\">Alberto Asunci\u00f3n<\/td>\n<\/tr>\n<tr style=\"height: 33px;\">\n<td style=\"width: 663px; background-color: #19bd2c; height: 33px;\" colspan=\"2\"><span style=\"color: #ffffff;\"><strong>Personal d&#8217;Administraci\u00f3 i Serveis<\/strong><\/span><\/td>\n<\/tr>\n<tr style=\"height: 33px;\">\n<td style=\"width: 405px; height: 33px;\">Auxiliar administrativa<\/td>\n<td style=\"width: 256px; height: 33px;\">A\u00efda Fern\u00e1ndez-Pacheco<\/td>\n<\/tr>\n<tr style=\"height: 33px;\">\n<td style=\"width: 405px; height: 33px;\">Vetlladora<\/td>\n<td style=\"width: 256px; height: 33px;\">Gemma Gomis\/Judit Robles<\/td>\n<\/tr>\n<tr style=\"height: 33px;\">\n<td style=\"width: 663px; background-color: #ff6600; height: 33px;\" colspan=\"2\"><span style=\"color: #ffffff;\"><strong>Ajuntament<\/strong><\/span><\/td>\n<\/tr>\n<tr style=\"height: 33px;\">\n<td style=\"width: 405px; height: 33px;\">Conserge<\/td>\n<td style=\"width: 256px; height: 33px;\">Susana P\u00e9rez<\/td>\n<\/tr>\n<tr style=\"height: 33px;\">\n<td style=\"width: 663px; background-color: #19bd2c; height: 33px;\" colspan=\"2\"><span style=\"color: #ffffff;\"><strong>Consell Comarcal<\/strong><\/span><\/td>\n<\/tr>\n<tr style=\"height: 33px;\">\n<td style=\"width: 405px; height: 33px;\">Educadora social Consell Comarcal<strong><br \/>\n<\/strong><\/td>\n<td style=\"width: 256px; height: 33px;\">Montse N\u00fa\u00f1ez<\/td>\n<\/tr>\n<\/tbody>\n<\/table>\n","protected":false},"excerpt":{"rendered":"<p>Inspecci\u00f3 Departament d&#8217;Educaci\u00f3 Inspector Ismael Fern\u00e1ndez Serveis Educatius del Baix Camp CRP Baix Camp Anna Par\u00e9s Equip Assessorament Psicopedag\u00f2gic EAP T-02 Maria Gim\u00e9nez Treballadora Social EAP T-02 Baix Camp Raquel Hurtado Fisioterapeuta Laura Vidal Equip Llengua i Cohesi\u00f3 Social Alexandra Castells Centre Recursos Educatius D\u00e8ficit Auditiu (Servei logop\u00e8dia) Alberto Asunci\u00f3n Personal d&#8217;Administraci\u00f3 i Serveis Auxiliar [&hellip;]<\/p>\n","protected":false},"author":28,"featured_media":0,"parent":2216,"menu_order":5,"comment_status":"closed","ping_status":"closed","template":"","meta":{"_bbp_topic_count":0,"_bbp_reply_count":0,"_bbp_total_topic_count":0,"_bbp_total_reply_count":0,"_bbp_voice_count":0,"_bbp_anonymous_reply_count":0,"_bbp_topic_count_hidden":0,"_bbp_reply_count_hidden":0,"_bbp_forum_subforum_count":0,"site-sidebar-layout":"default","site-content-layout":"","ast-site-content-layout":"default","site-content-style":"default","site-sidebar-style":"default","ast-global-header-display":"","ast-banner-title-visibility":"","ast-main-header-display":"","ast-hfb-above-header-display":"","ast-hfb-below-header-display":"","ast-hfb-mobile-header-display":"","site-post-title":"","ast-breadcrumbs-content":"","ast-featured-img":"","footer-sml-layout":"","theme-transparent-header-meta":"","adv-header-id-meta":"","stick-header-meta":"","header-above-stick-meta":"","header-main-stick-meta":"","header-below-stick-meta":"","astra-migrate-meta-layouts":"set","ast-page-background-enabled":"default","ast-page-background-meta":{"desktop":{"background-color":"var(--ast-global-color-4)","background-image":"","background-repeat":"repeat","background-position":"center center","background-size":"auto","background-attachment":"scroll","background-type":"","background-media":"","overlay-type":"","overlay-color":"","overlay-opacity":"","overlay-gradient":""},"tablet":{"background-color":"","background-image":"","background-repeat":"repeat","background-position":"center center","background-size":"auto","background-attachment":"scroll","background-type":"","background-media":"","overlay-type":"","overlay-color":"","overlay-opacity":"","overlay-gradient":""},"mobile":{"background-color":"","background-image":"","background-repeat":"repeat","background-position":"center center","background-size":"auto","background-attachment":"scroll","background-type":"","background-media":"","overlay-type":"","overlay-color":"","overlay-opacity":"","overlay-gradient":""}},"ast-content-background-meta":{"desktop":{"background-color":"var(--ast-global-color-5)","background-image":"","background-repeat":"repeat","background-position":"center center","background-size":"auto","background-attachment":"scroll","background-type":"","background-media":"","overlay-type":"","overlay-color":"","overlay-opacity":"","overlay-gradient":""},"tablet":{"background-color":"var(--ast-global-color-5)","background-image":"","background-repeat":"repeat","background-position":"center center","background-size":"auto","background-attachment":"scroll","background-type":"","background-media":"","overlay-type":"","overlay-color":"","overlay-opacity":"","overlay-gradient":""},"mobile":{"background-color":"var(--ast-global-color-5)","background-image":"","background-repeat":"repeat","background-position":"center center","background-size":"auto","background-attachment":"scroll","background-type":"","background-media":"","overlay-type":"","overlay-color":"","overlay-opacity":"","overlay-gradient":""}},"footnotes":""},"class_list":["post-4462","page","type-page","status-publish","hentry"],"post_mailing_queue_ids":[],"_links":{"self":[{"href":"https:\/\/agora.xtec.cat\/ceip-santa-anna-castellvell\/wp-json\/wp\/v2\/pages\/4462","targetHints":{"allow":["GET"]}}],"collection":[{"href":"https:\/\/agora.xtec.cat\/ceip-santa-anna-castellvell\/wp-json\/wp\/v2\/pages"}],"about":[{"href":"https:\/\/agora.xtec.cat\/ceip-santa-anna-castellvell\/wp-json\/wp\/v2\/types\/page"}],"author":[{"embeddable":true,"href":"https:\/\/agora.xtec.cat\/ceip-santa-anna-castellvell\/wp-json\/wp\/v2\/users\/28"}],"replies":[{"embeddable":true,"href":"https:\/\/agora.xtec.cat\/ceip-santa-anna-castellvell\/wp-json\/wp\/v2\/comments?post=4462"}],"version-history":[{"count":6,"href":"https:\/\/agora.xtec.cat\/ceip-santa-anna-castellvell\/wp-json\/wp\/v2\/pages\/4462\/revisions"}],"predecessor-version":[{"id":11324,"href":"https:\/\/agora.xtec.cat\/ceip-santa-anna-castellvell\/wp-json\/wp\/v2\/pages\/4462\/revisions\/11324"}],"up":[{"embeddable":true,"href":"https:\/\/agora.xtec.cat\/ceip-santa-anna-castellvell\/wp-json\/wp\/v2\/pages\/2216"}],"wp:attachment":[{"href":"https:\/\/agora.xtec.cat\/ceip-santa-anna-castellvell\/wp-json\/wp\/v2\/media?parent=4462"}],"curies":[{"name":"wp","href":"https:\/\/api.w.org\/{rel}","templated":true}]}}