{"id":4448,"date":"2021-02-07T19:27:18","date_gmt":"2021-02-07T18:27:18","guid":{"rendered":"https:\/\/agora.xtec.cat\/ceip-santa-anna-castellvell\/?page_id=4448"},"modified":"2025-11-08T20:33:09","modified_gmt":"2025-11-08T19:33:09","slug":"oferta-educativa","status":"publish","type":"page","link":"https:\/\/agora.xtec.cat\/ceip-santa-anna-castellvell\/lescola\/oferta-educativa\/","title":{"rendered":"Oferta educativa i serveis"},"content":{"rendered":"<p>L&#8217;Escola Santa Anna \u00e9s l&#8217;escola p\u00fablica de\u00a0Castellvell del Camp (Baix Camp).<\/p>\n<p>L&#8217;<strong>oferta educativa<\/strong> actual \u00e9s:<\/p>\n<ul>\n<li>Dos grups a I3 I i4 i I5<\/li>\n<li>Un grup per a cada nivell des de 1r fins a 6\u00e8 de prim\u00e0ria.<\/li>\n<\/ul>\n<p style=\"text-align: justify;\">L&#8217;alumnat que s&#8217;inicia a la nostra escola majorit\u00e0riament prov\u00e9 de la Llar d&#8217;Infants Municipal <em>Els Eixerits<\/em> de Castellvell del Camp.<\/p>\n<p style=\"text-align: justify;\">Continu\u00eftat a l&#8217;Educaci\u00f3 Secund\u00e0ria Obligat\u00f2ria: la nostra escola est\u00e0 adscrita a\u00a0 l&#8217;I<em>NS <\/em><em>Gaud\u00ed <\/em>de Reus i els alumnes es desplacen en transport p\u00fablic gratu\u00eft organitzat pel Consell Comarcal.<\/p>\n<p><strong>Horari:<\/strong><\/p>\n<p style=\"text-align: justify;\">L&#8217;<strong>horari lectiu<\/strong> \u00e9s de 8.30h a 12h i de 14.30h a 16h.<\/p>\n<p><strong>L&#8217;AFA (Associaci\u00f3 de Fam\u00edlies d&#8217;Alumnes)<\/strong> ofereix els seg\u00fcents serveis complementaris:<\/p>\n<p><strong>Servei d&#8217;acollida:<\/strong> de 7:30h a 8:30h i de 16h a 16:30h<\/p>\n<p><strong>Activitats extraescolars:<\/strong> de migdia (12h a 13h) i tarda (16h a 17.30h)<\/p>\n<p><strong>Servei de menjador:<\/strong>\u00a0 amb cuina in situ de l&#8217;empresa de c\u00e0tering &#8220;\u00c0pats Sans&#8221; (de 12h a 14.30h)<\/p>\n<p>La gesti\u00f3 i organitzaci\u00f3 d&#8217;aquests serveis va a c\u00e0rrec de l&#8217;AFA i les fam\u00edlies abonen el cost econ\u00f2mic corresponent.<\/p>\n<p>Cada curs escolar, el Servei Comarcal del Baix Camp, ofereix la possibilitat de sol\u00b7licitar Ajuts per a l&#8217;\u00fas del menjador escolar.<\/p>\n<p style=\"text-align: justify;\">Seguidament us deixem amb un <strong>v\u00eddeo<\/strong> fet al maig de 2020 (en ple confinament) on us compartim els nostres objectius pedag\u00f2gics, com aprenem dels 3 als 12 anys, una visi\u00f3 dels equipaments de dins l&#8217;escola i de les zones d&#8217;esbarjo, com celebrem plegades les diades i celebracions, l&#8217;horari escolar, l&#8217;oferta del servei d&#8217;acollida, d&#8217;activitats extraescolars i del menjador escolar.<\/p>\n<p><iframe loading=\"lazy\" src=\"https:\/\/www.youtube.com\/embed\/mZ1plbJp_h4\" width=\"560\" height=\"315\" frameborder=\"0\"><\/iframe><\/p>\n","protected":false},"excerpt":{"rendered":"<p>L&#8217;Escola Santa Anna \u00e9s l&#8217;escola p\u00fablica de\u00a0Castellvell del Camp (Baix Camp). L&#8217;oferta educativa actual \u00e9s: Dos grups a I3 I i4 i I5 Un grup per a cada nivell des de 1r fins a 6\u00e8 de prim\u00e0ria. L&#8217;alumnat que s&#8217;inicia a la nostra escola majorit\u00e0riament prov\u00e9 de la Llar d&#8217;Infants Municipal Els Eixerits de Castellvell [&hellip;]<\/p>\n","protected":false},"author":28,"featured_media":0,"parent":22,"menu_order":3,"comment_status":"closed","ping_status":"closed","template":"","meta":{"_bbp_topic_count":0,"_bbp_reply_count":0,"_bbp_total_topic_count":0,"_bbp_total_reply_count":0,"_bbp_voice_count":0,"_bbp_anonymous_reply_count":0,"_bbp_topic_count_hidden":0,"_bbp_reply_count_hidden":0,"_bbp_forum_subforum_count":0,"site-sidebar-layout":"default","site-content-layout":"","ast-site-content-layout":"default","site-content-style":"default","site-sidebar-style":"default","ast-global-header-display":"","ast-banner-title-visibility":"","ast-main-header-display":"","ast-hfb-above-header-display":"","ast-hfb-below-header-display":"","ast-hfb-mobile-header-display":"","site-post-title":"","ast-breadcrumbs-content":"","ast-featured-img":"","footer-sml-layout":"","theme-transparent-header-meta":"","adv-header-id-meta":"","stick-header-meta":"","header-above-stick-meta":"","header-main-stick-meta":"","header-below-stick-meta":"","astra-migrate-meta-layouts":"set","ast-page-background-enabled":"default","ast-page-background-meta":{"desktop":{"background-color":"var(--ast-global-color-4)","background-image":"","background-repeat":"repeat","background-position":"center center","background-size":"auto","background-attachment":"scroll","background-type":"","background-media":"","overlay-type":"","overlay-color":"","overlay-opacity":"","overlay-gradient":""},"tablet":{"background-color":"","background-image":"","background-repeat":"repeat","background-position":"center center","background-size":"auto","background-attachment":"scroll","background-type":"","background-media":"","overlay-type":"","overlay-color":"","overlay-opacity":"","overlay-gradient":""},"mobile":{"background-color":"","background-image":"","background-repeat":"repeat","background-position":"center center","background-size":"auto","background-attachment":"scroll","background-type":"","background-media":"","overlay-type":"","overlay-color":"","overlay-opacity":"","overlay-gradient":""}},"ast-content-background-meta":{"desktop":{"background-color":"var(--ast-global-color-5)","background-image":"","background-repeat":"repeat","background-position":"center center","background-size":"auto","background-attachment":"scroll","background-type":"","background-media":"","overlay-type":"","overlay-color":"","overlay-opacity":"","overlay-gradient":""},"tablet":{"background-color":"var(--ast-global-color-5)","background-image":"","background-repeat":"repeat","background-position":"center center","background-size":"auto","background-attachment":"scroll","background-type":"","background-media":"","overlay-type":"","overlay-color":"","overlay-opacity":"","overlay-gradient":""},"mobile":{"background-color":"var(--ast-global-color-5)","background-image":"","background-repeat":"repeat","background-position":"center center","background-size":"auto","background-attachment":"scroll","background-type":"","background-media":"","overlay-type":"","overlay-color":"","overlay-opacity":"","overlay-gradient":""}},"footnotes":""},"class_list":["post-4448","page","type-page","status-publish","hentry"],"post_mailing_queue_ids":[],"_links":{"self":[{"href":"https:\/\/agora.xtec.cat\/ceip-santa-anna-castellvell\/wp-json\/wp\/v2\/pages\/4448","targetHints":{"allow":["GET"]}}],"collection":[{"href":"https:\/\/agora.xtec.cat\/ceip-santa-anna-castellvell\/wp-json\/wp\/v2\/pages"}],"about":[{"href":"https:\/\/agora.xtec.cat\/ceip-santa-anna-castellvell\/wp-json\/wp\/v2\/types\/page"}],"author":[{"embeddable":true,"href":"https:\/\/agora.xtec.cat\/ceip-santa-anna-castellvell\/wp-json\/wp\/v2\/users\/28"}],"replies":[{"embeddable":true,"href":"https:\/\/agora.xtec.cat\/ceip-santa-anna-castellvell\/wp-json\/wp\/v2\/comments?post=4448"}],"version-history":[{"count":6,"href":"https:\/\/agora.xtec.cat\/ceip-santa-anna-castellvell\/wp-json\/wp\/v2\/pages\/4448\/revisions"}],"predecessor-version":[{"id":11297,"href":"https:\/\/agora.xtec.cat\/ceip-santa-anna-castellvell\/wp-json\/wp\/v2\/pages\/4448\/revisions\/11297"}],"up":[{"embeddable":true,"href":"https:\/\/agora.xtec.cat\/ceip-santa-anna-castellvell\/wp-json\/wp\/v2\/pages\/22"}],"wp:attachment":[{"href":"https:\/\/agora.xtec.cat\/ceip-santa-anna-castellvell\/wp-json\/wp\/v2\/media?parent=4448"}],"curies":[{"name":"wp","href":"https:\/\/api.w.org\/{rel}","templated":true}]}}