{"id":4344,"date":"2021-02-04T20:33:13","date_gmt":"2021-02-04T19:33:13","guid":{"rendered":"https:\/\/agora.xtec.cat\/ceip-santa-anna-castellvell\/?page_id=4344"},"modified":"2025-11-08T21:41:01","modified_gmt":"2025-11-08T20:41:01","slug":"equip-docent","status":"publish","type":"page","link":"https:\/\/agora.xtec.cat\/ceip-santa-anna-castellvell\/qui-som\/equip-docent\/","title":{"rendered":"Equip docent"},"content":{"rendered":"<table style=\"border-color: #ffffff; height: 807px; width: 100%;\">\n<tbody>\n<tr style=\"height: 33px;\">\n<td style=\"background-color: #19bd2c; height: 365px; width: 13.5036%; border-color: #ffffff;\" rowspan=\"11\">\n<h6 style=\"text-align: center;\"><span style=\"color: #ffffff;\"><strong>Educaci\u00f3 <\/strong><\/span><\/h6>\n<h6 style=\"text-align: center;\"><span style=\"color: #ffffff;\"><strong>Infantil<\/strong><\/span><\/h6>\n<h5><span style=\"color: #ffffff;\"><strong>\u00a0<\/strong><\/span><\/h5>\n<h5><span style=\"color: #ffffff;\"><strong>\u00a0<\/strong><\/span><\/h5>\n<\/td>\n<td style=\"height: 33px; width: 16.1668%; border-color: #ffffff; background-color: #2f84f5;\"><span style=\"color: #ffffff;\"><strong>Nivell<\/strong><\/span><\/td>\n<td style=\"height: 33px; width: 26.0473%; border-color: #ffffff; background-color: #2f84f5;\"><span style=\"color: #ffffff;\"><strong>Nom<\/strong><\/span><\/td>\n<td style=\"height: 33px; width: 42.7007%; border-color: #ffffff; background-color: #2f84f5;\"><span style=\"color: #ffffff;\"><strong>C\u00e0rrec<\/strong><\/span><\/td>\n<\/tr>\n<tr style=\"height: 33px;\">\n<td style=\"height: 33px; width: 16.1668%;\"><span style=\"color: #808080;\"><strong>I3 A<\/strong><\/span><\/td>\n<td style=\"height: 33px; width: 26.0473%;\">Mireia S\u00e1nchez<\/td>\n<td style=\"height: 33px; width: 42.7007%;\">Tutora i Coordinadora CoCoBe<\/td>\n<\/tr>\n<tr style=\"height: 32px;\">\n<td style=\"width: 16.1668%; height: 32px;\"><span style=\"color: #808080;\"><strong>I3 B<\/strong><\/span><\/td>\n<td style=\"width: 26.0473%; height: 32px;\">Cristina Vega<\/td>\n<td style=\"width: 42.7007%; height: 32px;\">Tutora<\/td>\n<\/tr>\n<tr style=\"height: 33px;\">\n<td style=\"height: 33px; width: 16.1668%;\"><span style=\"color: #808080;\"><strong>I4 A<\/strong><\/span><\/td>\n<td style=\"height: 33px; width: 26.0473%;\">Judith San Felipe<\/td>\n<td style=\"height: 33px; width: 42.7007%;\">Tutora<\/td>\n<\/tr>\n<tr style=\"height: 32px;\">\n<td style=\"width: 16.1668%; height: 32px;\"><span style=\"color: #808080;\"><strong>I4 B<\/strong><\/span><\/td>\n<td style=\"width: 26.0473%; height: 32px;\">Isabel Sugra\u00f1es<\/td>\n<td style=\"width: 42.7007%; height: 32px;\">Tutora<\/td>\n<\/tr>\n<tr style=\"height: 33px;\">\n<td style=\"height: 33px; width: 16.1668%;\"><span style=\"color: #808080;\"><strong>I5 A<\/strong><\/span><\/td>\n<td style=\"height: 33px; width: 26.0473%;\">N\u00faria Sala<\/td>\n<td style=\"height: 33px; width: 42.7007%;\">Tutora i Coordinadora educaci\u00f3 infantil<\/td>\n<\/tr>\n<tr style=\"height: 32px;\">\n<td style=\"width: 16.1668%; height: 32px;\"><span style=\"color: #808080;\"><strong>I5 B<\/strong><\/span><\/td>\n<td style=\"width: 26.0473%; height: 32px;\">Sandra Juncosa<\/td>\n<td style=\"width: 42.7007%; height: 32px;\">Tutora<\/td>\n<\/tr>\n<tr style=\"height: 33px;\">\n<td style=\"height: 137px; width: 16.1668%;\" rowspan=\"4\"><span style=\"color: #808080;\"><strong>Suport Educaci\u00f3 infantil<\/strong><\/span><br \/>\n<span style=\"color: #808080;\"><strong><br \/>\n<\/strong><\/span><span style=\"color: #808080;\"><strong><br \/>\n<\/strong><\/span><\/td>\n<td style=\"height: 10px; width: 26.0473%;\">Imma R\u00edos<\/td>\n<td style=\"height: 10px; width: 42.7007%;\">Cap d&#8217;Estudis<\/td>\n<\/tr>\n<tr style=\"height: 33px;\">\n<td style=\"height: 33px; width: 26.0473%;\">Montse Angl\u00e8s<\/td>\n<td style=\"height: 33px; width: 42.7007%;\">Directora<\/td>\n<\/tr>\n<tr style=\"height: 47px;\">\n<td style=\"width: 26.0473%; height: 47px;\">Ferran Jard\u00ed<\/td>\n<td style=\"width: 42.7007%; height: 47px;\">Psicomotricitat Infantil i suport<\/td>\n<\/tr>\n<tr style=\"height: 47px;\">\n<td style=\"width: 26.0473%; height: 47px;\">Txari Roig \/Vero Garc\u00eda<\/td>\n<td style=\"width: 42.7007%; height: 47px;\">TEEI T\u00e8cnica especialista educaci\u00f3 infantil<\/td>\n<\/tr>\n<tr style=\"height: 33px;\">\n<td style=\"border-color: #ffffff; background-color: #ff6600; height: 432px; width: 13.5036%;\" rowspan=\"14\">\n<h6 style=\"text-align: center;\"><span style=\"color: #ffffff;\"><strong>Educaci\u00f3<\/strong><\/span><\/h6>\n<h6 style=\"text-align: center;\"><span style=\"color: #ffffff;\"><strong>Prim\u00e0ria<\/strong><\/span><\/h6>\n<\/td>\n<td style=\"height: 45px; width: 16.1668%;\"><span style=\"color: #808080;\"><strong>1r<\/strong><\/span><\/td>\n<td style=\"height: 45px; width: 26.0473%;\">Nat\u00e0lia Bala\u00f1\u00e0<\/td>\n<td style=\"height: 45px; width: 42.7007%;\">Tutora<\/td>\n<\/tr>\n<tr style=\"height: 33px;\">\n<td style=\"height: 33px; width: 16.1668%;\"><span style=\"color: #808080;\"><strong>2n<br \/>\n<\/strong><\/span><\/td>\n<td style=\"height: 33px; width: 26.0473%;\">Mari Aguilar<\/td>\n<td style=\"height: 33px; width: 42.7007%;\">Tutora i Coordinadora de Riscos Laborals<\/td>\n<\/tr>\n<tr style=\"height: 48px;\">\n<td style=\"width: 16.1668%; height: 48px;\"><span style=\"color: #808080;\"><strong>Suport<\/strong><\/span><\/td>\n<td style=\"height: 48px; width: 26.0473%;\">Cl\u00e0udia Fabregat<\/td>\n<td style=\"height: 48px; width: 42.7007%;\">Especialista Angl\u00e8s I5 i CI i Suport CI<\/td>\n<\/tr>\n<tr style=\"height: 33px;\">\n<td style=\"height: 33px; width: 16.1668%;\"><span style=\"color: #808080;\"><strong>3r<\/strong><\/span><\/td>\n<td style=\"height: 33px; width: 26.0473%;\">Ver\u00f3nica Camarena<\/td>\n<td style=\"height: 33px; width: 42.7007%;\">Tutora i Especialista Angl\u00e8s<\/td>\n<\/tr>\n<tr style=\"height: 32px;\">\n<td style=\"width: 16.1668%; height: 10px;\"><span style=\"color: #808080;\"><strong>4t<br \/>\n<\/strong><\/span><\/td>\n<td style=\"width: 26.0473%; height: 10px;\">Neus Gallart<\/td>\n<td style=\"width: 42.7007%; height: 10px;\">Tutora i Coordinadora Cicle Mitj\u00e0<\/td>\n<\/tr>\n<tr style=\"height: 33px;\">\n<td style=\"height: 10px; width: 16.1668%;\"><span style=\"color: #808080;\"><strong>5\u00e8 A<\/strong><\/span><\/td>\n<td style=\"height: 10px; width: 26.0473%;\">Lorena Escrib\u00e0<\/td>\n<td style=\"height: 10px; width: 42.7007%;\">Tutora<\/td>\n<\/tr>\n<tr style=\"height: 33px;\">\n<td style=\"height: 33px; width: 16.1668%;\"><span style=\"color: #808080;\"><strong>5\u00e8 B<br \/>\n<\/strong><\/span><\/td>\n<td style=\"height: 33px; width: 26.0473%;\">Joan M. S\u00e1nchez<\/td>\n<td style=\"height: 33px; width: 42.7007%;\">Tutora<\/td>\n<\/tr>\n<tr style=\"height: 33px;\">\n<td style=\"height: 33px; width: 16.1668%;\"><span style=\"color: #808080;\"><strong>6\u00e8<br \/>\n<\/strong><\/span><\/td>\n<td style=\"height: 33px; width: 26.0473%;\">Cristina Serra<\/td>\n<td style=\"height: 33px; width: 42.7007%;\">Tutora i Coordinadora de cicle Superior<\/td>\n<\/tr>\n<tr style=\"height: 33px;\">\n<td style=\"height: 33px; width: 16.1668%;\"><span style=\"color: #808080;\"><strong>M\u00fasica<\/strong><\/span><\/td>\n<td style=\"height: 33px; width: 26.0473%;\">Coia Sol\u00e9<\/td>\n<td style=\"height: 33px; width: 42.7007%;\">M\u00fasica i suport Cicle Superior<\/td>\n<\/tr>\n<tr style=\"height: 23px;\">\n<td style=\"width: 16.1668%; height: 56px;\" rowspan=\"2\"><span style=\"color: #808080;\"><strong>Educaci\u00f3 F\u00edsica<\/strong><\/span><\/td>\n<td style=\"width: 26.0473%; height: 23px;\">Isabel Molina<\/td>\n<td style=\"width: 42.7007%; height: 23px;\">EF CI-CM i 5\u00e8<\/td>\n<\/tr>\n<tr style=\"height: 33px;\">\n<td style=\"height: 33px; width: 26.0473%;\">Gemma Sans<\/td>\n<td style=\"height: 33px; width: 42.7007%;\">Educaci\u00f3 F\u00edsica 6\u00e8 i suport a Cicle Superior Secret\u00e0ria<\/td>\n<\/tr>\n<tr style=\"height: 32px;\">\n<td style=\"width: 16.1668%; height: 32px;\"><span style=\"color: #808080;\"><strong>Llengua estrangera angl\u00e8s<br \/>\n<\/strong><\/span><\/td>\n<td style=\"width: 26.0473%; height: 32px;\">Pinyeres Rius<\/td>\n<td style=\"width: 42.7007%; height: 32px;\">Angl\u00e8s a cicle mitj\u00e0 i superior<\/td>\n<\/tr>\n<tr style=\"height: 33px;\">\n<td style=\"width: 16.1668%; height: 33px;\"><span style=\"color: #808080;\"><strong>Educaci\u00f3 especial<\/strong><\/span><\/td>\n<td style=\"width: 26.0473%; height: 33px;\">Pietat Cruz<\/td>\n<td style=\"width: 42.7007%; height: 33px;\">Mestra suport educaci\u00f3 especial<\/td>\n<\/tr>\n<tr style=\"height: 33px;\">\n<td style=\"height: 33px; width: 16.1668%;\"><span style=\"color: #808080;\"><strong>Religi\u00f3<\/strong><\/span><\/td>\n<td style=\"height: 33px; width: 26.0473%;\">David Borr\u00e0s<\/td>\n<td style=\"height: 33px; width: 42.7007%;\">Religi\u00f3 Prim\u00e0ria i Coordinador digital<\/td>\n<\/tr>\n<tr style=\"height: 10px;\">\n<td style=\"border-color: #ffffff; background-color: #ff6600; width: 13.5036%; height: 10px;\">\n<h5><span style=\"color: #ffffff;\"><strong>\u00a0<\/strong><\/span><\/h5>\n<\/td>\n<td style=\"width: 16.1668%; height: 10px;\"><span style=\"color: #808080;\"><strong>Servei vetlladora<\/strong><\/span><\/td>\n<td style=\"width: 26.0473%; height: 10px;\">Gemma Gomis: suport lectiu<\/p>\n<p>Judith Robles: vetlladora salut<\/td>\n<td style=\"width: 42.7007%; height: 10px;\">Empresa B\u00e0sic (Departament Educaci\u00f3)<\/td>\n<\/tr>\n<\/tbody>\n<\/table>\n","protected":false},"excerpt":{"rendered":"<p>Educaci\u00f3 Infantil \u00a0 \u00a0 Nivell Nom C\u00e0rrec I3 A Mireia S\u00e1nchez Tutora i Coordinadora CoCoBe I3 B Cristina Vega Tutora I4 A Judith San Felipe Tutora I4 B Isabel Sugra\u00f1es Tutora I5 A N\u00faria Sala Tutora i Coordinadora educaci\u00f3 infantil I5 B Sandra Juncosa Tutora Suport Educaci\u00f3 infantil Imma R\u00edos Cap d&#8217;Estudis Montse Angl\u00e8s Directora [&hellip;]<\/p>\n","protected":false},"author":28,"featured_media":0,"parent":2216,"menu_order":4,"comment_status":"closed","ping_status":"closed","template":"","meta":{"_bbp_topic_count":0,"_bbp_reply_count":0,"_bbp_total_topic_count":0,"_bbp_total_reply_count":0,"_bbp_voice_count":0,"_bbp_anonymous_reply_count":0,"_bbp_topic_count_hidden":0,"_bbp_reply_count_hidden":0,"_bbp_forum_subforum_count":0,"site-sidebar-layout":"default","site-content-layout":"","ast-site-content-layout":"default","site-content-style":"default","site-sidebar-style":"default","ast-global-header-display":"","ast-banner-title-visibility":"","ast-main-header-display":"","ast-hfb-above-header-display":"","ast-hfb-below-header-display":"","ast-hfb-mobile-header-display":"","site-post-title":"","ast-breadcrumbs-content":"","ast-featured-img":"","footer-sml-layout":"","theme-transparent-header-meta":"","adv-header-id-meta":"","stick-header-meta":"","header-above-stick-meta":"","header-main-stick-meta":"","header-below-stick-meta":"","astra-migrate-meta-layouts":"set","ast-page-background-enabled":"default","ast-page-background-meta":{"desktop":{"background-color":"var(--ast-global-color-4)","background-image":"","background-repeat":"repeat","background-position":"center center","background-size":"auto","background-attachment":"scroll","background-type":"","background-media":"","overlay-type":"","overlay-color":"","overlay-opacity":"","overlay-gradient":""},"tablet":{"background-color":"","background-image":"","background-repeat":"repeat","background-position":"center center","background-size":"auto","background-attachment":"scroll","background-type":"","background-media":"","overlay-type":"","overlay-color":"","overlay-opacity":"","overlay-gradient":""},"mobile":{"background-color":"","background-image":"","background-repeat":"repeat","background-position":"center center","background-size":"auto","background-attachment":"scroll","background-type":"","background-media":"","overlay-type":"","overlay-color":"","overlay-opacity":"","overlay-gradient":""}},"ast-content-background-meta":{"desktop":{"background-color":"var(--ast-global-color-5)","background-image":"","background-repeat":"repeat","background-position":"center center","background-size":"auto","background-attachment":"scroll","background-type":"","background-media":"","overlay-type":"","overlay-color":"","overlay-opacity":"","overlay-gradient":""},"tablet":{"background-color":"var(--ast-global-color-5)","background-image":"","background-repeat":"repeat","background-position":"center center","background-size":"auto","background-attachment":"scroll","background-type":"","background-media":"","overlay-type":"","overlay-color":"","overlay-opacity":"","overlay-gradient":""},"mobile":{"background-color":"var(--ast-global-color-5)","background-image":"","background-repeat":"repeat","background-position":"center center","background-size":"auto","background-attachment":"scroll","background-type":"","background-media":"","overlay-type":"","overlay-color":"","overlay-opacity":"","overlay-gradient":""}},"footnotes":""},"class_list":["post-4344","page","type-page","status-publish","hentry"],"post_mailing_queue_ids":[],"_links":{"self":[{"href":"https:\/\/agora.xtec.cat\/ceip-santa-anna-castellvell\/wp-json\/wp\/v2\/pages\/4344","targetHints":{"allow":["GET"]}}],"collection":[{"href":"https:\/\/agora.xtec.cat\/ceip-santa-anna-castellvell\/wp-json\/wp\/v2\/pages"}],"about":[{"href":"https:\/\/agora.xtec.cat\/ceip-santa-anna-castellvell\/wp-json\/wp\/v2\/types\/page"}],"author":[{"embeddable":true,"href":"https:\/\/agora.xtec.cat\/ceip-santa-anna-castellvell\/wp-json\/wp\/v2\/users\/28"}],"replies":[{"embeddable":true,"href":"https:\/\/agora.xtec.cat\/ceip-santa-anna-castellvell\/wp-json\/wp\/v2\/comments?post=4344"}],"version-history":[{"count":6,"href":"https:\/\/agora.xtec.cat\/ceip-santa-anna-castellvell\/wp-json\/wp\/v2\/pages\/4344\/revisions"}],"predecessor-version":[{"id":11325,"href":"https:\/\/agora.xtec.cat\/ceip-santa-anna-castellvell\/wp-json\/wp\/v2\/pages\/4344\/revisions\/11325"}],"up":[{"embeddable":true,"href":"https:\/\/agora.xtec.cat\/ceip-santa-anna-castellvell\/wp-json\/wp\/v2\/pages\/2216"}],"wp:attachment":[{"href":"https:\/\/agora.xtec.cat\/ceip-santa-anna-castellvell\/wp-json\/wp\/v2\/media?parent=4344"}],"curies":[{"name":"wp","href":"https:\/\/api.w.org\/{rel}","templated":true}]}}