{"id":4158,"date":"2021-01-31T17:25:44","date_gmt":"2021-01-31T16:25:44","guid":{"rendered":"https:\/\/agora.xtec.cat\/ceip-santa-anna-castellvell\/?page_id=4158"},"modified":"2025-11-10T15:17:44","modified_gmt":"2025-11-10T14:17:44","slug":"que-fem","status":"publish","type":"page","link":"https:\/\/agora.xtec.cat\/ceip-santa-anna-castellvell\/que-fem\/","title":{"rendered":"Qu\u00e8 fem?"},"content":{"rendered":"<p><a href=\"https:\/\/agora.xtec.cat\/ceip-santa-anna-castellvell\/wp-content\/uploads\/usu47\/2017\/10\/color_fons_blanc_sense_marc.png\"><img loading=\"lazy\" decoding=\"async\" class=\"wp-image-2171 alignleft\" src=\"https:\/\/agora.xtec.cat\/ceip-santa-anna-castellvell\/wp-content\/uploads\/usu47\/2017\/10\/color_fons_blanc_sense_marc-1024x1024.png\" alt=\"\" width=\"121\" height=\"121\" srcset=\"https:\/\/agora.xtec.cat\/ceip-santa-anna-castellvell\/wp-content\/uploads\/usu47\/2017\/10\/color_fons_blanc_sense_marc-1024x1024.png 1024w, https:\/\/agora.xtec.cat\/ceip-santa-anna-castellvell\/wp-content\/uploads\/usu47\/2017\/10\/color_fons_blanc_sense_marc-150x150.png 150w, https:\/\/agora.xtec.cat\/ceip-santa-anna-castellvell\/wp-content\/uploads\/usu47\/2017\/10\/color_fons_blanc_sense_marc-300x300.png 300w, https:\/\/agora.xtec.cat\/ceip-santa-anna-castellvell\/wp-content\/uploads\/usu47\/2017\/10\/color_fons_blanc_sense_marc-768x768.png 768w\" sizes=\"auto, (max-width: 121px) 100vw, 121px\" \/><\/a>Entenem l&#8217;escola com un espai on es <strong>conviu<\/strong> i <strong>s&#8217;apr\u00e8n<\/strong> fent. Aprenem observant, investigant, creant, comunicant, escrivint, dibuixant, calculant, manipulant, cantant, llegint, experimentant, explorant&#8230; al cap i a la fi, aprenem de manera significativa, tenint en compte el context i compartint amb altres companys\/es el que hem apr\u00e8s. Per\u00f2 all\u00f2 m\u00e9s important \u00e9s que gaudim aprenent!<\/p>\n","protected":false},"excerpt":{"rendered":"<p>Entenem l&#8217;escola com un espai on es conviu i s&#8217;apr\u00e8n fent. Aprenem observant, investigant, creant, comunicant, escrivint, dibuixant, calculant, manipulant, cantant, llegint, experimentant, explorant&#8230; al cap i a la fi, aprenem de manera significativa, tenint en compte el context i compartint amb altres companys\/es el que hem apr\u00e8s. Per\u00f2 all\u00f2 m\u00e9s important \u00e9s que gaudim [&hellip;]<\/p>\n","protected":false},"author":28,"featured_media":0,"parent":0,"menu_order":0,"comment_status":"closed","ping_status":"closed","template":"","meta":{"_bbp_topic_count":0,"_bbp_reply_count":0,"_bbp_total_topic_count":0,"_bbp_total_reply_count":0,"_bbp_voice_count":0,"_bbp_anonymous_reply_count":0,"_bbp_topic_count_hidden":0,"_bbp_reply_count_hidden":0,"_bbp_forum_subforum_count":0,"site-sidebar-layout":"default","site-content-layout":"","ast-site-content-layout":"default","site-content-style":"default","site-sidebar-style":"default","ast-global-header-display":"","ast-banner-title-visibility":"","ast-main-header-display":"","ast-hfb-above-header-display":"","ast-hfb-below-header-display":"","ast-hfb-mobile-header-display":"","site-post-title":"","ast-breadcrumbs-content":"","ast-featured-img":"","footer-sml-layout":"","theme-transparent-header-meta":"","adv-header-id-meta":"","stick-header-meta":"","header-above-stick-meta":"","header-main-stick-meta":"","header-below-stick-meta":"","astra-migrate-meta-layouts":"set","ast-page-background-enabled":"default","ast-page-background-meta":{"desktop":{"background-color":"var(--ast-global-color-4)","background-image":"","background-repeat":"repeat","background-position":"center center","background-size":"auto","background-attachment":"scroll","background-type":"","background-media":"","overlay-type":"","overlay-color":"","overlay-opacity":"","overlay-gradient":""},"tablet":{"background-color":"","background-image":"","background-repeat":"repeat","background-position":"center center","background-size":"auto","background-attachment":"scroll","background-type":"","background-media":"","overlay-type":"","overlay-color":"","overlay-opacity":"","overlay-gradient":""},"mobile":{"background-color":"","background-image":"","background-repeat":"repeat","background-position":"center center","background-size":"auto","background-attachment":"scroll","background-type":"","background-media":"","overlay-type":"","overlay-color":"","overlay-opacity":"","overlay-gradient":""}},"ast-content-background-meta":{"desktop":{"background-color":"var(--ast-global-color-5)","background-image":"","background-repeat":"repeat","background-position":"center center","background-size":"auto","background-attachment":"scroll","background-type":"","background-media":"","overlay-type":"","overlay-color":"","overlay-opacity":"","overlay-gradient":""},"tablet":{"background-color":"var(--ast-global-color-5)","background-image":"","background-repeat":"repeat","background-position":"center center","background-size":"auto","background-attachment":"scroll","background-type":"","background-media":"","overlay-type":"","overlay-color":"","overlay-opacity":"","overlay-gradient":""},"mobile":{"background-color":"var(--ast-global-color-5)","background-image":"","background-repeat":"repeat","background-position":"center center","background-size":"auto","background-attachment":"scroll","background-type":"","background-media":"","overlay-type":"","overlay-color":"","overlay-opacity":"","overlay-gradient":""}},"footnotes":""},"class_list":["post-4158","page","type-page","status-publish","hentry"],"post_mailing_queue_ids":[],"_links":{"self":[{"href":"https:\/\/agora.xtec.cat\/ceip-santa-anna-castellvell\/wp-json\/wp\/v2\/pages\/4158","targetHints":{"allow":["GET"]}}],"collection":[{"href":"https:\/\/agora.xtec.cat\/ceip-santa-anna-castellvell\/wp-json\/wp\/v2\/pages"}],"about":[{"href":"https:\/\/agora.xtec.cat\/ceip-santa-anna-castellvell\/wp-json\/wp\/v2\/types\/page"}],"author":[{"embeddable":true,"href":"https:\/\/agora.xtec.cat\/ceip-santa-anna-castellvell\/wp-json\/wp\/v2\/users\/28"}],"replies":[{"embeddable":true,"href":"https:\/\/agora.xtec.cat\/ceip-santa-anna-castellvell\/wp-json\/wp\/v2\/comments?post=4158"}],"version-history":[{"count":4,"href":"https:\/\/agora.xtec.cat\/ceip-santa-anna-castellvell\/wp-json\/wp\/v2\/pages\/4158\/revisions"}],"predecessor-version":[{"id":11342,"href":"https:\/\/agora.xtec.cat\/ceip-santa-anna-castellvell\/wp-json\/wp\/v2\/pages\/4158\/revisions\/11342"}],"wp:attachment":[{"href":"https:\/\/agora.xtec.cat\/ceip-santa-anna-castellvell\/wp-json\/wp\/v2\/media?parent=4158"}],"curies":[{"name":"wp","href":"https:\/\/api.w.org\/{rel}","templated":true}]}}