{"id":4127,"date":"2021-01-31T16:33:38","date_gmt":"2021-01-31T15:33:38","guid":{"rendered":"https:\/\/agora.xtec.cat\/ceip-santa-anna-castellvell\/?page_id=4127"},"modified":"2025-11-10T15:05:29","modified_gmt":"2025-11-10T14:05:29","slug":"benvinguda","status":"publish","type":"page","link":"https:\/\/agora.xtec.cat\/ceip-santa-anna-castellvell\/lescola\/benvinguda\/","title":{"rendered":"Benvinguda"},"content":{"rendered":"<p style=\"text-align: right;\"><strong><em>Sempre sembla impossible fins que es fa<\/em><\/strong>.<br \/>\nNelson Mandela<\/p>\n<p style=\"text-align: justify;\">Us donem la benvinguda al nostre espai virtual i us agra\u00efm el vostre inter\u00e8s. Esperem que a trav\u00e9s d&#8217;aquestes p\u00e0gines pugueu fer-vos una idea de qui som i qu\u00e8 fem a l&#8217;escola.<\/p>\n<p style=\"text-align: justify;\">A l&#8217;escola partim de la base que, abans que res, som <strong>comunitat<\/strong>, som <strong>grup<\/strong>&#8230;som <strong>equip<\/strong> i per tant, creiem que \u00e9s primordial aprendre a conviure i a con\u00e8ixer-nos per poder aprendre i aprendre a aprendre al llarg de la nostra vida. El nostre comprom\u00eds \u00e9s la de formar persones competents que a trav\u00e9s de l&#8217;educaci\u00f3 es projectin en una societat m\u00e9s justa, respectuosa, equitativa i sostenible. Per aconseguir-ho, necessitem la implicaci\u00f3 de tota la comunitat.<\/p>\n<p style=\"text-align: left;\">Us hi apunteu? Doncs, som-hi!<\/p>\n<p style=\"text-align: right;\"><strong><em>A l&#8217;escola, compartim i aprenem!<\/em><\/strong><\/p>\n<p style=\"text-align: right;\">\n<img loading=\"lazy\" decoding=\"async\" class=\"size-full wp-image-4439 aligncenter\" src=\"https:\/\/agora.xtec.cat\/ceip-santa-anna-castellvell\/wp-content\/uploads\/usu47\/2021\/02\/benvinguda1.jpg\" alt=\"\" width=\"1000\" height=\"510\" srcset=\"https:\/\/agora.xtec.cat\/ceip-santa-anna-castellvell\/wp-content\/uploads\/usu47\/2021\/02\/benvinguda1.jpg 1000w, https:\/\/agora.xtec.cat\/ceip-santa-anna-castellvell\/wp-content\/uploads\/usu47\/2021\/02\/benvinguda1-300x153.jpg 300w, https:\/\/agora.xtec.cat\/ceip-santa-anna-castellvell\/wp-content\/uploads\/usu47\/2021\/02\/benvinguda1-768x392.jpg 768w\" sizes=\"auto, (max-width: 1000px) 100vw, 1000px\" \/><\/p>\n","protected":false},"excerpt":{"rendered":"<p>Sempre sembla impossible fins que es fa. Nelson Mandela Us donem la benvinguda al nostre espai virtual i us agra\u00efm el vostre inter\u00e8s. Esperem que a trav\u00e9s d&#8217;aquestes p\u00e0gines pugueu fer-vos una idea de qui som i qu\u00e8 fem a l&#8217;escola. A l&#8217;escola partim de la base que, abans que res, som comunitat, som grup&#8230;som [&hellip;]<\/p>\n","protected":false},"author":28,"featured_media":0,"parent":22,"menu_order":1,"comment_status":"closed","ping_status":"closed","template":"","meta":{"_bbp_topic_count":0,"_bbp_reply_count":0,"_bbp_total_topic_count":0,"_bbp_total_reply_count":0,"_bbp_voice_count":0,"_bbp_anonymous_reply_count":0,"_bbp_topic_count_hidden":0,"_bbp_reply_count_hidden":0,"_bbp_forum_subforum_count":0,"site-sidebar-layout":"default","site-content-layout":"","ast-site-content-layout":"default","site-content-style":"default","site-sidebar-style":"default","ast-global-header-display":"","ast-banner-title-visibility":"","ast-main-header-display":"","ast-hfb-above-header-display":"","ast-hfb-below-header-display":"","ast-hfb-mobile-header-display":"","site-post-title":"","ast-breadcrumbs-content":"","ast-featured-img":"","footer-sml-layout":"","theme-transparent-header-meta":"","adv-header-id-meta":"","stick-header-meta":"","header-above-stick-meta":"","header-main-stick-meta":"","header-below-stick-meta":"","astra-migrate-meta-layouts":"set","ast-page-background-enabled":"default","ast-page-background-meta":{"desktop":{"background-color":"var(--ast-global-color-4)","background-image":"","background-repeat":"repeat","background-position":"center center","background-size":"auto","background-attachment":"scroll","background-type":"","background-media":"","overlay-type":"","overlay-color":"","overlay-opacity":"","overlay-gradient":""},"tablet":{"background-color":"","background-image":"","background-repeat":"repeat","background-position":"center center","background-size":"auto","background-attachment":"scroll","background-type":"","background-media":"","overlay-type":"","overlay-color":"","overlay-opacity":"","overlay-gradient":""},"mobile":{"background-color":"","background-image":"","background-repeat":"repeat","background-position":"center center","background-size":"auto","background-attachment":"scroll","background-type":"","background-media":"","overlay-type":"","overlay-color":"","overlay-opacity":"","overlay-gradient":""}},"ast-content-background-meta":{"desktop":{"background-color":"var(--ast-global-color-5)","background-image":"","background-repeat":"repeat","background-position":"center center","background-size":"auto","background-attachment":"scroll","background-type":"","background-media":"","overlay-type":"","overlay-color":"","overlay-opacity":"","overlay-gradient":""},"tablet":{"background-color":"var(--ast-global-color-5)","background-image":"","background-repeat":"repeat","background-position":"center center","background-size":"auto","background-attachment":"scroll","background-type":"","background-media":"","overlay-type":"","overlay-color":"","overlay-opacity":"","overlay-gradient":""},"mobile":{"background-color":"var(--ast-global-color-5)","background-image":"","background-repeat":"repeat","background-position":"center center","background-size":"auto","background-attachment":"scroll","background-type":"","background-media":"","overlay-type":"","overlay-color":"","overlay-opacity":"","overlay-gradient":""}},"footnotes":""},"class_list":["post-4127","page","type-page","status-publish","hentry"],"post_mailing_queue_ids":[],"_links":{"self":[{"href":"https:\/\/agora.xtec.cat\/ceip-santa-anna-castellvell\/wp-json\/wp\/v2\/pages\/4127","targetHints":{"allow":["GET"]}}],"collection":[{"href":"https:\/\/agora.xtec.cat\/ceip-santa-anna-castellvell\/wp-json\/wp\/v2\/pages"}],"about":[{"href":"https:\/\/agora.xtec.cat\/ceip-santa-anna-castellvell\/wp-json\/wp\/v2\/types\/page"}],"author":[{"embeddable":true,"href":"https:\/\/agora.xtec.cat\/ceip-santa-anna-castellvell\/wp-json\/wp\/v2\/users\/28"}],"replies":[{"embeddable":true,"href":"https:\/\/agora.xtec.cat\/ceip-santa-anna-castellvell\/wp-json\/wp\/v2\/comments?post=4127"}],"version-history":[{"count":4,"href":"https:\/\/agora.xtec.cat\/ceip-santa-anna-castellvell\/wp-json\/wp\/v2\/pages\/4127\/revisions"}],"predecessor-version":[{"id":11336,"href":"https:\/\/agora.xtec.cat\/ceip-santa-anna-castellvell\/wp-json\/wp\/v2\/pages\/4127\/revisions\/11336"}],"up":[{"embeddable":true,"href":"https:\/\/agora.xtec.cat\/ceip-santa-anna-castellvell\/wp-json\/wp\/v2\/pages\/22"}],"wp:attachment":[{"href":"https:\/\/agora.xtec.cat\/ceip-santa-anna-castellvell\/wp-json\/wp\/v2\/media?parent=4127"}],"curies":[{"name":"wp","href":"https:\/\/api.w.org\/{rel}","templated":true}]}}