{"id":3530,"date":"2020-10-09T11:57:40","date_gmt":"2020-10-09T09:57:40","guid":{"rendered":"https:\/\/agora.xtec.cat\/ceip-santa-anna-castellvell\/?page_id=3530"},"modified":"2021-07-13T15:47:58","modified_gmt":"2021-07-13T13:47:58","slug":"xarxa-competencies-basiques","status":"publish","type":"page","link":"https:\/\/agora.xtec.cat\/ceip-santa-anna-castellvell\/en-xarxa\/xarxa-competencies-basiques\/","title":{"rendered":"Xarxa Compet\u00e8ncies B\u00e0siques"},"content":{"rendered":"<p style=\"text-align: left;\"><a href=\"https:\/\/agora.xtec.cat\/ceip-santa-anna-castellvell\/wp-content\/uploads\/usu47\/2020\/10\/logo_sense_lletres_petit_400x400.jpg\"><img loading=\"lazy\" decoding=\"async\" class=\"wp-image-3531 alignleft\" src=\"https:\/\/agora.xtec.cat\/ceip-santa-anna-castellvell\/wp-content\/uploads\/usu47\/2020\/10\/logo_sense_lletres_petit_400x400.jpg\" alt=\"\" width=\"62\" height=\"62\" \/><\/a>La nostra escola forma part del Programa d&#8217;Innovaci\u00f3 <strong>Xarxa de Compet\u00e8ncies B\u00e0siques <\/strong>des del curs 2019-20.<br \/>\nEnguany \u00e9s el segon curs escolar que en formem part!<\/p>\n<p><iframe loading=\"lazy\" src=\"https:\/\/www.youtube.com\/embed\/sEy4HAzjr4Y\" width=\"530\" height=\"315\" frameborder=\"0\"><span style=\"display: inline-block; width: 0px; overflow: hidden; line-right: 0;\" data-mce-type=\"bookmark\" class=\"mce_SELRES_start\"><span style=\"display: inline-block; width: 0px; overflow: hidden; line-height: 0;\" data-mce-type=\"bookmark\" class=\"mce_SELRES_start\">\ufeff<\/span><span style=\"display: inline-block; width: 0px; overflow: hidden; line-height: 0;\" data-mce-type=\"bookmark\" class=\"mce_SELRES_start\">\ufeff<\/span>\ufeff<\/span><\/iframe><br \/>\nXarxa Cb \u00e9s una modalitat de formaci\u00f3 i <strong>desenvolupament professional<\/strong> docent basat en l\u2019<strong>aprenentatge entre iguals <\/strong>i <strong>en xarxa.<br \/>\n<\/strong>Aquesta formaci\u00f3 est\u00e0 promoguda pel Departament d\u2019Educaci\u00f3.<\/p>\n<h5><strong>Formem part de la XCB12<\/strong><\/h5>\n<p style=\"text-align: left;\"><a href=\"https:\/\/agora.xtec.cat\/ceip-santa-anna-castellvell\/wp-content\/uploads\/usu47\/2020\/10\/logo_sense_lletres_petit_400x400.jpg\"><img loading=\"lazy\" decoding=\"async\" class=\"wp-image-3531 alignright\" src=\"https:\/\/agora.xtec.cat\/ceip-santa-anna-castellvell\/wp-content\/uploads\/usu47\/2020\/10\/logo_sense_lletres_petit_400x400.jpg\" alt=\"\" width=\"62\" height=\"62\" \/><\/a>L&#8217;escola Santa Anna forma part de la xarxa territorial 12, juntament amb altres centres del Baix Camp, del Priorat, l&#8217;Alt Camp, la Conca de Barber\u00e0, el Tarragon\u00e8s i el Baix Pened\u00e8s.<\/p>\n<p><a href=\"https:\/\/agora.xtec.cat\/ceip-santa-anna-castellvell\/wp-content\/uploads\/usu47\/2020\/10\/xcb12.png\"><img loading=\"lazy\" decoding=\"async\" class=\"alignnone wp-image-3539\" src=\"https:\/\/agora.xtec.cat\/ceip-santa-anna-castellvell\/wp-content\/uploads\/usu47\/2020\/10\/xcb12.png\" alt=\"\" width=\"702\" height=\"434\" \/><\/a><\/p>\n<h5><strong>Com ens organitzem?<\/strong><\/h5>\n<p><a href=\"https:\/\/agora.xtec.cat\/ceip-santa-anna-castellvell\/wp-content\/uploads\/usu47\/2020\/10\/organitzaci\u00f3-xcb.png\"><img loading=\"lazy\" decoding=\"async\" class=\"alignnone wp-image-3536\" src=\"https:\/\/agora.xtec.cat\/ceip-santa-anna-castellvell\/wp-content\/uploads\/usu47\/2020\/10\/organitzaci\u00f3-xcb-1024x500.png\" alt=\"\" width=\"721\" height=\"352\" \/><\/a><\/p>\n<h5><strong>Quin \u00e9s el contingut formatiu de la Xcb?<\/strong><\/h5>\n<ul>\n<li>Cicle formatiu d\u2019entre 3-4 anys<\/li>\n<li>Tema: l\u2019<strong>avaluaci\u00f3<\/strong><\/li>\n<li>Lema xcb: <i>Passem el poder de l\u2019avaluaci\u00f3 als aprenents<\/i><\/li>\n<\/ul>\n<h5><strong>El blog formatiu XCB de la nostra escola<\/strong><\/h5>\n<p><a href=\"https:\/\/agora.xtec.cat\/ceip-santa-anna-castellvell\/categoria\/formacio-docent-xcb\/\" target=\"_blank\" rel=\"noopener noreferrer\"><img loading=\"lazy\" decoding=\"async\" class=\"alignnone  wp-image-5500\" src=\"https:\/\/agora.xtec.cat\/ceip-santa-anna-castellvell\/wp-content\/uploads\/usu47\/2021\/07\/blog-formaci\u00f3-xcb-1-1024x514-1-1024x514.png\" alt=\"\" width=\"705\" height=\"354\" srcset=\"https:\/\/agora.xtec.cat\/ceip-santa-anna-castellvell\/wp-content\/uploads\/usu47\/2021\/07\/blog-formaci\u00f3-xcb-1-1024x514-1.png 1024w, https:\/\/agora.xtec.cat\/ceip-santa-anna-castellvell\/wp-content\/uploads\/usu47\/2021\/07\/blog-formaci\u00f3-xcb-1-1024x514-1-300x151.png 300w, https:\/\/agora.xtec.cat\/ceip-santa-anna-castellvell\/wp-content\/uploads\/usu47\/2021\/07\/blog-formaci\u00f3-xcb-1-1024x514-1-768x386.png 768w\" sizes=\"auto, (max-width: 705px) 100vw, 705px\" \/><\/a><\/p>\n<h5><strong>Per saber-ne m\u00e9s<\/strong><\/h5>\n<p><a href=\"http:\/\/xtec.gencat.cat\/ca\/curriculum\/xarxacb\/index.html\">XTEC &#8211; XCB<\/a><br \/>\nEspai web dins la Xarxa Telem\u00e0tica Educativa de Catalunya<\/p>\n<p><a href=\"https:\/\/agora.xtec.cat\/ceip-santa-anna-castellvell\/wp-content\/uploads\/usu47\/2020\/10\/Iavaluar-aprendre-e1602780657632.png\"><img loading=\"lazy\" decoding=\"async\" class=\"size-full wp-image-3540 alignright\" src=\"https:\/\/agora.xtec.cat\/ceip-santa-anna-castellvell\/wp-content\/uploads\/usu47\/2020\/10\/Iavaluar-aprendre-e1602780657632.png\" alt=\"\" width=\"300\" height=\"148\" \/><\/a><a href=\"https:\/\/projectes.xtec.cat\/xarxacb\/\">Nodes XCB<\/a><br \/>\nEspai web de la Xarxa de Compet\u00e8ncies B\u00e0siques del Departament d&#8217;Educaci\u00f3<\/p>\n<p><a href=\"https:\/\/odissea.xtec.cat\/course\/view.php?id=69607\">Moodle Odissea Xarxa de Compet\u00e8ncies B\u00e0siques 2020-21<\/a><br \/>\nMoodle formatiu adre\u00e7at a coordinadores de centre i equips impulsors que fan la formaci\u00f3 XCB<\/p>\n<p><a href=\"http:\/\/avaluarperaprendre.cat\/\">Avaluar per aprendre<\/a><br \/>\nGrup de treball de Rosa Sensat<\/p>\n","protected":false},"excerpt":{"rendered":"<p>La nostra escola forma part del Programa d&#8217;Innovaci\u00f3 Xarxa de Compet\u00e8ncies B\u00e0siques des del curs 2019-20. Enguany \u00e9s el segon curs escolar que en formem part! \ufeff\ufeff\ufeff Xarxa Cb \u00e9s una modalitat de formaci\u00f3 i desenvolupament professional docent basat en l\u2019aprenentatge entre iguals i en xarxa. Aquesta formaci\u00f3 est\u00e0 promoguda pel Departament d\u2019Educaci\u00f3. Formem part [&hellip;]<\/p>\n","protected":false},"author":28,"featured_media":0,"parent":4196,"menu_order":1,"comment_status":"closed","ping_status":"closed","template":"page-templates\/side-menu.php","meta":{"_bbp_topic_count":0,"_bbp_reply_count":0,"_bbp_total_topic_count":0,"_bbp_total_reply_count":0,"_bbp_voice_count":0,"_bbp_anonymous_reply_count":0,"_bbp_topic_count_hidden":0,"_bbp_reply_count_hidden":0,"_bbp_forum_subforum_count":0,"site-sidebar-layout":"default","site-content-layout":"","ast-site-content-layout":"","site-content-style":"default","site-sidebar-style":"default","ast-global-header-display":"","ast-banner-title-visibility":"","ast-main-header-display":"","ast-hfb-above-header-display":"","ast-hfb-below-header-display":"","ast-hfb-mobile-header-display":"","site-post-title":"","ast-breadcrumbs-content":"","ast-featured-img":"","footer-sml-layout":"","theme-transparent-header-meta":"","adv-header-id-meta":"","stick-header-meta":"","header-above-stick-meta":"","header-main-stick-meta":"","header-below-stick-meta":"","astra-migrate-meta-layouts":"default","ast-page-background-enabled":"default","ast-page-background-meta":{"desktop":{"background-color":"var(--ast-global-color-4)","background-image":"","background-repeat":"repeat","background-position":"center center","background-size":"auto","background-attachment":"scroll","background-type":"","background-media":"","overlay-type":"","overlay-color":"","overlay-opacity":"","overlay-gradient":""},"tablet":{"background-color":"","background-image":"","background-repeat":"repeat","background-position":"center center","background-size":"auto","background-attachment":"scroll","background-type":"","background-media":"","overlay-type":"","overlay-color":"","overlay-opacity":"","overlay-gradient":""},"mobile":{"background-color":"","background-image":"","background-repeat":"repeat","background-position":"center center","background-size":"auto","background-attachment":"scroll","background-type":"","background-media":"","overlay-type":"","overlay-color":"","overlay-opacity":"","overlay-gradient":""}},"ast-content-background-meta":{"desktop":{"background-color":"var(--ast-global-color-5)","background-image":"","background-repeat":"repeat","background-position":"center center","background-size":"auto","background-attachment":"scroll","background-type":"","background-media":"","overlay-type":"","overlay-color":"","overlay-opacity":"","overlay-gradient":""},"tablet":{"background-color":"var(--ast-global-color-5)","background-image":"","background-repeat":"repeat","background-position":"center center","background-size":"auto","background-attachment":"scroll","background-type":"","background-media":"","overlay-type":"","overlay-color":"","overlay-opacity":"","overlay-gradient":""},"mobile":{"background-color":"var(--ast-global-color-5)","background-image":"","background-repeat":"repeat","background-position":"center center","background-size":"auto","background-attachment":"scroll","background-type":"","background-media":"","overlay-type":"","overlay-color":"","overlay-opacity":"","overlay-gradient":""}},"footnotes":""},"class_list":["post-3530","page","type-page","status-publish","hentry"],"post_mailing_queue_ids":[],"_links":{"self":[{"href":"https:\/\/agora.xtec.cat\/ceip-santa-anna-castellvell\/wp-json\/wp\/v2\/pages\/3530","targetHints":{"allow":["GET"]}}],"collection":[{"href":"https:\/\/agora.xtec.cat\/ceip-santa-anna-castellvell\/wp-json\/wp\/v2\/pages"}],"about":[{"href":"https:\/\/agora.xtec.cat\/ceip-santa-anna-castellvell\/wp-json\/wp\/v2\/types\/page"}],"author":[{"embeddable":true,"href":"https:\/\/agora.xtec.cat\/ceip-santa-anna-castellvell\/wp-json\/wp\/v2\/users\/28"}],"replies":[{"embeddable":true,"href":"https:\/\/agora.xtec.cat\/ceip-santa-anna-castellvell\/wp-json\/wp\/v2\/comments?post=3530"}],"version-history":[{"count":4,"href":"https:\/\/agora.xtec.cat\/ceip-santa-anna-castellvell\/wp-json\/wp\/v2\/pages\/3530\/revisions"}],"predecessor-version":[{"id":5502,"href":"https:\/\/agora.xtec.cat\/ceip-santa-anna-castellvell\/wp-json\/wp\/v2\/pages\/3530\/revisions\/5502"}],"up":[{"embeddable":true,"href":"https:\/\/agora.xtec.cat\/ceip-santa-anna-castellvell\/wp-json\/wp\/v2\/pages\/4196"}],"wp:attachment":[{"href":"https:\/\/agora.xtec.cat\/ceip-santa-anna-castellvell\/wp-json\/wp\/v2\/media?parent=3530"}],"curies":[{"name":"wp","href":"https:\/\/api.w.org\/{rel}","templated":true}]}}