{"id":30,"date":"2014-09-18T12:30:23","date_gmt":"2014-09-18T12:30:23","guid":{"rendered":"http:\/\/agora.xtec.cat\/ceip-santa-anna-castellvell\/?page_id=30"},"modified":"2025-11-08T21:03:34","modified_gmt":"2025-11-08T20:03:34","slug":"instal%c2%b7lacions","status":"publish","type":"page","link":"https:\/\/agora.xtec.cat\/ceip-santa-anna-castellvell\/lescola\/instal%c2%b7lacions\/","title":{"rendered":"Instal\u00b7lacions"},"content":{"rendered":"<p>Som una escola<span style=\"color: #808080;\"><strong> p\u00fablica d\u2019educaci\u00f3 infantil i prim\u00e0ria <\/strong><\/span>depenent del Departament d&#8217;Educaci\u00f3 de la Generalitat de Catalunya. \u00a0L&#8217;edifici, constru\u00eft el 2007, compta amb els seg\u00fcents <strong>espais<\/strong>:<\/p>\n<table style=\"width: 98.3102%; border-color: #ffffff; height: 1565px;\">\n<tbody>\n<tr style=\"height: 532px;\">\n<td style=\"width: 46.7879%; border-color: #ffffff; height: 532px;\">\n<h4><strong><a href=\"https:\/\/agora.xtec.cat\/ceip-santa-anna-castellvell\/wp-content\/uploads\/usu47\/2017\/10\/color_fons_blanc_sense_marc.png\"><img loading=\"lazy\" decoding=\"async\" class=\"wp-image-2171 alignleft\" src=\"https:\/\/agora.xtec.cat\/ceip-santa-anna-castellvell\/wp-content\/uploads\/usu47\/2017\/10\/color_fons_blanc_sense_marc-1024x1024.png\" alt=\"\" width=\"27\" height=\"27\" srcset=\"https:\/\/agora.xtec.cat\/ceip-santa-anna-castellvell\/wp-content\/uploads\/usu47\/2017\/10\/color_fons_blanc_sense_marc-1024x1024.png 1024w, https:\/\/agora.xtec.cat\/ceip-santa-anna-castellvell\/wp-content\/uploads\/usu47\/2017\/10\/color_fons_blanc_sense_marc-150x150.png 150w, https:\/\/agora.xtec.cat\/ceip-santa-anna-castellvell\/wp-content\/uploads\/usu47\/2017\/10\/color_fons_blanc_sense_marc-300x300.png 300w, https:\/\/agora.xtec.cat\/ceip-santa-anna-castellvell\/wp-content\/uploads\/usu47\/2017\/10\/color_fons_blanc_sense_marc-768x768.png 768w\" sizes=\"auto, (max-width: 27px) 100vw, 27px\" \/><\/a>Planta baixa: educaci\u00f3 infantil<\/strong><\/h4>\n<ul>\n<li>6 aules d&#8217;infantil amb lavabos compartits<\/li>\n<li>Aula de psicomotricitat<\/li>\n<li>Zona semi porxada<\/li>\n<li>Aula Llums i ombres<\/li>\n<li>Espai per emmagatzematge<\/li>\n<li>Zona de lavabos per adults<\/li>\n<li>Zona d\u2019esbarjo, amb acc\u00e9s des de les aules<\/li>\n<\/ul>\n<\/td>\n<td style=\"width: 50%; border-color: #ffffff; height: 532px;\">\n<h4><strong><a href=\"https:\/\/agora.xtec.cat\/ceip-santa-anna-castellvell\/wp-content\/uploads\/usu47\/2017\/10\/color_fons_blanc_sense_marc.png\"><img loading=\"lazy\" decoding=\"async\" class=\"wp-image-2171 alignleft\" src=\"https:\/\/agora.xtec.cat\/ceip-santa-anna-castellvell\/wp-content\/uploads\/usu47\/2017\/10\/color_fons_blanc_sense_marc-1024x1024.png\" alt=\"\" width=\"27\" height=\"27\" srcset=\"https:\/\/agora.xtec.cat\/ceip-santa-anna-castellvell\/wp-content\/uploads\/usu47\/2017\/10\/color_fons_blanc_sense_marc-1024x1024.png 1024w, https:\/\/agora.xtec.cat\/ceip-santa-anna-castellvell\/wp-content\/uploads\/usu47\/2017\/10\/color_fons_blanc_sense_marc-150x150.png 150w, https:\/\/agora.xtec.cat\/ceip-santa-anna-castellvell\/wp-content\/uploads\/usu47\/2017\/10\/color_fons_blanc_sense_marc-300x300.png 300w, https:\/\/agora.xtec.cat\/ceip-santa-anna-castellvell\/wp-content\/uploads\/usu47\/2017\/10\/color_fons_blanc_sense_marc-768x768.png 768w\" sizes=\"auto, (max-width: 27px) 100vw, 27px\" \/><\/a><\/strong><strong>Primera planta: educaci\u00f3 prim\u00e0ria<\/strong><\/h4>\n<ul>\n<li>12 aules de prim\u00e0ria: cicle inicial, mitj\u00e0 i superior<\/li>\n<li>Aula de ci\u00e8ncies amb kits d&#8217;experimentaci\u00f3 i lupes binoculars.<\/li>\n<li>3 espais de tutoria per atendre petits grups o fer entrevistes amb les fam\u00edlies<\/li>\n<li>Zona de lavabos per a nens i nenes i per a adults.<\/li>\n<li>Aula de suport equipada amb recursos did\u00e0ctics per atendre a la diversitat.<\/li>\n<li>Aula de lleng\u00fces estrangeres amb recursos did\u00e0ctics ling\u00fc\u00edstics.<\/li>\n<\/ul>\n<\/td>\n<\/tr>\n<tr style=\"height: 658px;\">\n<td style=\"width: 50%; border-color: #ffffff; background-color: #ffffff; height: 658px;\">\n<h4><strong><a href=\"https:\/\/agora.xtec.cat\/ceip-santa-anna-castellvell\/wp-content\/uploads\/usu47\/2017\/10\/color_fons_blanc_sense_marc.png\"><img loading=\"lazy\" decoding=\"async\" class=\"wp-image-2171 alignleft\" src=\"https:\/\/agora.xtec.cat\/ceip-santa-anna-castellvell\/wp-content\/uploads\/usu47\/2017\/10\/color_fons_blanc_sense_marc-1024x1024.png\" alt=\"\" width=\"27\" height=\"27\" srcset=\"https:\/\/agora.xtec.cat\/ceip-santa-anna-castellvell\/wp-content\/uploads\/usu47\/2017\/10\/color_fons_blanc_sense_marc-1024x1024.png 1024w, https:\/\/agora.xtec.cat\/ceip-santa-anna-castellvell\/wp-content\/uploads\/usu47\/2017\/10\/color_fons_blanc_sense_marc-150x150.png 150w, https:\/\/agora.xtec.cat\/ceip-santa-anna-castellvell\/wp-content\/uploads\/usu47\/2017\/10\/color_fons_blanc_sense_marc-300x300.png 300w, https:\/\/agora.xtec.cat\/ceip-santa-anna-castellvell\/wp-content\/uploads\/usu47\/2017\/10\/color_fons_blanc_sense_marc-768x768.png 768w\" sizes=\"auto, (max-width: 27px) 100vw, 27px\" \/><\/a><\/strong><strong>Planta baixa: zona d&#8217;entrada<\/strong><\/h4>\n<ul>\n<li>Vest\u00edbul<\/li>\n<li>Biblioteca escolar amb lavabo<\/li>\n<li>Despatxos: secretaria i direcci\u00f3<\/li>\n<li>Consergeria<\/li>\n<li>Sala de mestres<\/li>\n<li>Zona lavabos nens i nenes i per adults.<\/li>\n<li>Espai d\u2019emmagatzematge per l\u2019equipament TAC<\/li>\n<li>Aula multim\u00e8dia<\/li>\n<\/ul>\n<\/td>\n<td style=\"width: 50%; border-color: #ffffff; background-color: #ffffff; height: 658px;\">\n<ul>\n<li>Aula de m\u00fasica<\/li>\n<li>Tutoria d\u2019educaci\u00f3 f\u00edsica<\/li>\n<li>Zona copisteria<\/li>\n<li>Espai per emmagatzematge general<\/li>\n<li>Menjador amb cuina in situ<\/li>\n<li>Porxo exterior amb lavabos<\/li>\n<\/ul>\n<p style=\"text-align: center;\">\n<\/td>\n<\/tr>\n<tr style=\"height: 375px;\">\n<td style=\"width: 50%; border-color: #ffffff; height: 375px;\">\n<h4><strong><a href=\"https:\/\/agora.xtec.cat\/ceip-santa-anna-castellvell\/wp-content\/uploads\/usu47\/2017\/10\/color_fons_blanc_sense_marc.png\"><img loading=\"lazy\" decoding=\"async\" class=\"wp-image-2171 alignleft\" src=\"https:\/\/agora.xtec.cat\/ceip-santa-anna-castellvell\/wp-content\/uploads\/usu47\/2017\/10\/color_fons_blanc_sense_marc-1024x1024.png\" alt=\"\" width=\"27\" height=\"27\" srcset=\"https:\/\/agora.xtec.cat\/ceip-santa-anna-castellvell\/wp-content\/uploads\/usu47\/2017\/10\/color_fons_blanc_sense_marc-1024x1024.png 1024w, https:\/\/agora.xtec.cat\/ceip-santa-anna-castellvell\/wp-content\/uploads\/usu47\/2017\/10\/color_fons_blanc_sense_marc-150x150.png 150w, https:\/\/agora.xtec.cat\/ceip-santa-anna-castellvell\/wp-content\/uploads\/usu47\/2017\/10\/color_fons_blanc_sense_marc-300x300.png 300w, https:\/\/agora.xtec.cat\/ceip-santa-anna-castellvell\/wp-content\/uploads\/usu47\/2017\/10\/color_fons_blanc_sense_marc-768x768.png 768w\" sizes=\"auto, (max-width: 27px) 100vw, 27px\" \/><\/a><\/strong><strong>Pati d&#8217;educaci\u00f3 infantil<\/strong><\/h4>\n<ul>\n<li>Zona de joc equipada amb sorral amb para-sol, muntanyeta i zones de joc<\/li>\n<\/ul>\n<p><img loading=\"lazy\" decoding=\"async\" class=\"aligncenter wp-image-3002\" src=\"https:\/\/agora.xtec.cat\/ceip-santa-anna-castellvell\/wp-content\/uploads\/usu47\/2019\/05\/20190512_141731_-300x225.jpg\" alt=\"\" width=\"228\" height=\"171\" srcset=\"https:\/\/agora.xtec.cat\/ceip-santa-anna-castellvell\/wp-content\/uploads\/usu47\/2019\/05\/20190512_141731_-300x225.jpg 300w, https:\/\/agora.xtec.cat\/ceip-santa-anna-castellvell\/wp-content\/uploads\/usu47\/2019\/05\/20190512_141731_-768x576.jpg 768w, https:\/\/agora.xtec.cat\/ceip-santa-anna-castellvell\/wp-content\/uploads\/usu47\/2019\/05\/20190512_141731_-1024x768.jpg 1024w, https:\/\/agora.xtec.cat\/ceip-santa-anna-castellvell\/wp-content\/uploads\/usu47\/2019\/05\/20190512_141731_-200x150.jpg 200w\" sizes=\"auto, (max-width: 228px) 100vw, 228px\" \/><\/td>\n<td style=\"width: 50%; border-color: #ffffff; height: 375px;\">\n<h4><strong><a href=\"https:\/\/agora.xtec.cat\/ceip-santa-anna-castellvell\/wp-content\/uploads\/usu47\/2017\/10\/color_fons_blanc_sense_marc.png\"><img loading=\"lazy\" decoding=\"async\" class=\"wp-image-2171 alignleft\" src=\"https:\/\/agora.xtec.cat\/ceip-santa-anna-castellvell\/wp-content\/uploads\/usu47\/2017\/10\/color_fons_blanc_sense_marc-1024x1024.png\" alt=\"\" width=\"27\" height=\"27\" srcset=\"https:\/\/agora.xtec.cat\/ceip-santa-anna-castellvell\/wp-content\/uploads\/usu47\/2017\/10\/color_fons_blanc_sense_marc-1024x1024.png 1024w, https:\/\/agora.xtec.cat\/ceip-santa-anna-castellvell\/wp-content\/uploads\/usu47\/2017\/10\/color_fons_blanc_sense_marc-150x150.png 150w, https:\/\/agora.xtec.cat\/ceip-santa-anna-castellvell\/wp-content\/uploads\/usu47\/2017\/10\/color_fons_blanc_sense_marc-300x300.png 300w, https:\/\/agora.xtec.cat\/ceip-santa-anna-castellvell\/wp-content\/uploads\/usu47\/2017\/10\/color_fons_blanc_sense_marc-768x768.png 768w\" sizes=\"auto, (max-width: 27px) 100vw, 27px\" \/><\/a><\/strong><strong>Pati d&#8217;educaci\u00f3 prim\u00e0ria<\/strong><\/h4>\n<ul>\n<li>Gimn\u00e0s amb escenari<\/li>\n<li>Zona porxada i tendal solar<\/li>\n<li>Pista de futbol\/2 pistes de minib\u00e0squet<\/li>\n<li>Sorral amb para-sol<\/li>\n<li>Roc\u00f2drom<\/li>\n<li>\u00c0gora de la Pau<\/li>\n<li>Camp de bitlles catalanes<\/li>\n<li>Hort escolar i caseta eines<\/li>\n<li>Zona taules p\u00edcnic<\/li>\n<\/ul>\n<\/td>\n<\/tr>\n<\/tbody>\n<\/table>\n<p>(&#8230; en construcci\u00f3)<\/p>\n","protected":false},"excerpt":{"rendered":"<p>Som una escola p\u00fablica d\u2019educaci\u00f3 infantil i prim\u00e0ria depenent del Departament d&#8217;Educaci\u00f3 de la Generalitat de Catalunya. \u00a0L&#8217;edifici, constru\u00eft el 2007, compta amb els seg\u00fcents espais: Planta baixa: educaci\u00f3 infantil 6 aules d&#8217;infantil amb lavabos compartits Aula de psicomotricitat Zona semi porxada Aula Llums i ombres Espai per emmagatzematge Zona de lavabos per adults Zona [&hellip;]<\/p>\n","protected":false},"author":2,"featured_media":0,"parent":22,"menu_order":5,"comment_status":"closed","ping_status":"closed","template":"","meta":{"_bbp_topic_count":0,"_bbp_reply_count":0,"_bbp_total_topic_count":0,"_bbp_total_reply_count":0,"_bbp_voice_count":0,"_bbp_anonymous_reply_count":0,"_bbp_topic_count_hidden":0,"_bbp_reply_count_hidden":0,"_bbp_forum_subforum_count":0,"site-sidebar-layout":"default","site-content-layout":"","ast-site-content-layout":"default","site-content-style":"default","site-sidebar-style":"default","ast-global-header-display":"","ast-banner-title-visibility":"","ast-main-header-display":"","ast-hfb-above-header-display":"","ast-hfb-below-header-display":"","ast-hfb-mobile-header-display":"","site-post-title":"","ast-breadcrumbs-content":"","ast-featured-img":"","footer-sml-layout":"","theme-transparent-header-meta":"","adv-header-id-meta":"","stick-header-meta":"","header-above-stick-meta":"","header-main-stick-meta":"","header-below-stick-meta":"","astra-migrate-meta-layouts":"set","ast-page-background-enabled":"default","ast-page-background-meta":{"desktop":{"background-color":"var(--ast-global-color-4)","background-image":"","background-repeat":"repeat","background-position":"center center","background-size":"auto","background-attachment":"scroll","background-type":"","background-media":"","overlay-type":"","overlay-color":"","overlay-opacity":"","overlay-gradient":""},"tablet":{"background-color":"","background-image":"","background-repeat":"repeat","background-position":"center center","background-size":"auto","background-attachment":"scroll","background-type":"","background-media":"","overlay-type":"","overlay-color":"","overlay-opacity":"","overlay-gradient":""},"mobile":{"background-color":"","background-image":"","background-repeat":"repeat","background-position":"center center","background-size":"auto","background-attachment":"scroll","background-type":"","background-media":"","overlay-type":"","overlay-color":"","overlay-opacity":"","overlay-gradient":""}},"ast-content-background-meta":{"desktop":{"background-color":"var(--ast-global-color-5)","background-image":"","background-repeat":"repeat","background-position":"center center","background-size":"auto","background-attachment":"scroll","background-type":"","background-media":"","overlay-type":"","overlay-color":"","overlay-opacity":"","overlay-gradient":""},"tablet":{"background-color":"var(--ast-global-color-5)","background-image":"","background-repeat":"repeat","background-position":"center center","background-size":"auto","background-attachment":"scroll","background-type":"","background-media":"","overlay-type":"","overlay-color":"","overlay-opacity":"","overlay-gradient":""},"mobile":{"background-color":"var(--ast-global-color-5)","background-image":"","background-repeat":"repeat","background-position":"center center","background-size":"auto","background-attachment":"scroll","background-type":"","background-media":"","overlay-type":"","overlay-color":"","overlay-opacity":"","overlay-gradient":""}},"footnotes":""},"class_list":["post-30","page","type-page","status-publish","hentry"],"post_mailing_queue_ids":[],"_links":{"self":[{"href":"https:\/\/agora.xtec.cat\/ceip-santa-anna-castellvell\/wp-json\/wp\/v2\/pages\/30","targetHints":{"allow":["GET"]}}],"collection":[{"href":"https:\/\/agora.xtec.cat\/ceip-santa-anna-castellvell\/wp-json\/wp\/v2\/pages"}],"about":[{"href":"https:\/\/agora.xtec.cat\/ceip-santa-anna-castellvell\/wp-json\/wp\/v2\/types\/page"}],"author":[{"embeddable":true,"href":"https:\/\/agora.xtec.cat\/ceip-santa-anna-castellvell\/wp-json\/wp\/v2\/users\/2"}],"replies":[{"embeddable":true,"href":"https:\/\/agora.xtec.cat\/ceip-santa-anna-castellvell\/wp-json\/wp\/v2\/comments?post=30"}],"version-history":[{"count":6,"href":"https:\/\/agora.xtec.cat\/ceip-santa-anna-castellvell\/wp-json\/wp\/v2\/pages\/30\/revisions"}],"predecessor-version":[{"id":11309,"href":"https:\/\/agora.xtec.cat\/ceip-santa-anna-castellvell\/wp-json\/wp\/v2\/pages\/30\/revisions\/11309"}],"up":[{"embeddable":true,"href":"https:\/\/agora.xtec.cat\/ceip-santa-anna-castellvell\/wp-json\/wp\/v2\/pages\/22"}],"wp:attachment":[{"href":"https:\/\/agora.xtec.cat\/ceip-santa-anna-castellvell\/wp-json\/wp\/v2\/media?parent=30"}],"curies":[{"name":"wp","href":"https:\/\/api.w.org\/{rel}","templated":true}]}}