{"id":2859,"date":"2019-03-07T15:20:12","date_gmt":"2019-03-07T14:20:12","guid":{"rendered":"http:\/\/agora.xtec.cat\/ceip-santa-anna-castellvell\/?page_id=2859"},"modified":"2025-01-25T18:36:49","modified_gmt":"2025-01-25T17:36:49","slug":"centre-formador","status":"publish","type":"page","link":"https:\/\/agora.xtec.cat\/ceip-santa-anna-castellvell\/qui-som\/centre-formador\/","title":{"rendered":"Centre formador"},"content":{"rendered":"<p style=\"text-align: justify;\">Com a escola p\u00fablica del Departament d&#8217;Educaci\u00f3 de Catalunya que impartim ensenyaments d&#8217;educaci\u00f3 infantil i prim\u00e0ria ens oferim per rebre i tutoritzar estudiants universitaris en pr\u00e0ctiques de Grau de Mestre d&#8217;<a href=\"https:\/\/www.urv.cat\/ca\/estudis\/graus\/oferta\/graudeducacioinfantil\/\"><strong>Educaci\u00f3 Infantil<\/strong><\/a> i d&#8217;<a href=\"https:\/\/www.urv.cat\/ca\/estudis\/graus\/oferta\/graudeducacioprimaria\/\"><strong>Educaci\u00f3 Prim\u00e0ria<\/strong><\/a>, incorporant-los en la vida di\u00e0ria de l&#8217;escola, amb l\u2019objectiu de que rebin formaci\u00f3 professionalitzadora en l\u2019entorn real de centre i aula.<\/p>\n<p style=\"text-align: justify;\">Aix\u00f2 requereix d\u2019una coordinaci\u00f3 estreta amb la <strong>Universitat Rovira i Virgili <\/strong><span style=\"color: #808080;\"><span style=\"color: #333333;\">de Tarragona<\/span><\/span> i l\u2019establiment d\u2019un pla de treball que guia l\u2019acompanyament d\u2019aquests estudiants en pr\u00e0ctiques al llarg de la seva estada al centre.<\/p>\n<table style=\"border-color: #ffffff;\">\n<tbody>\n<tr>\n<td style=\"border-color: #ffffff;\"><iframe loading=\"lazy\" src=\"https:\/\/www.youtube.com\/embed\/peR2E1iOJWY\" width=\"560\" height=\"315\" frameborder=\"0\"><\/iframe><\/td>\n<td style=\"border-color: #ffffff;\"><iframe loading=\"lazy\" src=\"https:\/\/www.youtube.com\/embed\/G4CnBLYzuRc\" width=\"560\" height=\"315\" frameborder=\"0\"><\/iframe><\/td>\n<\/tr>\n<\/tbody>\n<\/table>\n<p>&nbsp;<\/p>\n","protected":false},"excerpt":{"rendered":"<p>Com a escola p\u00fablica del Departament d&#8217;Educaci\u00f3 de Catalunya que impartim ensenyaments d&#8217;educaci\u00f3 infantil i prim\u00e0ria ens oferim per rebre i tutoritzar estudiants universitaris en pr\u00e0ctiques de Grau de Mestre d&#8217;Educaci\u00f3 Infantil i d&#8217;Educaci\u00f3 Prim\u00e0ria, incorporant-los en la vida di\u00e0ria de l&#8217;escola, amb l\u2019objectiu de que rebin formaci\u00f3 professionalitzadora en l\u2019entorn real de centre i [&hellip;]<\/p>\n","protected":false},"author":6,"featured_media":0,"parent":2216,"menu_order":10,"comment_status":"closed","ping_status":"closed","template":"page-templates\/side-menu.php","meta":{"_bbp_topic_count":0,"_bbp_reply_count":0,"_bbp_total_topic_count":0,"_bbp_total_reply_count":0,"_bbp_voice_count":0,"_bbp_anonymous_reply_count":0,"_bbp_topic_count_hidden":0,"_bbp_reply_count_hidden":0,"_bbp_forum_subforum_count":0,"site-sidebar-layout":"default","site-content-layout":"","ast-site-content-layout":"","site-content-style":"default","site-sidebar-style":"default","ast-global-header-display":"","ast-banner-title-visibility":"","ast-main-header-display":"","ast-hfb-above-header-display":"","ast-hfb-below-header-display":"","ast-hfb-mobile-header-display":"","site-post-title":"","ast-breadcrumbs-content":"","ast-featured-img":"","footer-sml-layout":"","theme-transparent-header-meta":"","adv-header-id-meta":"","stick-header-meta":"","header-above-stick-meta":"","header-main-stick-meta":"","header-below-stick-meta":"","astra-migrate-meta-layouts":"default","ast-page-background-enabled":"default","ast-page-background-meta":{"desktop":{"background-color":"var(--ast-global-color-4)","background-image":"","background-repeat":"repeat","background-position":"center center","background-size":"auto","background-attachment":"scroll","background-type":"","background-media":"","overlay-type":"","overlay-color":"","overlay-opacity":"","overlay-gradient":""},"tablet":{"background-color":"","background-image":"","background-repeat":"repeat","background-position":"center center","background-size":"auto","background-attachment":"scroll","background-type":"","background-media":"","overlay-type":"","overlay-color":"","overlay-opacity":"","overlay-gradient":""},"mobile":{"background-color":"","background-image":"","background-repeat":"repeat","background-position":"center center","background-size":"auto","background-attachment":"scroll","background-type":"","background-media":"","overlay-type":"","overlay-color":"","overlay-opacity":"","overlay-gradient":""}},"ast-content-background-meta":{"desktop":{"background-color":"var(--ast-global-color-5)","background-image":"","background-repeat":"repeat","background-position":"center center","background-size":"auto","background-attachment":"scroll","background-type":"","background-media":"","overlay-type":"","overlay-color":"","overlay-opacity":"","overlay-gradient":""},"tablet":{"background-color":"var(--ast-global-color-5)","background-image":"","background-repeat":"repeat","background-position":"center center","background-size":"auto","background-attachment":"scroll","background-type":"","background-media":"","overlay-type":"","overlay-color":"","overlay-opacity":"","overlay-gradient":""},"mobile":{"background-color":"var(--ast-global-color-5)","background-image":"","background-repeat":"repeat","background-position":"center center","background-size":"auto","background-attachment":"scroll","background-type":"","background-media":"","overlay-type":"","overlay-color":"","overlay-opacity":"","overlay-gradient":""}},"footnotes":""},"class_list":["post-2859","page","type-page","status-publish","hentry"],"post_mailing_queue_ids":[],"_links":{"self":[{"href":"https:\/\/agora.xtec.cat\/ceip-santa-anna-castellvell\/wp-json\/wp\/v2\/pages\/2859","targetHints":{"allow":["GET"]}}],"collection":[{"href":"https:\/\/agora.xtec.cat\/ceip-santa-anna-castellvell\/wp-json\/wp\/v2\/pages"}],"about":[{"href":"https:\/\/agora.xtec.cat\/ceip-santa-anna-castellvell\/wp-json\/wp\/v2\/types\/page"}],"author":[{"embeddable":true,"href":"https:\/\/agora.xtec.cat\/ceip-santa-anna-castellvell\/wp-json\/wp\/v2\/users\/6"}],"replies":[{"embeddable":true,"href":"https:\/\/agora.xtec.cat\/ceip-santa-anna-castellvell\/wp-json\/wp\/v2\/comments?post=2859"}],"version-history":[{"count":5,"href":"https:\/\/agora.xtec.cat\/ceip-santa-anna-castellvell\/wp-json\/wp\/v2\/pages\/2859\/revisions"}],"predecessor-version":[{"id":10227,"href":"https:\/\/agora.xtec.cat\/ceip-santa-anna-castellvell\/wp-json\/wp\/v2\/pages\/2859\/revisions\/10227"}],"up":[{"embeddable":true,"href":"https:\/\/agora.xtec.cat\/ceip-santa-anna-castellvell\/wp-json\/wp\/v2\/pages\/2216"}],"wp:attachment":[{"href":"https:\/\/agora.xtec.cat\/ceip-santa-anna-castellvell\/wp-json\/wp\/v2\/media?parent=2859"}],"curies":[{"name":"wp","href":"https:\/\/api.w.org\/{rel}","templated":true}]}}