{"id":2855,"date":"2019-03-07T15:15:26","date_gmt":"2019-03-07T14:15:26","guid":{"rendered":"http:\/\/agora.xtec.cat\/ceip-santa-anna-castellvell\/?page_id=2855"},"modified":"2021-02-08T12:48:19","modified_gmt":"2021-02-08T11:48:19","slug":"institut-gaudi","status":"publish","type":"page","link":"https:\/\/agora.xtec.cat\/ceip-santa-anna-castellvell\/en-xarxa\/institut-gaudi\/","title":{"rendered":"Institut Gaud\u00ed"},"content":{"rendered":"<p style=\"text-align: justify;\">Com ens connectem prim\u00e0ria-secund\u00e0ria?<a style=\"color: #000000;\" href=\"https:\/\/agora.xtec.cat\/iesgaudi\/\"><img loading=\"lazy\" decoding=\"async\" class=\"wp-image-2922 alignleft\" src=\"https:\/\/agora.xtec.cat\/ceip-santa-anna-castellvell\/wp-content\/uploads\/usu47\/2019\/03\/100x218.png\" alt=\"\" width=\"90\" height=\"197\" \/><\/a><\/p>\n<p style=\"text-align: justify;\">Els alumnes de 6\u00e8 de la nostra escola continuen el seu projecte formatiu a l&#8217;institut de secund\u00e0ria <a href=\"https:\/\/agora.xtec.cat\/iesgaudi\/\"><strong>IES Gaud\u00ed de Reu<\/strong><\/a><a href=\"https:\/\/agora.xtec.cat\/iesgaudi\/\"><strong>s<\/strong><\/a>:<\/p>\n<p style=\"text-align: justify;\">Al llarg del curs escolar, mantenim contactes de coordinaci\u00f3, trasp\u00e0s d\u2019informaci\u00f3, visites i realitzaci\u00f3 d\u2019activitats l\u00fadiques, per tal d\u2019enlla\u00e7ar el nostre projecte educatiu amb els dels l&#8217;instituts adscrits.<\/p>\n","protected":false},"excerpt":{"rendered":"<p>Com ens connectem prim\u00e0ria-secund\u00e0ria? Els alumnes de 6\u00e8 de la nostra escola continuen el seu projecte formatiu a l&#8217;institut de secund\u00e0ria IES Gaud\u00ed de Reus: Al llarg del curs escolar, mantenim contactes de coordinaci\u00f3, trasp\u00e0s d\u2019informaci\u00f3, visites i realitzaci\u00f3 d\u2019activitats l\u00fadiques, per tal d\u2019enlla\u00e7ar el nostre projecte educatiu amb els dels l&#8217;instituts adscrits.<\/p>\n","protected":false},"author":6,"featured_media":0,"parent":4196,"menu_order":2,"comment_status":"closed","ping_status":"closed","template":"page-templates\/side-menu.php","meta":{"_bbp_topic_count":0,"_bbp_reply_count":0,"_bbp_total_topic_count":0,"_bbp_total_reply_count":0,"_bbp_voice_count":0,"_bbp_anonymous_reply_count":0,"_bbp_topic_count_hidden":0,"_bbp_reply_count_hidden":0,"_bbp_forum_subforum_count":0,"site-sidebar-layout":"default","site-content-layout":"","ast-site-content-layout":"","site-content-style":"default","site-sidebar-style":"default","ast-global-header-display":"","ast-banner-title-visibility":"","ast-main-header-display":"","ast-hfb-above-header-display":"","ast-hfb-below-header-display":"","ast-hfb-mobile-header-display":"","site-post-title":"","ast-breadcrumbs-content":"","ast-featured-img":"","footer-sml-layout":"","theme-transparent-header-meta":"","adv-header-id-meta":"","stick-header-meta":"","header-above-stick-meta":"","header-main-stick-meta":"","header-below-stick-meta":"","astra-migrate-meta-layouts":"default","ast-page-background-enabled":"default","ast-page-background-meta":{"desktop":{"background-color":"var(--ast-global-color-4)","background-image":"","background-repeat":"repeat","background-position":"center center","background-size":"auto","background-attachment":"scroll","background-type":"","background-media":"","overlay-type":"","overlay-color":"","overlay-opacity":"","overlay-gradient":""},"tablet":{"background-color":"","background-image":"","background-repeat":"repeat","background-position":"center center","background-size":"auto","background-attachment":"scroll","background-type":"","background-media":"","overlay-type":"","overlay-color":"","overlay-opacity":"","overlay-gradient":""},"mobile":{"background-color":"","background-image":"","background-repeat":"repeat","background-position":"center center","background-size":"auto","background-attachment":"scroll","background-type":"","background-media":"","overlay-type":"","overlay-color":"","overlay-opacity":"","overlay-gradient":""}},"ast-content-background-meta":{"desktop":{"background-color":"var(--ast-global-color-5)","background-image":"","background-repeat":"repeat","background-position":"center center","background-size":"auto","background-attachment":"scroll","background-type":"","background-media":"","overlay-type":"","overlay-color":"","overlay-opacity":"","overlay-gradient":""},"tablet":{"background-color":"var(--ast-global-color-5)","background-image":"","background-repeat":"repeat","background-position":"center center","background-size":"auto","background-attachment":"scroll","background-type":"","background-media":"","overlay-type":"","overlay-color":"","overlay-opacity":"","overlay-gradient":""},"mobile":{"background-color":"var(--ast-global-color-5)","background-image":"","background-repeat":"repeat","background-position":"center center","background-size":"auto","background-attachment":"scroll","background-type":"","background-media":"","overlay-type":"","overlay-color":"","overlay-opacity":"","overlay-gradient":""}},"footnotes":""},"class_list":["post-2855","page","type-page","status-publish","hentry"],"post_mailing_queue_ids":[],"_links":{"self":[{"href":"https:\/\/agora.xtec.cat\/ceip-santa-anna-castellvell\/wp-json\/wp\/v2\/pages\/2855","targetHints":{"allow":["GET"]}}],"collection":[{"href":"https:\/\/agora.xtec.cat\/ceip-santa-anna-castellvell\/wp-json\/wp\/v2\/pages"}],"about":[{"href":"https:\/\/agora.xtec.cat\/ceip-santa-anna-castellvell\/wp-json\/wp\/v2\/types\/page"}],"author":[{"embeddable":true,"href":"https:\/\/agora.xtec.cat\/ceip-santa-anna-castellvell\/wp-json\/wp\/v2\/users\/6"}],"replies":[{"embeddable":true,"href":"https:\/\/agora.xtec.cat\/ceip-santa-anna-castellvell\/wp-json\/wp\/v2\/comments?post=2855"}],"version-history":[{"count":4,"href":"https:\/\/agora.xtec.cat\/ceip-santa-anna-castellvell\/wp-json\/wp\/v2\/pages\/2855\/revisions"}],"predecessor-version":[{"id":4522,"href":"https:\/\/agora.xtec.cat\/ceip-santa-anna-castellvell\/wp-json\/wp\/v2\/pages\/2855\/revisions\/4522"}],"up":[{"embeddable":true,"href":"https:\/\/agora.xtec.cat\/ceip-santa-anna-castellvell\/wp-json\/wp\/v2\/pages\/4196"}],"wp:attachment":[{"href":"https:\/\/agora.xtec.cat\/ceip-santa-anna-castellvell\/wp-json\/wp\/v2\/media?parent=2855"}],"curies":[{"name":"wp","href":"https:\/\/api.w.org\/{rel}","templated":true}]}}