{"id":2838,"date":"2019-03-07T09:12:43","date_gmt":"2019-03-07T08:12:43","guid":{"rendered":"http:\/\/agora.xtec.cat\/ceip-santa-anna-castellvell\/?page_id=2838"},"modified":"2025-11-04T00:12:17","modified_gmt":"2025-11-03T23:12:17","slug":"organigrama","status":"publish","type":"page","link":"https:\/\/agora.xtec.cat\/ceip-santa-anna-castellvell\/qui-som\/organigrama\/","title":{"rendered":"Organigrama"},"content":{"rendered":"<p style=\"text-align: justify;\"><a href=\"https:\/\/agora.xtec.cat\/ceip-santa-anna-castellvell\/wp-content\/uploads\/usu47\/2025\/11\/ORGANIGRAMA-pdf.pdf\"><img loading=\"lazy\" decoding=\"async\" class=\"size-medium wp-image-11269 alignleft\" src=\"https:\/\/agora.xtec.cat\/ceip-santa-anna-castellvell\/wp-content\/uploads\/usu47\/2025\/11\/ORGANIGRAMA-300x212.jpg\" alt=\"\" width=\"300\" height=\"212\" srcset=\"https:\/\/agora.xtec.cat\/ceip-santa-anna-castellvell\/wp-content\/uploads\/usu47\/2025\/11\/ORGANIGRAMA-300x212.jpg 300w, https:\/\/agora.xtec.cat\/ceip-santa-anna-castellvell\/wp-content\/uploads\/usu47\/2025\/11\/ORGANIGRAMA-1024x724.jpg 1024w, https:\/\/agora.xtec.cat\/ceip-santa-anna-castellvell\/wp-content\/uploads\/usu47\/2025\/11\/ORGANIGRAMA-768x543.jpg 768w, https:\/\/agora.xtec.cat\/ceip-santa-anna-castellvell\/wp-content\/uploads\/usu47\/2025\/11\/ORGANIGRAMA-1536x1086.jpg 1536w, https:\/\/agora.xtec.cat\/ceip-santa-anna-castellvell\/wp-content\/uploads\/usu47\/2025\/11\/ORGANIGRAMA.jpg 2000w\" sizes=\"auto, (max-width: 300px) 100vw, 300px\" \/><\/a>L\u2019Escola acull a tots els infants matriculats per\u00f2 tamb\u00e9, a les seves fam\u00edlies, l\u2019AFA, el personal docent, el personal de suport i serveis educatius i el personal no docent.<\/p>\n<p style=\"text-align: justify;\">Des de l\u2019escola i amb l\u2019ajut de l\u2019AFA, i el suport de l&#8217;Ajuntament de Castellvell del Camp, a trav\u00e9s del Consell Escolar, fomentem la participaci\u00f3 i animem a les fam\u00edlies a col\u00b7laborar en el dia a dia de l\u2019escola per crear un espai educatiu de qualitat i acollidor.<\/p>\n<p><!--more--><\/p>\n<h3 style=\"text-align: center;\"><span style=\"color: #800000;\"><strong>ORGANIGRAMA<\/strong><\/span><\/h3>\n<p><a href=\"https:\/\/agora.xtec.cat\/ceip-santa-anna-castellvell\/wp-content\/uploads\/usu47\/2025\/11\/ORGANIGRAMA.jpg\"><img loading=\"lazy\" decoding=\"async\" class=\"aligncenter size-large wp-image-11269\" src=\"https:\/\/agora.xtec.cat\/ceip-santa-anna-castellvell\/wp-content\/uploads\/usu47\/2025\/11\/ORGANIGRAMA-1024x724.jpg\" alt=\"\" width=\"1024\" height=\"724\" srcset=\"https:\/\/agora.xtec.cat\/ceip-santa-anna-castellvell\/wp-content\/uploads\/usu47\/2025\/11\/ORGANIGRAMA-1024x724.jpg 1024w, https:\/\/agora.xtec.cat\/ceip-santa-anna-castellvell\/wp-content\/uploads\/usu47\/2025\/11\/ORGANIGRAMA-300x212.jpg 300w, https:\/\/agora.xtec.cat\/ceip-santa-anna-castellvell\/wp-content\/uploads\/usu47\/2025\/11\/ORGANIGRAMA-768x543.jpg 768w, https:\/\/agora.xtec.cat\/ceip-santa-anna-castellvell\/wp-content\/uploads\/usu47\/2025\/11\/ORGANIGRAMA-1536x1086.jpg 1536w, https:\/\/agora.xtec.cat\/ceip-santa-anna-castellvell\/wp-content\/uploads\/usu47\/2025\/11\/ORGANIGRAMA.jpg 2000w\" sizes=\"auto, (max-width: 1024px) 100vw, 1024px\" \/><\/a><\/p>\n<p style=\"text-align: center;\">\n","protected":false},"excerpt":{"rendered":"<p>L\u2019Escola acull a tots els infants matriculats per\u00f2 tamb\u00e9, a les seves fam\u00edlies, l\u2019AFA, el personal docent, el personal de suport i serveis educatius i el personal no docent. Des de l\u2019escola i amb l\u2019ajut de l\u2019AFA, i el suport de l&#8217;Ajuntament de Castellvell del Camp, a trav\u00e9s del Consell Escolar, fomentem la participaci\u00f3 i [&hellip;]<\/p>\n","protected":false},"author":6,"featured_media":0,"parent":2216,"menu_order":2,"comment_status":"closed","ping_status":"closed","template":"","meta":{"_bbp_topic_count":0,"_bbp_reply_count":0,"_bbp_total_topic_count":0,"_bbp_total_reply_count":0,"_bbp_voice_count":0,"_bbp_anonymous_reply_count":0,"_bbp_topic_count_hidden":0,"_bbp_reply_count_hidden":0,"_bbp_forum_subforum_count":0,"site-sidebar-layout":"default","site-content-layout":"","ast-site-content-layout":"default","site-content-style":"default","site-sidebar-style":"default","ast-global-header-display":"","ast-banner-title-visibility":"","ast-main-header-display":"","ast-hfb-above-header-display":"","ast-hfb-below-header-display":"","ast-hfb-mobile-header-display":"","site-post-title":"","ast-breadcrumbs-content":"","ast-featured-img":"","footer-sml-layout":"","theme-transparent-header-meta":"","adv-header-id-meta":"","stick-header-meta":"","header-above-stick-meta":"","header-main-stick-meta":"","header-below-stick-meta":"","astra-migrate-meta-layouts":"set","ast-page-background-enabled":"default","ast-page-background-meta":{"desktop":{"background-color":"var(--ast-global-color-4)","background-image":"","background-repeat":"repeat","background-position":"center center","background-size":"auto","background-attachment":"scroll","background-type":"","background-media":"","overlay-type":"","overlay-color":"","overlay-opacity":"","overlay-gradient":""},"tablet":{"background-color":"","background-image":"","background-repeat":"repeat","background-position":"center center","background-size":"auto","background-attachment":"scroll","background-type":"","background-media":"","overlay-type":"","overlay-color":"","overlay-opacity":"","overlay-gradient":""},"mobile":{"background-color":"","background-image":"","background-repeat":"repeat","background-position":"center center","background-size":"auto","background-attachment":"scroll","background-type":"","background-media":"","overlay-type":"","overlay-color":"","overlay-opacity":"","overlay-gradient":""}},"ast-content-background-meta":{"desktop":{"background-color":"var(--ast-global-color-5)","background-image":"","background-repeat":"repeat","background-position":"center center","background-size":"auto","background-attachment":"scroll","background-type":"","background-media":"","overlay-type":"","overlay-color":"","overlay-opacity":"","overlay-gradient":""},"tablet":{"background-color":"var(--ast-global-color-5)","background-image":"","background-repeat":"repeat","background-position":"center center","background-size":"auto","background-attachment":"scroll","background-type":"","background-media":"","overlay-type":"","overlay-color":"","overlay-opacity":"","overlay-gradient":""},"mobile":{"background-color":"var(--ast-global-color-5)","background-image":"","background-repeat":"repeat","background-position":"center center","background-size":"auto","background-attachment":"scroll","background-type":"","background-media":"","overlay-type":"","overlay-color":"","overlay-opacity":"","overlay-gradient":""}},"footnotes":""},"class_list":["post-2838","page","type-page","status-publish","hentry"],"post_mailing_queue_ids":[],"_links":{"self":[{"href":"https:\/\/agora.xtec.cat\/ceip-santa-anna-castellvell\/wp-json\/wp\/v2\/pages\/2838","targetHints":{"allow":["GET"]}}],"collection":[{"href":"https:\/\/agora.xtec.cat\/ceip-santa-anna-castellvell\/wp-json\/wp\/v2\/pages"}],"about":[{"href":"https:\/\/agora.xtec.cat\/ceip-santa-anna-castellvell\/wp-json\/wp\/v2\/types\/page"}],"author":[{"embeddable":true,"href":"https:\/\/agora.xtec.cat\/ceip-santa-anna-castellvell\/wp-json\/wp\/v2\/users\/6"}],"replies":[{"embeddable":true,"href":"https:\/\/agora.xtec.cat\/ceip-santa-anna-castellvell\/wp-json\/wp\/v2\/comments?post=2838"}],"version-history":[{"count":6,"href":"https:\/\/agora.xtec.cat\/ceip-santa-anna-castellvell\/wp-json\/wp\/v2\/pages\/2838\/revisions"}],"predecessor-version":[{"id":11271,"href":"https:\/\/agora.xtec.cat\/ceip-santa-anna-castellvell\/wp-json\/wp\/v2\/pages\/2838\/revisions\/11271"}],"up":[{"embeddable":true,"href":"https:\/\/agora.xtec.cat\/ceip-santa-anna-castellvell\/wp-json\/wp\/v2\/pages\/2216"}],"wp:attachment":[{"href":"https:\/\/agora.xtec.cat\/ceip-santa-anna-castellvell\/wp-json\/wp\/v2\/media?parent=2838"}],"curies":[{"name":"wp","href":"https:\/\/api.w.org\/{rel}","templated":true}]}}