{"id":2829,"date":"2019-03-07T09:08:33","date_gmt":"2019-03-07T08:08:33","guid":{"rendered":"http:\/\/agora.xtec.cat\/ceip-santa-anna-castellvell\/?page_id=2829"},"modified":"2021-08-10T11:46:27","modified_gmt":"2021-08-10T09:46:27","slug":"trets-didentitat","status":"publish","type":"page","link":"https:\/\/agora.xtec.cat\/ceip-santa-anna-castellvell\/qui-som\/trets-didentitat\/","title":{"rendered":"Trets d&#8217;identitat"},"content":{"rendered":"<ol>\n<li style=\"text-align: justify;\"><b>Escola p\u00fablica i catalana<\/b>, al servei de la comunitat de Castellvell del Camp, que es proposa assegurar un educaci\u00f3 global als seus alumnes que els permeti ser <b>capa\u00e7os d\u2019adquirir coneixement al llarg de la seva vida<\/b> i de desenvolupar-se com a persones competents per esdevenir futurs ciutadans <b>responsables<\/b>.<\/li>\n<li style=\"text-align: justify;\">Escola <strong>arrelada a l&#8217;entorn<\/strong>.<\/li>\n<li style=\"text-align: justify;\">Escola que <b>fomenta<\/b> el <b>respecte i cura del medi ambient<\/b>.<\/li>\n<li style=\"text-align: justify;\">Escola<b> democr\u00e0tica<\/b> assentada en els principis de llibertat, de respecte als drets humans i dels infants, de l\u2019actitud de <b>di\u00e0leg<\/b> i de la <b>conviv\u00e8ncia<\/b>.<\/li>\n<li style=\"text-align: justify;\">Escola <b>oberta<\/b><span style=\"color: #808080;\"> i<\/span><b> plural<\/b>.<\/li>\n<li style=\"text-align: justify;\">Escola<b> coeducadora<\/b><span style=\"color: #808080;\"><b>, <\/b><\/span>preocupada per garantir la <b>igualtat i el respecte vers els altres.<\/b><\/li>\n<li style=\"text-align: justify;\">Escola <b>acollidora<\/b> i <b>inclusiva. Educadora de valors i en la diversitat<\/b>.<\/li>\n<li style=\"text-align: justify;\">Escola que busca la millora cont\u00ednua de l\u2019activitat educativa i l\u2019\u00e8xit de tot l\u2019alumnat.<\/li>\n<li style=\"text-align: justify;\">Escola que aposta per les <b>metodologies actives<\/b> d\u2019aprenentatge.<\/li>\n<li style=\"text-align: justify;\">Escola que es proposa treballar amb l\u2019<b>emprenedoria<\/b> en els alumnes com a eina per a l\u2019<strong>autoconeixement<\/strong>, la <b>iniciativa<\/b> i la <b>creativitat<\/b>.<\/li>\n<\/ol>\n","protected":false},"excerpt":{"rendered":"<p>Escola p\u00fablica i catalana, al servei de la comunitat de Castellvell del Camp, que es proposa assegurar un educaci\u00f3 global als seus alumnes que els permeti ser capa\u00e7os d\u2019adquirir coneixement al llarg de la seva vida i de desenvolupar-se com a persones competents per esdevenir futurs ciutadans responsables. Escola arrelada a l&#8217;entorn. Escola que fomenta [&hellip;]<\/p>\n","protected":false},"author":6,"featured_media":0,"parent":2216,"menu_order":1,"comment_status":"closed","ping_status":"closed","template":"page-templates\/side-menu.php","meta":{"_bbp_topic_count":0,"_bbp_reply_count":0,"_bbp_total_topic_count":0,"_bbp_total_reply_count":0,"_bbp_voice_count":0,"_bbp_anonymous_reply_count":0,"_bbp_topic_count_hidden":0,"_bbp_reply_count_hidden":0,"_bbp_forum_subforum_count":0,"site-sidebar-layout":"default","site-content-layout":"","ast-site-content-layout":"","site-content-style":"default","site-sidebar-style":"default","ast-global-header-display":"","ast-banner-title-visibility":"","ast-main-header-display":"","ast-hfb-above-header-display":"","ast-hfb-below-header-display":"","ast-hfb-mobile-header-display":"","site-post-title":"","ast-breadcrumbs-content":"","ast-featured-img":"","footer-sml-layout":"","theme-transparent-header-meta":"","adv-header-id-meta":"","stick-header-meta":"","header-above-stick-meta":"","header-main-stick-meta":"","header-below-stick-meta":"","astra-migrate-meta-layouts":"default","ast-page-background-enabled":"default","ast-page-background-meta":{"desktop":{"background-color":"var(--ast-global-color-4)","background-image":"","background-repeat":"repeat","background-position":"center center","background-size":"auto","background-attachment":"scroll","background-type":"","background-media":"","overlay-type":"","overlay-color":"","overlay-opacity":"","overlay-gradient":""},"tablet":{"background-color":"","background-image":"","background-repeat":"repeat","background-position":"center center","background-size":"auto","background-attachment":"scroll","background-type":"","background-media":"","overlay-type":"","overlay-color":"","overlay-opacity":"","overlay-gradient":""},"mobile":{"background-color":"","background-image":"","background-repeat":"repeat","background-position":"center center","background-size":"auto","background-attachment":"scroll","background-type":"","background-media":"","overlay-type":"","overlay-color":"","overlay-opacity":"","overlay-gradient":""}},"ast-content-background-meta":{"desktop":{"background-color":"var(--ast-global-color-5)","background-image":"","background-repeat":"repeat","background-position":"center center","background-size":"auto","background-attachment":"scroll","background-type":"","background-media":"","overlay-type":"","overlay-color":"","overlay-opacity":"","overlay-gradient":""},"tablet":{"background-color":"var(--ast-global-color-5)","background-image":"","background-repeat":"repeat","background-position":"center center","background-size":"auto","background-attachment":"scroll","background-type":"","background-media":"","overlay-type":"","overlay-color":"","overlay-opacity":"","overlay-gradient":""},"mobile":{"background-color":"var(--ast-global-color-5)","background-image":"","background-repeat":"repeat","background-position":"center center","background-size":"auto","background-attachment":"scroll","background-type":"","background-media":"","overlay-type":"","overlay-color":"","overlay-opacity":"","overlay-gradient":""}},"footnotes":""},"class_list":["post-2829","page","type-page","status-publish","hentry"],"post_mailing_queue_ids":[],"_links":{"self":[{"href":"https:\/\/agora.xtec.cat\/ceip-santa-anna-castellvell\/wp-json\/wp\/v2\/pages\/2829","targetHints":{"allow":["GET"]}}],"collection":[{"href":"https:\/\/agora.xtec.cat\/ceip-santa-anna-castellvell\/wp-json\/wp\/v2\/pages"}],"about":[{"href":"https:\/\/agora.xtec.cat\/ceip-santa-anna-castellvell\/wp-json\/wp\/v2\/types\/page"}],"author":[{"embeddable":true,"href":"https:\/\/agora.xtec.cat\/ceip-santa-anna-castellvell\/wp-json\/wp\/v2\/users\/6"}],"replies":[{"embeddable":true,"href":"https:\/\/agora.xtec.cat\/ceip-santa-anna-castellvell\/wp-json\/wp\/v2\/comments?post=2829"}],"version-history":[{"count":3,"href":"https:\/\/agora.xtec.cat\/ceip-santa-anna-castellvell\/wp-json\/wp\/v2\/pages\/2829\/revisions"}],"predecessor-version":[{"id":5548,"href":"https:\/\/agora.xtec.cat\/ceip-santa-anna-castellvell\/wp-json\/wp\/v2\/pages\/2829\/revisions\/5548"}],"up":[{"embeddable":true,"href":"https:\/\/agora.xtec.cat\/ceip-santa-anna-castellvell\/wp-json\/wp\/v2\/pages\/2216"}],"wp:attachment":[{"href":"https:\/\/agora.xtec.cat\/ceip-santa-anna-castellvell\/wp-json\/wp\/v2\/media?parent=2829"}],"curies":[{"name":"wp","href":"https:\/\/api.w.org\/{rel}","templated":true}]}}