{"id":2216,"date":"2017-10-19T12:54:03","date_gmt":"2017-10-19T10:54:03","guid":{"rendered":"http:\/\/agora.xtec.cat\/ceip-santa-anna-castellvell\/?page_id=2216"},"modified":"2025-11-10T15:17:12","modified_gmt":"2025-11-10T14:17:12","slug":"qui-som","status":"publish","type":"page","link":"https:\/\/agora.xtec.cat\/ceip-santa-anna-castellvell\/qui-som\/","title":{"rendered":"Qui som?"},"content":{"rendered":"<p style=\"text-align: justify;\"><img loading=\"lazy\" decoding=\"async\" class=\"wp-image-2171 alignleft\" src=\"https:\/\/agora.xtec.cat\/ceip-santa-anna-castellvell\/wp-content\/uploads\/usu47\/2017\/10\/color_fons_blanc_sense_marc-1024x1024.png\" alt=\"\" width=\"121\" height=\"121\" srcset=\"https:\/\/agora.xtec.cat\/ceip-santa-anna-castellvell\/wp-content\/uploads\/usu47\/2017\/10\/color_fons_blanc_sense_marc-1024x1024.png 1024w, https:\/\/agora.xtec.cat\/ceip-santa-anna-castellvell\/wp-content\/uploads\/usu47\/2017\/10\/color_fons_blanc_sense_marc-150x150.png 150w, https:\/\/agora.xtec.cat\/ceip-santa-anna-castellvell\/wp-content\/uploads\/usu47\/2017\/10\/color_fons_blanc_sense_marc-300x300.png 300w, https:\/\/agora.xtec.cat\/ceip-santa-anna-castellvell\/wp-content\/uploads\/usu47\/2017\/10\/color_fons_blanc_sense_marc-768x768.png 768w\" sizes=\"auto, (max-width: 121px) 100vw, 121px\" \/> L\u2019escola Santa Anna \u00e9s un <span style=\"color: #333333;\"><strong>centre p\u00fablic<\/strong><\/span> d\u2019Educaci\u00f3 Infantil i Prim\u00e0ria que dep\u00e8n del Departament d\u2019Educaci\u00f3 de la Generalitat de Catalunya.<\/p>\n<p style=\"text-align: justify;\"><span data-sheets-value=\"{&quot;1&quot;:2,&quot;2&quot;:&quot;Equip docent: mestres d'educaci\u00f3 infantil, mestres d'educaci\u00f3 prim\u00e0ria, mestres especialistes de m\u00fasica, educaci\u00f3 f\u00edsica, angl\u00e8s, religi\u00f3 i d'educaci\u00f3 especial. Suport d'especialistes dels Serveis educatius del Departament d'Ensenyament: logopeda, fisioterapeuta, psicopedagoga i treballadora social (EAP Baix Camp). Coordinaci\u00f3 amb l'assistent social de refer\u00e8ncia al municipi del Consell Comarcal del Baix Camp. Suport\/assessorament espec\u00edfic a l'\u00e0rea de pl\u00e0stica per part d'una especialista. Comptem amb el suport d'una auxiliar administrativa a mitja jornada\u00a0 per part del Departament d'Ensenyament i una conserge depenent de l'Ajuntament de Castellvell del Camp.&quot;}\" data-sheets-userformat=\"{&quot;2&quot;:515,&quot;3&quot;:[null,0],&quot;4&quot;:[null,2,9684093],&quot;12&quot;:0}\">L&#8217;equip docent de la nostra escola est\u00e0 format per: mestres d&#8217;educaci\u00f3 infantil, mestres d&#8217;educaci\u00f3 prim\u00e0ria, mestres especialistes de m\u00fasica, educaci\u00f3 f\u00edsica, angl\u00e8s, religi\u00f3 i d&#8217;educaci\u00f3 especial. <\/span><br \/>\n<span data-sheets-value=\"{&quot;1&quot;:2,&quot;2&quot;:&quot;Equip docent: mestres d'educaci\u00f3 infantil, mestres d'educaci\u00f3 prim\u00e0ria, mestres especialistes de m\u00fasica, educaci\u00f3 f\u00edsica, angl\u00e8s, religi\u00f3 i d'educaci\u00f3 especial. Suport d'especialistes dels Serveis educatius del Departament d'Ensenyament: logopeda, fisioterapeuta, psicopedagoga i treballadora social (EAP Baix Camp). Coordinaci\u00f3 amb l'assistent social de refer\u00e8ncia al municipi del Consell Comarcal del Baix Camp. Suport\/assessorament espec\u00edfic a l'\u00e0rea de pl\u00e0stica per part d'una especialista. Comptem amb el suport d'una auxiliar administrativa a mitja jornada\u00a0 per part del Departament d'Ensenyament i una conserge depenent de l'Ajuntament de Castellvell del Camp.&quot;}\" data-sheets-userformat=\"{&quot;2&quot;:515,&quot;3&quot;:[null,0],&quot;4&quot;:[null,2,9684093],&quot;12&quot;:0}\">Des dels Serveis Educatius del Departament d&#8217;Educaci\u00f3 i amb la coordinaci\u00f3 de l&#8217;EAP Baix Camp, s&#8217;ofereix l&#8217;atenci\u00f3 d&#8217;especialistes, per aquells alumnes que presentin algun tipus de necessitat de suport espec\u00edfic: logopeda, fisioterapeuta, psicopedagoga, treballadora social (EAP Baix Camp) , servei de\u00a0 <\/span><span data-sheets-value=\"{&quot;1&quot;:2,&quot;2&quot;:&quot;Equip docent: mestres d'educaci\u00f3 infantil, mestres d'educaci\u00f3 prim\u00e0ria, mestres especialistes de m\u00fasica, educaci\u00f3 f\u00edsica, angl\u00e8s, religi\u00f3 i d'educaci\u00f3 especial. Suport d'especialistes dels Serveis educatius del Departament d'Ensenyament: logopeda, fisioterapeuta, psicopedagoga i treballadora social (EAP Baix Camp). Coordinaci\u00f3 amb l'assistent social de refer\u00e8ncia al municipi del Consell Comarcal del Baix Camp. Suport\/assessorament espec\u00edfic a l'\u00e0rea de pl\u00e0stica per part d'una especialista. Comptem amb el suport d'una auxiliar administrativa a mitja jornada\u00a0 per part del Departament d'Ensenyament i una conserge depenent de l'Ajuntament de Castellvell del Camp.&quot;}\" data-sheets-userformat=\"{&quot;2&quot;:515,&quot;3&quot;:[null,0],&quot;4&quot;:[null,2,9684093],&quot;12&quot;:0}\">vetlladora educativa&#8230;<\/span><br \/>\n<span data-sheets-value=\"{&quot;1&quot;:2,&quot;2&quot;:&quot;Equip docent: mestres d'educaci\u00f3 infantil, mestres d'educaci\u00f3 prim\u00e0ria, mestres especialistes de m\u00fasica, educaci\u00f3 f\u00edsica, angl\u00e8s, religi\u00f3 i d'educaci\u00f3 especial. Suport d'especialistes dels Serveis educatius del Departament d'Ensenyament: logopeda, fisioterapeuta, psicopedagoga i treballadora social (EAP Baix Camp). Coordinaci\u00f3 amb l'assistent social de refer\u00e8ncia al municipi del Consell Comarcal del Baix Camp. Suport\/assessorament espec\u00edfic a l'\u00e0rea de pl\u00e0stica per part d'una especialista. Comptem amb el suport d'una auxiliar administrativa a mitja jornada\u00a0 per part del Departament d'Ensenyament i una conserge depenent de l'Ajuntament de Castellvell del Camp.&quot;}\" data-sheets-userformat=\"{&quot;2&quot;:515,&quot;3&quot;:[null,0],&quot;4&quot;:[null,2,9684093],&quot;12&quot;:0}\">Comptem amb el suport i coordinaci\u00f3 de l&#8217;assistent social de refer\u00e8ncia al municipi del Consell Comarcal del Baix Camp.<\/span><br \/>\n<span data-sheets-value=\"{&quot;1&quot;:2,&quot;2&quot;:&quot;Equip docent: mestres d'educaci\u00f3 infantil, mestres d'educaci\u00f3 prim\u00e0ria, mestres especialistes de m\u00fasica, educaci\u00f3 f\u00edsica, angl\u00e8s, religi\u00f3 i d'educaci\u00f3 especial. Suport d'especialistes dels Serveis educatius del Departament d'Ensenyament: logopeda, fisioterapeuta, psicopedagoga i treballadora social (EAP Baix Camp). Coordinaci\u00f3 amb l'assistent social de refer\u00e8ncia al municipi del Consell Comarcal del Baix Camp. Suport\/assessorament espec\u00edfic a l'\u00e0rea de pl\u00e0stica per part d'una especialista. Comptem amb el suport d'una auxiliar administrativa a mitja jornada\u00a0 per part del Departament d'Ensenyament i una conserge depenent de l'Ajuntament de Castellvell del Camp.&quot;}\" data-sheets-userformat=\"{&quot;2&quot;:515,&quot;3&quot;:[null,0],&quot;4&quot;:[null,2,9684093],&quot;12&quot;:0}\">A m\u00e9s disposem per part del Departament d&#8217;Educaci\u00f3, del suport d&#8217;una auxiliar administrativa\u00a0 i una conserge que dep\u00e8n de l&#8217;Ajuntament de Castellvell del Camp que donen suport a la gesti\u00f3 i organitzaci\u00f3 de l&#8217;escola.<\/span><\/p>\n","protected":false},"excerpt":{"rendered":"<p>L\u2019escola Santa Anna \u00e9s un centre p\u00fablic d\u2019Educaci\u00f3 Infantil i Prim\u00e0ria que dep\u00e8n del Departament d\u2019Educaci\u00f3 de la Generalitat de Catalunya. L&#8217;equip docent de la nostra escola est\u00e0 format per: mestres d&#8217;educaci\u00f3 infantil, mestres d&#8217;educaci\u00f3 prim\u00e0ria, mestres especialistes de m\u00fasica, educaci\u00f3 f\u00edsica, angl\u00e8s, religi\u00f3 i d&#8217;educaci\u00f3 especial. Des dels Serveis Educatius del Departament d&#8217;Educaci\u00f3 i [&hellip;]<\/p>\n","protected":false},"author":6,"featured_media":0,"parent":0,"menu_order":0,"comment_status":"closed","ping_status":"closed","template":"","meta":{"_bbp_topic_count":0,"_bbp_reply_count":0,"_bbp_total_topic_count":0,"_bbp_total_reply_count":0,"_bbp_voice_count":0,"_bbp_anonymous_reply_count":0,"_bbp_topic_count_hidden":0,"_bbp_reply_count_hidden":0,"_bbp_forum_subforum_count":0,"site-sidebar-layout":"default","site-content-layout":"","ast-site-content-layout":"default","site-content-style":"default","site-sidebar-style":"default","ast-global-header-display":"","ast-banner-title-visibility":"","ast-main-header-display":"","ast-hfb-above-header-display":"","ast-hfb-below-header-display":"","ast-hfb-mobile-header-display":"","site-post-title":"","ast-breadcrumbs-content":"","ast-featured-img":"","footer-sml-layout":"","theme-transparent-header-meta":"","adv-header-id-meta":"","stick-header-meta":"","header-above-stick-meta":"","header-main-stick-meta":"","header-below-stick-meta":"","astra-migrate-meta-layouts":"set","ast-page-background-enabled":"default","ast-page-background-meta":{"desktop":{"background-color":"var(--ast-global-color-4)","background-image":"","background-repeat":"repeat","background-position":"center center","background-size":"auto","background-attachment":"scroll","background-type":"","background-media":"","overlay-type":"","overlay-color":"","overlay-opacity":"","overlay-gradient":""},"tablet":{"background-color":"","background-image":"","background-repeat":"repeat","background-position":"center center","background-size":"auto","background-attachment":"scroll","background-type":"","background-media":"","overlay-type":"","overlay-color":"","overlay-opacity":"","overlay-gradient":""},"mobile":{"background-color":"","background-image":"","background-repeat":"repeat","background-position":"center center","background-size":"auto","background-attachment":"scroll","background-type":"","background-media":"","overlay-type":"","overlay-color":"","overlay-opacity":"","overlay-gradient":""}},"ast-content-background-meta":{"desktop":{"background-color":"var(--ast-global-color-5)","background-image":"","background-repeat":"repeat","background-position":"center center","background-size":"auto","background-attachment":"scroll","background-type":"","background-media":"","overlay-type":"","overlay-color":"","overlay-opacity":"","overlay-gradient":""},"tablet":{"background-color":"var(--ast-global-color-5)","background-image":"","background-repeat":"repeat","background-position":"center center","background-size":"auto","background-attachment":"scroll","background-type":"","background-media":"","overlay-type":"","overlay-color":"","overlay-opacity":"","overlay-gradient":""},"mobile":{"background-color":"var(--ast-global-color-5)","background-image":"","background-repeat":"repeat","background-position":"center center","background-size":"auto","background-attachment":"scroll","background-type":"","background-media":"","overlay-type":"","overlay-color":"","overlay-opacity":"","overlay-gradient":""}},"footnotes":""},"class_list":["post-2216","page","type-page","status-publish","hentry"],"post_mailing_queue_ids":[],"_links":{"self":[{"href":"https:\/\/agora.xtec.cat\/ceip-santa-anna-castellvell\/wp-json\/wp\/v2\/pages\/2216","targetHints":{"allow":["GET"]}}],"collection":[{"href":"https:\/\/agora.xtec.cat\/ceip-santa-anna-castellvell\/wp-json\/wp\/v2\/pages"}],"about":[{"href":"https:\/\/agora.xtec.cat\/ceip-santa-anna-castellvell\/wp-json\/wp\/v2\/types\/page"}],"author":[{"embeddable":true,"href":"https:\/\/agora.xtec.cat\/ceip-santa-anna-castellvell\/wp-json\/wp\/v2\/users\/6"}],"replies":[{"embeddable":true,"href":"https:\/\/agora.xtec.cat\/ceip-santa-anna-castellvell\/wp-json\/wp\/v2\/comments?post=2216"}],"version-history":[{"count":6,"href":"https:\/\/agora.xtec.cat\/ceip-santa-anna-castellvell\/wp-json\/wp\/v2\/pages\/2216\/revisions"}],"predecessor-version":[{"id":11341,"href":"https:\/\/agora.xtec.cat\/ceip-santa-anna-castellvell\/wp-json\/wp\/v2\/pages\/2216\/revisions\/11341"}],"wp:attachment":[{"href":"https:\/\/agora.xtec.cat\/ceip-santa-anna-castellvell\/wp-json\/wp\/v2\/media?parent=2216"}],"curies":[{"name":"wp","href":"https:\/\/api.w.org\/{rel}","templated":true}]}}