{"id":22,"date":"2014-09-18T12:19:57","date_gmt":"2014-09-18T12:19:57","guid":{"rendered":"http:\/\/agora.xtec.cat\/ceip-santa-anna-castellvell\/?page_id=22"},"modified":"2025-01-25T18:47:45","modified_gmt":"2025-01-25T17:47:45","slug":"lescola","status":"publish","type":"page","link":"https:\/\/agora.xtec.cat\/ceip-santa-anna-castellvell\/lescola\/","title":{"rendered":"L&#8217;escola Santa Anna"},"content":{"rendered":"<p style=\"text-align: justify;\"><span data-sheets-value=\"{&quot;1&quot;:2,&quot;2&quot;:&quot;L'Escola Santa Anna, \u00e9s una escola de titularitat p\u00fablica que dep\u00e8n del Departament d'Ensenyament. Escolaritza alumnes de 3 a 12 anys que correspon a les etapes de: segon cicle d'Educaci\u00f3 infantil (P3\/P4 i P5) i Educaci\u00f3 prim\u00e0ria (de 1r a 6\u00e8)\u00a0L'edifici que ocupa va entrar en funcionament el curs 2007-08 i est\u00e0 preparat per acollir dues l\u00ednies per cada nivell. Un cop finalitzada l'etapa d'educaci\u00f3 prim\u00e0ria, els nostres alumnes tenen prioritat per accedir als estudis de secund\u00e0ria a l'Institut Dom\u00e8nech i Montaner\u00a0o a l'Institut Gaud\u00ed de Reus. L'escola compta amb els seg\u00fcents espais: biblioteca,aula de m\u00fasica, aula de lleng\u00fces, aula de ci\u00e8ncies, gimn\u00e0s, aula de psicomotricitat, aula d'inform\u00e0tica, aules de desdoblament, aula de suport, menjador i cuina. Suport tecnol\u00f2gic: totes les aules de prim\u00e0riadisposen de pissarra digital i miniport\u00e0tils per als alumnes de cicle superior.&quot;}\" data-sheets-userformat=\"{&quot;2&quot;:515,&quot;3&quot;:[null,0],&quot;4&quot;:[null,2,9684093],&quot;12&quot;:0}\"><img loading=\"lazy\" decoding=\"async\" class=\"wp-image-2171 alignleft\" src=\"https:\/\/agora.xtec.cat\/ceip-santa-anna-castellvell\/wp-content\/uploads\/usu47\/2017\/10\/color_fons_blanc_sense_marc-1024x1024.png\" alt=\"\" width=\"121\" height=\"121\" srcset=\"https:\/\/agora.xtec.cat\/ceip-santa-anna-castellvell\/wp-content\/uploads\/usu47\/2017\/10\/color_fons_blanc_sense_marc-1024x1024.png 1024w, https:\/\/agora.xtec.cat\/ceip-santa-anna-castellvell\/wp-content\/uploads\/usu47\/2017\/10\/color_fons_blanc_sense_marc-150x150.png 150w, https:\/\/agora.xtec.cat\/ceip-santa-anna-castellvell\/wp-content\/uploads\/usu47\/2017\/10\/color_fons_blanc_sense_marc-300x300.png 300w, https:\/\/agora.xtec.cat\/ceip-santa-anna-castellvell\/wp-content\/uploads\/usu47\/2017\/10\/color_fons_blanc_sense_marc-768x768.png 768w\" sizes=\"auto, (max-width: 121px) 100vw, 121px\" \/>La nostra escola \u00e9s de titularitat <span style=\"color: #333333;\"><strong>p\u00fablica<\/strong><\/span> depenent del <span style=\"color: #333333;\"><strong>Departament d&#8217;Educaci\u00f3<\/strong><\/span> de la <span style=\"color: #333333;\"><strong>Generalitat de Catalunya<\/strong> <\/span>amb<\/span><span data-sheets-value=\"{&quot;1&quot;:2,&quot;2&quot;:&quot;L'Escola Santa Anna, \u00e9s una escola de titularitat p\u00fablica que dep\u00e8n del Departament d'Ensenyament. Escolaritza alumnes de 3 a 12 anys que correspon a les etapes de: segon cicle d'Educaci\u00f3 infantil (P3\/P4 i P5) i Educaci\u00f3 prim\u00e0ria (de 1r a 6\u00e8)\u00a0L'edifici que ocupa va entrar en funcionament el curs 2007-08 i est\u00e0 preparat per acollir dues l\u00ednies per cada nivell. Un cop finalitzada l'etapa d'educaci\u00f3 prim\u00e0ria, els nostres alumnes tenen prioritat per accedir als estudis de secund\u00e0ria a l'Institut Dom\u00e8nech i Montaner\u00a0o a l'Institut Gaud\u00ed de Reus. L'escola compta amb els seg\u00fcents espais: biblioteca,aula de m\u00fasica, aula de lleng\u00fces, aula de ci\u00e8ncies, gimn\u00e0s, aula de psicomotricitat, aula d'inform\u00e0tica, aules de desdoblament, aula de suport, menjador i cuina. Suport tecnol\u00f2gic: totes les aules de prim\u00e0riadisposen de pissarra digital i miniport\u00e0tils per als alumnes de cicle superior.&quot;}\" data-sheets-userformat=\"{&quot;2&quot;:515,&quot;3&quot;:[null,0],&quot;4&quot;:[null,2,9684093],&quot;12&quot;:0}\"> alumnes de<span style=\"color: #333333;\"> <strong>3 a 12 anys<\/strong><\/span> de segon cicle d&#8217;Educaci\u00f3 infantil (I3, I4 i I5) i Educaci\u00f3 prim\u00e0ria (de 1r a 6\u00e8).<\/span><\/p>\n<p style=\"text-align: justify;\"><span data-sheets-value=\"{&quot;1&quot;:2,&quot;2&quot;:&quot;L'Escola Santa Anna, \u00e9s una escola de titularitat p\u00fablica que dep\u00e8n del Departament d'Ensenyament. Escolaritza alumnes de 3 a 12 anys que correspon a les etapes de: segon cicle d'Educaci\u00f3 infantil (P3\/P4 i P5) i Educaci\u00f3 prim\u00e0ria (de 1r a 6\u00e8)\u00a0L'edifici que ocupa va entrar en funcionament el curs 2007-08 i est\u00e0 preparat per acollir dues l\u00ednies per cada nivell. Un cop finalitzada l'etapa d'educaci\u00f3 prim\u00e0ria, els nostres alumnes tenen prioritat per accedir als estudis de secund\u00e0ria a l'Institut Dom\u00e8nech i Montaner\u00a0o a l'Institut Gaud\u00ed de Reus. L'escola compta amb els seg\u00fcents espais: biblioteca,aula de m\u00fasica, aula de lleng\u00fces, aula de ci\u00e8ncies, gimn\u00e0s, aula de psicomotricitat, aula d'inform\u00e0tica, aules de desdoblament, aula de suport, menjador i cuina. Suport tecnol\u00f2gic: totes les aules de prim\u00e0riadisposen de pissarra digital i miniport\u00e0tils per als alumnes de cicle superior.&quot;}\" data-sheets-userformat=\"{&quot;2&quot;:515,&quot;3&quot;:[null,0],&quot;4&quot;:[null,2,9684093],&quot;12&quot;:0}\">L&#8217;<span style=\"color: #333333;\"><strong>edifici<\/strong><\/span> que ocupa va entrar en funcionament el curs <span style=\"color: #333333;\"><strong>2007-08<\/strong><\/span> i est\u00e0 preparat per acollir dues l\u00ednies per a cada nivell. L&#8217;escola compta amb els seg\u00fcents <span style=\"color: #333333;\"><strong>espais<\/strong><\/span>: biblioteca, aula de m\u00fasica, aula de lleng\u00fces, aula de ci\u00e8ncies, gimn\u00e0s, aula de psicomotricitat, aula d&#8217;inform\u00e0tica, aules de desdoblament, aula de suport, menjador i cuina. A m\u00e9s, totes les aules estan <span style=\"color: #333333;\"><strong>equipades <\/strong><\/span>amb pissarra digital, aix\u00ed com disposem d&#8217;equipament digital (Chromebooks, tauletes, equips de rob\u00f2tica i maleta d&#8217;audiovisuals) per facilitar l&#8217;assoliment de la compet\u00e8ncia digital per part de l&#8217;alumnat.<br \/>\n<\/span><\/p>\n<p style=\"text-align: justify;\"><span data-sheets-value=\"{&quot;1&quot;:2,&quot;2&quot;:&quot;L'Escola Santa Anna, \u00e9s una escola de titularitat p\u00fablica que dep\u00e8n del Departament d'Ensenyament. Escolaritza alumnes de 3 a 12 anys que correspon a les etapes de: segon cicle d'Educaci\u00f3 infantil (P3\/P4 i P5) i Educaci\u00f3 prim\u00e0ria (de 1r a 6\u00e8)\u00a0L'edifici que ocupa va entrar en funcionament el curs 2007-08 i est\u00e0 preparat per acollir dues l\u00ednies per cada nivell. Un cop finalitzada l'etapa d'educaci\u00f3 prim\u00e0ria, els nostres alumnes tenen prioritat per accedir als estudis de secund\u00e0ria a l'Institut Dom\u00e8nech i Montaner\u00a0o a l'Institut Gaud\u00ed de Reus. L'escola compta amb els seg\u00fcents espais: biblioteca,aula de m\u00fasica, aula de lleng\u00fces, aula de ci\u00e8ncies, gimn\u00e0s, aula de psicomotricitat, aula d'inform\u00e0tica, aules de desdoblament, aula de suport, menjador i cuina. Suport tecnol\u00f2gic: totes les aules de prim\u00e0riadisposen de pissarra digital i miniport\u00e0tils per als alumnes de cicle superior.&quot;}\" data-sheets-userformat=\"{&quot;2&quot;:515,&quot;3&quot;:[null,0],&quot;4&quot;:[null,2,9684093],&quot;12&quot;:0}\">Un cop finalitzada l&#8217;etapa d&#8217;educaci\u00f3 prim\u00e0ria, els nostres alumnes tenen prioritat per accedir als estudis de secund\u00e0ria a l&#8217;<em><a href=\"https:\/\/agora.xtec.cat\/iesgaudi\/\">Institut Gaud\u00ed<\/a> de Reus<\/em>.<\/span><\/p>\n<p><span style=\"color: #333333;\"><strong>Per con\u00e8ixer-nos millor podeu consultar:<\/strong><\/span><\/p>\n<table style=\"width: 63.6328%; border-color: #ffffff; height: 106px;\">\n<tbody>\n<tr style=\"height: 10px;\">\n<td style=\"width: 114.588%; background-color: #ececec; height: 10px; border-color: #ffffff; text-align: center;\" colspan=\"3\"><span style=\"color: #808080;\"><strong>Men\u00fa &#8211;\u00a0 L&#8217;escola Santa Anna<\/strong><\/span><span style=\"color: #ffffff;\"><strong><br \/>\n<\/strong><\/span><\/td>\n<\/tr>\n<tr style=\"height: 32px;\">\n<td style=\"width: 35.5537%; text-align: center; border-color: #ffffff; background-color: #da99f7; height: 32px;\"><span style=\"color: #ffffff;\"><a class=\"menu-link sub-menu-link\" style=\"color: #ffffff;\" href=\"https:\/\/agora.xtec.cat\/ceip-santa-anna-castellvell\/lescola\/benvinguda\/\"><span style=\"color: #ffffff;\"><strong>Benvinguda<\/strong><\/span><\/a><\/span><\/td>\n<td style=\"width: 31.7558%; text-align: center; border-color: #ffffff; background-color: #da99f7; height: 32px;\"><a href=\"https:\/\/agora.xtec.cat\/ceip-santa-anna-castellvell\/lescola\/el-nostre-lema\/\"><strong><span style=\"color: #ffffff;\">El nostre lema<\/span><\/strong><\/a><\/td>\n<td style=\"width: 47.2783%; text-align: center; border-color: #ffffff; background-color: #da99f7; height: 32px;\"><a class=\"menu-link sub-menu-link\" href=\"https:\/\/agora.xtec.cat\/ceip-santa-anna-castellvell\/lescola\/oferta-educativa\/\"><span style=\"color: #ffffff;\"><strong>On som<\/strong><\/span><\/a><\/td>\n<\/tr>\n<tr style=\"height: 32px;\">\n<td style=\"width: 35.5537%; text-align: center; border-color: #ffffff; background-color: #da99f7; height: 32px;\"><a class=\"menu-link sub-menu-link\" href=\"https:\/\/agora.xtec.cat\/ceip-santa-anna-castellvell\/lescola\/oferta-educativa\/\"><span style=\"color: #ffffff;\"><strong>Oferta educativa i serveis<\/strong><\/span><\/a><\/td>\n<td style=\"width: 31.7558%; text-align: center; border-color: #ffffff; background-color: #da99f7; height: 32px;\"><a href=\"https:\/\/agora.xtec.cat\/ceip-santa-anna-castellvell\/funcionament-informacions-escola\/calendari-escolar-curs-2021-2022\/\"><span style=\"color: #ffffff;\"><strong>Calendari escolar<\/strong><\/span><\/a><\/td>\n<td style=\"width: 47.2783%; text-align: center; border-color: #ffffff; background-color: #da99f7; height: 32px;\"><a class=\"menu-link sub-menu-link\" href=\"https:\/\/agora.xtec.cat\/ceip-santa-anna-castellvell\/lescola\/instal%c2%b7lacions\/\"><span style=\"color: #ffffff;\"><strong>Instal\u00b7lacions<\/strong><\/span><\/a><\/td>\n<\/tr>\n<tr style=\"height: 32px;\">\n<td style=\"text-align: center; border-color: #ffffff; background-color: #da99f7; height: 32px; width: 67.3095%;\" colspan=\"2\"><a class=\"menu-link sub-menu-link\" href=\"https:\/\/agora.xtec.cat\/ceip-santa-anna-castellvell\/lescola\/historia\/\"><span style=\"color: #ffffff;\"><strong>La nostra hist\u00f2ria<\/strong><\/span><\/a><\/td>\n<td style=\"text-align: center; border-color: #ffffff; background-color: #da99f7; width: 47.2783%;\"><span style=\"color: #ffffff;\"><a style=\"color: #ffffff;\" href=\"https:\/\/agora.xtec.cat\/ceip-santa-anna-castellvell\/lescola\/el-poble\/\"><strong><span style=\"color: #ffffff;\">El poble<\/span><\/strong><\/a><strong><br \/>\n<\/strong><\/span><\/td>\n<\/tr>\n<\/tbody>\n<\/table>\n","protected":false},"excerpt":{"rendered":"<p>La nostra escola \u00e9s de titularitat p\u00fablica depenent del Departament d&#8217;Educaci\u00f3 de la Generalitat de Catalunya amb alumnes de 3 a 12 anys de segon cicle d&#8217;Educaci\u00f3 infantil (I3, I4 i I5) i Educaci\u00f3 prim\u00e0ria (de 1r a 6\u00e8). L&#8217;edifici que ocupa va entrar en funcionament el curs 2007-08 i est\u00e0 preparat per acollir dues [&hellip;]<\/p>\n","protected":false},"author":2,"featured_media":0,"parent":0,"menu_order":0,"comment_status":"closed","ping_status":"closed","template":"","meta":{"_bbp_topic_count":0,"_bbp_reply_count":0,"_bbp_total_topic_count":0,"_bbp_total_reply_count":0,"_bbp_voice_count":0,"_bbp_anonymous_reply_count":0,"_bbp_topic_count_hidden":0,"_bbp_reply_count_hidden":0,"_bbp_forum_subforum_count":0,"site-sidebar-layout":"default","site-content-layout":"","ast-site-content-layout":"","site-content-style":"default","site-sidebar-style":"default","ast-global-header-display":"","ast-banner-title-visibility":"","ast-main-header-display":"","ast-hfb-above-header-display":"","ast-hfb-below-header-display":"","ast-hfb-mobile-header-display":"","site-post-title":"","ast-breadcrumbs-content":"","ast-featured-img":"","footer-sml-layout":"","theme-transparent-header-meta":"","adv-header-id-meta":"","stick-header-meta":"","header-above-stick-meta":"","header-main-stick-meta":"","header-below-stick-meta":"","astra-migrate-meta-layouts":"default","ast-page-background-enabled":"default","ast-page-background-meta":{"desktop":{"background-color":"var(--ast-global-color-4)","background-image":"","background-repeat":"repeat","background-position":"center center","background-size":"auto","background-attachment":"scroll","background-type":"","background-media":"","overlay-type":"","overlay-color":"","overlay-opacity":"","overlay-gradient":""},"tablet":{"background-color":"","background-image":"","background-repeat":"repeat","background-position":"center center","background-size":"auto","background-attachment":"scroll","background-type":"","background-media":"","overlay-type":"","overlay-color":"","overlay-opacity":"","overlay-gradient":""},"mobile":{"background-color":"","background-image":"","background-repeat":"repeat","background-position":"center center","background-size":"auto","background-attachment":"scroll","background-type":"","background-media":"","overlay-type":"","overlay-color":"","overlay-opacity":"","overlay-gradient":""}},"ast-content-background-meta":{"desktop":{"background-color":"var(--ast-global-color-5)","background-image":"","background-repeat":"repeat","background-position":"center center","background-size":"auto","background-attachment":"scroll","background-type":"","background-media":"","overlay-type":"","overlay-color":"","overlay-opacity":"","overlay-gradient":""},"tablet":{"background-color":"var(--ast-global-color-5)","background-image":"","background-repeat":"repeat","background-position":"center center","background-size":"auto","background-attachment":"scroll","background-type":"","background-media":"","overlay-type":"","overlay-color":"","overlay-opacity":"","overlay-gradient":""},"mobile":{"background-color":"var(--ast-global-color-5)","background-image":"","background-repeat":"repeat","background-position":"center center","background-size":"auto","background-attachment":"scroll","background-type":"","background-media":"","overlay-type":"","overlay-color":"","overlay-opacity":"","overlay-gradient":""}},"footnotes":""},"class_list":["post-22","page","type-page","status-publish","hentry"],"post_mailing_queue_ids":[],"_links":{"self":[{"href":"https:\/\/agora.xtec.cat\/ceip-santa-anna-castellvell\/wp-json\/wp\/v2\/pages\/22","targetHints":{"allow":["GET"]}}],"collection":[{"href":"https:\/\/agora.xtec.cat\/ceip-santa-anna-castellvell\/wp-json\/wp\/v2\/pages"}],"about":[{"href":"https:\/\/agora.xtec.cat\/ceip-santa-anna-castellvell\/wp-json\/wp\/v2\/types\/page"}],"author":[{"embeddable":true,"href":"https:\/\/agora.xtec.cat\/ceip-santa-anna-castellvell\/wp-json\/wp\/v2\/users\/2"}],"replies":[{"embeddable":true,"href":"https:\/\/agora.xtec.cat\/ceip-santa-anna-castellvell\/wp-json\/wp\/v2\/comments?post=22"}],"version-history":[{"count":8,"href":"https:\/\/agora.xtec.cat\/ceip-santa-anna-castellvell\/wp-json\/wp\/v2\/pages\/22\/revisions"}],"predecessor-version":[{"id":10231,"href":"https:\/\/agora.xtec.cat\/ceip-santa-anna-castellvell\/wp-json\/wp\/v2\/pages\/22\/revisions\/10231"}],"wp:attachment":[{"href":"https:\/\/agora.xtec.cat\/ceip-santa-anna-castellvell\/wp-json\/wp\/v2\/media?parent=22"}],"curies":[{"name":"wp","href":"https:\/\/api.w.org\/{rel}","templated":true}]}}