{"id":2390,"date":"2026-02-19T13:25:20","date_gmt":"2026-02-19T12:25:20","guid":{"rendered":"https:\/\/agora.xtec.cat\/ceip-sant-mateu\/?page_id=2390"},"modified":"2026-02-19T15:55:19","modified_gmt":"2026-02-19T14:55:19","slug":"consell-escolar","status":"publish","type":"page","link":"https:\/\/agora.xtec.cat\/ceip-sant-mateu\/consell-escolar\/","title":{"rendered":"Consell escolar"},"content":{"rendered":"<p><img loading=\"lazy\" decoding=\"async\" class=\"wp-image-2391 alignright\" src=\"https:\/\/agora.xtec.cat\/ceip-sant-mateu\/wp-content\/uploads\/usu240\/2021\/12\/LOGO-CONSELL-ESCOLAR.jpeg\" alt=\"\" width=\"235\" height=\"219\" srcset=\"https:\/\/agora.xtec.cat\/ceip-sant-mateu\/wp-content\/uploads\/usu240\/2021\/12\/LOGO-CONSELL-ESCOLAR.jpeg 1051w, https:\/\/agora.xtec.cat\/ceip-sant-mateu\/wp-content\/uploads\/usu240\/2021\/12\/LOGO-CONSELL-ESCOLAR-300x279.jpeg 300w, https:\/\/agora.xtec.cat\/ceip-sant-mateu\/wp-content\/uploads\/usu240\/2021\/12\/LOGO-CONSELL-ESCOLAR-1024x952.jpeg 1024w, https:\/\/agora.xtec.cat\/ceip-sant-mateu\/wp-content\/uploads\/usu240\/2021\/12\/LOGO-CONSELL-ESCOLAR-768x714.jpeg 768w\" sizes=\"auto, (max-width: 235px) 100vw, 235px\" \/><\/p>\n<p><strong>COMPOSICI\u00d3 DEL CONSELL ESCOLAR<\/strong><\/p>\n<p><strong>Presidenta:\u00a0<\/strong>Nat\u00e0lia Nieto<\/p>\n<p><strong>Cap d&#8217;estudis:<\/strong> Raquel Aub\u00ed<\/p>\n<p><strong>Secret\u00e0ria:<\/strong> Laura Masip<\/p>\n<p><strong>Representant de l&#8217;Ajuntament:<\/strong> Ernest Roig\u00e9<\/p>\n<p><strong>Representants del professorat:<\/strong> Carolina G\u00f3mez i\u00a0Alexandra Queralt<\/p>\n<p><strong>Representants de pares i mares:<\/strong> Laia L\u00f3pez<\/p>\n<p><strong>Representant AFA:<\/strong> Paula Santamaria<\/p>\n<p><strong>CURS 2025 &#8211; 2026<\/strong><\/p>\n<table style=\"border-collapse: collapse; width: 100.811%; height: 203px;\">\n<tbody>\n<tr style=\"height: 151px;\">\n<td style=\"width: 25%; height: 151px;\"><a href=\"https:\/\/drive.google.com\/file\/d\/1HJM35WKrxrCRLhvyxq5S7lGJ5uwNCBUf\/view?usp=sharing\"><img loading=\"lazy\" decoding=\"async\" class=\"aligncenter size-full wp-image-4091\" src=\"https:\/\/agora.xtec.cat\/ceip-sant-mateu\/wp-content\/uploads\/usu240\/2024\/10\/LOGO-DOCUMENTS-1.jpg\" alt=\"\" width=\"161\" height=\"135\" \/><\/a><\/td>\n<td style=\"width: 25%; height: 151px;\"><a href=\"https:\/\/drive.google.com\/file\/d\/1kTccoz2yvTQdVmwRc8RTVdJ7QrOpc0wK\/view?usp=sharing\"><img loading=\"lazy\" decoding=\"async\" class=\"aligncenter size-full wp-image-4091\" src=\"https:\/\/agora.xtec.cat\/ceip-sant-mateu\/wp-content\/uploads\/usu240\/2024\/10\/LOGO-DOCUMENTS-1.jpg\" alt=\"\" width=\"161\" height=\"135\" \/><\/a><\/td>\n<td style=\"width: 25%; height: 151px;\"><a href=\"https:\/\/drive.google.com\/file\/d\/1XpM0wARuONTdcRY8AX8KL69WtwKi5Mh8\/view?usp=sharing\"><img loading=\"lazy\" decoding=\"async\" class=\"aligncenter size-full wp-image-4091\" src=\"https:\/\/agora.xtec.cat\/ceip-sant-mateu\/wp-content\/uploads\/usu240\/2024\/10\/LOGO-DOCUMENTS-1.jpg\" alt=\"\" width=\"161\" height=\"135\" \/><\/a><\/td>\n<td style=\"width: 25%; height: 151px;\"><a href=\"https:\/\/drive.google.com\/file\/d\/12TgE2p_Yu2tbktY-THPxgyQpD83tkorN\/view?usp=sharing\"><img loading=\"lazy\" decoding=\"async\" class=\"aligncenter size-full wp-image-4091\" src=\"https:\/\/agora.xtec.cat\/ceip-sant-mateu\/wp-content\/uploads\/usu240\/2024\/10\/LOGO-DOCUMENTS-1.jpg\" alt=\"\" width=\"161\" height=\"135\" \/><\/a><\/td>\n<\/tr>\n<tr style=\"height: 52px;\">\n<td style=\"width: 25%; text-align: center; height: 52px;\"><strong>ACTA 1<\/strong><\/td>\n<td style=\"width: 25%; text-align: center; height: 52px;\"><strong>ACTA 2<\/strong><\/td>\n<td style=\"width: 25%; text-align: center; height: 52px;\"><strong>ACTA 3<\/strong><\/td>\n<td style=\"width: 25%; text-align: center; height: 52px;\"><strong>ACTA 4<\/strong><\/td>\n<\/tr>\n<\/tbody>\n<\/table>\n<p><b style=\"font-family: inherit; font-size: 1em;\">\u00a0<\/b><\/p>\n<p><strong>CURS 2024 &#8211; 2025<\/strong><\/p>\n<table style=\"border-collapse: collapse; width: 100.811%; height: 151px;\">\n<tbody>\n<tr style=\"height: 151px;\">\n<td style=\"width: 25%; height: 151px;\"><a href=\"https:\/\/drive.google.com\/file\/d\/12Z6Mja5M1Y7qVIt0NmQb2cin15bNMLOm\/view?usp=sharing\"><img loading=\"lazy\" decoding=\"async\" class=\"aligncenter size-full wp-image-4091\" src=\"https:\/\/agora.xtec.cat\/ceip-sant-mateu\/wp-content\/uploads\/usu240\/2024\/10\/LOGO-DOCUMENTS-1.jpg\" alt=\"\" width=\"161\" height=\"135\" \/><\/a><\/td>\n<td style=\"width: 25%; height: 151px;\"><a href=\"https:\/\/drive.google.com\/file\/d\/1Px5o_uZgqNf-jt7kjtuBPChKruZ_gTlm\/view?usp=drive_link\"><img loading=\"lazy\" decoding=\"async\" class=\"aligncenter size-full wp-image-4091\" src=\"https:\/\/agora.xtec.cat\/ceip-sant-mateu\/wp-content\/uploads\/usu240\/2024\/10\/LOGO-DOCUMENTS-1.jpg\" alt=\"\" width=\"161\" height=\"135\" \/><\/a><\/td>\n<td style=\"width: 25%; height: 151px;\"><a href=\"https:\/\/drive.google.com\/file\/d\/1kz5cWnTgNWo0ecgsupjcv5Py3Sb_V-yR\/view?usp=sharing\"><img loading=\"lazy\" decoding=\"async\" class=\"aligncenter size-full wp-image-4091\" src=\"https:\/\/agora.xtec.cat\/ceip-sant-mateu\/wp-content\/uploads\/usu240\/2024\/10\/LOGO-DOCUMENTS-1.jpg\" alt=\"\" width=\"161\" height=\"135\" \/><\/a><\/td>\n<td style=\"width: 25%; height: 151px;\"><a href=\"https:\/\/drive.google.com\/file\/d\/1umFsauhw_z2Fw7d0gXlZNSPzPe5uv1OW\/view?usp=sharing\"><img loading=\"lazy\" decoding=\"async\" class=\"aligncenter size-full wp-image-4091\" src=\"https:\/\/agora.xtec.cat\/ceip-sant-mateu\/wp-content\/uploads\/usu240\/2024\/10\/LOGO-DOCUMENTS-1.jpg\" alt=\"\" width=\"161\" height=\"135\" \/><\/a><\/td>\n<\/tr>\n<tr>\n<td style=\"width: 25%; text-align: center;\"><strong>ACTA 1<\/strong><\/td>\n<td style=\"width: 25%; text-align: center;\"><strong>ACTA 2<\/strong><\/td>\n<td style=\"width: 25%; text-align: center;\"><strong>ACTA 3<\/strong><\/td>\n<td style=\"width: 25%; text-align: center;\"><strong>ACTA 4<\/strong><\/td>\n<\/tr>\n<\/tbody>\n<\/table>\n<p><b style=\"font-family: inherit; font-size: 1em;\">\u00a0<\/b><\/p>\n<p><strong>CURS 2023 &#8211; 2024<\/strong><\/p>\n<table style=\"border-collapse: collapse; width: 100.811%; height: 151px;\">\n<tbody>\n<tr style=\"height: 151px;\">\n<td style=\"width: 25%; height: 151px; text-align: center;\"><a href=\"https:\/\/drive.google.com\/file\/d\/1kdG0TGBmfkLjnkV4qnIt27NdlYfhayrc\/view?usp=sharing\"><img loading=\"lazy\" decoding=\"async\" class=\"size-full wp-image-2395 aligncenter\" src=\"https:\/\/agora.xtec.cat\/ceip-sant-mateu\/wp-content\/uploads\/usu240\/2021\/12\/LOGO-DOCUMENTS-1.jpg\" alt=\"\" width=\"161\" height=\"135\" \/><\/a><\/td>\n<td style=\"width: 25%; height: 151px;\"><a href=\"https:\/\/drive.google.com\/file\/d\/1frqlMhDn6J93U6Ry7dDEyRyExYarYxwn\/view?usp=sharing\"><img loading=\"lazy\" decoding=\"async\" class=\"size-full wp-image-4075 aligncenter\" src=\"https:\/\/agora.xtec.cat\/ceip-sant-mateu\/wp-content\/uploads\/usu240\/2024\/09\/LOGO-DOCUMENTS-1.jpg\" alt=\"\" width=\"161\" height=\"135\" \/><\/a><\/td>\n<td style=\"width: 25%; height: 151px;\"><strong><a href=\"https:\/\/drive.google.com\/file\/d\/1jjxyJIFuCV5OMp_jg-q9EAw7dUhS4asW\/view?usp=sharing\"><img loading=\"lazy\" decoding=\"async\" class=\"size-full wp-image-4075 aligncenter\" src=\"https:\/\/agora.xtec.cat\/ceip-sant-mateu\/wp-content\/uploads\/usu240\/2024\/09\/LOGO-DOCUMENTS-1.jpg\" alt=\"\" width=\"161\" height=\"135\" \/><\/a><\/strong><\/td>\n<td style=\"width: 25%; height: 151px;\"><strong><a href=\"https:\/\/drive.google.com\/file\/d\/1mxVvKFbxWmEwyBcQB11_HHoIaNgG9kM-\/view?usp=sharing\"><img loading=\"lazy\" decoding=\"async\" class=\"size-full wp-image-4075 aligncenter\" src=\"https:\/\/agora.xtec.cat\/ceip-sant-mateu\/wp-content\/uploads\/usu240\/2024\/09\/LOGO-DOCUMENTS-1.jpg\" alt=\"\" width=\"161\" height=\"135\" \/><\/a><\/strong><\/td>\n<\/tr>\n<tr>\n<td style=\"width: 25%; text-align: center;\"><strong>ACTA 1<\/strong><\/td>\n<td style=\"width: 25%; text-align: center;\"><strong>ACTA 2<\/strong><\/td>\n<td style=\"width: 25%; text-align: center;\"><strong>ACTA 3<\/strong><\/td>\n<td style=\"width: 25%; text-align: center;\"><strong>ACTA 4<\/strong><\/td>\n<\/tr>\n<\/tbody>\n<\/table>\n<p>&nbsp;<\/p>\n<table style=\"border-collapse: collapse; width: 100.811%; height: 151px;\">\n<tbody>\n<tr style=\"height: 151px;\">\n<td style=\"width: 25%; height: 151px;\"><a href=\"https:\/\/drive.google.com\/file\/d\/1RTng-QpuU3qu01iDfqICKdZ-DL57Vulx\/view?usp=sharing\"><img loading=\"lazy\" decoding=\"async\" class=\"size-full wp-image-4075 aligncenter\" src=\"https:\/\/agora.xtec.cat\/ceip-sant-mateu\/wp-content\/uploads\/usu240\/2024\/09\/LOGO-DOCUMENTS-1.jpg\" alt=\"\" width=\"161\" height=\"135\" \/><\/a><\/td>\n<td style=\"width: 25%; height: 151px;\"><a href=\"https:\/\/drive.google.com\/file\/d\/1U4SiOagvbHuWWpXuy4huakcumd23-wlC\/view?usp=sharing\"><img loading=\"lazy\" decoding=\"async\" class=\"size-full wp-image-4075 aligncenter\" src=\"https:\/\/agora.xtec.cat\/ceip-sant-mateu\/wp-content\/uploads\/usu240\/2024\/09\/LOGO-DOCUMENTS-1.jpg\" alt=\"\" width=\"161\" height=\"135\" \/><\/a><\/td>\n<td style=\"width: 25%; height: 151px;\"><\/td>\n<td style=\"width: 25%; height: 151px;\"><\/td>\n<\/tr>\n<tr>\n<td style=\"width: 25%; text-align: center;\"><strong>ACTA 5<\/strong><\/td>\n<td style=\"width: 25%; text-align: center;\"><strong>ACTA 6<\/strong><\/td>\n<td style=\"width: 25%; text-align: center;\"><\/td>\n<td style=\"width: 25%; text-align: center;\"><\/td>\n<\/tr>\n<\/tbody>\n<\/table>\n<p>&nbsp;<\/p>\n<p>&nbsp;<\/p>\n<p><strong>CURS 2022 &#8211; 2023<\/strong><\/p>\n<table style=\"border-collapse: collapse; width: 100.811%; height: 151px;\">\n<tbody>\n<tr style=\"height: 151px;\">\n<td style=\"width: 25%; height: 151px; text-align: center;\"><a href=\"https:\/\/drive.google.com\/file\/d\/1w4n-xCm0pDcFgiCFBlP15GJJeVtRdUwJ\/view?usp=sharing\"><img loading=\"lazy\" decoding=\"async\" class=\"size-full wp-image-2395 aligncenter\" src=\"https:\/\/agora.xtec.cat\/ceip-sant-mateu\/wp-content\/uploads\/usu240\/2021\/12\/LOGO-DOCUMENTS-1.jpg\" alt=\"\" width=\"161\" height=\"135\" \/><\/a><\/td>\n<td style=\"width: 25%; height: 151px;\"><a href=\"https:\/\/drive.google.com\/file\/d\/1TtXTjuZUXW3syqPzm9YY4PUJQUfzLRr_\/view?usp=sharing\"><img loading=\"lazy\" decoding=\"async\" class=\"size-full wp-image-2395 aligncenter\" src=\"https:\/\/agora.xtec.cat\/ceip-sant-mateu\/wp-content\/uploads\/usu240\/2021\/12\/LOGO-DOCUMENTS-1.jpg\" alt=\"\" width=\"161\" height=\"135\" \/><\/a><\/td>\n<td style=\"width: 25%; height: 151px;\"><a href=\"https:\/\/drive.google.com\/file\/d\/1SsF3C6XtarJ8S0XN-DVNUEYq-oSqlFQF\/view?usp=sharing\"><img loading=\"lazy\" decoding=\"async\" class=\"size-full wp-image-2395 aligncenter\" src=\"https:\/\/agora.xtec.cat\/ceip-sant-mateu\/wp-content\/uploads\/usu240\/2021\/12\/LOGO-DOCUMENTS-1.jpg\" alt=\"\" width=\"161\" height=\"135\" \/><\/a><\/td>\n<td style=\"width: 25%; height: 151px;\"><\/td>\n<\/tr>\n<tr>\n<td style=\"width: 25%; text-align: center;\"><strong>ACTA 1<\/strong><\/td>\n<td style=\"width: 25%; text-align: center;\"><strong>ACTA 2<\/strong><\/td>\n<td style=\"width: 25%; text-align: center;\"><strong>ACTA 3<\/strong><\/td>\n<td style=\"width: 25%; text-align: center;\"><\/td>\n<\/tr>\n<\/tbody>\n<\/table>\n<p>&nbsp;<\/p>\n<p><strong>CURS 2021 &#8211; 2022<\/strong><\/p>\n<table style=\"border-collapse: collapse; width: 100.811%; height: 151px;\">\n<tbody>\n<tr style=\"height: 151px;\">\n<td style=\"width: 25%; height: 151px; text-align: center;\"><a href=\"https:\/\/drive.google.com\/file\/d\/13OvNzinCOIhXRnnopSnTGkNfmAESIxwZ\/view?usp=sharing\"><img loading=\"lazy\" decoding=\"async\" class=\"size-full wp-image-2395 aligncenter\" src=\"https:\/\/agora.xtec.cat\/ceip-sant-mateu\/wp-content\/uploads\/usu240\/2021\/12\/LOGO-DOCUMENTS-1.jpg\" alt=\"\" width=\"161\" height=\"135\" \/><\/a><\/td>\n<td style=\"width: 25%; height: 151px;\"><a href=\"https:\/\/drive.google.com\/file\/d\/1Pkpg7GCsvVkY2Qx7_1ElkNo60t5up5Ry\/view?usp=sharing\"><img loading=\"lazy\" decoding=\"async\" class=\"size-full wp-image-2395 aligncenter\" src=\"https:\/\/agora.xtec.cat\/ceip-sant-mateu\/wp-content\/uploads\/usu240\/2021\/12\/LOGO-DOCUMENTS-1.jpg\" alt=\"\" width=\"161\" height=\"135\" \/><\/a><\/td>\n<td style=\"width: 25%; height: 151px;\"><a href=\"https:\/\/drive.google.com\/file\/d\/1c3hSNB6LhjrSdNVIgBqBqJozZjkrTWTF\/view?usp=sharing\"><img loading=\"lazy\" decoding=\"async\" class=\"size-full wp-image-2395 aligncenter\" src=\"https:\/\/agora.xtec.cat\/ceip-sant-mateu\/wp-content\/uploads\/usu240\/2021\/12\/LOGO-DOCUMENTS-1.jpg\" alt=\"\" width=\"161\" height=\"135\" \/><\/a><\/td>\n<td style=\"width: 25%; height: 151px;\"><a href=\"https:\/\/drive.google.com\/file\/d\/16Az7Jn7VOxt19ojDjcDFGGJBuaqG1MjK\/view?usp=sharing\"><img loading=\"lazy\" decoding=\"async\" class=\"size-full wp-image-2395 aligncenter\" src=\"https:\/\/agora.xtec.cat\/ceip-sant-mateu\/wp-content\/uploads\/usu240\/2021\/12\/LOGO-DOCUMENTS-1.jpg\" alt=\"\" width=\"161\" height=\"135\" \/><\/a><\/td>\n<\/tr>\n<tr>\n<td style=\"width: 25%; text-align: center;\"><strong>ACTA 1<\/strong><\/td>\n<td style=\"width: 25%; text-align: center;\"><strong>ACTA 2<\/strong><\/td>\n<td style=\"width: 25%; text-align: center;\"><strong>ACTA 3<\/strong><\/td>\n<td style=\"width: 25%; text-align: center;\"><strong>ACTA 4<\/strong><\/td>\n<\/tr>\n<\/tbody>\n<\/table>\n<p><strong>\u00a0 \u00a0 \u00a0 \u00a0 \u00a0 \u00a0\u00a0<\/strong><\/p>\n<table style=\"border-collapse: collapse; width: 100.811%; height: 183px;\">\n<tbody>\n<tr style=\"height: 151px;\">\n<td style=\"width: 25%; height: 151px; text-align: center;\"><a href=\"https:\/\/drive.google.com\/file\/d\/15GMNa2njxHMHxzqB5KUYv0R33OlP_EU_\/view?usp=share_link\"><img loading=\"lazy\" decoding=\"async\" class=\"size-full wp-image-2862 aligncenter\" src=\"https:\/\/agora.xtec.cat\/ceip-sant-mateu\/wp-content\/uploads\/usu240\/2022\/11\/LOGO-DOCUMENTS-1.jpg\" alt=\"\" width=\"161\" height=\"135\" \/><\/a><\/td>\n<td style=\"width: 25%; height: 151px;\"><a href=\"https:\/\/drive.google.com\/file\/d\/1mTwGc6I4PRY8eQ6Ate3rKUu_QF-R_1ri\/view?usp=share_link\"><img loading=\"lazy\" decoding=\"async\" class=\"size-full wp-image-2862 aligncenter\" src=\"https:\/\/agora.xtec.cat\/ceip-sant-mateu\/wp-content\/uploads\/usu240\/2022\/11\/LOGO-DOCUMENTS-1.jpg\" alt=\"\" width=\"161\" height=\"135\" \/><\/a><\/td>\n<td style=\"width: 25%; height: 151px;\"><a href=\"https:\/\/drive.google.com\/file\/d\/18IKVCwphuZSMoVq1ILox_r6PzL7xq26j\/view?usp=share_link\"><img loading=\"lazy\" decoding=\"async\" class=\"size-full wp-image-2862 aligncenter\" src=\"https:\/\/agora.xtec.cat\/ceip-sant-mateu\/wp-content\/uploads\/usu240\/2022\/11\/LOGO-DOCUMENTS-1.jpg\" alt=\"\" width=\"161\" height=\"135\" \/><\/a><\/td>\n<td style=\"width: 25%; height: 151px;\"><\/td>\n<\/tr>\n<tr style=\"height: 32px;\">\n<td style=\"width: 25%; text-align: center; height: 32px;\"><strong>ACTA 5<\/strong><\/td>\n<td style=\"width: 25%; text-align: center; height: 32px;\"><strong>ACTA 6<\/strong><\/td>\n<td style=\"width: 25%; text-align: center; height: 32px;\"><strong>ACTA 7<\/strong><\/td>\n<td style=\"width: 25%; text-align: center; height: 32px;\"><\/td>\n<\/tr>\n<\/tbody>\n<\/table>\n<p>&nbsp;<\/p>\n<p>&nbsp;<\/p>\n","protected":false},"excerpt":{"rendered":"<p>COMPOSICI\u00d3 DEL CONSELL ESCOLAR Presidenta:\u00a0Nat\u00e0lia Nieto Cap d&#8217;estudis: Raquel Aub\u00ed Secret\u00e0ria: Laura Masip Representant de l&#8217;Ajuntament: Ernest Roig\u00e9 Representants del professorat: Carolina G\u00f3mez i\u00a0Alexandra Queralt Representants de pares i mares: Laia L\u00f3pez Representant AFA: Paula Santamaria CURS 2025 &#8211; 2026 ACTA 1 ACTA 2 ACTA 3 ACTA 4 \u00a0 CURS 2024 &#8211; 2025 ACTA 1 [&hellip;]<\/p>\n","protected":false},"author":1,"featured_media":0,"parent":0,"menu_order":0,"comment_status":"closed","ping_status":"closed","template":"","meta":{"_bbp_topic_count":0,"_bbp_reply_count":0,"_bbp_total_topic_count":0,"_bbp_total_reply_count":0,"_bbp_voice_count":0,"_bbp_anonymous_reply_count":0,"_bbp_topic_count_hidden":0,"_bbp_reply_count_hidden":0,"_bbp_forum_subforum_count":0,"site-sidebar-layout":"default","site-content-layout":"","ast-site-content-layout":"default","site-content-style":"default","site-sidebar-style":"default","ast-global-header-display":"","ast-banner-title-visibility":"","ast-main-header-display":"","ast-hfb-above-header-display":"","ast-hfb-below-header-display":"","ast-hfb-mobile-header-display":"","site-post-title":"","ast-breadcrumbs-content":"","ast-featured-img":"","footer-sml-layout":"","theme-transparent-header-meta":"default","adv-header-id-meta":"","stick-header-meta":"","header-above-stick-meta":"","header-main-stick-meta":"","header-below-stick-meta":"","astra-migrate-meta-layouts":"set","ast-page-background-enabled":"default","ast-page-background-meta":{"desktop":{"background-color":"var(--ast-global-color-4)","background-image":"","background-repeat":"repeat","background-position":"center center","background-size":"auto","background-attachment":"scroll","background-type":"","background-media":"","overlay-type":"","overlay-color":"","overlay-opacity":"","overlay-gradient":""},"tablet":{"background-color":"","background-image":"","background-repeat":"repeat","background-position":"center center","background-size":"auto","background-attachment":"scroll","background-type":"","background-media":"","overlay-type":"","overlay-color":"","overlay-opacity":"","overlay-gradient":""},"mobile":{"background-color":"","background-image":"","background-repeat":"repeat","background-position":"center center","background-size":"auto","background-attachment":"scroll","background-type":"","background-media":"","overlay-type":"","overlay-color":"","overlay-opacity":"","overlay-gradient":""}},"ast-content-background-meta":{"desktop":{"background-color":"var(--ast-global-color-5)","background-image":"","background-repeat":"repeat","background-position":"center center","background-size":"auto","background-attachment":"scroll","background-type":"","background-media":"","overlay-type":"","overlay-color":"","overlay-opacity":"","overlay-gradient":""},"tablet":{"background-color":"var(--ast-global-color-5)","background-image":"","background-repeat":"repeat","background-position":"center center","background-size":"auto","background-attachment":"scroll","background-type":"","background-media":"","overlay-type":"","overlay-color":"","overlay-opacity":"","overlay-gradient":""},"mobile":{"background-color":"var(--ast-global-color-5)","background-image":"","background-repeat":"repeat","background-position":"center center","background-size":"auto","background-attachment":"scroll","background-type":"","background-media":"","overlay-type":"","overlay-color":"","overlay-opacity":"","overlay-gradient":""}},"footnotes":""},"class_list":["post-2390","page","type-page","status-publish","hentry"],"post_mailing_queue_ids":[],"_links":{"self":[{"href":"https:\/\/agora.xtec.cat\/ceip-sant-mateu\/wp-json\/wp\/v2\/pages\/2390","targetHints":{"allow":["GET"]}}],"collection":[{"href":"https:\/\/agora.xtec.cat\/ceip-sant-mateu\/wp-json\/wp\/v2\/pages"}],"about":[{"href":"https:\/\/agora.xtec.cat\/ceip-sant-mateu\/wp-json\/wp\/v2\/types\/page"}],"author":[{"embeddable":true,"href":"https:\/\/agora.xtec.cat\/ceip-sant-mateu\/wp-json\/wp\/v2\/users\/1"}],"replies":[{"embeddable":true,"href":"https:\/\/agora.xtec.cat\/ceip-sant-mateu\/wp-json\/wp\/v2\/comments?post=2390"}],"version-history":[{"count":6,"href":"https:\/\/agora.xtec.cat\/ceip-sant-mateu\/wp-json\/wp\/v2\/pages\/2390\/revisions"}],"predecessor-version":[{"id":4737,"href":"https:\/\/agora.xtec.cat\/ceip-sant-mateu\/wp-json\/wp\/v2\/pages\/2390\/revisions\/4737"}],"wp:attachment":[{"href":"https:\/\/agora.xtec.cat\/ceip-sant-mateu\/wp-json\/wp\/v2\/media?parent=2390"}],"curies":[{"name":"wp","href":"https:\/\/api.w.org\/{rel}","templated":true}]}}