{"id":2181,"date":"2025-09-03T12:57:09","date_gmt":"2025-09-03T10:57:09","guid":{"rendered":"https:\/\/agora.xtec.cat\/ceip-sant-mateu\/?page_id=2181"},"modified":"2025-10-09T15:50:04","modified_gmt":"2025-10-09T13:50:04","slug":"documents-de-centre","status":"publish","type":"page","link":"https:\/\/agora.xtec.cat\/ceip-sant-mateu\/documents-de-centre\/","title":{"rendered":"Documents de Centre"},"content":{"rendered":"<p><a href=\"https:\/\/drive.google.com\/file\/d\/1HXebVVngu3E-QJCkork_ct1M447yeYnM\/view?usp=sharing\">Projecte Educatiu de Centre<\/a><\/p>\n<p><a href=\"https:\/\/drive.google.com\/file\/d\/1_hsaexKpbIraS_CYX050NrNfWo1Bn98D\/view?usp=sharing\">Projecte Ling\u00fc\u00edstic (en revisi\u00f3)<\/a><\/p>\n<p><a href=\"https:\/\/drive.google.com\/file\/d\/1XZRCcNMog8W0Wdop4tJG5nPi0QW8ezE_\/view?usp=sharing\">Normes d\u2019Organitzaci\u00f3 i Funcionament del Centre<\/a><\/p>\n<p><a href=\"https:\/\/drive.google.com\/file\/d\/13VhIaSAtfGRbDekqtQxv3R9VUiwmc15U\/view?usp=sharing\">Carta de comprom\u00eds<\/a><\/p>\n<p><a href=\"https:\/\/sites.google.com\/santmateu.cat\/escolasantmateu\/estrat%C3%A8gia-digital-de-centre\">Estrat\u00e8gia Digital de Centre<\/a><\/p>\n","protected":false},"excerpt":{"rendered":"<p>Projecte Educatiu de Centre Projecte Ling\u00fc\u00edstic (en revisi\u00f3) Normes d\u2019Organitzaci\u00f3 i Funcionament del Centre Carta de comprom\u00eds Estrat\u00e8gia Digital de Centre<\/p>\n","protected":false},"author":1,"featured_media":0,"parent":0,"menu_order":0,"comment_status":"closed","ping_status":"closed","template":"","meta":{"_bbp_topic_count":0,"_bbp_reply_count":0,"_bbp_total_topic_count":0,"_bbp_total_reply_count":0,"_bbp_voice_count":0,"_bbp_anonymous_reply_count":0,"_bbp_topic_count_hidden":0,"_bbp_reply_count_hidden":0,"_bbp_forum_subforum_count":0,"site-sidebar-layout":"default","site-content-layout":"","ast-site-content-layout":"","site-content-style":"default","site-sidebar-style":"default","ast-global-header-display":"","ast-banner-title-visibility":"","ast-main-header-display":"","ast-hfb-above-header-display":"","ast-hfb-below-header-display":"","ast-hfb-mobile-header-display":"","site-post-title":"","ast-breadcrumbs-content":"","ast-featured-img":"","footer-sml-layout":"","theme-transparent-header-meta":"","adv-header-id-meta":"","stick-header-meta":"","header-above-stick-meta":"","header-main-stick-meta":"","header-below-stick-meta":"","astra-migrate-meta-layouts":"default","ast-page-background-enabled":"default","ast-page-background-meta":{"desktop":{"background-color":"var(--ast-global-color-4)","background-image":"","background-repeat":"repeat","background-position":"center center","background-size":"auto","background-attachment":"scroll","background-type":"","background-media":"","overlay-type":"","overlay-color":"","overlay-opacity":"","overlay-gradient":""},"tablet":{"background-color":"","background-image":"","background-repeat":"repeat","background-position":"center center","background-size":"auto","background-attachment":"scroll","background-type":"","background-media":"","overlay-type":"","overlay-color":"","overlay-opacity":"","overlay-gradient":""},"mobile":{"background-color":"","background-image":"","background-repeat":"repeat","background-position":"center center","background-size":"auto","background-attachment":"scroll","background-type":"","background-media":"","overlay-type":"","overlay-color":"","overlay-opacity":"","overlay-gradient":""}},"ast-content-background-meta":{"desktop":{"background-color":"var(--ast-global-color-5)","background-image":"","background-repeat":"repeat","background-position":"center center","background-size":"auto","background-attachment":"scroll","background-type":"","background-media":"","overlay-type":"","overlay-color":"","overlay-opacity":"","overlay-gradient":""},"tablet":{"background-color":"var(--ast-global-color-5)","background-image":"","background-repeat":"repeat","background-position":"center center","background-size":"auto","background-attachment":"scroll","background-type":"","background-media":"","overlay-type":"","overlay-color":"","overlay-opacity":"","overlay-gradient":""},"mobile":{"background-color":"var(--ast-global-color-5)","background-image":"","background-repeat":"repeat","background-position":"center center","background-size":"auto","background-attachment":"scroll","background-type":"","background-media":"","overlay-type":"","overlay-color":"","overlay-opacity":"","overlay-gradient":""}},"footnotes":""},"class_list":["post-2181","page","type-page","status-publish","hentry"],"post_mailing_queue_ids":[],"_links":{"self":[{"href":"https:\/\/agora.xtec.cat\/ceip-sant-mateu\/wp-json\/wp\/v2\/pages\/2181","targetHints":{"allow":["GET"]}}],"collection":[{"href":"https:\/\/agora.xtec.cat\/ceip-sant-mateu\/wp-json\/wp\/v2\/pages"}],"about":[{"href":"https:\/\/agora.xtec.cat\/ceip-sant-mateu\/wp-json\/wp\/v2\/types\/page"}],"author":[{"embeddable":true,"href":"https:\/\/agora.xtec.cat\/ceip-sant-mateu\/wp-json\/wp\/v2\/users\/1"}],"replies":[{"embeddable":true,"href":"https:\/\/agora.xtec.cat\/ceip-sant-mateu\/wp-json\/wp\/v2\/comments?post=2181"}],"version-history":[{"count":6,"href":"https:\/\/agora.xtec.cat\/ceip-sant-mateu\/wp-json\/wp\/v2\/pages\/2181\/revisions"}],"predecessor-version":[{"id":4622,"href":"https:\/\/agora.xtec.cat\/ceip-sant-mateu\/wp-json\/wp\/v2\/pages\/2181\/revisions\/4622"}],"wp:attachment":[{"href":"https:\/\/agora.xtec.cat\/ceip-sant-mateu\/wp-json\/wp\/v2\/media?parent=2181"}],"curies":[{"name":"wp","href":"https:\/\/api.w.org\/{rel}","templated":true}]}}