{"id":2030,"date":"2026-03-03T09:55:00","date_gmt":"2026-03-03T08:55:00","guid":{"rendered":"https:\/\/agora.xtec.cat\/ceip-sant-mateu\/?page_id=2030"},"modified":"2026-04-13T14:58:15","modified_gmt":"2026-04-13T12:58:15","slug":"menjador","status":"publish","type":"page","link":"https:\/\/agora.xtec.cat\/ceip-sant-mateu\/menjador\/","title":{"rendered":"Menjador"},"content":{"rendered":"\n<p>L&#8217;Ajuntament s&#8217;encarrega del servei de menjador. Per a qualsevol aclariment us podeu adre\u00e7ar a les seves oficines o contactar amb les monitores a trav\u00e9s del tel\u00e8fon: <strong>660327118<\/strong><\/p>\n\n\n\n<p><strong>MEN\u00da ABRIL 2026 \ud83d\ude0b<\/strong><\/p>\n\n\n\n<figure class=\"wp-block-image size-large\"><a href=\"https:\/\/agora.xtec.cat\/ceip-sant-mateu\/wp-content\/uploads\/usu240\/2026\/04\/MARC-BO-scaled.jpg\"><img loading=\"lazy\" decoding=\"async\" width=\"724\" height=\"1024\" src=\"https:\/\/agora.xtec.cat\/ceip-sant-mateu\/wp-content\/uploads\/usu240\/2026\/04\/MARC-BO-724x1024.jpg\" alt=\"\" class=\"wp-image-4764\" srcset=\"https:\/\/agora.xtec.cat\/ceip-sant-mateu\/wp-content\/uploads\/usu240\/2026\/04\/MARC-BO-724x1024.jpg 724w, https:\/\/agora.xtec.cat\/ceip-sant-mateu\/wp-content\/uploads\/usu240\/2026\/04\/MARC-BO-212x300.jpg 212w, https:\/\/agora.xtec.cat\/ceip-sant-mateu\/wp-content\/uploads\/usu240\/2026\/04\/MARC-BO-768x1086.jpg 768w, https:\/\/agora.xtec.cat\/ceip-sant-mateu\/wp-content\/uploads\/usu240\/2026\/04\/MARC-BO-1087x1536.jpg 1087w, https:\/\/agora.xtec.cat\/ceip-sant-mateu\/wp-content\/uploads\/usu240\/2026\/04\/MARC-BO-1449x2048.jpg 1449w, https:\/\/agora.xtec.cat\/ceip-sant-mateu\/wp-content\/uploads\/usu240\/2026\/04\/MARC-BO-scaled.jpg 1811w\" sizes=\"auto, (max-width: 724px) 100vw, 724px\" \/><\/a><\/figure>\n","protected":false},"excerpt":{"rendered":"<p>L&#8217;Ajuntament s&#8217;encarrega del servei de menjador. Per a qualsevol aclariment us podeu adre\u00e7ar a les seves oficines o contactar amb les monitores a trav\u00e9s del tel\u00e8fon: 660327118 MEN\u00da ABRIL 2026 \ud83d\ude0b<\/p>\n","protected":false},"author":1,"featured_media":0,"parent":0,"menu_order":0,"comment_status":"closed","ping_status":"closed","template":"","meta":{"_bbp_topic_count":0,"_bbp_reply_count":0,"_bbp_total_topic_count":0,"_bbp_total_reply_count":0,"_bbp_voice_count":0,"_bbp_anonymous_reply_count":0,"_bbp_topic_count_hidden":0,"_bbp_reply_count_hidden":0,"_bbp_forum_subforum_count":0,"site-sidebar-layout":"default","site-content-layout":"","ast-site-content-layout":"default","site-content-style":"default","site-sidebar-style":"default","ast-global-header-display":"","ast-banner-title-visibility":"","ast-main-header-display":"","ast-hfb-above-header-display":"","ast-hfb-below-header-display":"","ast-hfb-mobile-header-display":"","site-post-title":"","ast-breadcrumbs-content":"","ast-featured-img":"","footer-sml-layout":"","theme-transparent-header-meta":"default","adv-header-id-meta":"","stick-header-meta":"","header-above-stick-meta":"","header-main-stick-meta":"","header-below-stick-meta":"","astra-migrate-meta-layouts":"set","ast-page-background-enabled":"default","ast-page-background-meta":{"desktop":{"background-color":"var(--ast-global-color-4)","background-image":"","background-repeat":"repeat","background-position":"center center","background-size":"auto","background-attachment":"scroll","background-type":"","background-media":"","overlay-type":"","overlay-color":"","overlay-opacity":"","overlay-gradient":""},"tablet":{"background-color":"","background-image":"","background-repeat":"repeat","background-position":"center center","background-size":"auto","background-attachment":"scroll","background-type":"","background-media":"","overlay-type":"","overlay-color":"","overlay-opacity":"","overlay-gradient":""},"mobile":{"background-color":"","background-image":"","background-repeat":"repeat","background-position":"center center","background-size":"auto","background-attachment":"scroll","background-type":"","background-media":"","overlay-type":"","overlay-color":"","overlay-opacity":"","overlay-gradient":""}},"ast-content-background-meta":{"desktop":{"background-color":"var(--ast-global-color-5)","background-image":"","background-repeat":"repeat","background-position":"center center","background-size":"auto","background-attachment":"scroll","background-type":"","background-media":"","overlay-type":"","overlay-color":"","overlay-opacity":"","overlay-gradient":""},"tablet":{"background-color":"var(--ast-global-color-5)","background-image":"","background-repeat":"repeat","background-position":"center center","background-size":"auto","background-attachment":"scroll","background-type":"","background-media":"","overlay-type":"","overlay-color":"","overlay-opacity":"","overlay-gradient":""},"mobile":{"background-color":"var(--ast-global-color-5)","background-image":"","background-repeat":"repeat","background-position":"center center","background-size":"auto","background-attachment":"scroll","background-type":"","background-media":"","overlay-type":"","overlay-color":"","overlay-opacity":"","overlay-gradient":""}},"footnotes":""},"class_list":["post-2030","page","type-page","status-publish","hentry"],"post_mailing_queue_ids":[],"_links":{"self":[{"href":"https:\/\/agora.xtec.cat\/ceip-sant-mateu\/wp-json\/wp\/v2\/pages\/2030","targetHints":{"allow":["GET"]}}],"collection":[{"href":"https:\/\/agora.xtec.cat\/ceip-sant-mateu\/wp-json\/wp\/v2\/pages"}],"about":[{"href":"https:\/\/agora.xtec.cat\/ceip-sant-mateu\/wp-json\/wp\/v2\/types\/page"}],"author":[{"embeddable":true,"href":"https:\/\/agora.xtec.cat\/ceip-sant-mateu\/wp-json\/wp\/v2\/users\/1"}],"replies":[{"embeddable":true,"href":"https:\/\/agora.xtec.cat\/ceip-sant-mateu\/wp-json\/wp\/v2\/comments?post=2030"}],"version-history":[{"count":6,"href":"https:\/\/agora.xtec.cat\/ceip-sant-mateu\/wp-json\/wp\/v2\/pages\/2030\/revisions"}],"predecessor-version":[{"id":4765,"href":"https:\/\/agora.xtec.cat\/ceip-sant-mateu\/wp-json\/wp\/v2\/pages\/2030\/revisions\/4765"}],"wp:attachment":[{"href":"https:\/\/agora.xtec.cat\/ceip-sant-mateu\/wp-json\/wp\/v2\/media?parent=2030"}],"curies":[{"name":"wp","href":"https:\/\/api.w.org\/{rel}","templated":true}]}}