{"id":609,"date":"2020-01-12T22:40:43","date_gmt":"2020-01-12T21:40:43","guid":{"rendered":"http:\/\/agora.xtec.cat\/ceip-sant-domenec-la-rapita\/?page_id=609"},"modified":"2026-03-20T15:27:30","modified_gmt":"2026-03-20T14:27:30","slug":"documents-descola","status":"publish","type":"page","link":"https:\/\/agora.xtec.cat\/ceip-sant-domenec-la-rapita\/documents-descola\/","title":{"rendered":"DOCUMENTS D&#8217;ESCOLA"},"content":{"rendered":"<p>A continuaci\u00f3 podeu trobar els documents de l&#8217;escola.<\/p>\n<ul>\n<li><a href=\"https:\/\/drive.google.com\/file\/d\/1y8TFQByyIzGaWu_4lH6Z3YBpTr1aZeic\/view?usp=sharing\">PEC ESCOLA<\/a><\/li>\n<li><a href=\"https:\/\/agora.xtec.cat\/ceip-sant-domenec-la-rapita\/wp-content\/uploads\/usu686\/2020\/01\/EL-PROJECTE-LING\u00dc\u00cdSTIC-DE-CENTRE17.pdf\">EL PROJECTE LING\u00dc\u00cdSTIC DE CENTRE<\/a><\/li>\n<li><a style=\"font-family: inherit; font-size: 1em; text-align: center;\" href=\"https:\/\/drive.google.com\/file\/d\/19wr8-joLrBzC6tAmOkeVUvZmOnD6nP3j\/view?usp=drive_link\">PROJECTE ESPORTIU 2024-2025<\/a><\/li>\n<li><a style=\"font-family: inherit; font-size: 1em; text-align: center;\" href=\"https:\/\/drive.google.com\/file\/d\/1UNsdGAa97FeBmaBl-X6VLkjirH-30dgT\/view?usp=drive_link\">NOFC<\/a><\/li>\n<li><a href=\"https:\/\/docs.google.com\/spreadsheets\/d\/1y2cMnYRsKP-TDGkbzMvWtaqBPTxR7XZLrHJ4uJcvsz0\/edit?usp=drive_link\">ESTRAT\u00c8GIA DIGITAL DE CENTRE<\/a><\/li>\n<li><a href=\"https:\/\/drive.google.com\/file\/d\/1PWZ-he6VElbHPxw07tlZ_6jmnTngqWNX\/view?usp=sharing\">PROGRAMACI\u00d3 GENERAL ANUAL DE CENTRE<\/a><\/li>\n<li><a href=\"https:\/\/drive.google.com\/file\/d\/1AGFRxBDcD-MGfyeb3olV7Y3SgBs2EkAe\/view?usp=drive_link\">CARTA DE COMPROM\u00cdS EDUCATIU<\/a><\/li>\n<\/ul>\n\n\n<p><\/p>\n","protected":false},"excerpt":{"rendered":"<p>A continuaci\u00f3 podeu trobar els documents de l&#8217;escola. PEC ESCOLA EL PROJECTE LING\u00dc\u00cdSTIC DE CENTRE PROJECTE ESPORTIU 2024-2025 NOFC ESTRAT\u00c8GIA [&hellip;]<\/p>\n","protected":false},"author":1,"featured_media":0,"parent":0,"menu_order":0,"comment_status":"closed","ping_status":"closed","template":"","meta":{"_bbp_topic_count":0,"_bbp_reply_count":0,"_bbp_total_topic_count":0,"_bbp_total_reply_count":0,"_bbp_voice_count":0,"_bbp_anonymous_reply_count":0,"_bbp_topic_count_hidden":0,"_bbp_reply_count_hidden":0,"_bbp_forum_subforum_count":0,"site-sidebar-layout":"default","site-content-layout":"","ast-site-content-layout":"default","site-content-style":"default","site-sidebar-style":"default","ast-global-header-display":"","ast-banner-title-visibility":"","ast-main-header-display":"","ast-hfb-above-header-display":"","ast-hfb-below-header-display":"","ast-hfb-mobile-header-display":"","site-post-title":"","ast-breadcrumbs-content":"","ast-featured-img":"","footer-sml-layout":"","theme-transparent-header-meta":"","adv-header-id-meta":"","stick-header-meta":"","header-above-stick-meta":"","header-main-stick-meta":"","header-below-stick-meta":"","astra-migrate-meta-layouts":"set","ast-page-background-enabled":"default","ast-page-background-meta":{"desktop":{"background-color":"var(--ast-global-color-4)","background-image":"","background-repeat":"repeat","background-position":"center center","background-size":"auto","background-attachment":"scroll","background-type":"","background-media":"","overlay-type":"","overlay-color":"","overlay-opacity":"","overlay-gradient":""},"tablet":{"background-color":"","background-image":"","background-repeat":"repeat","background-position":"center center","background-size":"auto","background-attachment":"scroll","background-type":"","background-media":"","overlay-type":"","overlay-color":"","overlay-opacity":"","overlay-gradient":""},"mobile":{"background-color":"","background-image":"","background-repeat":"repeat","background-position":"center center","background-size":"auto","background-attachment":"scroll","background-type":"","background-media":"","overlay-type":"","overlay-color":"","overlay-opacity":"","overlay-gradient":""}},"ast-content-background-meta":{"desktop":{"background-color":"var(--ast-global-color-5)","background-image":"","background-repeat":"repeat","background-position":"center center","background-size":"auto","background-attachment":"scroll","background-type":"","background-media":"","overlay-type":"","overlay-color":"","overlay-opacity":"","overlay-gradient":""},"tablet":{"background-color":"var(--ast-global-color-5)","background-image":"","background-repeat":"repeat","background-position":"center center","background-size":"auto","background-attachment":"scroll","background-type":"","background-media":"","overlay-type":"","overlay-color":"","overlay-opacity":"","overlay-gradient":""},"mobile":{"background-color":"var(--ast-global-color-5)","background-image":"","background-repeat":"repeat","background-position":"center center","background-size":"auto","background-attachment":"scroll","background-type":"","background-media":"","overlay-type":"","overlay-color":"","overlay-opacity":"","overlay-gradient":""}},"footnotes":""},"class_list":["post-609","page","type-page","status-publish","hentry"],"post_mailing_queue_ids":[],"_links":{"self":[{"href":"https:\/\/agora.xtec.cat\/ceip-sant-domenec-la-rapita\/wp-json\/wp\/v2\/pages\/609","targetHints":{"allow":["GET"]}}],"collection":[{"href":"https:\/\/agora.xtec.cat\/ceip-sant-domenec-la-rapita\/wp-json\/wp\/v2\/pages"}],"about":[{"href":"https:\/\/agora.xtec.cat\/ceip-sant-domenec-la-rapita\/wp-json\/wp\/v2\/types\/page"}],"author":[{"embeddable":true,"href":"https:\/\/agora.xtec.cat\/ceip-sant-domenec-la-rapita\/wp-json\/wp\/v2\/users\/1"}],"replies":[{"embeddable":true,"href":"https:\/\/agora.xtec.cat\/ceip-sant-domenec-la-rapita\/wp-json\/wp\/v2\/comments?post=609"}],"version-history":[{"count":6,"href":"https:\/\/agora.xtec.cat\/ceip-sant-domenec-la-rapita\/wp-json\/wp\/v2\/pages\/609\/revisions"}],"predecessor-version":[{"id":5322,"href":"https:\/\/agora.xtec.cat\/ceip-sant-domenec-la-rapita\/wp-json\/wp\/v2\/pages\/609\/revisions\/5322"}],"wp:attachment":[{"href":"https:\/\/agora.xtec.cat\/ceip-sant-domenec-la-rapita\/wp-json\/wp\/v2\/media?parent=609"}],"curies":[{"name":"wp","href":"https:\/\/api.w.org\/{rel}","templated":true}]}}