{"id":3583,"date":"2022-11-30T22:43:11","date_gmt":"2022-11-30T21:43:11","guid":{"rendered":"https:\/\/agora.xtec.cat\/ceip-sant-domenec-la-rapita\/?page_id=3583"},"modified":"2022-12-01T08:45:28","modified_gmt":"2022-12-01T07:45:28","slug":"educacio-emocional","status":"publish","type":"page","link":"https:\/\/agora.xtec.cat\/ceip-sant-domenec-la-rapita\/educacio-emocional\/","title":{"rendered":"Educaci\u00f3 Emocional"},"content":{"rendered":"<p>Que s\u00f3n les emocions?<\/p>\n<p>Una emoci\u00f3 \u00e9s un proc\u00e9s que s\u2019activa quan l\u2019organisme detecta algun perill, amena\u00e7a i desequilibri amb la finalitat de posar en marxa recursos que es troben al seu abast per controlar la situaci\u00f3 (Fern\u00e1ndez \u2013 Abascal i Palermo, 1999)<\/p>\n<p>La\u00a0<strong>intel\u00b7lig\u00e8ncia emocional<\/strong>\u00a0est\u00e0 molt relacionada amb les emocions. \u00c9s la capacitat de recon\u00e8ixer les nostres pr\u00f2pies emocions, les emocions dels altres i saber-les gestionar. Aquesta intel\u00b7lig\u00e8ncia emocional \u00e9s una habilitat que es va aprenent al llarg de la vida des que som petits.<\/p>\n<h2>Quins beneficis aporta treballar les emocions?<\/h2>\n<p>Treballar les emocions aporta molts beneficis pels\u00a0<strong>infants<\/strong>\u00a0i pel\u00a0<strong>grup classe<\/strong>:<\/p>\n<h3>Beneficis pels infants:<\/h3>\n<ul>\n<li>Afavoreix l\u2019equilibri emocional.<\/li>\n<li>Millora l\u2019empatia.<\/li>\n<li>Possibilita una bona salut mental.<\/li>\n<li>Disminueix l\u2019ansietat.<\/li>\n<li>Augmenta la toler\u00e0ncia a la frustraci\u00f3.<\/li>\n<li>Possibilita l\u2019autoconeixement.<\/li>\n<li>Millora les habilitats\u00a0socials.<\/li>\n<li>Refor\u00e7a l\u2019autoestima.<\/li>\n<li>Permet controlar l\u2019estr\u00e8s.<\/li>\n<li>Afavoreix l\u2019\u00e8xit acad\u00e8mic.<\/li>\n<\/ul>\n<h3>Beneficis pel grup- classe:<\/h3>\n<ul>\n<li>Afavoreix la cohesi\u00f3 de grup.<\/li>\n<li>Possibilita un ambient agradable a l\u2019aula.<\/li>\n<li>Redueix els conflictes.<\/li>\n<li>Augmenta el coneixement dels membres el grup.<\/li>\n<li>Potencia la comunicaci\u00f3 i el di\u00e0leg a l\u2019aula.<\/li>\n<\/ul>\n<p><strong>RECURSOS PER TREBALLAR L\u00b4EDUCACI\u00d3 EMOCIONAL A CASA<\/strong><\/p>\n<blockquote class=\"wp-embedded-content\" data-secret=\"K3dxOC3cIs\"><p><a href=\"https:\/\/www.centregrat.com\/ca\/com-millorar-lautoestima-del-teu-fill-8-consells-i-3-tasques-per-aconseguir-ho\/\">COM MILLORAR L&#8217;AUTOESTIMA DEL TEU FILL? 8 CONSELLS I 3 TASQUES PER ACONSEGUIR-HO<\/a><\/p><\/blockquote>\n<p><iframe loading=\"lazy\" class=\"wp-embedded-content\" sandbox=\"allow-scripts\" security=\"restricted\" style=\"position: absolute; clip: rect(1px, 1px, 1px, 1px);\" title=\"&#8220;COM MILLORAR L&#8217;AUTOESTIMA DEL TEU FILL? 8 CONSELLS I 3 TASQUES PER ACONSEGUIR-HO&#8221; &#8212; Centre GRAT | Centre de psicologia a Barcelona\" src=\"https:\/\/www.centregrat.com\/ca\/com-millorar-lautoestima-del-teu-fill-8-consells-i-3-tasques-per-aconseguir-ho\/embed\/#?secret=eQ0yAv1xLU#?secret=K3dxOC3cIs\" data-secret=\"K3dxOC3cIs\" width=\"500\" height=\"282\" frameborder=\"0\" marginwidth=\"0\" marginheight=\"0\" scrolling=\"no\"><\/iframe><\/p>\n","protected":false},"excerpt":{"rendered":"<p>Que s\u00f3n les emocions? Una emoci\u00f3 \u00e9s un proc\u00e9s que s\u2019activa quan l\u2019organisme detecta algun perill, amena\u00e7a i desequilibri amb [&hellip;]<\/p>\n","protected":false},"author":1,"featured_media":0,"parent":0,"menu_order":0,"comment_status":"closed","ping_status":"closed","template":"","meta":{"_bbp_topic_count":0,"_bbp_reply_count":0,"_bbp_total_topic_count":0,"_bbp_total_reply_count":0,"_bbp_voice_count":0,"_bbp_anonymous_reply_count":0,"_bbp_topic_count_hidden":0,"_bbp_reply_count_hidden":0,"_bbp_forum_subforum_count":0,"site-sidebar-layout":"default","site-content-layout":"","ast-site-content-layout":"","site-content-style":"default","site-sidebar-style":"default","ast-global-header-display":"","ast-banner-title-visibility":"","ast-main-header-display":"","ast-hfb-above-header-display":"","ast-hfb-below-header-display":"","ast-hfb-mobile-header-display":"","site-post-title":"","ast-breadcrumbs-content":"","ast-featured-img":"","footer-sml-layout":"","theme-transparent-header-meta":"","adv-header-id-meta":"","stick-header-meta":"","header-above-stick-meta":"","header-main-stick-meta":"","header-below-stick-meta":"","astra-migrate-meta-layouts":"default","ast-page-background-enabled":"default","ast-page-background-meta":{"desktop":{"background-color":"var(--ast-global-color-4)","background-image":"","background-repeat":"repeat","background-position":"center center","background-size":"auto","background-attachment":"scroll","background-type":"","background-media":"","overlay-type":"","overlay-color":"","overlay-opacity":"","overlay-gradient":""},"tablet":{"background-color":"","background-image":"","background-repeat":"repeat","background-position":"center center","background-size":"auto","background-attachment":"scroll","background-type":"","background-media":"","overlay-type":"","overlay-color":"","overlay-opacity":"","overlay-gradient":""},"mobile":{"background-color":"","background-image":"","background-repeat":"repeat","background-position":"center center","background-size":"auto","background-attachment":"scroll","background-type":"","background-media":"","overlay-type":"","overlay-color":"","overlay-opacity":"","overlay-gradient":""}},"ast-content-background-meta":{"desktop":{"background-color":"var(--ast-global-color-5)","background-image":"","background-repeat":"repeat","background-position":"center center","background-size":"auto","background-attachment":"scroll","background-type":"","background-media":"","overlay-type":"","overlay-color":"","overlay-opacity":"","overlay-gradient":""},"tablet":{"background-color":"var(--ast-global-color-5)","background-image":"","background-repeat":"repeat","background-position":"center center","background-size":"auto","background-attachment":"scroll","background-type":"","background-media":"","overlay-type":"","overlay-color":"","overlay-opacity":"","overlay-gradient":""},"mobile":{"background-color":"var(--ast-global-color-5)","background-image":"","background-repeat":"repeat","background-position":"center center","background-size":"auto","background-attachment":"scroll","background-type":"","background-media":"","overlay-type":"","overlay-color":"","overlay-opacity":"","overlay-gradient":""}},"footnotes":""},"class_list":["post-3583","page","type-page","status-publish","hentry"],"post_mailing_queue_ids":[],"_links":{"self":[{"href":"https:\/\/agora.xtec.cat\/ceip-sant-domenec-la-rapita\/wp-json\/wp\/v2\/pages\/3583","targetHints":{"allow":["GET"]}}],"collection":[{"href":"https:\/\/agora.xtec.cat\/ceip-sant-domenec-la-rapita\/wp-json\/wp\/v2\/pages"}],"about":[{"href":"https:\/\/agora.xtec.cat\/ceip-sant-domenec-la-rapita\/wp-json\/wp\/v2\/types\/page"}],"author":[{"embeddable":true,"href":"https:\/\/agora.xtec.cat\/ceip-sant-domenec-la-rapita\/wp-json\/wp\/v2\/users\/1"}],"replies":[{"embeddable":true,"href":"https:\/\/agora.xtec.cat\/ceip-sant-domenec-la-rapita\/wp-json\/wp\/v2\/comments?post=3583"}],"version-history":[{"count":3,"href":"https:\/\/agora.xtec.cat\/ceip-sant-domenec-la-rapita\/wp-json\/wp\/v2\/pages\/3583\/revisions"}],"predecessor-version":[{"id":3594,"href":"https:\/\/agora.xtec.cat\/ceip-sant-domenec-la-rapita\/wp-json\/wp\/v2\/pages\/3583\/revisions\/3594"}],"wp:attachment":[{"href":"https:\/\/agora.xtec.cat\/ceip-sant-domenec-la-rapita\/wp-json\/wp\/v2\/media?parent=3583"}],"curies":[{"name":"wp","href":"https:\/\/api.w.org\/{rel}","templated":true}]}}