{"id":3158,"date":"2022-03-11T11:29:21","date_gmt":"2022-03-11T10:29:21","guid":{"rendered":"https:\/\/agora.xtec.cat\/ceip-sant-domenec-la-rapita\/?page_id=3158"},"modified":"2022-03-11T11:29:21","modified_gmt":"2022-03-11T10:29:21","slug":"serveis-digitals","status":"publish","type":"page","link":"https:\/\/agora.xtec.cat\/ceip-sant-domenec-la-rapita\/serveis-digitals\/","title":{"rendered":"Serveis digitals"},"content":{"rendered":"<p><strong>Serveis digitals propis del centre:( En revisi\u00f3)<\/strong><\/p>\n<p><strong>Serveis digitals externs al centre:( En revisi\u00f3)<\/strong><\/p>\n<p><strong>Procediment d\u2019alta d\u2019usuaris:<\/strong><\/p>\n<p><strong>Alumnat:<\/strong><\/p>\n<p>Els alumnes a partir de 2n de prim\u00e0ria tindran un correu electr\u00f2nic d\u00b4\u00fas escolar.<\/p>\n<p>El\/la coordinador\/a digital del centre s\u2019encarrega de fer arribar a cada alumne\/a un correu personal, amb una contrasenya que pertany al domini @escolasantdomenec.cat.<br \/>\nPosteriorment es canviar\u00e0 aquesta contrasenya per part de l\u2019alumnat. Aquesta nova contrasenya nom\u00e9s la tindr\u00e0 l\u2019alumne\/a i el\/la tutor\/a, que en far\u00e0 un registre i la guardar\u00e0 el tutor o tutora.<br \/>\nDes del centre s\u2019incidir\u00e0 en diferents aspectes de la seguretat digital, com ara la import\u00e0ncia de guardar b\u00e9 les contrasenyes, suplantaci\u00f3 d\u2019identitat, empremta digital&#8230;<\/p>\n<p><strong>Mestres:<\/strong><\/p>\n<p>Els mestres disposaran d\u00b4un correu personal amb domini @escolasantdomenec.cat o per poder comunicar-se amb les fam\u00edlies i amb els alumnes.<\/p>\n<p><strong>Acords d\u2019\u00fas de la plataforma EVA:<\/strong><\/p>\n<p>Els cursos 4t, 5\u00e8 i 6\u00e8 utilitzen de manera regular l\u2019Entorn Virtual d\u2019Aprenentatge de Google Workspace Classroom. Aquesta eina la utilitzen amb un correu personal facilitat per la comissi\u00f3 digital de centre i que pertany al domini @escolasantdomenec.cat.<br \/>\nL\u2019Entorn Virtual est\u00e0 distribu\u00eft per nivells i cada tutor\/a i especialista s\u2019encarrega de gestionar el seu propi espai dins del Classroom de la classe.<br \/>\nL\u2019escola ha escollit distribuir els diferents Classrooms per \u00e0mbits de treball. Les diferents tasques o materials que es volen proposar s\u2019han de col\u00b7locar en el seu \u00e0mbit corresponent.<br \/>\nA 2n i 3r es fan activitats puntual d \u0301inciaci\u00f3 i perfeccionament de la plataforma.<br \/>\n\u25cf <strong>Com funciona Classroom per a alumnat i fam\u00edlies<\/strong>:<br \/>\n<a href=\"https:\/\/www.youtube.com\/watch?v=QQskoBN5tPY\">https:\/\/www.youtube.com\/watch?v=QQskoBN5tPY<\/a><\/p>\n<p><strong>Documentaci\u00f3 digital de centre:( en revisi\u00f3)<\/strong><\/p>\n<p><strong>Gesti\u00f3 de les aules inform\u00e0tiques:<\/strong><\/p>\n<p>L\u00b4aula d\u00b4inform\u00e0tica est\u00e0 oberta a tots el cursos. Els alumnes realitzen a la mateixa activitats TIC i de Rob\u00f2tica.<\/p>\n<p><b>Gesti\u00f3 dels ordinadors de pr\u00e9stec:<\/b><\/p>\n<p><strong>\u00a0Professorat:<\/strong><\/p>\n<p>El\/la coordinador\/a digital del centre \u00e9s qui s\u2019encarrega de fer arribar el port\u00e0til personal de treball<br \/>\na la persona que s\u2019incorpora al centre de treball. S\u2019ha de disposar de correu xtec en actiu per tal<br \/>\nde poder rebre amb assignaci\u00f3 un dels port\u00e0tils.<br \/>\nAquest port\u00e0til \u00e9s de treball personal i la persona \u00e9s l\u2019encarregada de vetllar pel seu bon \u00fas i de<br \/>\nmantenir-lo en bon estat.<\/p>\n<p><strong>Alumnat:\u00a0<\/strong><\/p>\n<p>Si algun alumnat necessita algun equip per treballar a casa, es comunicar\u00e0 a l\u00b4equip directiu que ser\u00e0 l\u00b4encarregat de fer les gestions.<\/p>\n","protected":false},"excerpt":{"rendered":"<p>Serveis digitals propis del centre:( En revisi\u00f3) Serveis digitals externs al centre:( En revisi\u00f3) Procediment d\u2019alta d\u2019usuaris: Alumnat: Els alumnes [&hellip;]<\/p>\n","protected":false},"author":1,"featured_media":0,"parent":0,"menu_order":0,"comment_status":"closed","ping_status":"closed","template":"","meta":{"_bbp_topic_count":0,"_bbp_reply_count":0,"_bbp_total_topic_count":0,"_bbp_total_reply_count":0,"_bbp_voice_count":0,"_bbp_anonymous_reply_count":0,"_bbp_topic_count_hidden":0,"_bbp_reply_count_hidden":0,"_bbp_forum_subforum_count":0,"site-sidebar-layout":"default","site-content-layout":"","ast-site-content-layout":"","site-content-style":"default","site-sidebar-style":"default","ast-global-header-display":"","ast-banner-title-visibility":"","ast-main-header-display":"","ast-hfb-above-header-display":"","ast-hfb-below-header-display":"","ast-hfb-mobile-header-display":"","site-post-title":"","ast-breadcrumbs-content":"","ast-featured-img":"","footer-sml-layout":"","theme-transparent-header-meta":"","adv-header-id-meta":"","stick-header-meta":"","header-above-stick-meta":"","header-main-stick-meta":"","header-below-stick-meta":"","astra-migrate-meta-layouts":"default","ast-page-background-enabled":"default","ast-page-background-meta":{"desktop":{"background-color":"var(--ast-global-color-4)","background-image":"","background-repeat":"repeat","background-position":"center center","background-size":"auto","background-attachment":"scroll","background-type":"","background-media":"","overlay-type":"","overlay-color":"","overlay-opacity":"","overlay-gradient":""},"tablet":{"background-color":"","background-image":"","background-repeat":"repeat","background-position":"center center","background-size":"auto","background-attachment":"scroll","background-type":"","background-media":"","overlay-type":"","overlay-color":"","overlay-opacity":"","overlay-gradient":""},"mobile":{"background-color":"","background-image":"","background-repeat":"repeat","background-position":"center center","background-size":"auto","background-attachment":"scroll","background-type":"","background-media":"","overlay-type":"","overlay-color":"","overlay-opacity":"","overlay-gradient":""}},"ast-content-background-meta":{"desktop":{"background-color":"var(--ast-global-color-5)","background-image":"","background-repeat":"repeat","background-position":"center center","background-size":"auto","background-attachment":"scroll","background-type":"","background-media":"","overlay-type":"","overlay-color":"","overlay-opacity":"","overlay-gradient":""},"tablet":{"background-color":"var(--ast-global-color-5)","background-image":"","background-repeat":"repeat","background-position":"center center","background-size":"auto","background-attachment":"scroll","background-type":"","background-media":"","overlay-type":"","overlay-color":"","overlay-opacity":"","overlay-gradient":""},"mobile":{"background-color":"var(--ast-global-color-5)","background-image":"","background-repeat":"repeat","background-position":"center center","background-size":"auto","background-attachment":"scroll","background-type":"","background-media":"","overlay-type":"","overlay-color":"","overlay-opacity":"","overlay-gradient":""}},"footnotes":""},"class_list":["post-3158","page","type-page","status-publish","hentry"],"post_mailing_queue_ids":[],"_links":{"self":[{"href":"https:\/\/agora.xtec.cat\/ceip-sant-domenec-la-rapita\/wp-json\/wp\/v2\/pages\/3158","targetHints":{"allow":["GET"]}}],"collection":[{"href":"https:\/\/agora.xtec.cat\/ceip-sant-domenec-la-rapita\/wp-json\/wp\/v2\/pages"}],"about":[{"href":"https:\/\/agora.xtec.cat\/ceip-sant-domenec-la-rapita\/wp-json\/wp\/v2\/types\/page"}],"author":[{"embeddable":true,"href":"https:\/\/agora.xtec.cat\/ceip-sant-domenec-la-rapita\/wp-json\/wp\/v2\/users\/1"}],"replies":[{"embeddable":true,"href":"https:\/\/agora.xtec.cat\/ceip-sant-domenec-la-rapita\/wp-json\/wp\/v2\/comments?post=3158"}],"version-history":[{"count":1,"href":"https:\/\/agora.xtec.cat\/ceip-sant-domenec-la-rapita\/wp-json\/wp\/v2\/pages\/3158\/revisions"}],"predecessor-version":[{"id":3159,"href":"https:\/\/agora.xtec.cat\/ceip-sant-domenec-la-rapita\/wp-json\/wp\/v2\/pages\/3158\/revisions\/3159"}],"wp:attachment":[{"href":"https:\/\/agora.xtec.cat\/ceip-sant-domenec-la-rapita\/wp-json\/wp\/v2\/media?parent=3158"}],"curies":[{"name":"wp","href":"https:\/\/api.w.org\/{rel}","templated":true}]}}