{"id":3154,"date":"2022-03-11T11:00:35","date_gmt":"2022-03-11T10:00:35","guid":{"rendered":"https:\/\/agora.xtec.cat\/ceip-sant-domenec-la-rapita\/?page_id=3154"},"modified":"2023-11-06T13:04:29","modified_gmt":"2023-11-06T12:04:29","slug":"comunicacions-amb-la-comunitat-educativa","status":"publish","type":"page","link":"https:\/\/agora.xtec.cat\/ceip-sant-domenec-la-rapita\/comunicacions-amb-la-comunitat-educativa\/","title":{"rendered":"Comunicacions amb la comunitat educativa"},"content":{"rendered":"<p>Per comunicar-vos amb l\u00b4escola ho podeu fer a trav\u00e9s del correu electr\u00f2nic o b\u00e9, al tel\u00e8fon de l\u00b4escola en horari escolar de 9:00 a 16:30.<\/p>\n<p><strong>ESCOLA:<\/strong><\/p>\n<p>Tel.\u00a0938980400<\/p>\n<p>a8037528@xtec.cat<\/p>\n<p><strong>EQUIP DOCENT:<\/strong><\/p>\n<p>Per poder comunicar-vos amb els mestres ho podeu fer a trav\u00e9s del correu electr\u00f2nic que us adjuntem a continuaci\u00f3.<\/p>\n<p>I3:estefania@escolasantdomenec.cat<\/p>\n<p>I4:gemma@escolasantdomenec.cat<\/p>\n<p>I5:susana@escolasantdomenec.cat<\/p>\n<p>1r:irena@escolasantdomenec.cat<\/p>\n<p>2n:saida@escolasantdomenec.cat<\/p>\n<p>3r:alejandro@escolasantdomenec.cat<\/p>\n<p>4t: magda@escolasantdomenec.cat<\/p>\n<p>5\u00e8: margarida@escolasantdomenec.cat<\/p>\n<p>6\u00e8:mirieaespasa@escolasantdomenec.cat.\u00a0 \u00a0 \u00a0 lourdes@escolasantdomenec.cat<\/p>\n<p><strong>Cap d\u00b4estudis:<\/strong> cristinacabre@escolasantdomenec.cat<\/p>\n<p><strong>Especialistes<\/strong><\/p>\n<p><strong>Angl\u00e8s<\/strong>: pedromorote@escolasantdomenec.cat<\/p>\n<p><strong>m\u00fasica<\/strong>: rafa@escolasantdomenec.cat<\/p>\n<p><strong>Educaci\u00f3 F\u00edsica<\/strong>: silvia@escolasantdomenec.cat<\/p>\n<p><strong>Educaci\u00f3 Especial:<\/strong> martamasdeu@escolasantdomenec.cat<\/p>\n<p>&nbsp;<\/p>\n","protected":false},"excerpt":{"rendered":"<p>Per comunicar-vos amb l\u00b4escola ho podeu fer a trav\u00e9s del correu electr\u00f2nic o b\u00e9, al tel\u00e8fon de l\u00b4escola en horari [&hellip;]<\/p>\n","protected":false},"author":1,"featured_media":0,"parent":0,"menu_order":0,"comment_status":"closed","ping_status":"closed","template":"","meta":{"_bbp_topic_count":0,"_bbp_reply_count":0,"_bbp_total_topic_count":0,"_bbp_total_reply_count":0,"_bbp_voice_count":0,"_bbp_anonymous_reply_count":0,"_bbp_topic_count_hidden":0,"_bbp_reply_count_hidden":0,"_bbp_forum_subforum_count":0,"site-sidebar-layout":"default","site-content-layout":"","ast-site-content-layout":"","site-content-style":"default","site-sidebar-style":"default","ast-global-header-display":"","ast-banner-title-visibility":"","ast-main-header-display":"","ast-hfb-above-header-display":"","ast-hfb-below-header-display":"","ast-hfb-mobile-header-display":"","site-post-title":"","ast-breadcrumbs-content":"","ast-featured-img":"","footer-sml-layout":"","theme-transparent-header-meta":"","adv-header-id-meta":"","stick-header-meta":"","header-above-stick-meta":"","header-main-stick-meta":"","header-below-stick-meta":"","astra-migrate-meta-layouts":"default","ast-page-background-enabled":"default","ast-page-background-meta":{"desktop":{"background-color":"var(--ast-global-color-4)","background-image":"","background-repeat":"repeat","background-position":"center center","background-size":"auto","background-attachment":"scroll","background-type":"","background-media":"","overlay-type":"","overlay-color":"","overlay-opacity":"","overlay-gradient":""},"tablet":{"background-color":"","background-image":"","background-repeat":"repeat","background-position":"center center","background-size":"auto","background-attachment":"scroll","background-type":"","background-media":"","overlay-type":"","overlay-color":"","overlay-opacity":"","overlay-gradient":""},"mobile":{"background-color":"","background-image":"","background-repeat":"repeat","background-position":"center center","background-size":"auto","background-attachment":"scroll","background-type":"","background-media":"","overlay-type":"","overlay-color":"","overlay-opacity":"","overlay-gradient":""}},"ast-content-background-meta":{"desktop":{"background-color":"var(--ast-global-color-5)","background-image":"","background-repeat":"repeat","background-position":"center center","background-size":"auto","background-attachment":"scroll","background-type":"","background-media":"","overlay-type":"","overlay-color":"","overlay-opacity":"","overlay-gradient":""},"tablet":{"background-color":"var(--ast-global-color-5)","background-image":"","background-repeat":"repeat","background-position":"center center","background-size":"auto","background-attachment":"scroll","background-type":"","background-media":"","overlay-type":"","overlay-color":"","overlay-opacity":"","overlay-gradient":""},"mobile":{"background-color":"var(--ast-global-color-5)","background-image":"","background-repeat":"repeat","background-position":"center center","background-size":"auto","background-attachment":"scroll","background-type":"","background-media":"","overlay-type":"","overlay-color":"","overlay-opacity":"","overlay-gradient":""}},"footnotes":""},"class_list":["post-3154","page","type-page","status-publish","hentry"],"post_mailing_queue_ids":[],"_links":{"self":[{"href":"https:\/\/agora.xtec.cat\/ceip-sant-domenec-la-rapita\/wp-json\/wp\/v2\/pages\/3154","targetHints":{"allow":["GET"]}}],"collection":[{"href":"https:\/\/agora.xtec.cat\/ceip-sant-domenec-la-rapita\/wp-json\/wp\/v2\/pages"}],"about":[{"href":"https:\/\/agora.xtec.cat\/ceip-sant-domenec-la-rapita\/wp-json\/wp\/v2\/types\/page"}],"author":[{"embeddable":true,"href":"https:\/\/agora.xtec.cat\/ceip-sant-domenec-la-rapita\/wp-json\/wp\/v2\/users\/1"}],"replies":[{"embeddable":true,"href":"https:\/\/agora.xtec.cat\/ceip-sant-domenec-la-rapita\/wp-json\/wp\/v2\/comments?post=3154"}],"version-history":[{"count":4,"href":"https:\/\/agora.xtec.cat\/ceip-sant-domenec-la-rapita\/wp-json\/wp\/v2\/pages\/3154\/revisions"}],"predecessor-version":[{"id":4052,"href":"https:\/\/agora.xtec.cat\/ceip-sant-domenec-la-rapita\/wp-json\/wp\/v2\/pages\/3154\/revisions\/4052"}],"wp:attachment":[{"href":"https:\/\/agora.xtec.cat\/ceip-sant-domenec-la-rapita\/wp-json\/wp\/v2\/media?parent=3154"}],"curies":[{"name":"wp","href":"https:\/\/api.w.org\/{rel}","templated":true}]}}