{"id":1835,"date":"2020-11-13T23:23:50","date_gmt":"2020-11-13T22:23:50","guid":{"rendered":"http:\/\/agora.xtec.cat\/ceip-sant-domenec-la-rapita\/?page_id=1835"},"modified":"2020-11-14T00:23:53","modified_gmt":"2020-11-13T23:23:53","slug":"epsap-escola-saludable-alt-penedes","status":"publish","type":"page","link":"https:\/\/agora.xtec.cat\/ceip-sant-domenec-la-rapita\/lescola\/treball-per-projectes\/epsap-escola-saludable-alt-penedes\/","title":{"rendered":"EPSAP (Escola Saludable Alt Pened\u00e8s)"},"content":{"rendered":"<p><a href=\"https:\/\/escolasaludablealtpenedes.wordpress.com\/\"><strong>Escola Promotora de Salut de l\u2019Alt Pened\u00e8s (EPSAP)<\/strong>\u00a0<\/a>\u00e9s un projecte que neix fruit del treball en xarxa entre diferents agents educatius i sanitaris del Pened\u00e8s (Departament d\u2019Ensenyament, Departament de Salut, Consell Catal\u00e0 de l\u2019Esport i l\u2019Ajuntament de Vilafranca del Pened\u00e8s) .<\/p>\n<p style=\"text-align: center;\">L\u2019objectiu \u00e9s fomentar h\u00e0bits saludables: alimentaci\u00f3 saludables, vida activa, promoci\u00f3 de l\u2019activitat f\u00edsica\u2026a trav\u00e9s d\u2019activitats a l\u2019escola i recomanacions als infants i a les fam\u00edlies.<\/p>\n<table class=\" aligncenter\" style=\"height: 629px;\" width=\"865\">\n<tbody>\n<tr>\n<td style=\"width: 285px;\">&nbsp;<\/p>\n<p><a href=\"https:\/\/salutpublica.gencat.cat\/web\/.content\/minisite\/aspcat\/promocio_salut\/alimentacio_saludable\/02Publicacions\/pub_alim_inf\/guia_alimentacio_saludable_etapa_escolar\/guia_alimentacio_etapa_escolar.pdf\"><img loading=\"lazy\" decoding=\"async\" class=\"aligncenter wp-image-1836\" src=\"https:\/\/agora.xtec.cat\/ceip-sant-domenec-la-rapita\/wp-content\/uploads\/usu686\/2020\/11\/Captura-de-Pantalla-2020-11-13-a-les-22.59.10-150x150.png\" alt=\"\" width=\"188\" height=\"188\" \/><\/a><\/td>\n<td style=\"width: 285px;\">&nbsp;<\/p>\n<p><a href=\"https:\/\/scientiasalut.gencat.cat\/bitstream\/handle\/11351\/2213\/recomanacions_alimentacio_primera_infancia_2016.pdf?sequence=1\"><img loading=\"lazy\" decoding=\"async\" class=\"aligncenter wp-image-1837\" src=\"https:\/\/agora.xtec.cat\/ceip-sant-domenec-la-rapita\/wp-content\/uploads\/usu686\/2020\/11\/Captura-de-Pantalla-2020-11-13-a-les-23.02.01-150x150.png\" alt=\"\" width=\"179\" height=\"179\" \/><\/a><\/td>\n<td style=\"width: 285px;\"><a href=\"https:\/\/agora.xtec.cat\/escolacancladellas\/wp-content\/uploads\/usu1872\/2018\/12\/triptic-programa-consum-fruita-hortalisses-escoles-unio-europea.pdf\"><img loading=\"lazy\" decoding=\"async\" class=\"aligncenter wp-image-1839\" src=\"https:\/\/agora.xtec.cat\/ceip-sant-domenec-la-rapita\/wp-content\/uploads\/usu686\/2020\/11\/Captura-de-Pantalla-2020-11-13-a-les-23.05.45-197x300.png\" alt=\"\" width=\"142\" height=\"216\" srcset=\"https:\/\/agora.xtec.cat\/ceip-sant-domenec-la-rapita\/wp-content\/uploads\/usu686\/2020\/11\/Captura-de-Pantalla-2020-11-13-a-les-23.05.45-197x300.png 197w, https:\/\/agora.xtec.cat\/ceip-sant-domenec-la-rapita\/wp-content\/uploads\/usu686\/2020\/11\/Captura-de-Pantalla-2020-11-13-a-les-23.05.45.png 372w\" sizes=\"auto, (max-width: 142px) 100vw, 142px\" \/><\/a><\/td>\n<\/tr>\n<tr>\n<td style=\"width: 859px;\" colspan=\"3\"><img loading=\"lazy\" decoding=\"async\" class=\"alignnone wp-image-1840 size-full\" src=\"https:\/\/agora.xtec.cat\/ceip-sant-domenec-la-rapita\/wp-content\/uploads\/usu686\/2020\/11\/Captura-de-Pantalla-2020-11-13-a-les-22.50.41.png\" alt=\"\" width=\"1105\" height=\"177\" \/><\/p>\n<p style=\"text-align: center;\"><strong>EPSAP BUTLLETINS INFORMATIUS<\/strong><\/p>\n<ul id=\"menu-menu-psec\" class=\"menu\">\n<li id=\"menu-item-10216\" class=\"menu-item menu-item-type-custom menu-item-object-custom menu-item-10216\"><strong><a href=\"https:\/\/drive.google.com\/file\/d\/1FCoWo_aizlj1Vyrfr3U-1yz8i4GGJyEa\/view?usp=sharing\" target=\"_blank\" rel=\"noopener noreferrer\">\u25e5 6\u00e8 Butllet\u00ed EPSAP \u2013 Gener 2020<\/a><\/strong><\/li>\n<li id=\"menu-item-10215\" class=\"menu-item menu-item-type-custom menu-item-object-custom menu-item-10215\"><strong><a href=\"https:\/\/drive.google.com\/file\/d\/1xhRp5d6uREmk1xacouMsMDgAVEWknu5z\/view?usp=sharing\" target=\"_blank\" rel=\"noopener noreferrer\">\u25e5 5\u00e8 Butllet\u00ed ESAP \u2013 Setembre 2019<\/a><\/strong><\/li>\n<li id=\"menu-item-8684\" class=\"menu-item menu-item-type-custom menu-item-object-custom menu-item-8684\"><strong><a href=\"https:\/\/drive.google.com\/file\/d\/1yF8U8rY4pa6x-mR8HgUNvMxmJ2TAUn8t\/view?usp=sharing\" target=\"_blank\" rel=\"noopener noreferrer\">\u25e5 4t Butlleti ESAP \u2013 Maig 2019<\/a><\/strong><\/li>\n<li id=\"menu-item-7782\" class=\"menu-item menu-item-type-custom menu-item-object-custom menu-item-7782\"><strong><a href=\"https:\/\/drive.google.com\/file\/d\/1N7J-UazTXF8odrp3Lue5ePNPXiuir5xU\/view?usp=sharing\" target=\"_blank\" rel=\"noopener noreferrer\">\u25e5 3r Butllet\u00ed ESAP \u2013 Desembre 2018<\/a><\/strong><\/li>\n<li id=\"menu-item-7250\" class=\"menu-item menu-item-type-custom menu-item-object-custom menu-item-7250\"><strong><a href=\"https:\/\/drive.google.com\/file\/d\/1v5ZVjG8V64Gh4BU2THkCaK_Tsjh3mE_O\/view?usp=sharing\" target=\"_blank\" rel=\"noopener noreferrer\">\u25e5 2n Butllet\u00ed ESAP \u2013 Octubre 2018<\/a><\/strong><\/li>\n<li id=\"menu-item-6705\" class=\"menu-item menu-item-type-custom menu-item-object-custom menu-item-6705\"><strong><a href=\"https:\/\/drive.google.com\/file\/d\/1TlwSFsdp5wtUkM3D_CbhyJ3Ym7FrqWNI\/view?usp=sharing\" target=\"_blank\" rel=\"noopener noreferrer\">\u25e5 1r Butllet\u00ed ESAP \u2013 Abril 2018<\/a><\/strong><\/li>\n<\/ul>\n<\/td>\n<\/tr>\n<\/tbody>\n<\/table>\n<p>&nbsp;<\/p>\n","protected":false},"excerpt":{"rendered":"<p>Escola Promotora de Salut de l\u2019Alt Pened\u00e8s (EPSAP)\u00a0\u00e9s un projecte que neix fruit del treball en xarxa entre diferents agents [&hellip;]<\/p>\n","protected":false},"author":1,"featured_media":0,"parent":245,"menu_order":0,"comment_status":"closed","ping_status":"closed","template":"page-templates\/side-menu.php","meta":{"_bbp_topic_count":0,"_bbp_reply_count":0,"_bbp_total_topic_count":0,"_bbp_total_reply_count":0,"_bbp_voice_count":0,"_bbp_anonymous_reply_count":0,"_bbp_topic_count_hidden":0,"_bbp_reply_count_hidden":0,"_bbp_forum_subforum_count":0,"site-sidebar-layout":"default","site-content-layout":"","ast-site-content-layout":"","site-content-style":"default","site-sidebar-style":"default","ast-global-header-display":"","ast-banner-title-visibility":"","ast-main-header-display":"","ast-hfb-above-header-display":"","ast-hfb-below-header-display":"","ast-hfb-mobile-header-display":"","site-post-title":"","ast-breadcrumbs-content":"","ast-featured-img":"","footer-sml-layout":"","theme-transparent-header-meta":"","adv-header-id-meta":"","stick-header-meta":"","header-above-stick-meta":"","header-main-stick-meta":"","header-below-stick-meta":"","astra-migrate-meta-layouts":"default","ast-page-background-enabled":"default","ast-page-background-meta":{"desktop":{"background-color":"var(--ast-global-color-4)","background-image":"","background-repeat":"repeat","background-position":"center center","background-size":"auto","background-attachment":"scroll","background-type":"","background-media":"","overlay-type":"","overlay-color":"","overlay-opacity":"","overlay-gradient":""},"tablet":{"background-color":"","background-image":"","background-repeat":"repeat","background-position":"center center","background-size":"auto","background-attachment":"scroll","background-type":"","background-media":"","overlay-type":"","overlay-color":"","overlay-opacity":"","overlay-gradient":""},"mobile":{"background-color":"","background-image":"","background-repeat":"repeat","background-position":"center center","background-size":"auto","background-attachment":"scroll","background-type":"","background-media":"","overlay-type":"","overlay-color":"","overlay-opacity":"","overlay-gradient":""}},"ast-content-background-meta":{"desktop":{"background-color":"var(--ast-global-color-5)","background-image":"","background-repeat":"repeat","background-position":"center center","background-size":"auto","background-attachment":"scroll","background-type":"","background-media":"","overlay-type":"","overlay-color":"","overlay-opacity":"","overlay-gradient":""},"tablet":{"background-color":"var(--ast-global-color-5)","background-image":"","background-repeat":"repeat","background-position":"center center","background-size":"auto","background-attachment":"scroll","background-type":"","background-media":"","overlay-type":"","overlay-color":"","overlay-opacity":"","overlay-gradient":""},"mobile":{"background-color":"var(--ast-global-color-5)","background-image":"","background-repeat":"repeat","background-position":"center center","background-size":"auto","background-attachment":"scroll","background-type":"","background-media":"","overlay-type":"","overlay-color":"","overlay-opacity":"","overlay-gradient":""}},"footnotes":""},"class_list":["post-1835","page","type-page","status-publish","hentry"],"post_mailing_queue_ids":[],"_links":{"self":[{"href":"https:\/\/agora.xtec.cat\/ceip-sant-domenec-la-rapita\/wp-json\/wp\/v2\/pages\/1835","targetHints":{"allow":["GET"]}}],"collection":[{"href":"https:\/\/agora.xtec.cat\/ceip-sant-domenec-la-rapita\/wp-json\/wp\/v2\/pages"}],"about":[{"href":"https:\/\/agora.xtec.cat\/ceip-sant-domenec-la-rapita\/wp-json\/wp\/v2\/types\/page"}],"author":[{"embeddable":true,"href":"https:\/\/agora.xtec.cat\/ceip-sant-domenec-la-rapita\/wp-json\/wp\/v2\/users\/1"}],"replies":[{"embeddable":true,"href":"https:\/\/agora.xtec.cat\/ceip-sant-domenec-la-rapita\/wp-json\/wp\/v2\/comments?post=1835"}],"version-history":[{"count":3,"href":"https:\/\/agora.xtec.cat\/ceip-sant-domenec-la-rapita\/wp-json\/wp\/v2\/pages\/1835\/revisions"}],"predecessor-version":[{"id":1852,"href":"https:\/\/agora.xtec.cat\/ceip-sant-domenec-la-rapita\/wp-json\/wp\/v2\/pages\/1835\/revisions\/1852"}],"up":[{"embeddable":true,"href":"https:\/\/agora.xtec.cat\/ceip-sant-domenec-la-rapita\/wp-json\/wp\/v2\/pages\/245"}],"wp:attachment":[{"href":"https:\/\/agora.xtec.cat\/ceip-sant-domenec-la-rapita\/wp-json\/wp\/v2\/media?parent=1835"}],"curies":[{"name":"wp","href":"https:\/\/api.w.org\/{rel}","templated":true}]}}