{"id":73,"date":"2014-09-18T14:01:51","date_gmt":"2014-09-18T13:01:51","guid":{"rendered":"http:\/\/agora.xtec.cat\/ceip-salvadorespriu-vidreres\/?page_id=73"},"modified":"2025-09-09T12:07:16","modified_gmt":"2025-09-09T10:07:16","slug":"menjador-escolar","status":"publish","type":"page","link":"https:\/\/agora.xtec.cat\/ceip-salvadorespriu-vidreres\/serveis\/menjador-escolar\/","title":{"rendered":"Menjador escolar"},"content":{"rendered":"<div id=\"sites-canvas-main\" class=\"sites-canvas-main\">\n<div id=\"sites-canvas-main-content\">\n<table class=\"sites-layout-name-one-column sites-layout-hbox\" style=\"width: 100%; height: 297px;\" cellspacing=\"0\">\n<tbody>\n<tr style=\"height: 297px;\">\n<td class=\"sites-layout-tile sites-tile-name-content-1\" style=\"height: 297px;\">\n<div dir=\"ltr\">\n<p align=\"justify\"><span style=\"font-size: medium;\"><b>El servei de menjador en els centres docents p\u00fablics del Departament d&#8217;Educaci\u00f3 \u00e9s una prestaci\u00f3 complement\u00e0ria d&#8217;ajuda a l&#8217;escolaritzaci\u00f3.<\/b><\/span><\/p>\n<p align=\"justify\"><span style=\"font-size: medium;\">La gesti\u00f3 d&#8217;aquest servei dep\u00e8n del Consell Comarcal de la Selva.<\/span><\/p>\n<p align=\"justify\">Tel\u00e8fon de contacte de menjador: 687335975<\/p>\n<p style=\"text-align: justify;\"><span style=\"font-size: 16px; font-family: inherit;\">App del servei de menjador (inscripcions, afegir i eliminar dies, etc.) <a href=\"https:\/\/play.google.com\/store\/apps\/details?id=com.mediterraneagerona&amp;hl=ca&amp;pli=1\" target=\"_blank\" rel=\"noopener\">Play Store<\/a>\u00a0 <a href=\"https:\/\/apps.apple.com\/es\/app\/mediterranea-la-selva\/id6720741430\" target=\"_blank\" rel=\"noopener\">App Store<\/a><\/span><\/p>\n<p align=\"justify\"><a href=\"https:\/\/drive.google.com\/file\/d\/1YpeROmfbxuRUMFh6enXc-mpXiwPNU6c7\/view?usp=drive_link\" target=\"_blank\" rel=\"noopener\">Normativa del menjador<\/a><\/p>\n<p align=\"justify\"><a href=\"https:\/\/educacio.selva.cat\/centre-detall.php?id=34\">Men\u00fas<\/a><\/p>\n<\/div>\n<\/td>\n<\/tr>\n<tr>\n<td>\n<div dir=\"ltr\">\n<p align=\"justify\"><span style=\"font-size: medium;\"><b>\u00a0<\/b><\/span><\/p>\n<\/div>\n<\/td>\n<\/tr>\n<\/tbody>\n<\/table>\n<\/div>\n<\/div>\n","protected":false},"excerpt":{"rendered":"<p>El servei de menjador en els centres docents p\u00fablics del Departament d&#8217;Educaci\u00f3 \u00e9s una prestaci\u00f3 complement\u00e0ria d&#8217;ajuda a l&#8217;escolaritzaci\u00f3. La gesti\u00f3 d&#8217;aquest servei dep\u00e8n del Consell Comarcal de la Selva. Tel\u00e8fon de contacte de menjador: 687335975 App del servei de menjador (inscripcions, afegir i eliminar dies, etc.) Play Store\u00a0 App Store Normativa del menjador Men\u00fas [&hellip;]<\/p>\n","protected":false},"author":1,"featured_media":0,"parent":66,"menu_order":30,"comment_status":"closed","ping_status":"closed","template":"","meta":{"_bbp_topic_count":0,"_bbp_reply_count":0,"_bbp_total_topic_count":0,"_bbp_total_reply_count":0,"_bbp_voice_count":0,"_bbp_anonymous_reply_count":0,"_bbp_topic_count_hidden":0,"_bbp_reply_count_hidden":0,"_bbp_forum_subforum_count":0,"site-sidebar-layout":"default","site-content-layout":"","ast-site-content-layout":"default","site-content-style":"default","site-sidebar-style":"default","ast-global-header-display":"","ast-banner-title-visibility":"","ast-main-header-display":"","ast-hfb-above-header-display":"","ast-hfb-below-header-display":"","ast-hfb-mobile-header-display":"","site-post-title":"","ast-breadcrumbs-content":"","ast-featured-img":"","footer-sml-layout":"","theme-transparent-header-meta":"default","adv-header-id-meta":"","stick-header-meta":"","header-above-stick-meta":"","header-main-stick-meta":"","header-below-stick-meta":"","astra-migrate-meta-layouts":"set","ast-page-background-enabled":"default","ast-page-background-meta":{"desktop":{"background-color":"var(--ast-global-color-4)","background-image":"","background-repeat":"repeat","background-position":"center center","background-size":"auto","background-attachment":"scroll","background-type":"","background-media":"","overlay-type":"","overlay-color":"","overlay-opacity":"","overlay-gradient":""},"tablet":{"background-color":"","background-image":"","background-repeat":"repeat","background-position":"center center","background-size":"auto","background-attachment":"scroll","background-type":"","background-media":"","overlay-type":"","overlay-color":"","overlay-opacity":"","overlay-gradient":""},"mobile":{"background-color":"","background-image":"","background-repeat":"repeat","background-position":"center center","background-size":"auto","background-attachment":"scroll","background-type":"","background-media":"","overlay-type":"","overlay-color":"","overlay-opacity":"","overlay-gradient":""}},"ast-content-background-meta":{"desktop":{"background-color":"var(--ast-global-color-5)","background-image":"","background-repeat":"repeat","background-position":"center center","background-size":"auto","background-attachment":"scroll","background-type":"","background-media":"","overlay-type":"","overlay-color":"","overlay-opacity":"","overlay-gradient":""},"tablet":{"background-color":"var(--ast-global-color-5)","background-image":"","background-repeat":"repeat","background-position":"center center","background-size":"auto","background-attachment":"scroll","background-type":"","background-media":"","overlay-type":"","overlay-color":"","overlay-opacity":"","overlay-gradient":""},"mobile":{"background-color":"var(--ast-global-color-5)","background-image":"","background-repeat":"repeat","background-position":"center center","background-size":"auto","background-attachment":"scroll","background-type":"","background-media":"","overlay-type":"","overlay-color":"","overlay-opacity":"","overlay-gradient":""}},"footnotes":""},"class_list":["post-73","page","type-page","status-publish","hentry"],"post_mailing_queue_ids":[],"_links":{"self":[{"href":"https:\/\/agora.xtec.cat\/ceip-salvadorespriu-vidreres\/wp-json\/wp\/v2\/pages\/73","targetHints":{"allow":["GET"]}}],"collection":[{"href":"https:\/\/agora.xtec.cat\/ceip-salvadorespriu-vidreres\/wp-json\/wp\/v2\/pages"}],"about":[{"href":"https:\/\/agora.xtec.cat\/ceip-salvadorespriu-vidreres\/wp-json\/wp\/v2\/types\/page"}],"author":[{"embeddable":true,"href":"https:\/\/agora.xtec.cat\/ceip-salvadorespriu-vidreres\/wp-json\/wp\/v2\/users\/1"}],"replies":[{"embeddable":true,"href":"https:\/\/agora.xtec.cat\/ceip-salvadorespriu-vidreres\/wp-json\/wp\/v2\/comments?post=73"}],"version-history":[{"count":6,"href":"https:\/\/agora.xtec.cat\/ceip-salvadorespriu-vidreres\/wp-json\/wp\/v2\/pages\/73\/revisions"}],"predecessor-version":[{"id":5215,"href":"https:\/\/agora.xtec.cat\/ceip-salvadorespriu-vidreres\/wp-json\/wp\/v2\/pages\/73\/revisions\/5215"}],"up":[{"embeddable":true,"href":"https:\/\/agora.xtec.cat\/ceip-salvadorespriu-vidreres\/wp-json\/wp\/v2\/pages\/66"}],"wp:attachment":[{"href":"https:\/\/agora.xtec.cat\/ceip-salvadorespriu-vidreres\/wp-json\/wp\/v2\/media?parent=73"}],"curies":[{"name":"wp","href":"https:\/\/api.w.org\/{rel}","templated":true}]}}