{"id":24,"date":"2014-09-18T12:23:15","date_gmt":"2014-09-18T11:23:15","guid":{"rendered":"http:\/\/agora.xtec.cat\/ceip-salvadorespriu-vidreres\/?page_id=24"},"modified":"2023-04-24T10:11:03","modified_gmt":"2023-04-24T08:11:03","slug":"on-som","status":"publish","type":"page","link":"https:\/\/agora.xtec.cat\/ceip-salvadorespriu-vidreres\/lescola\/on-som\/","title":{"rendered":"On som"},"content":{"rendered":"<p style=\"color: #666666;\"><strong>Escola Salvador Espriu<\/strong><br \/>\nAvinguda Mediterr\u00e0nia s\/n<br \/>\n17411, Vidreres<\/p>\n<p>Tel. 972 85 08 08<br \/>\nb7004906@xtec.cat<br \/>\n<iframe loading=\"lazy\" style=\"border: 0;\" src=\"https:\/\/www.google.com\/maps\/embed?pb=!1m14!1m8!1m3!1d2974.78816805746!2d2.7653523!3d41.7897787!3m2!1i1024!2i768!4f13.1!3m3!1m2!1s0x0%3A0x1877a4bec7154862!2sEscola+Salvador+Espriu!5e0!3m2!1sca!2sus!4v1480928412572\" width=\"600\" height=\"450\" frameborder=\"0\" allowfullscreen=\"allowfullscreen\"><\/iframe><\/p>\n<p>El terme municipal de Vidreres t\u00e9 una extensi\u00f3 de 48 km2 i est\u00e0 situat a la part est de la comarca de la Selva. Afronta amb els termes de Caldes de Malavella al nord, Tossa de Mar a l&#8217;est, Lloret de Mar al sud i Ma\u00e7anet de la Selva i Sils a l&#8217;oest. La vila de Vidreres est\u00e0 situada a una al\u00e7ada de 93 m i dista 13 km de Santa Coloma de Farners, 15 de Lloret de Mar, 20 de Girona i 76 de Barcelona. El municipi compr\u00e8n el nucli urb\u00e0, l&#8217;agregat de Caul\u00e8s i 6 urbanitzacions: Aiguaviva Parc, la Goba, Mas Flassi\u00e0, Puig Vent\u00f3s, Santa Seclina i Terrafortuna.<\/p>\n<p>Gran part del terme municipal est\u00e0 ocupat per la plana selvatana excepte els sectors est i sud-est on hi ha els contraforts nord-occidentals de la Serralada Litoral, amb el Puig Vent\u00f3s amb 422,9 m com el punt m\u00e9s elevat. El terme est\u00e0 regat per diverses rieres: el Rec Clar i la riera de Pins amb el seu afluent de la riera de Cabanyes, les quals desemboquen a la s\u00e8quia de Sils i les aig\u00fces s\u00f3n condu\u00efdes fins a la riera de Santa de Coloma. El clima \u00e9s mediterrani amb una temperatura mitjana d&#8217;entre 14 i 15\u00baC i una precipitaci\u00f3 mitjana anual entre 700 i 800 l\/m2.<\/p>\n<div>\n<p>Informaci\u00f3 extreta de : <a href=\"http:\/\/www.vidreres.com\/\" rel=\"nofollow\">http:\/\/www.vidreres.com\/<\/a><\/p>\n<\/div>\n<p>&nbsp;<\/p>\n","protected":false},"excerpt":{"rendered":"<p>Escola Salvador Espriu Avinguda Mediterr\u00e0nia s\/n 17411, Vidreres Tel. 972 85 08 08 b7004906@xtec.cat El terme municipal de Vidreres t\u00e9 una extensi\u00f3 de 48 km2 i est\u00e0 situat a la part est de la comarca de la Selva. Afronta amb els termes de Caldes de Malavella al nord, Tossa de Mar a l&#8217;est, Lloret de [&hellip;]<\/p>\n","protected":false},"author":1,"featured_media":0,"parent":22,"menu_order":10,"comment_status":"closed","ping_status":"closed","template":"page-templates\/side-menu.php","meta":{"_bbp_topic_count":0,"_bbp_reply_count":0,"_bbp_total_topic_count":0,"_bbp_total_reply_count":0,"_bbp_voice_count":0,"_bbp_anonymous_reply_count":0,"_bbp_topic_count_hidden":0,"_bbp_reply_count_hidden":0,"_bbp_forum_subforum_count":0,"site-sidebar-layout":"default","site-content-layout":"","ast-site-content-layout":"","site-content-style":"default","site-sidebar-style":"default","ast-global-header-display":"","ast-banner-title-visibility":"","ast-main-header-display":"","ast-hfb-above-header-display":"","ast-hfb-below-header-display":"","ast-hfb-mobile-header-display":"","site-post-title":"","ast-breadcrumbs-content":"","ast-featured-img":"","footer-sml-layout":"","theme-transparent-header-meta":"","adv-header-id-meta":"","stick-header-meta":"","header-above-stick-meta":"","header-main-stick-meta":"","header-below-stick-meta":"","astra-migrate-meta-layouts":"default","ast-page-background-enabled":"default","ast-page-background-meta":{"desktop":{"background-color":"var(--ast-global-color-4)","background-image":"","background-repeat":"repeat","background-position":"center center","background-size":"auto","background-attachment":"scroll","background-type":"","background-media":"","overlay-type":"","overlay-color":"","overlay-opacity":"","overlay-gradient":""},"tablet":{"background-color":"","background-image":"","background-repeat":"repeat","background-position":"center center","background-size":"auto","background-attachment":"scroll","background-type":"","background-media":"","overlay-type":"","overlay-color":"","overlay-opacity":"","overlay-gradient":""},"mobile":{"background-color":"","background-image":"","background-repeat":"repeat","background-position":"center center","background-size":"auto","background-attachment":"scroll","background-type":"","background-media":"","overlay-type":"","overlay-color":"","overlay-opacity":"","overlay-gradient":""}},"ast-content-background-meta":{"desktop":{"background-color":"var(--ast-global-color-5)","background-image":"","background-repeat":"repeat","background-position":"center center","background-size":"auto","background-attachment":"scroll","background-type":"","background-media":"","overlay-type":"","overlay-color":"","overlay-opacity":"","overlay-gradient":""},"tablet":{"background-color":"var(--ast-global-color-5)","background-image":"","background-repeat":"repeat","background-position":"center center","background-size":"auto","background-attachment":"scroll","background-type":"","background-media":"","overlay-type":"","overlay-color":"","overlay-opacity":"","overlay-gradient":""},"mobile":{"background-color":"var(--ast-global-color-5)","background-image":"","background-repeat":"repeat","background-position":"center center","background-size":"auto","background-attachment":"scroll","background-type":"","background-media":"","overlay-type":"","overlay-color":"","overlay-opacity":"","overlay-gradient":""}},"footnotes":""},"class_list":["post-24","page","type-page","status-publish","hentry"],"post_mailing_queue_ids":[],"_links":{"self":[{"href":"https:\/\/agora.xtec.cat\/ceip-salvadorespriu-vidreres\/wp-json\/wp\/v2\/pages\/24","targetHints":{"allow":["GET"]}}],"collection":[{"href":"https:\/\/agora.xtec.cat\/ceip-salvadorespriu-vidreres\/wp-json\/wp\/v2\/pages"}],"about":[{"href":"https:\/\/agora.xtec.cat\/ceip-salvadorespriu-vidreres\/wp-json\/wp\/v2\/types\/page"}],"author":[{"embeddable":true,"href":"https:\/\/agora.xtec.cat\/ceip-salvadorespriu-vidreres\/wp-json\/wp\/v2\/users\/1"}],"replies":[{"embeddable":true,"href":"https:\/\/agora.xtec.cat\/ceip-salvadorespriu-vidreres\/wp-json\/wp\/v2\/comments?post=24"}],"version-history":[{"count":3,"href":"https:\/\/agora.xtec.cat\/ceip-salvadorespriu-vidreres\/wp-json\/wp\/v2\/pages\/24\/revisions"}],"predecessor-version":[{"id":4819,"href":"https:\/\/agora.xtec.cat\/ceip-salvadorespriu-vidreres\/wp-json\/wp\/v2\/pages\/24\/revisions\/4819"}],"up":[{"embeddable":true,"href":"https:\/\/agora.xtec.cat\/ceip-salvadorespriu-vidreres\/wp-json\/wp\/v2\/pages\/22"}],"wp:attachment":[{"href":"https:\/\/agora.xtec.cat\/ceip-salvadorespriu-vidreres\/wp-json\/wp\/v2\/media?parent=24"}],"curies":[{"name":"wp","href":"https:\/\/api.w.org\/{rel}","templated":true}]}}