{"id":1094,"date":"2017-02-16T11:00:50","date_gmt":"2017-02-16T10:00:50","guid":{"rendered":"http:\/\/agora.xtec.cat\/ceip-salvadorespriu-vidreres\/?page_id=1094"},"modified":"2017-02-16T11:00:50","modified_gmt":"2017-02-16T10:00:50","slug":"la-junta","status":"publish","type":"page","link":"https:\/\/agora.xtec.cat\/ceip-salvadorespriu-vidreres\/la-junta\/","title":{"rendered":"La Junta"},"content":{"rendered":"<h3 class=\"post-title entry-title\">Junta 2016-2017<\/h3>\n<div class=\"post-header\"><\/div>\n<div id=\"post-body-6279864731713139300\" class=\"post-body entry-content\"><b>Junta de l&#8217;AMPA per al curs 2016-2017<\/b><\/p>\n<div><\/div>\n<div><b>Presidenta: <\/b>N\u00faria Ball\u00fas<\/div>\n<div><b>Vice-presidenta:<\/b> Susi Gil<\/div>\n<div><b>Secretari:<\/b> Manel Montero<\/div>\n<div><b>Tresorera:<\/b> In\u00e9s Gil<\/div>\n<div><\/div>\n<div><b>Vocals:<\/b> Alba Romero, Alicia Mor\u00f3n, Amparo Nualart, Anna Ram\u00edrez, Ariane Llin\u00e0s, Carolina Cervantes, Cristina Arcaya, Elena Valverde, Emili P\u00e9rez, Eug\u00e8nia Paradeda, Eva Ca\u00f1et, Eva Sanz, Isabel Pla, Joan Juli\u00e0, Judit Darna, Laetitia Pfertzel, Mariluz Gonz\u00e1lez, Merc\u00e8 Campuzano, Miquel Cordom\u00ed, Mireia Garc\u00eda, Miriam Portillo, M\u00f3nica Crespo, M\u00f2nica Gispert, N\u00faria Plenacosta, Pep G\u00fcera, Ram\u00f3n Gracia, Raquel Romera, Rosario Fern\u00e1ndez, Ruth Santos, Sara Ram\u00f3n, Sergio Cuadrado, Silvia Ca\u00f1adas, Solfiry Cardozo, Sonia Dom\u00e9nech, Vanesa Linares, Veronica Bachero i Doris Olaya.<\/div>\n<div>\n<p><b>Ens organitzem en diferents comissions tem\u00e0tiques.<\/b><\/p>\n<p><b>Coordinaci\u00f3 general:<\/b> N\u00faria Ball\u00fas<br \/>\n<b>Administraci\u00f3: <\/b>In\u00e9s Gil<br \/>\n<b>Consell Escolar:<\/b> Eva Sanz<br \/>\n<b>X\u00e0ndalls:<\/b> Cristina Arcaya, Merc\u00e8 Campuzano, S\u00edlvia Ca\u00f1adas<br \/>\n<b>Piscina:<\/b> Ramon Gracia<br \/>\n<b>Loteria: <\/b>Ramon Gracia<br \/>\n<b>Llibres:<\/b> Elena Valverde, Merc\u00e8 Campuzano, Mireia Garc\u00eda, Ruth Santos<br \/>\n<b>Castanyada i Sant Jordi: <\/b>Eva Sanz, Laetitia Pfertzel, Rosario Fern\u00e1ndez, Silvia Ca\u00f1adas, Vanesa Linares<br \/>\n<b>Festa fi de curs: <\/b>Eva Sanz, Laetitia Pfertzel, Mireia Garc\u00eda, Ram\u00f3n Gracia, Sara Ram\u00f3n<br \/>\n<b>Extraescolars:<\/b> Eug\u00e8nia Paradeda, N\u00faria Plenacosta<br \/>\n<b>Inversions:<\/b> Joan Juli\u00e0, Miquel Cordom\u00ed, Ram\u00f3n Gracia<br \/>\n<b>FAPAC: <\/b>Joan Juli\u00e0<br \/>\n<b>Subvencions:<\/b> In\u00e9s Gil, Ram\u00f3n Gracia<br \/>\n<b>Carril bici:<\/b> Eva Sanz, Emili P\u00e9rez<br \/>\n<b>Carnaval:\u00a0<\/b>Emili P\u00e9rez, Mariluz Gonz\u00e1lez, Miquel Cordom\u00ed, Ram\u00f3n Gracia, Sonia Dom\u00e8nech<br \/>\n<b>Padel:<\/b> N\u00faria Ball\u00fas<br \/>\n<b>Comunicaci\u00f3 i xarxes socials: <\/b>Miriam Portillo, Susi Gil<br \/>\n<b>Comunitat de pares:<\/b> Alba Romero<\/div>\n<\/div>\n","protected":false},"excerpt":{"rendered":"<p>Junta 2016-2017 Junta de l&#8217;AMPA per al curs 2016-2017 Presidenta: N\u00faria Ball\u00fas Vice-presidenta: Susi Gil Secretari: Manel Montero Tresorera: In\u00e9s Gil Vocals: Alba Romero, Alicia Mor\u00f3n, Amparo Nualart, Anna Ram\u00edrez, Ariane Llin\u00e0s, Carolina Cervantes, Cristina Arcaya, Elena Valverde, Emili P\u00e9rez, Eug\u00e8nia Paradeda, Eva Ca\u00f1et, Eva Sanz, Isabel Pla, Joan Juli\u00e0, Judit Darna, Laetitia Pfertzel, Mariluz [&hellip;]<\/p>\n","protected":false},"author":1,"featured_media":0,"parent":0,"menu_order":0,"comment_status":"closed","ping_status":"closed","template":"","meta":{"_bbp_topic_count":0,"_bbp_reply_count":0,"_bbp_total_topic_count":0,"_bbp_total_reply_count":0,"_bbp_voice_count":0,"_bbp_anonymous_reply_count":0,"_bbp_topic_count_hidden":0,"_bbp_reply_count_hidden":0,"_bbp_forum_subforum_count":0,"site-sidebar-layout":"default","site-content-layout":"","ast-site-content-layout":"","site-content-style":"default","site-sidebar-style":"default","ast-global-header-display":"","ast-banner-title-visibility":"","ast-main-header-display":"","ast-hfb-above-header-display":"","ast-hfb-below-header-display":"","ast-hfb-mobile-header-display":"","site-post-title":"","ast-breadcrumbs-content":"","ast-featured-img":"","footer-sml-layout":"","theme-transparent-header-meta":"","adv-header-id-meta":"","stick-header-meta":"","header-above-stick-meta":"","header-main-stick-meta":"","header-below-stick-meta":"","astra-migrate-meta-layouts":"default","ast-page-background-enabled":"default","ast-page-background-meta":{"desktop":{"background-color":"var(--ast-global-color-4)","background-image":"","background-repeat":"repeat","background-position":"center center","background-size":"auto","background-attachment":"scroll","background-type":"","background-media":"","overlay-type":"","overlay-color":"","overlay-opacity":"","overlay-gradient":""},"tablet":{"background-color":"","background-image":"","background-repeat":"repeat","background-position":"center center","background-size":"auto","background-attachment":"scroll","background-type":"","background-media":"","overlay-type":"","overlay-color":"","overlay-opacity":"","overlay-gradient":""},"mobile":{"background-color":"","background-image":"","background-repeat":"repeat","background-position":"center center","background-size":"auto","background-attachment":"scroll","background-type":"","background-media":"","overlay-type":"","overlay-color":"","overlay-opacity":"","overlay-gradient":""}},"ast-content-background-meta":{"desktop":{"background-color":"var(--ast-global-color-5)","background-image":"","background-repeat":"repeat","background-position":"center center","background-size":"auto","background-attachment":"scroll","background-type":"","background-media":"","overlay-type":"","overlay-color":"","overlay-opacity":"","overlay-gradient":""},"tablet":{"background-color":"var(--ast-global-color-5)","background-image":"","background-repeat":"repeat","background-position":"center center","background-size":"auto","background-attachment":"scroll","background-type":"","background-media":"","overlay-type":"","overlay-color":"","overlay-opacity":"","overlay-gradient":""},"mobile":{"background-color":"var(--ast-global-color-5)","background-image":"","background-repeat":"repeat","background-position":"center center","background-size":"auto","background-attachment":"scroll","background-type":"","background-media":"","overlay-type":"","overlay-color":"","overlay-opacity":"","overlay-gradient":""}},"footnotes":""},"class_list":["post-1094","page","type-page","status-publish","hentry"],"post_mailing_queue_ids":[],"_links":{"self":[{"href":"https:\/\/agora.xtec.cat\/ceip-salvadorespriu-vidreres\/wp-json\/wp\/v2\/pages\/1094","targetHints":{"allow":["GET"]}}],"collection":[{"href":"https:\/\/agora.xtec.cat\/ceip-salvadorespriu-vidreres\/wp-json\/wp\/v2\/pages"}],"about":[{"href":"https:\/\/agora.xtec.cat\/ceip-salvadorespriu-vidreres\/wp-json\/wp\/v2\/types\/page"}],"author":[{"embeddable":true,"href":"https:\/\/agora.xtec.cat\/ceip-salvadorespriu-vidreres\/wp-json\/wp\/v2\/users\/1"}],"replies":[{"embeddable":true,"href":"https:\/\/agora.xtec.cat\/ceip-salvadorespriu-vidreres\/wp-json\/wp\/v2\/comments?post=1094"}],"version-history":[{"count":1,"href":"https:\/\/agora.xtec.cat\/ceip-salvadorespriu-vidreres\/wp-json\/wp\/v2\/pages\/1094\/revisions"}],"predecessor-version":[{"id":1095,"href":"https:\/\/agora.xtec.cat\/ceip-salvadorespriu-vidreres\/wp-json\/wp\/v2\/pages\/1094\/revisions\/1095"}],"wp:attachment":[{"href":"https:\/\/agora.xtec.cat\/ceip-salvadorespriu-vidreres\/wp-json\/wp\/v2\/media?parent=1094"}],"curies":[{"name":"wp","href":"https:\/\/api.w.org\/{rel}","templated":true}]}}